{"id":2150,"date":"2021-09-28T23:09:01","date_gmt":"2021-09-28T23:09:01","guid":{"rendered":"http:\/\/www.rula.disabilityrightsca.org\/vi\/?page_id=2150"},"modified":"2025-03-18T19:39:50","modified_gmt":"2025-03-18T19:39:50","slug":"10-35-what-happens-after-the-fair-hearing","status":"publish","type":"page","link":"https:\/\/rula.disabilityrightsca.org\/vi\/rula-book\/chapter-10-appeals-and-complaints-disagreements-with-regional-centers-developmental-centers-or-service-providers\/10-35-what-happens-after-the-fair-hearing\/","title":{"rendered":"(10.35) N\u1ebfu t\u00f4i kh\u00f4ng \u0111\u1ed3ng \u00fd v\u1edbi quy\u1ebft \u0111\u1ecbnh c\u1ee7a phi\u00ean \u0111i\u1ec1u tr\u1ea7n t\u1eeb ALJ th\u00ec sao?"},"content":{"rendered":"\n<p>N\u1ebfu qu\u00fd v\u1ecb kh\u00f4ng \u0111\u1ed3ng \u00fd v\u1edbi quy\u1ebft \u0111\u1ecbnh cu\u1ed1i c\u00f9ng c\u1ee7a chuy\u00ean vi\u00ean \u0111\u1eb7c tr\u00e1ch \u0111i\u1ec1u tr\u1ea7n, b\u01b0\u1edbc ti\u1ebfp theo l\u00e0 t\u00e1i x\u00e9t, ra t\u00f2a th\u01b0\u1ee3ng th\u1ea9m ho\u1eb7c c\u1ea3 hai.<\/p>\n\n\n\n<p><strong>T\u00e1i X\u00e9t<\/strong><\/p>\n\n\n\n<p>Sau khi qu\u00fd v\u1ecb nh\u1eadn \u0111\u01b0\u1ee3c quy\u1ebft \u0111\u1ecbnh c\u1ee7a phi\u00ean \u0111i\u1ec1u tr\u1ea7n, qu\u00fd v\u1ecb ho\u1eb7c trung t\u00e2m khu v\u1ef1c c\u00f3 th\u1ec3 y\u00eau c\u1ea7u \u201ct\u00e1i x\u00e9t\u201d. T\u00e1i x\u00e9t l\u00e0 c\u00e1ch \u0111\u1ec3 s\u1eeda l\u1ed7i v\u0103n th\u01b0 ho\u1eb7c nh\u1ea7m l\u1eabn v\u1ec1 d\u1eef ki\u1ec7n ho\u1eb7c lu\u1eadt ph\u00e1p trong quy\u1ebft \u0111\u1ecbnh c\u1ee7a phi\u00ean \u0111i\u1ec1u tr\u1ea7n ho\u1eb7c y\u00eau c\u1ea7u h\u1ee7y t\u01b0 c\u00e1ch c\u1ee7a chuy\u00ean vi\u00ean \u0111\u1eb7c tr\u00e1ch \u0111i\u1ec1u tr\u1ea7n \u0111\u00e3 ra quy\u1ebft \u0111\u1ecbnh sai. \u0110\u00f3 l\u00e0 nh\u1eefng vi\u1ec7c duy nh\u1ea5t m\u00e0 qu\u00e1 tr\u00ecnh t\u00e1i x\u00e9t c\u00f3 th\u1ec3 gi\u1ea3i quy\u1ebft. Qu\u00fd v\u1ecb ph\u1ea3i y\u00eau c\u1ea7u t\u00e1i x\u00e9t trong v\u00f2ng 15 ng\u00e0y k\u1ec3 t\u1eeb khi nh\u1eadn \u0111\u01b0\u1ee3c quy\u1ebft \u0111\u1ecbnh c\u1ee7a phi\u00ean \u0111i\u1ec1u tr\u1ea7n. Quy\u1ebft \u0111\u1ecbnh ch\u1ea5p thu\u1eadn ho\u1eb7c t\u1eeb ch\u1ed1i y\u00eau c\u1ea7u t\u00e1i x\u00e9t c\u1ee7a qu\u00fd v\u1ecb s\u1ebd \u0111\u01b0\u1ee3c th\u1ef1c hi\u1ec7n trong v\u00f2ng 15 ng\u00e0y.<span class=\"footnote_referrer\"><a role=\"button\" tabindex=\"0\" onclick=\"footnote_moveToReference_2150_1('footnote_plugin_reference_2150_1_1');\" onkeypress=\"footnote_moveToReference_2150_1('footnote_plugin_reference_2150_1_1');\" ><sup id=\"footnote_plugin_tooltip_2150_1_1\" class=\"footnote_plugin_tooltip_text\">[1]<\/sup><\/a><span id=\"footnote_plugin_tooltip_text_2150_1_1\" class=\"footnote_tooltip\">&nbsp;\u00a7 4713(a)-(d)<\/span><\/span><script type=\"text\/javascript\"> jQuery('#footnote_plugin_tooltip_2150_1_1').tooltip({ tip: '#footnote_plugin_tooltip_text_2150_1_1', tipClass: 'footnote_tooltip', effect: 'fade', predelay: 0, fadeInSpeed: 200, delay: 400, fadeOutSpeed: 200, position: 'top center', relative: true, offset: [-7, 0], });<\/script><\/p>\n\n\n\n<p>N\u1ebfu y\u00eau c\u1ea7u t\u00e1i x\u00e9t c\u1ee7a qu\u00fd v\u1ecb kh\u00f4ng th\u00e0nh c\u00f4ng, qu\u00fd v\u1ecb v\u1eabn c\u00f3 th\u1ec3 \u0111\u1ec7 \u0111\u01a1n kh\u00e1ng c\u00e1o l\u00ean t\u00f2a th\u01b0\u1ee3ng th\u1ea9m. Qu\u00fd v\u1ecb kh\u00f4ng c\u1ea7n ph\u1ea3i y\u00eau c\u1ea7u t\u00e1i x\u00e9t tr\u01b0\u1edbc khi \u0111\u1ec7 \u0111\u01a1n kh\u00e1ng c\u00e1o l\u00ean t\u00f2a th\u01b0\u1ee3ng th\u1ea9m.<span class=\"footnote_referrer\"><a role=\"button\" tabindex=\"0\" onclick=\"footnote_moveToReference_2150_1('footnote_plugin_reference_2150_1_2');\" onkeypress=\"footnote_moveToReference_2150_1('footnote_plugin_reference_2150_1_2');\" ><sup id=\"footnote_plugin_tooltip_2150_1_2\" class=\"footnote_plugin_tooltip_text\">[2]<\/sup><\/a><span id=\"footnote_plugin_tooltip_text_2150_1_2\" class=\"footnote_tooltip\">&nbsp;\u00a7 4712.5(a)(1)<\/span><\/span><script type=\"text\/javascript\"> jQuery('#footnote_plugin_tooltip_2150_1_2').tooltip({ tip: '#footnote_plugin_tooltip_text_2150_1_2', tipClass: 'footnote_tooltip', effect: 'fade', predelay: 0, fadeInSpeed: 200, delay: 400, fadeOutSpeed: 200, position: 'top center', relative: true, offset: [-7, 0], });<\/script><\/p>\n\n\n\n<p><strong>T\u00f2a Th\u01b0\u1ee3ng Th\u1ea9m<\/strong><\/p>\n\n\n\n<p>Sau khi nh\u1eadn \u0111\u01b0\u1ee3c quy\u1ebft \u0111\u1ecbnh c\u1ee7a phi\u00ean \u0111i\u1ec1u tr\u1ea7n, qu\u00fd v\u1ecb c\u00f3 th\u1ec3 \u0111\u1ec7 \u0111\u01a1n kh\u00e1ng c\u00e1o l\u00ean t\u00f2a th\u01b0\u1ee3ng th\u1ea9m. Kh\u00e1ng c\u00e1o c\u1ee7a qu\u00fd v\u1ecb \u0111\u01b0\u1ee3c g\u1ecdi l\u00e0&nbsp;l\u1ec7nh y\u00eau c\u1ea7u thi h\u00e0nh h\u00e0nh ch\u00ednh hay ch\u1ec9 th\u1ecb.<span class=\"footnote_referrer\"><a role=\"button\" tabindex=\"0\" onclick=\"footnote_moveToReference_2150_1('footnote_plugin_reference_2150_1_3');\" onkeypress=\"footnote_moveToReference_2150_1('footnote_plugin_reference_2150_1_3');\" ><sup id=\"footnote_plugin_tooltip_2150_1_3\" class=\"footnote_plugin_tooltip_text\">[3]<\/sup><\/a><span id=\"footnote_plugin_tooltip_text_2150_1_3\" class=\"footnote_tooltip\">B\u1ed9 Lu\u1eadt T\u1ed1 T\u1ee5ng D\u00e2n S\u1ef1 California (California Code of Civil Procedure) \u00a7 1094.5<\/span><\/span><script type=\"text\/javascript\"> jQuery('#footnote_plugin_tooltip_2150_1_3').tooltip({ tip: '#footnote_plugin_tooltip_text_2150_1_3', tipClass: 'footnote_tooltip', effect: 'fade', predelay: 0, fadeInSpeed: 200, delay: 400, fadeOutSpeed: 200, position: 'top center', relative: true, offset: [-7, 0], });<\/script>&nbsp;Trung t\u00e2m khu v\u1ef1c c\u0169ng c\u00f3 th\u1ec3 kh\u00e1ng c\u00e1o quy\u1ebft \u0111\u1ecbnh, tr\u1eeb khi quy\u1ebft \u0111\u1ecbnh \u0111\u00f3 li\u00ean quan \u0111\u1ebfn c\u00e1c quy\u1ec1n trong ch\u01b0\u01a1ng tr\u00ecnh mi\u1ec5n tr\u1eeb c\u1ee7a Medi-Cal.<\/p>\n\n\n\n<p>Sau khi nh\u1eadn \u0111\u01b0\u1ee3c quy\u1ebft \u0111\u1ecbnh c\u1ee7a phi\u00ean \u0111i\u1ec1u tr\u1ea7n, qu\u00fd v\u1ecb s\u1ebd c\u00f3 t\u1ed1i \u0111a 180 ng\u00e0y \u0111\u1ec3 kh\u00e1ng c\u00e1o l\u00ean t\u00f2a th\u01b0\u1ee3ng th\u1ea9m t\u1ea1i qu\u1eadn c\u1ee7a qu\u00fd v\u1ecb. \u0110\u1ec3 l\u00e0m \u0111i\u1ec1u n\u00e0y, qu\u00fd v\u1ecb ph\u1ea3i \u201c\u0111\u1ec7\u201d \u0111\u01a1n kh\u00e1ng c\u00e1o l\u00ean t\u00f2a th\u01b0\u1ee3ng th\u1ea9m t\u1ea1i qu\u1eadn c\u1ee7a qu\u00fd v\u1ecb. Ra t\u00f2a l\u00e0 m\u1ed9t qu\u00e1 tr\u00ecnh ph\u1ee9c t\u1ea1p. C\u00f3 nhi\u1ec1u b\u01b0\u1edbc v\u00e0 thu\u1eadt ng\u1eef ph\u00e1p l\u00fd kh\u00f3 hi\u1ec3u. C\u00f3 th\u1ec3 qu\u00fd v\u1ecb s\u1ebd c\u1ea7n lu\u1eadt s\u01b0.<\/p>\n\n\n\n<p>Trong qu\u00e1 tr\u00ecnh kh\u00e1ng c\u00e1o, qu\u00fd v\u1ecb c\u00f3 th\u1ec3 y\u00eau c\u1ea7u t\u00f2a th\u01b0\u1ee3ng th\u1ea9m ra l\u1ec7nh cho c\u01a1 quan ti\u1ec3u bang, ch\u1eb3ng h\u1ea1n nh\u01b0 DDS, h\u1ee7y b\u1ecf quy\u1ebft \u0111\u1ecbnh c\u1ee7a h\u1ecd ho\u1eb7c th\u1ef1c hi\u1ec7n c\u00e1c h\u00e0nh \u0111\u1ed9ng kh\u00e1c. Li\u00ean h\u1ec7 v\u1edbi lu\u1eadt s\u01b0 \u0111\u1ec3 \u0111\u01b0\u1ee3c tr\u1ee3 gi\u00fap. Disability Rights California c\u00f3 th\u1ec3 gi\u00fap qu\u00fd v\u1ecb ho\u1eb7c \u0111\u01b0a ra \u0111\u1ec1 xu\u1ea5t.<\/p>\n\n\n\n<p>Khi qu\u00fd v\u1ecb kh\u00e1ng c\u00e1o quy\u1ebft \u0111\u1ecbnh b\u1ea5t l\u1ee3i c\u1ee7a chuy\u00ean vi\u00ean \u0111\u1eb7c tr\u00e1ch \u0111i\u1ec1u tr\u1ea7n l\u00ean t\u00f2a th\u01b0\u1ee3ng th\u1ea9m, t\u00f2a s\u1ebd ch\u1ec9 xem x\u00e9t h\u1ed3 s\u01a1 t\u1eeb phi\u00ean \u0111i\u1ec1u tr\u1ea7n c\u1ee7a qu\u00fd v\u1ecb.<span class=\"footnote_referrer\"><a role=\"button\" tabindex=\"0\" onclick=\"footnote_moveToReference_2150_1('footnote_plugin_reference_2150_1_4');\" onkeypress=\"footnote_moveToReference_2150_1('footnote_plugin_reference_2150_1_4');\" ><sup id=\"footnote_plugin_tooltip_2150_1_4\" class=\"footnote_plugin_tooltip_text\">[4]<\/sup><\/a><span id=\"footnote_plugin_tooltip_text_2150_1_4\" class=\"footnote_tooltip\">\u0110\u1ec3 y\u00eau c\u1ea7u t\u00f2a th\u01b0\u1ee3ng th\u1ea9m x\u00e9t l\u1ea1i phi\u00ean \u0111i\u1ec1u tr\u1ea7n c\u1ee7a qu\u00fd v\u1ecb, qu\u00fd v\u1ecb ph\u1ea3i \u0111\u1ec7 tr\u00ecnh b\u1ea3n Ki\u1ebfn Ngh\u1ecb \u0111\u1ec3 c\u00f3 L\u1ec7nh Y\u00eau C\u1ea7u Thi H\u00e0nh H\u00e0nh Ch\u00ednh, Calif.&nbsp;&#x2026; <span class=\"footnote_tooltip_continue\"  onclick=\"footnote_moveToReference_2150_1('footnote_plugin_reference_2150_1_4');\">Continue reading<\/span><\/span><\/span><script type=\"text\/javascript\"> jQuery('#footnote_plugin_tooltip_2150_1_4').tooltip({ tip: '#footnote_plugin_tooltip_text_2150_1_4', tipClass: 'footnote_tooltip', effect: 'fade', predelay: 0, fadeInSpeed: 200, delay: 400, fadeOutSpeed: 200, position: 'top center', relative: true, offset: [-7, 0], });<\/script>&nbsp;Do \u0111\u00f3, qu\u00fd v\u1ecb c\u1ea7n \u0111\u01b0a t\u1ea5t c\u1ea3 th\u00f4ng tin c\u1ee7a m\u00ecnh v\u00e0o h\u1ed3 s\u01a1 phi\u00ean \u0111i\u1ec1u tr\u1ea7n. Th\u00f4ng th\u01b0\u1eddng, qu\u00fd v\u1ecb kh\u00f4ng \u0111\u01b0\u1ee3c cung c\u1ea5p cho t\u00f2a th\u00f4ng tin m\u1edbi.<span class=\"footnote_referrer\"><a role=\"button\" tabindex=\"0\" onclick=\"footnote_moveToReference_2150_1('footnote_plugin_reference_2150_1_5');\" onkeypress=\"footnote_moveToReference_2150_1('footnote_plugin_reference_2150_1_5');\" ><sup id=\"footnote_plugin_tooltip_2150_1_5\" class=\"footnote_plugin_tooltip_text\">[5]<\/sup><\/a><span id=\"footnote_plugin_tooltip_text_2150_1_5\" class=\"footnote_tooltip\">\u201cTr\u01b0\u1eddng h\u1ee3p t\u00f2a nh\u1eadn th\u1ea5y c\u00f3 b\u1eb1ng ch\u1ee9ng li\u00ean quan m\u00e0, v\u1edbi s\u1ef1 c\u1ea9n tr\u1ecdng h\u1ee3p l\u00fd, c\u00f3 th\u1ec3 kh\u00f4ng \u0111\u01b0\u1ee3c \u0111\u01b0a ra ho\u1eb7c \u0111\u00e3 b\u1ecb lo\u1ea1i tr\u1eeb m\u1ed9t c\u00e1ch phi l\u00fd t\u1ea1i&nbsp;&#x2026; <span class=\"footnote_tooltip_continue\"  onclick=\"footnote_moveToReference_2150_1('footnote_plugin_reference_2150_1_5');\">Continue reading<\/span><\/span><\/span><script type=\"text\/javascript\"> jQuery('#footnote_plugin_tooltip_2150_1_5').tooltip({ tip: '#footnote_plugin_tooltip_text_2150_1_5', tipClass: 'footnote_tooltip', effect: 'fade', predelay: 0, fadeInSpeed: 200, delay: 400, fadeOutSpeed: 200, position: 'top center', relative: true, offset: [-7, 0], });<\/script>&nbsp;T\u00f2a s\u1ebd ch\u1ec9 c\u00e2n nh\u1eafc hai v\u1ea5n \u0111\u1ec1:<\/p>\n\n\n\n<ol start=\"1\" class=\"wp-block-list\">\n<li>Phi\u00ean x\u00e9t x\u1eed hay \u0111i\u1ec1u tr\u1ea7n c\u00f3 c\u00f4ng b\u1eb1ng kh\u00f4ng v\u00e0<\/li>\n\n\n\n<li>C\u00f3 \u201cl\u1ea1m d\u1ee5ng quy\u1ec1n l\u1ef1c \u0111\u1ec3 ra quy\u1ebft \u0111\u1ecbnh b\u1ea5t l\u1ee3i\u201d kh\u00f4ng.<span class=\"footnote_referrer\"><a role=\"button\" tabindex=\"0\" onclick=\"footnote_moveToReference_2150_1('footnote_plugin_reference_2150_1_6');\" onkeypress=\"footnote_moveToReference_2150_1('footnote_plugin_reference_2150_1_6');\" ><sup id=\"footnote_plugin_tooltip_2150_1_6\" class=\"footnote_plugin_tooltip_text\">[6]<\/sup><\/a><span id=\"footnote_plugin_tooltip_text_2150_1_6\" class=\"footnote_tooltip\">Calif. Code Civ. Proc. \u00a7 1094.5(b).<\/span><\/span><script type=\"text\/javascript\"> jQuery('#footnote_plugin_tooltip_2150_1_6').tooltip({ tip: '#footnote_plugin_tooltip_text_2150_1_6', tipClass: 'footnote_tooltip', effect: 'fade', predelay: 0, fadeInSpeed: 200, delay: 400, fadeOutSpeed: 200, position: 'top center', relative: true, offset: [-7, 0], });<\/script>\u00a0\u0110i\u1ec1u \u0111\u00f3 c\u00f3 th\u1ec3 \u0111\u1ed3ng ngh\u0129a v\u1edbi vi\u1ec7c chuy\u00ean vi\u00ean \u0111\u1eb7c tr\u00e1ch \u0111i\u1ec1u tr\u1ea7n \u0111\u00e3 s\u1eed d\u1ee5ng sai ti\u00eau chu\u1ea9n ph\u00e1p l\u00fd \u0111\u1ec3 \u0111\u01b0a ra quy\u1ebft \u0111\u1ecbnh. \u0110i\u1ec1u \u0111\u00f3 c\u0169ng c\u00f3 ngh\u0129a l\u00e0 chuy\u00ean vi\u00ean \u0111\u1eb7c tr\u00e1ch \u0111i\u1ec1u tr\u1ea7n \u0111\u01b0a ra quy\u1ebft \u0111\u1ecbnh kh\u00f4ng d\u1ef1a tr\u00ean c\u00e1c k\u1ebft lu\u1eadn thu th\u1eadp \u0111\u01b0\u1ee3c ho\u1eb7c \u0111\u01b0a ra k\u1ebft lu\u1eadn kh\u00f4ng c\u00f3 b\u1eb1ng ch\u1ee9ng h\u1ed7 tr\u1ee3.<\/li>\n<\/ol>\n\n\n\n<p>N\u1ebfu quy\u1ebft \u0111\u1ecbnh c\u1ee7a chuy\u00ean vi\u00ean \u0111\u1eb7c tr\u00e1ch \u0111i\u1ec1u tr\u1ea7n kh\u00f4ng c\u00f3 l\u1ee3i cho qu\u00fd v\u1ecb v\u00ec qu\u00fd v\u1ecb kh\u00f4ng c\u00f3 \u0111\u1ee7 b\u1eb1ng ch\u1ee9ng, qu\u00fd v\u1ecb kh\u00f4ng \u0111\u01b0\u1ee3c \u0111\u01b0a ra b\u1eb1ng ch\u1ee9ng m\u1edbi tr\u01b0\u1edbc t\u00f2a.<\/p>\n\n\n\n<p>N\u1ebfu quy\u1ebft \u0111\u1ecbnh c\u1ee7a chuy\u00ean vi\u00ean \u0111\u1eb7c tr\u00e1ch \u0111i\u1ec1u tr\u1ea7n kh\u00f4ng c\u00f3 l\u1ee3i cho qu\u00fd v\u1ecb v\u00ec qu\u00fd v\u1ecb kh\u00f4ng c\u00f3 \u0111\u1ee7 b\u1eb1ng ch\u1ee9ng, qu\u00fd v\u1ecb kh\u00f4ng \u0111\u01b0\u1ee3c \u0111\u01b0a ra b\u1eb1ng ch\u1ee9ng m\u1edbi tr\u01b0\u1edbc t\u00f2a.<\/p>\n<div class=\"speaker-mute footnotes_reference_container\"> <div class=\"footnote_container_prepare\"><p><span role=\"button\" tabindex=\"0\" class=\"footnote_reference_container_label pointer\" onclick=\"footnote_expand_collapse_reference_container_2150_1();\">&#x202F;<\/span><span role=\"button\" tabindex=\"0\" class=\"footnote_reference_container_collapse_button\" style=\"display: none;\" onclick=\"footnote_expand_collapse_reference_container_2150_1();\">[<a id=\"footnote_reference_container_collapse_button_2150_1\">+<\/a>]<\/span><\/p><\/div> <div id=\"footnote_references_container_2150_1\" style=\"\"><table class=\"footnotes_table footnote-reference-container\"><caption class=\"accessibility\">References<\/caption> <tbody> \r\n\r\n<tr class=\"footnotes_plugin_reference_row\"> <th scope=\"row\" class=\"footnote_plugin_index_combi pointer\"  onclick=\"footnote_moveToAnchor_2150_1('footnote_plugin_tooltip_2150_1_1');\"><a id=\"footnote_plugin_reference_2150_1_1\" class=\"footnote_backlink\"><span class=\"footnote_index_arrow\">&#8593;<\/span>1<\/a><\/th> <td class=\"footnote_plugin_text\">&nbsp;\u00a7 4713(a)-(d)<\/td><\/tr>\r\n\r\n<tr class=\"footnotes_plugin_reference_row\"> <th scope=\"row\" class=\"footnote_plugin_index_combi pointer\"  onclick=\"footnote_moveToAnchor_2150_1('footnote_plugin_tooltip_2150_1_2');\"><a id=\"footnote_plugin_reference_2150_1_2\" class=\"footnote_backlink\"><span class=\"footnote_index_arrow\">&#8593;<\/span>2<\/a><\/th> <td class=\"footnote_plugin_text\">&nbsp;\u00a7 4712.5(a)(1)<\/td><\/tr>\r\n\r\n<tr class=\"footnotes_plugin_reference_row\"> <th scope=\"row\" class=\"footnote_plugin_index_combi pointer\"  onclick=\"footnote_moveToAnchor_2150_1('footnote_plugin_tooltip_2150_1_3');\"><a id=\"footnote_plugin_reference_2150_1_3\" class=\"footnote_backlink\"><span class=\"footnote_index_arrow\">&#8593;<\/span>3<\/a><\/th> <td class=\"footnote_plugin_text\">B\u1ed9 Lu\u1eadt T\u1ed1 T\u1ee5ng D\u00e2n S\u1ef1 California (California Code of Civil Procedure) \u00a7 1094.5<\/td><\/tr>\r\n\r\n<tr class=\"footnotes_plugin_reference_row\"> <th scope=\"row\" class=\"footnote_plugin_index_combi pointer\"  onclick=\"footnote_moveToAnchor_2150_1('footnote_plugin_tooltip_2150_1_4');\"><a id=\"footnote_plugin_reference_2150_1_4\" class=\"footnote_backlink\"><span class=\"footnote_index_arrow\">&#8593;<\/span>4<\/a><\/th> <td class=\"footnote_plugin_text\">\u0110\u1ec3 y\u00eau c\u1ea7u t\u00f2a th\u01b0\u1ee3ng th\u1ea9m x\u00e9t l\u1ea1i phi\u00ean \u0111i\u1ec1u tr\u1ea7n c\u1ee7a qu\u00fd v\u1ecb, qu\u00fd v\u1ecb ph\u1ea3i \u0111\u1ec7 tr\u00ecnh b\u1ea3n Ki\u1ebfn Ngh\u1ecb \u0111\u1ec3 c\u00f3 L\u1ec7nh Y\u00eau C\u1ea7u Thi H\u00e0nh H\u00e0nh Ch\u00ednh, Calif. Code Civ. Proc. \u00a7 1094.5.<\/td><\/tr>\r\n\r\n<tr class=\"footnotes_plugin_reference_row\"> <th scope=\"row\" class=\"footnote_plugin_index_combi pointer\"  onclick=\"footnote_moveToAnchor_2150_1('footnote_plugin_tooltip_2150_1_5');\"><a id=\"footnote_plugin_reference_2150_1_5\" class=\"footnote_backlink\"><span class=\"footnote_index_arrow\">&#8593;<\/span>5<\/a><\/th> <td class=\"footnote_plugin_text\">\u201cTr\u01b0\u1eddng h\u1ee3p t\u00f2a nh\u1eadn th\u1ea5y c\u00f3 b\u1eb1ng ch\u1ee9ng li\u00ean quan m\u00e0, v\u1edbi s\u1ef1 c\u1ea9n tr\u1ecdng h\u1ee3p l\u00fd, c\u00f3 th\u1ec3 kh\u00f4ng \u0111\u01b0\u1ee3c \u0111\u01b0a ra ho\u1eb7c \u0111\u00e3 b\u1ecb lo\u1ea1i tr\u1eeb m\u1ed9t c\u00e1ch phi l\u00fd t\u1ea1i phi\u00ean \u0111i\u1ec1u tr\u1ea7n\u201d, t\u00f2a c\u00f3 th\u1ec3 cho ph\u00e9p \u0111\u01b0a ra b\u1eb1ng ch\u1ee9ng \u0111\u00f3. Calif. Code Civ. Proc. \u00a7 1094.5(f).<\/td><\/tr>\r\n\r\n<tr class=\"footnotes_plugin_reference_row\"> <th scope=\"row\" class=\"footnote_plugin_index_combi pointer\"  onclick=\"footnote_moveToAnchor_2150_1('footnote_plugin_tooltip_2150_1_6');\"><a id=\"footnote_plugin_reference_2150_1_6\" class=\"footnote_backlink\"><span class=\"footnote_index_arrow\">&#8593;<\/span>6<\/a><\/th> <td class=\"footnote_plugin_text\">Calif. Code Civ. Proc. \u00a7 1094.5(b).<\/td><\/tr>\r\n\r\n <\/tbody> <\/table> <\/div><\/div><script type=\"text\/javascript\"> function footnote_expand_reference_container_2150_1() { jQuery('#footnote_references_container_2150_1').show(); jQuery('#footnote_reference_container_collapse_button_2150_1').text('\u2212'); } function footnote_collapse_reference_container_2150_1() { jQuery('#footnote_references_container_2150_1').hide(); jQuery('#footnote_reference_container_collapse_button_2150_1').text('+'); } function footnote_expand_collapse_reference_container_2150_1() { if (jQuery('#footnote_references_container_2150_1').is(':hidden')) { footnote_expand_reference_container_2150_1(); } else { footnote_collapse_reference_container_2150_1(); } } function footnote_moveToReference_2150_1(p_str_TargetID) { footnote_expand_reference_container_2150_1(); var l_obj_Target = jQuery('#' + p_str_TargetID); if (l_obj_Target.length) { jQuery( 'html, body' ).delay( 0 ); jQuery('html, body').animate({ scrollTop: l_obj_Target.offset().top - window.innerHeight * 0.2 }, 380); } } function footnote_moveToAnchor_2150_1(p_str_TargetID) { footnote_expand_reference_container_2150_1(); var l_obj_Target = jQuery('#' + p_str_TargetID); if (l_obj_Target.length) { jQuery( 'html, body' ).delay( 0 ); jQuery('html, body').animate({ scrollTop: l_obj_Target.offset().top - window.innerHeight * 0.2 }, 380); } }<\/script>","protected":false},"excerpt":{"rendered":"<p>N\u1ebfu qu\u00fd v\u1ecb kh\u00f4ng \u0111\u1ed3ng \u00fd v\u1edbi quy\u1ebft \u0111\u1ecbnh cu\u1ed1i c\u00f9ng c\u1ee7a chuy\u00ean vi\u00ean \u0111\u1eb7c tr\u00e1ch \u0111i\u1ec1u tr\u1ea7n, b\u01b0\u1edbc ti\u1ebfp theo l\u00e0 t\u00e1i x\u00e9t, ra&hellip;<\/p>\n","protected":false},"author":1,"featured_media":0,"parent":2072,"menu_order":35,"comment_status":"closed","ping_status":"closed","template":"","meta":{"footnotes":""},"class_list":["post-2150","page","type-page","status-publish","hentry"],"_links":{"self":[{"href":"https:\/\/rula.disabilityrightsca.org\/vi\/wp-json\/wp\/v2\/pages\/2150","targetHints":{"allow":["GET"]}}],"collection":[{"href":"https:\/\/rula.disabilityrightsca.org\/vi\/wp-json\/wp\/v2\/pages"}],"about":[{"href":"https:\/\/rula.disabilityrightsca.org\/vi\/wp-json\/wp\/v2\/types\/page"}],"author":[{"embeddable":true,"href":"https:\/\/rula.disabilityrightsca.org\/vi\/wp-json\/wp\/v2\/users\/1"}],"replies":[{"embeddable":true,"href":"https:\/\/rula.disabilityrightsca.org\/vi\/wp-json\/wp\/v2\/comments?post=2150"}],"version-history":[{"count":6,"href":"https:\/\/rula.disabilityrightsca.org\/vi\/wp-json\/wp\/v2\/pages\/2150\/revisions"}],"predecessor-version":[{"id":3924,"href":"https:\/\/rula.disabilityrightsca.org\/vi\/wp-json\/wp\/v2\/pages\/2150\/revisions\/3924"}],"up":[{"embeddable":true,"href":"https:\/\/rula.disabilityrightsca.org\/vi\/wp-json\/wp\/v2\/pages\/2072"}],"wp:attachment":[{"href":"https:\/\/rula.disabilityrightsca.org\/vi\/wp-json\/wp\/v2\/media?parent=2150"}],"curies":[{"name":"wp","href":"https:\/\/api.w.org\/{rel}","templated":true}]}}