{"id":2148,"date":"2021-09-28T23:07:24","date_gmt":"2021-09-28T23:07:24","guid":{"rendered":"http:\/\/www.rula.disabilityrightsca.org\/vi\/?page_id=2148"},"modified":"2023-06-23T16:50:26","modified_gmt":"2023-06-23T16:50:26","slug":"10-34-what-are-the-steps-in-a-fair-hearing","status":"publish","type":"page","link":"https:\/\/rula.disabilityrightsca.org\/vi\/rula-book\/chapter-10-appeals-and-complaints-disagreements-with-regional-centers-developmental-centers-or-service-providers\/10-34-what-are-the-steps-in-a-fair-hearing\/","title":{"rendered":"(10.34) N\u1ebfu kh\u00e1ng c\u00e1o c\u1ee7a t\u00f4i l\u00e0 v\u1ec1 d\u1ecbch v\u1ee5 trong Ch\u01b0\u01a1ng Tr\u00ecnh Mi\u1ec5n Tr\u1eeb T\u1ea1i Gia v\u00e0 C\u1ed9ng \u0110\u1ed3ng (\u201cMi\u1ec5n Tr\u1eeb DD\u201d) c\u1ee7a Medi-Cal th\u00ec sao?"},"content":{"rendered":"\n<p>Qu\u00fd v\u1ecb v\u1eabn s\u1ebd c\u00f3 phi\u00ean \u0111i\u1ec1u tr\u1ea7n c\u00f4ng b\u1eb1ng v\u1edbi s\u1ef1 tham gia c\u1ee7a Th\u1ea9m Ph\u00e1n Lu\u1eadt H\u00e0nh Ch\u00ednh (chuy\u00ean vi\u00ean \u0111\u1eb7c tr\u00e1ch \u0111i\u1ec1u tr\u1ea7n) qua V\u0103n Ph\u00f2ng \u0110i\u1ec1u Tr\u1ea7n H\u00e0nh Ch\u00ednh (OAH). N\u1ebfu b\u1ea5t \u0111\u1ed3ng c\u1ee7a qu\u00fd v\u1ecb li\u00ean quan \u0111\u1ebfn d\u1ecbch v\u1ee5 trong ch\u01b0\u01a1ng tr\u00ecnh Mi\u1ec5n Tr\u1eeb T\u1ea1i Gia v\u00e0 C\u1ed9ng \u0110\u1ed3ng c\u1ee7a Medi-Cal,<span class=\"footnote_referrer\"><a role=\"button\" tabindex=\"0\" onclick=\"footnote_moveToReference_2148_1('footnote_plugin_reference_2148_1_1');\" onkeypress=\"footnote_moveToReference_2148_1('footnote_plugin_reference_2148_1_1');\" ><sup id=\"footnote_plugin_tooltip_2148_1_1\" class=\"footnote_plugin_tooltip_text\">[1]<\/sup><\/a><span id=\"footnote_plugin_tooltip_text_2148_1_1\" class=\"footnote_tooltip\">N\u1ebfu chuy\u00ean vi\u00ean \u0111\u1eb7c tr\u00e1ch \u0111i\u1ec1u tr\u1ea7n c\u00f3 th\u1ec3 ph\u00e1n quy\u1ebft c\u00f3 l\u1ee3i cho qu\u00fd v\u1ecb theo \u0110\u1ea1o Lu\u1eadt Lanterman v\u00e0 kh\u00f4ng c\u00f3 c\u00e2u h\u1ecfi n\u00e0o theo Mi\u1ec5n Tr\u1eeb D\u1ecbch V\u1ee5 T\u1ea1i Gia&nbsp;&#x2026; <span class=\"footnote_tooltip_continue\"  onclick=\"footnote_moveToReference_2148_1('footnote_plugin_reference_2148_1_1');\">Continue reading<\/span><\/span><\/span><script type=\"text\/javascript\"> jQuery('#footnote_plugin_tooltip_2148_1_1').tooltip({ tip: '#footnote_plugin_tooltip_text_2148_1_1', tipClass: 'footnote_tooltip', effect: 'fade', predelay: 0, fadeInSpeed: 200, delay: 400, fadeOutSpeed: 200, position: 'top center', relative: true, offset: [-7, 0], });<\/script> \u0111\u00e2y ch\u1ec9 l\u00e0 quy\u1ebft \u0111\u1ecbnh \u201c\u0111\u1ec1 xu\u1ea5t\u201d.&nbsp; \u0110\u1ea1o Lu\u1eadt Lanterman quy \u0111\u1ecbnh OAH ph\u1ea3i g\u1eedi quy\u1ebft \u0111\u1ecbnh cho Gi\u00e1m \u0110\u1ed1c S\u1edf D\u1ecbch V\u1ee5 Ch\u0103m S\u00f3c S\u1ee9c Kh\u1ecfe \u0111\u1ec3 duy\u1ec7t x\u00e9t theo lu\u1eadt Medicaid li\u00ean bang. N\u1ebfu Gi\u00e1m \u0110\u1ed1c \u0111\u1ed3ng \u00fd v\u1edbi quy\u1ebft \u0111\u1ecbnh c\u1ee7a chuy\u00ean vi\u00ean \u0111\u1eb7c tr\u00e1ch \u0111i\u1ec1u tr\u1ea7n, quy\u1ebft \u0111\u1ecbnh n\u00e0y tr\u1edf th\u00e0nh \u201c\u0111\u01b0\u1ee3c th\u00f4ng qua\u201d, ngh\u0129a l\u00e0 quy\u1ebft \u0111\u1ecbnh cu\u1ed1i c\u00f9ng. H\u1ecd s\u1ebd g\u1eedi cho qu\u00fd v\u1ecb b\u1ea3n sao quy\u1ebft \u0111\u1ecbnh n\u00e0y. N\u1ebfu Gi\u00e1m \u0110\u1ed1c \u0111\u01b0a ra quy\u1ebft \u0111\u1ecbnh m\u1edbi, h\u1ecd s\u1ebd g\u1eedi cho qu\u00fd v\u1ecb b\u1ea3n sao c\u1ee7a quy\u1ebft \u0111\u1ecbnh m\u1edbi. M\u1ee5c 4712.5(c)<\/p>\n\n\n\n<p>M\u1eb7c d\u00f9 \u0110\u1ea1o Lu\u1eadt Lanterman quy \u0111\u1ecbnh Gi\u00e1m \u0110\u1ed1c D\u1ecbch V\u1ee5 Ch\u0103m S\u00f3c S\u1ee9c Kh\u1ecfe ch\u00ednh l\u00e0 ng\u01b0\u1eddi duy\u1ec7t x\u00e9t quy\u1ebft \u0111\u1ecbnh, \u0110\u1ea1o Lu\u1eadt Lanterman c\u0169ng quy \u0111\u1ecbnh h\u1ecd \u0111\u01b0\u1ee3c ph\u00e9p trao th\u1ea9m quy\u1ec1n \u0111\u00f3 cho ng\u01b0\u1eddi kh\u00e1c.<span class=\"footnote_referrer\"><a role=\"button\" tabindex=\"0\" onclick=\"footnote_moveToReference_2148_1('footnote_plugin_reference_2148_1_2');\" onkeypress=\"footnote_moveToReference_2148_1('footnote_plugin_reference_2148_1_2');\" ><sup id=\"footnote_plugin_tooltip_2148_1_2\" class=\"footnote_plugin_tooltip_text\">[2]<\/sup><\/a><span id=\"footnote_plugin_tooltip_text_2148_1_2\" class=\"footnote_tooltip\">M\u1ee5c 4712.7<\/span><\/span><script type=\"text\/javascript\"> jQuery('#footnote_plugin_tooltip_2148_1_2').tooltip({ tip: '#footnote_plugin_tooltip_text_2148_1_2', tipClass: 'footnote_tooltip', effect: 'fade', predelay: 0, fadeInSpeed: 200, delay: 400, fadeOutSpeed: 200, position: 'top center', relative: true, offset: [-7, 0], });<\/script> Trong Mi\u1ec5n Tr\u1eeb DD, h\u1ecd trao l\u1ea1i th\u1ea9m quy\u1ec1n \u0111\u00f3 cho V\u0103n Ph\u00f2ng \u0110i\u1ec1u Tr\u1ea7n H\u00e0nh Ch\u00ednh. <span class=\"footnote_referrer\"><a role=\"button\" tabindex=\"0\" onclick=\"footnote_moveToReference_2148_1('footnote_plugin_reference_2148_1_3');\" onkeypress=\"footnote_moveToReference_2148_1('footnote_plugin_reference_2148_1_3');\" ><sup id=\"footnote_plugin_tooltip_2148_1_3\" class=\"footnote_plugin_tooltip_text\">[3]<\/sup><\/a><span id=\"footnote_plugin_tooltip_text_2148_1_3\" class=\"footnote_tooltip\">Mi\u1ec5n Tr\u1eeb DD, th\u00e1ng 1 n\u0103m 2018, trang 235\/295<\/span><\/span><script type=\"text\/javascript\"> jQuery('#footnote_plugin_tooltip_2148_1_3').tooltip({ tip: '#footnote_plugin_tooltip_text_2148_1_3', tipClass: 'footnote_tooltip', effect: 'fade', predelay: 0, fadeInSpeed: 200, delay: 400, fadeOutSpeed: 200, position: 'top center', relative: true, offset: [-7, 0], });<\/script> V\u00ec v\u1eady, phi\u00ean \u0111i\u1ec1u tr\u1ea7n c\u00f4ng b\u1eb1ng theo Mi\u1ec5n Tr\u1eeb DD \u0111\u01b0\u1ee3c ti\u1ebfn h\u00e0nh b\u1edfi nh\u00e2n vi\u00ean \u0111i\u1ec1u tr\u1ea7n \u0111\u1ed9c l\u1eadp c\u00f9ng v\u1edbi OAH. Theo \u0111\u00f3, Gi\u00e1m \u0110\u1ed1c DHCS, C\u01a1 Quan Medicaid Ti\u1ec3u Bang, \u0111\u00e3 trao th\u1ea9m quy\u1ec1n th\u00f4ng qua quy\u1ebft \u0111\u1ecbnh cu\u1ed1i c\u00f9ng cho \u201cGi\u00e1m \u0110\u1ed1c OAH.\u201d N\u1ebfu qu\u00fd v\u1ecb kh\u00f4ng \u0111\u1ed3ng \u00fd v\u1edbi quy\u1ebft \u0111\u1ecbnh c\u1ee7a chuy\u00ean vi\u00ean \u0111\u1eb7c tr\u00e1ch \u0111i\u1ec1u tr\u1ea7n, qu\u00fd v\u1ecb n\u00ean y\u00eau c\u1ea7u Gi\u00e1m \u0110\u1ed1c OAH duy\u1ec7t x\u00e9t quy\u1ebft \u0111\u1ecbnh \u0111\u00f3 theo lu\u1eadt Medicaid li\u00ean bang v\u00e0 \u0111\u01b0a ra quy\u1ebft \u0111\u1ecbnh cu\u1ed1i c\u00f9ng.\u00a0 Th\u00f4ng tin li\u00ean h\u1ec7 c\u1ee7a Gi\u00e1m \u0110\u1ed1c OAH c\u00f3 t\u1ea1i \u0111\u00e2y: <a href=\"https:\/\/www.dgs.ca.gov\/OAH\/Contact\" data-type=\"URL\" data-id=\"https:\/\/www.dgs.ca.gov\/OAH\/Contact\">https:\/\/www.dgs.ca.gov\/OAH\/Contact<\/a><\/p>\n<div class=\"speaker-mute footnotes_reference_container\"> <div class=\"footnote_container_prepare\"><p><span role=\"button\" tabindex=\"0\" class=\"footnote_reference_container_label pointer\" onclick=\"footnote_expand_collapse_reference_container_2148_1();\">&#x202F;<\/span><span role=\"button\" tabindex=\"0\" class=\"footnote_reference_container_collapse_button\" style=\"display: none;\" onclick=\"footnote_expand_collapse_reference_container_2148_1();\">[<a id=\"footnote_reference_container_collapse_button_2148_1\">+<\/a>]<\/span><\/p><\/div> <div id=\"footnote_references_container_2148_1\" style=\"\"><table class=\"footnotes_table footnote-reference-container\"><caption class=\"accessibility\">References<\/caption> <tbody> \r\n\r\n<tr class=\"footnotes_plugin_reference_row\"> <th scope=\"row\" class=\"footnote_plugin_index_combi pointer\"  onclick=\"footnote_moveToAnchor_2148_1('footnote_plugin_tooltip_2148_1_1');\"><a id=\"footnote_plugin_reference_2148_1_1\" class=\"footnote_backlink\"><span class=\"footnote_index_arrow\">&#8593;<\/span>1<\/a><\/th> <td class=\"footnote_plugin_text\">N\u1ebfu chuy\u00ean vi\u00ean \u0111\u1eb7c tr\u00e1ch \u0111i\u1ec1u tr\u1ea7n c\u00f3 th\u1ec3 ph\u00e1n quy\u1ebft c\u00f3 l\u1ee3i cho qu\u00fd v\u1ecb theo \u0110\u1ea1o Lu\u1eadt Lanterman v\u00e0 kh\u00f4ng c\u00f3 c\u00e2u h\u1ecfi n\u00e0o theo Mi\u1ec5n Tr\u1eeb D\u1ecbch V\u1ee5 T\u1ea1i Gia v\u00e0 C\u1ed9ng \u0110\u1ed3ng, quy\u1ebft \u0111\u1ecbnh c\u1ee7a chuy\u00ean vi\u00ean \u0111\u1eb7c tr\u00e1ch \u0111i\u1ec1u tr\u1ea7n l\u00e0 quy\u1ebft \u0111\u1ecbnh cu\u1ed1i c\u00f9ng.<\/td><\/tr>\r\n\r\n<tr class=\"footnotes_plugin_reference_row\"> <th scope=\"row\" class=\"footnote_plugin_index_combi pointer\"  onclick=\"footnote_moveToAnchor_2148_1('footnote_plugin_tooltip_2148_1_2');\"><a id=\"footnote_plugin_reference_2148_1_2\" class=\"footnote_backlink\"><span class=\"footnote_index_arrow\">&#8593;<\/span>2<\/a><\/th> <td class=\"footnote_plugin_text\">M\u1ee5c 4712.7<\/td><\/tr>\r\n\r\n<tr class=\"footnotes_plugin_reference_row\"> <th scope=\"row\" class=\"footnote_plugin_index_combi pointer\"  onclick=\"footnote_moveToAnchor_2148_1('footnote_plugin_tooltip_2148_1_3');\"><a id=\"footnote_plugin_reference_2148_1_3\" class=\"footnote_backlink\"><span class=\"footnote_index_arrow\">&#8593;<\/span>3<\/a><\/th> <td class=\"footnote_plugin_text\">Mi\u1ec5n Tr\u1eeb DD, th\u00e1ng 1 n\u0103m 2018, trang 235\/295<\/td><\/tr>\r\n\r\n <\/tbody> <\/table> <\/div><\/div><script type=\"text\/javascript\"> function footnote_expand_reference_container_2148_1() { jQuery('#footnote_references_container_2148_1').show(); jQuery('#footnote_reference_container_collapse_button_2148_1').text('\u2212'); } function footnote_collapse_reference_container_2148_1() { jQuery('#footnote_references_container_2148_1').hide(); jQuery('#footnote_reference_container_collapse_button_2148_1').text('+'); } function footnote_expand_collapse_reference_container_2148_1() { if (jQuery('#footnote_references_container_2148_1').is(':hidden')) { footnote_expand_reference_container_2148_1(); } else { footnote_collapse_reference_container_2148_1(); } } function footnote_moveToReference_2148_1(p_str_TargetID) { footnote_expand_reference_container_2148_1(); var l_obj_Target = jQuery('#' + p_str_TargetID); if (l_obj_Target.length) { jQuery( 'html, body' ).delay( 0 ); jQuery('html, body').animate({ scrollTop: l_obj_Target.offset().top - window.innerHeight * 0.2 }, 380); } } function footnote_moveToAnchor_2148_1(p_str_TargetID) { footnote_expand_reference_container_2148_1(); var l_obj_Target = jQuery('#' + p_str_TargetID); if (l_obj_Target.length) { jQuery( 'html, body' ).delay( 0 ); jQuery('html, body').animate({ scrollTop: l_obj_Target.offset().top - window.innerHeight * 0.2 }, 380); } }<\/script>","protected":false},"excerpt":{"rendered":"<p>Qu\u00fd v\u1ecb v\u1eabn s\u1ebd c\u00f3 phi\u00ean \u0111i\u1ec1u tr\u1ea7n c\u00f4ng b\u1eb1ng v\u1edbi s\u1ef1 tham gia c\u1ee7a Th\u1ea9m Ph\u00e1n Lu\u1eadt H\u00e0nh Ch\u00ednh (chuy\u00ean vi\u00ean \u0111\u1eb7c tr\u00e1ch \u0111i\u1ec1u&hellip;<\/p>\n","protected":false},"author":1,"featured_media":0,"parent":2072,"menu_order":34,"comment_status":"closed","ping_status":"closed","template":"","meta":{"footnotes":""},"class_list":["post-2148","page","type-page","status-publish","hentry"],"_links":{"self":[{"href":"https:\/\/rula.disabilityrightsca.org\/vi\/wp-json\/wp\/v2\/pages\/2148","targetHints":{"allow":["GET"]}}],"collection":[{"href":"https:\/\/rula.disabilityrightsca.org\/vi\/wp-json\/wp\/v2\/pages"}],"about":[{"href":"https:\/\/rula.disabilityrightsca.org\/vi\/wp-json\/wp\/v2\/types\/page"}],"author":[{"embeddable":true,"href":"https:\/\/rula.disabilityrightsca.org\/vi\/wp-json\/wp\/v2\/users\/1"}],"replies":[{"embeddable":true,"href":"https:\/\/rula.disabilityrightsca.org\/vi\/wp-json\/wp\/v2\/comments?post=2148"}],"version-history":[{"count":3,"href":"https:\/\/rula.disabilityrightsca.org\/vi\/wp-json\/wp\/v2\/pages\/2148\/revisions"}],"predecessor-version":[{"id":3579,"href":"https:\/\/rula.disabilityrightsca.org\/vi\/wp-json\/wp\/v2\/pages\/2148\/revisions\/3579"}],"up":[{"embeddable":true,"href":"https:\/\/rula.disabilityrightsca.org\/vi\/wp-json\/wp\/v2\/pages\/2072"}],"wp:attachment":[{"href":"https:\/\/rula.disabilityrightsca.org\/vi\/wp-json\/wp\/v2\/media?parent=2148"}],"curies":[{"name":"wp","href":"https:\/\/api.w.org\/{rel}","templated":true}]}}