{"id":2145,"date":"2021-09-28T23:05:16","date_gmt":"2021-09-28T23:05:16","guid":{"rendered":"http:\/\/www.rula.disabilityrightsca.org\/vi\/?page_id=2145"},"modified":"2025-03-18T19:39:04","modified_gmt":"2025-03-18T19:39:04","slug":"10-33-32-what-is-a-fair-hearing-like","status":"publish","type":"page","link":"https:\/\/rula.disabilityrightsca.org\/vi\/rula-book\/chapter-10-appeals-and-complaints-disagreements-with-regional-centers-developmental-centers-or-service-providers\/10-33-32-what-is-a-fair-hearing-like\/","title":{"rendered":"(10.33) \u0110i\u1ec1u g\u00ec s\u1ebd x\u1ea3y ra sau phi\u00ean \u0111i\u1ec1u tr\u1ea7n?"},"content":{"rendered":"\n<p>Sau phi\u00ean \u0111i\u1ec1u tr\u1ea7n c\u1ee7a qu\u00fd v\u1ecb, th\u1ea9m ph\u00e1n, \u0111\u00f4i khi \u0111\u01b0\u1ee3c g\u1ecdi l\u00e0 chuy\u00ean vi\u00ean \u0111\u1eb7c tr\u00e1ch \u0111i\u1ec1u tr\u1ea7n, c\u00f3 10 ng\u00e0y l\u00e0m vi\u1ec7c \u0111\u1ec3 vi\u1ebft quy\u1ebft \u0111\u1ecbnh. Qu\u00fd v\u1ecb ph\u1ea3i nh\u1eadn \u0111\u01b0\u1ee3c quy\u1ebft \u0111\u1ecbnh mu\u1ed9n nh\u1ea5t l\u00e0 80 ng\u00e0y sau khi kh\u00e1ng c\u00e1o.<span class=\"footnote_referrer\"><a role=\"button\" tabindex=\"0\" onclick=\"footnote_moveToReference_2145_1('footnote_plugin_reference_2145_1_1');\" onkeypress=\"footnote_moveToReference_2145_1('footnote_plugin_reference_2145_1_1');\" ><sup id=\"footnote_plugin_tooltip_2145_1_1\" class=\"footnote_plugin_tooltip_text\">[1]<\/sup><\/a><span id=\"footnote_plugin_tooltip_text_2145_1_1\" class=\"footnote_tooltip\">\u00a7 4712.5(a).<\/span><\/span><script type=\"text\/javascript\"> jQuery('#footnote_plugin_tooltip_2145_1_1').tooltip({ tip: '#footnote_plugin_tooltip_text_2145_1_1', tipClass: 'footnote_tooltip', effect: 'fade', predelay: 0, fadeInSpeed: 200, delay: 400, fadeOutSpeed: 200, position: 'top center', relative: true, offset: [-7, 0], });<\/script> Tr\u1eeb khi th\u1eddi h\u1ea1n \u0111\u01b0\u1ee3c gia h\u1ea1n n\u1ebfu qu\u00fd v\u1ecb y\u00eau c\u1ea7u th\u00eam th\u1eddi gian trong quy tr\u00ecnh kh\u00e1ng c\u00e1o, \u0111\u00e2y \u0111\u01b0\u1ee3c g\u1ecdi l\u00e0 \u201cho\u00e3n\u201d.&nbsp;<\/p>\n\n\n\n<p>Quy\u1ebft \u0111\u1ecbnh c\u1ee7a chuy\u00ean vi\u00ean \u0111\u1eb7c tr\u00e1ch \u0111i\u1ec1u tr\u1ea7n ph\u1ea3i:<\/p>\n\n\n\n<ul class=\"wp-block-list\">\n<li>Vi\u1ebft b\u1eb1ng ng\u00f4n t\u1eeb \u0111\u01a1n gi\u1ea3n, th\u00f4ng d\u1ee5ng<\/li>\n\n\n\n<li>C\u00f3 ph\u1ea7n t\u00f3m t\u1eaft d\u1eef ki\u1ec7n<\/li>\n\n\n\n<li>N\u00eau t\u00ean b\u1eb1ng ch\u1ee9ng chuy\u00ean vi\u00ean \u0111\u1eb7c tr\u00e1ch \u0111i\u1ec1u tr\u1ea7n \u0111\u00e3 s\u1eed d\u1ee5ng \u0111\u1ec3 \u0111\u01b0a ra quy\u1ebft \u0111\u1ecbnh<span class=\"footnote_referrer\"><a role=\"button\" tabindex=\"0\" onclick=\"footnote_moveToReference_2145_1('footnote_plugin_reference_2145_1_2');\" onkeypress=\"footnote_moveToReference_2145_1('footnote_plugin_reference_2145_1_2');\" ><sup id=\"footnote_plugin_tooltip_2145_1_2\" class=\"footnote_plugin_tooltip_text\">[2]<\/sup><\/a><span id=\"footnote_plugin_tooltip_text_2145_1_2\" class=\"footnote_tooltip\">\u00a7 4712.5(b).<\/span><\/span><script type=\"text\/javascript\"> jQuery('#footnote_plugin_tooltip_2145_1_2').tooltip({ tip: '#footnote_plugin_tooltip_text_2145_1_2', tipClass: 'footnote_tooltip', effect: 'fade', predelay: 0, fadeInSpeed: 200, delay: 400, fadeOutSpeed: 200, position: 'top center', relative: true, offset: [-7, 0], });<\/script><\/li>\n\n\n\n<li>Bao g\u1ed3m quy\u1ebft \u0111\u1ecbnh v\u1ec1 t\u1eebng v\u1ea5n \u0111\u1ec1 ho\u1eb7c c\u00e2u h\u1ecfi n\u1eb1m trong y\u00eau c\u1ea7u phi\u00ean \u0111i\u1ec1u tr\u1ea7n v\u00e0 \u0111\u01b0\u1ee3c tr\u00ecnh b\u00e0y trong phi\u00ean \u0111i\u1ec1u tr\u1ea7n<\/li>\n\n\n\n<li>N\u00eau r\u00f5 c\u00e1c lu\u1eadt, quy \u0111\u1ecbnh v\u00e0 ch\u00ednh s\u00e1ch h\u1ed7 tr\u1ee3 cho quy\u1ebft \u0111\u1ecbnh c\u1ee7a chuy\u00ean vi\u00ean \u0111\u1eb7c tr\u00e1ch \u0111i\u1ec1u tr\u1ea7n.<\/li>\n<\/ul>\n\n\n\n<p>Gi\u00e1m \u0110\u1ed1c DDS c\u00f3 th\u1ec3 duy\u1ec7t x\u00e9t m\u1ed9t s\u1ed1 quy\u1ebft \u0111\u1ecbnh c\u1ee7a phi\u00ean \u0111i\u1ec1u tr\u1ea7n v\u00e0 ra quy\u1ebft \u0111\u1ecbnh th\u1ef1c hi\u1ec7n c\u00e1c thay \u0111\u1ed5i \u0111\u1ed1i v\u1edbi quy\u1ebft \u0111\u1ecbnh \u0111\u00f3 tr\u01b0\u1edbc khi tr\u1edf th\u00e0nh quy\u1ebft \u0111\u1ecbnh cu\u1ed1i c\u00f9ng. Gi\u00e1m \u0110\u1ed1c ph\u1ea3i ra quy\u1ebft \u0111\u1ecbnh trong v\u00f2ng 90 ng\u00e0y k\u1ec3 t\u1eeb ng\u00e0y kh\u00e1ng c\u00e1o c\u1ee7a qu\u00fd v\u1ecb \u0111\u01b0\u1ee3c ti\u1ebfp nh\u1eadn.<\/p>\n\n\n\n<p>Quy\u1ebft \u0111\u1ecbnh c\u1ee7a phi\u00ean \u0111i\u1ec1u tr\u1ea7n s\u1ebd \u0111\u01b0\u1ee3c vi\u1ebft b\u1eb1ng ng\u00f4n ng\u1eef \u01b0u ti\u00ean c\u1ee7a qu\u00fd v\u1ecb. Qu\u00fd v\u1ecb c\u0169ng s\u1ebd nh\u1eadn \u0111\u01b0\u1ee3c m\u1ed9t b\u1ea3n sao b\u1eb1ng ti\u1ebfng Anh.<\/p>\n<div class=\"speaker-mute footnotes_reference_container\"> <div class=\"footnote_container_prepare\"><p><span role=\"button\" tabindex=\"0\" class=\"footnote_reference_container_label pointer\" onclick=\"footnote_expand_collapse_reference_container_2145_1();\">&#x202F;<\/span><span role=\"button\" tabindex=\"0\" class=\"footnote_reference_container_collapse_button\" style=\"display: none;\" onclick=\"footnote_expand_collapse_reference_container_2145_1();\">[<a id=\"footnote_reference_container_collapse_button_2145_1\">+<\/a>]<\/span><\/p><\/div> <div id=\"footnote_references_container_2145_1\" style=\"\"><table class=\"footnotes_table footnote-reference-container\"><caption class=\"accessibility\">References<\/caption> <tbody> \r\n\r\n<tr class=\"footnotes_plugin_reference_row\"> <th scope=\"row\" class=\"footnote_plugin_index_combi pointer\"  onclick=\"footnote_moveToAnchor_2145_1('footnote_plugin_tooltip_2145_1_1');\"><a id=\"footnote_plugin_reference_2145_1_1\" class=\"footnote_backlink\"><span class=\"footnote_index_arrow\">&#8593;<\/span>1<\/a><\/th> <td class=\"footnote_plugin_text\">\u00a7 4712.5(a).<\/td><\/tr>\r\n\r\n<tr class=\"footnotes_plugin_reference_row\"> <th scope=\"row\" class=\"footnote_plugin_index_combi pointer\"  onclick=\"footnote_moveToAnchor_2145_1('footnote_plugin_tooltip_2145_1_2');\"><a id=\"footnote_plugin_reference_2145_1_2\" class=\"footnote_backlink\"><span class=\"footnote_index_arrow\">&#8593;<\/span>2<\/a><\/th> <td class=\"footnote_plugin_text\">\u00a7 4712.5(b).<\/td><\/tr>\r\n\r\n <\/tbody> <\/table> <\/div><\/div><script type=\"text\/javascript\"> function footnote_expand_reference_container_2145_1() { jQuery('#footnote_references_container_2145_1').show(); jQuery('#footnote_reference_container_collapse_button_2145_1').text('\u2212'); } function footnote_collapse_reference_container_2145_1() { jQuery('#footnote_references_container_2145_1').hide(); jQuery('#footnote_reference_container_collapse_button_2145_1').text('+'); } function footnote_expand_collapse_reference_container_2145_1() { if (jQuery('#footnote_references_container_2145_1').is(':hidden')) { footnote_expand_reference_container_2145_1(); } else { footnote_collapse_reference_container_2145_1(); } } function footnote_moveToReference_2145_1(p_str_TargetID) { footnote_expand_reference_container_2145_1(); var l_obj_Target = jQuery('#' + p_str_TargetID); if (l_obj_Target.length) { jQuery( 'html, body' ).delay( 0 ); jQuery('html, body').animate({ scrollTop: l_obj_Target.offset().top - window.innerHeight * 0.2 }, 380); } } function footnote_moveToAnchor_2145_1(p_str_TargetID) { footnote_expand_reference_container_2145_1(); var l_obj_Target = jQuery('#' + p_str_TargetID); if (l_obj_Target.length) { jQuery( 'html, body' ).delay( 0 ); jQuery('html, body').animate({ scrollTop: l_obj_Target.offset().top - window.innerHeight * 0.2 }, 380); } }<\/script>","protected":false},"excerpt":{"rendered":"<p>Sau phi\u00ean \u0111i\u1ec1u tr\u1ea7n c\u1ee7a qu\u00fd v\u1ecb, th\u1ea9m ph\u00e1n, \u0111\u00f4i khi \u0111\u01b0\u1ee3c g\u1ecdi l\u00e0 chuy\u00ean vi\u00ean \u0111\u1eb7c tr\u00e1ch \u0111i\u1ec1u tr\u1ea7n, c\u00f3 10 ng\u00e0y l\u00e0m vi\u1ec7c&hellip;<\/p>\n","protected":false},"author":1,"featured_media":0,"parent":2072,"menu_order":33,"comment_status":"closed","ping_status":"closed","template":"","meta":{"footnotes":""},"class_list":["post-2145","page","type-page","status-publish","hentry"],"_links":{"self":[{"href":"https:\/\/rula.disabilityrightsca.org\/vi\/wp-json\/wp\/v2\/pages\/2145","targetHints":{"allow":["GET"]}}],"collection":[{"href":"https:\/\/rula.disabilityrightsca.org\/vi\/wp-json\/wp\/v2\/pages"}],"about":[{"href":"https:\/\/rula.disabilityrightsca.org\/vi\/wp-json\/wp\/v2\/types\/page"}],"author":[{"embeddable":true,"href":"https:\/\/rula.disabilityrightsca.org\/vi\/wp-json\/wp\/v2\/users\/1"}],"replies":[{"embeddable":true,"href":"https:\/\/rula.disabilityrightsca.org\/vi\/wp-json\/wp\/v2\/comments?post=2145"}],"version-history":[{"count":8,"href":"https:\/\/rula.disabilityrightsca.org\/vi\/wp-json\/wp\/v2\/pages\/2145\/revisions"}],"predecessor-version":[{"id":3923,"href":"https:\/\/rula.disabilityrightsca.org\/vi\/wp-json\/wp\/v2\/pages\/2145\/revisions\/3923"}],"up":[{"embeddable":true,"href":"https:\/\/rula.disabilityrightsca.org\/vi\/wp-json\/wp\/v2\/pages\/2072"}],"wp:attachment":[{"href":"https:\/\/rula.disabilityrightsca.org\/vi\/wp-json\/wp\/v2\/media?parent=2145"}],"curies":[{"name":"wp","href":"https:\/\/api.w.org\/{rel}","templated":true}]}}