{"id":2139,"date":"2021-09-28T23:00:12","date_gmt":"2021-09-28T23:00:12","guid":{"rendered":"http:\/\/www.rula.disabilityrightsca.org\/vi\/?page_id=2139"},"modified":"2023-06-23T16:47:36","modified_gmt":"2023-06-23T16:47:36","slug":"10-30-how-do-i-exchange-the-witness-and-document-evidence-list-with-the-regional-center","status":"publish","type":"page","link":"https:\/\/rula.disabilityrightsca.org\/vi\/rula-book\/chapter-10-appeals-and-complaints-disagreements-with-regional-centers-developmental-centers-or-service-providers\/10-30-how-do-i-exchange-the-witness-and-document-evidence-list-with-the-regional-center\/","title":{"rendered":"(10.30) T\u00f4i c\u00f3 th\u1ec3 y\u00eau c\u1ea7u tr\u00e1t \u0111\u00f2i h\u1ea7u t\u00f2a b\u1eb1ng c\u00e1ch n\u00e0o?"},"content":{"rendered":"\n<p>H\u00e3y g\u1ecdi \u0111\u1ebfn V\u0103n Ph\u00f2ng \u0110i\u1ec1u Tr\u1ea7n H\u00e0nh Ch\u00ednh (OAH) v\u00e0 y\u00eau c\u1ea7u tr\u00e1t \u0111\u00f2i h\u1ea7u t\u00f2a (subpoena, \u0111\u01b0\u1ee3c ph\u00e1t \u00e2m l\u00e0 \u201csub-PEE-NA\u201d).<span class=\"footnote_referrer\"><a role=\"button\" tabindex=\"0\" onclick=\"footnote_moveToReference_2139_1('footnote_plugin_reference_2139_1_1');\" onkeypress=\"footnote_moveToReference_2139_1('footnote_plugin_reference_2139_1_1');\" ><sup id=\"footnote_plugin_tooltip_2139_1_1\" class=\"footnote_plugin_tooltip_text\">[1]<\/sup><\/a><span id=\"footnote_plugin_tooltip_text_2139_1_1\" class=\"footnote_tooltip\">Qu\u00fd v\u1ecb c\u00f3 th\u1ec3 xem l\u1ecbch phi\u00ean \u0111i\u1ec1u tr\u1ea7n c\u1ee7a OAH, c\u00e1c quy\u1ebft \u0111\u1ecbnh c\u1ee7a phi\u00ean \u0111i\u1ec1u tr\u1ea7n \u0111\u01b0\u1ee3c \u0111\u01b0a ra tr\u01b0\u1edbc \u0111\u00e2y v\u00e0 c\u00e1c m\u1eabu \u0111\u01a1n tr\u1ef1c tuy\u1ebfn t\u1ea1i&nbsp;&#x2026; <span class=\"footnote_tooltip_continue\"  onclick=\"footnote_moveToReference_2139_1('footnote_plugin_reference_2139_1_1');\">Continue reading<\/span><\/span><\/span><script type=\"text\/javascript\"> jQuery('#footnote_plugin_tooltip_2139_1_1').tooltip({ tip: '#footnote_plugin_tooltip_text_2139_1_1', tipClass: 'footnote_tooltip', effect: 'fade', predelay: 0, fadeInSpeed: 200, delay: 400, fadeOutSpeed: 200, position: 'top center', relative: true, offset: [-7, 0], });<\/script> Qu\u00fd v\u1ecb s\u1ebd \u0111\u01b0\u1ee3c y\u00eau c\u1ea7u tr\u00e1t \u0111\u00f2i h\u1ea7u t\u00f2a \u0111\u1ed1i v\u1edbi b\u1ea5t c\u1ee9 ai c\u00f3 l\u1eddi ch\u1ee9ng r\u1ea5t quan tr\u1ecdng v\u1edbi v\u1ee5 vi\u1ec7c c\u1ee7a qu\u00fd v\u1ecb. B\u1eb1ng c\u00e1ch \u0111\u00f3, n\u1ebfu ng\u01b0\u1eddi n\u00e0y kh\u00f4ng th\u1ec3 \u0111\u1ebfn phi\u00ean \u0111i\u1ec1u tr\u1ea7n, qu\u00fd v\u1ecb s\u1ebd c\u00f3 l\u00fd do ch\u00ednh \u0111\u00e1ng \u0111\u1ec3 y\u00eau c\u1ea7u tr\u00ec ho\u00e3n (ho\u00e3n l\u1ea1i). N\u1ebfu qu\u00fd v\u1ecb mu\u1ed1n ng\u01b0\u1eddi n\u00e0y mang m\u1ed9t s\u1ed1 t\u00e0i li\u1ec7u nh\u1ea5t \u0111\u1ecbnh \u0111\u1ebfn phi\u00ean \u0111i\u1ec1u tr\u1ea7n, h\u00e3y y\u00eau c\u1ea7u OAH cung c\u1ea5p tr\u00e1t y\u00eau c\u1ea7u tr\u00ecnh h\u1ed3 s\u01a1 ho\u1eb7c b\u1eb1ng ch\u1ee9ng t\u1ea1i t\u00f2a. M\u1eb7t sau c\u1ee7a tr\u00e1t \u0111\u00f2i h\u1ea7u t\u00f2a cho qu\u00fd v\u1ecb bi\u1ebft c\u00e1ch tri\u1ec7u t\u1eadp nh\u00e2n ch\u1ee9ng. Nh\u00e2n ch\u1ee9ng l\u00e0 chuy\u00ean gia, nh\u01b0 b\u00e1c s\u0129, c\u00f3 th\u1ec3 t\u00ednh ph\u00ed l\u00e0m ch\u1ee9ng. N\u1ebfu h\u1ecd t\u00ednh ph\u00ed, qu\u00fd v\u1ecb l\u00e0 ng\u01b0\u1eddi ph\u1ea3i thanh to\u00e1n ph\u00ed \u0111\u00f3.<span class=\"footnote_referrer\"><a role=\"button\" tabindex=\"0\" onclick=\"footnote_moveToReference_2139_1('footnote_plugin_reference_2139_1_2');\" onkeypress=\"footnote_moveToReference_2139_1('footnote_plugin_reference_2139_1_2');\" ><sup id=\"footnote_plugin_tooltip_2139_1_2\" class=\"footnote_plugin_tooltip_text\">[2]<\/sup><\/a><span id=\"footnote_plugin_tooltip_text_2139_1_2\" class=\"footnote_tooltip\">N\u1ebfu b\u00e1c s\u0129 ho\u1eb7c chuy\u00ean gia kh\u00e1c kh\u00f4ng th\u1ec3 r\u1eddi c\u00f4ng vi\u1ec7c ho\u1eb7c b\u1ec7nh nh\u00e2n c\u1ee7a h\u1ecd ho\u1eb7c qu\u00fd v\u1ecb kh\u00f4ng c\u00f3 kh\u1ea3 n\u0103ng tr\u1ea3 ph\u00ed, qu\u00fd v\u1ecb c\u00f3 th\u1ec3 y\u00eau c\u1ea7u OAH cho ph\u00e9p&nbsp;&#x2026; <span class=\"footnote_tooltip_continue\"  onclick=\"footnote_moveToReference_2139_1('footnote_plugin_reference_2139_1_2');\">Continue reading<\/span><\/span><\/span><script type=\"text\/javascript\"> jQuery('#footnote_plugin_tooltip_2139_1_2').tooltip({ tip: '#footnote_plugin_tooltip_text_2139_1_2', tipClass: 'footnote_tooltip', effect: 'fade', predelay: 0, fadeInSpeed: 200, delay: 400, fadeOutSpeed: 200, position: 'top center', relative: true, offset: [-7, 0], });<\/script> M\u1eabu \u0111\u01a1n c\u1ee7a phi\u00ean \u0111i\u1ec1u tr\u1ea7n, bao g\u1ed3m m\u1eabu tr\u00e1t \u0111\u00f2i h\u1ea7u t\u00f2a c\u00f3 t\u1ea1i \u0111\u00e2y: <a href=\"https:\/\/www.dgs.ca.gov\/OAH\/Case-Types\/General-Jurisdiction\/Forms\/Page-Content\/DDS-Forms\" data-type=\"URL\" data-id=\"https:\/\/www.dgs.ca.gov\/OAH\/Case-Types\/General-Jurisdiction\/Forms\/Page-Content\/DDS-Forms\">https:\/\/www.dgs.ca.gov\/OAH\/Case-Types\/General-Jurisdiction\/Forms\/Page-Content\/DDS-Forms<\/a><\/p>\n<div class=\"speaker-mute footnotes_reference_container\"> <div class=\"footnote_container_prepare\"><p><span role=\"button\" tabindex=\"0\" class=\"footnote_reference_container_label pointer\" onclick=\"footnote_expand_collapse_reference_container_2139_1();\">&#x202F;<\/span><span role=\"button\" tabindex=\"0\" class=\"footnote_reference_container_collapse_button\" style=\"display: none;\" onclick=\"footnote_expand_collapse_reference_container_2139_1();\">[<a id=\"footnote_reference_container_collapse_button_2139_1\">+<\/a>]<\/span><\/p><\/div> <div id=\"footnote_references_container_2139_1\" style=\"\"><table class=\"footnotes_table footnote-reference-container\"><caption class=\"accessibility\">References<\/caption> <tbody> \r\n\r\n<tr class=\"footnotes_plugin_reference_row\"> <th scope=\"row\" class=\"footnote_plugin_index_combi pointer\"  onclick=\"footnote_moveToAnchor_2139_1('footnote_plugin_tooltip_2139_1_1');\"><a id=\"footnote_plugin_reference_2139_1_1\" class=\"footnote_backlink\"><span class=\"footnote_index_arrow\">&#8593;<\/span>1<\/a><\/th> <td class=\"footnote_plugin_text\">Qu\u00fd v\u1ecb c\u00f3 th\u1ec3 xem l\u1ecbch phi\u00ean \u0111i\u1ec1u tr\u1ea7n c\u1ee7a OAH, c\u00e1c quy\u1ebft \u0111\u1ecbnh c\u1ee7a phi\u00ean \u0111i\u1ec1u tr\u1ea7n \u0111\u01b0\u1ee3c \u0111\u01b0a ra tr\u01b0\u1edbc \u0111\u00e2y v\u00e0 c\u00e1c m\u1eabu \u0111\u01a1n tr\u1ef1c tuy\u1ebfn t\u1ea1i <a href=\"http:\/\/www.oah.dgs.ca.gov\/default.htm.\">www.oah.dgs.ca.gov\/default.htm.<\/a> Qu\u00fd v\u1ecb c\u0169ng c\u00f3 th\u1ec3 in b\u1ea3n sao m\u1eabu tr\u00e1t \u0111\u00f2i h\u1ea7u t\u00f2a c\u1ee7a OAH t\u1ea1i <a href=\"http:\/\/www.documents.dgs.ca.gov\/oah\/forms\/oah1-subpoena.pdf\">www.documents.dgs.ca.gov\/oah\/forms\/oah1-subpoena.pdf.<\/a><\/td><\/tr>\r\n\r\n<tr class=\"footnotes_plugin_reference_row\"> <th scope=\"row\" class=\"footnote_plugin_index_combi pointer\"  onclick=\"footnote_moveToAnchor_2139_1('footnote_plugin_tooltip_2139_1_2');\"><a id=\"footnote_plugin_reference_2139_1_2\" class=\"footnote_backlink\"><span class=\"footnote_index_arrow\">&#8593;<\/span>2<\/a><\/th> <td class=\"footnote_plugin_text\">N\u1ebfu b\u00e1c s\u0129 ho\u1eb7c chuy\u00ean gia kh\u00e1c kh\u00f4ng th\u1ec3 r\u1eddi c\u00f4ng vi\u1ec7c ho\u1eb7c b\u1ec7nh nh\u00e2n c\u1ee7a h\u1ecd ho\u1eb7c qu\u00fd v\u1ecb kh\u00f4ng c\u00f3 kh\u1ea3 n\u0103ng tr\u1ea3 ph\u00ed, qu\u00fd v\u1ecb c\u00f3 th\u1ec3 y\u00eau c\u1ea7u OAH cho ph\u00e9p nh\u00e2n ch\u1ee9ng l\u00e0m ch\u1ee9ng qua \u0111i\u1ec7n tho\u1ea1i. \u0110\u00e2y l\u00e0 c\u00e1ch l\u00e0m ph\u1ed5 bi\u1ebfn trong c\u00e1c phi\u00ean \u0111i\u1ec1u tr\u1ea7n c\u00f4ng b\u1eb1ng Medi-Cal do Ph\u00f2ng \u0110i\u1ec1u Tr\u1ea7n C\u00f4ng B\u1eb1ng, S\u1edf D\u1ecbch V\u1ee5 X\u00e3 H\u1ed9i th\u1ef1c hi\u1ec7n. G\u1eedi y\u00eau c\u1ea7u c\u1ee7a qu\u00fd v\u1ecb \u0111\u1ebfn ch\u00e1nh \u00e1n ch\u1ee7 t\u1ecda OAH v\u00e0 g\u1eedi b\u1ea3n sao \u0111\u1ebfn trung t\u00e2m khu v\u1ef1c. Y\u00eau c\u1ea7u c\u1ee7a qu\u00fd v\u1ecb ph\u1ea3i bao g\u1ed3m s\u1ed1 v\u1ee5 ki\u1ec7n c\u1ee7a qu\u00fd v\u1ecb. Li\u00ean h\u1ec7 v\u1edbi OAH theo s\u1ed1 (916) 341-6990 \u0111\u1ec3 bi\u1ebft \u0111\u1ecba ch\u1ec9 g\u1eedi fax ho\u1eb7c g\u1eedi th\u01b0 y\u00eau c\u1ea7u c\u1ee7a qu\u00fd v\u1ecb. N\u1ebfu qu\u00fd v\u1ecb g\u1eb7p ph\u1ea3i b\u1ea5t c\u1ee9 v\u1ea5n \u0111\u1ec1 n\u00e0o trong vi\u1ec7c y\u00eau c\u1ea7u OAH \u0111\u1ed3ng \u00fd l\u1eddi ch\u1ee9ng qua \u0111i\u1ec7n tho\u1ea1i, li\u00ean h\u1ec7 ngay v\u1edbi Disability Rights California ho\u1eb7c OCRA.<\/td><\/tr>\r\n\r\n <\/tbody> <\/table> <\/div><\/div><script type=\"text\/javascript\"> function footnote_expand_reference_container_2139_1() { jQuery('#footnote_references_container_2139_1').show(); jQuery('#footnote_reference_container_collapse_button_2139_1').text('\u2212'); } function footnote_collapse_reference_container_2139_1() { jQuery('#footnote_references_container_2139_1').hide(); jQuery('#footnote_reference_container_collapse_button_2139_1').text('+'); } function footnote_expand_collapse_reference_container_2139_1() { if (jQuery('#footnote_references_container_2139_1').is(':hidden')) { footnote_expand_reference_container_2139_1(); } else { footnote_collapse_reference_container_2139_1(); } } function footnote_moveToReference_2139_1(p_str_TargetID) { footnote_expand_reference_container_2139_1(); var l_obj_Target = jQuery('#' + p_str_TargetID); if (l_obj_Target.length) { jQuery( 'html, body' ).delay( 0 ); jQuery('html, body').animate({ scrollTop: l_obj_Target.offset().top - window.innerHeight * 0.2 }, 380); } } function footnote_moveToAnchor_2139_1(p_str_TargetID) { footnote_expand_reference_container_2139_1(); var l_obj_Target = jQuery('#' + p_str_TargetID); if (l_obj_Target.length) { jQuery( 'html, body' ).delay( 0 ); jQuery('html, body').animate({ scrollTop: l_obj_Target.offset().top - window.innerHeight * 0.2 }, 380); } }<\/script>","protected":false},"excerpt":{"rendered":"<p>H\u00e3y g\u1ecdi \u0111\u1ebfn V\u0103n Ph\u00f2ng \u0110i\u1ec1u Tr\u1ea7n H\u00e0nh Ch\u00ednh (OAH) v\u00e0 y\u00eau c\u1ea7u tr\u00e1t \u0111\u00f2i h\u1ea7u t\u00f2a (subpoena, \u0111\u01b0\u1ee3c ph\u00e1t \u00e2m l\u00e0 \u201csub-PEE-NA\u201d).[1]Qu\u00fd v\u1ecb c\u00f3&hellip;<\/p>\n","protected":false},"author":1,"featured_media":0,"parent":2072,"menu_order":30,"comment_status":"closed","ping_status":"closed","template":"","meta":{"footnotes":""},"class_list":["post-2139","page","type-page","status-publish","hentry"],"_links":{"self":[{"href":"https:\/\/rula.disabilityrightsca.org\/vi\/wp-json\/wp\/v2\/pages\/2139","targetHints":{"allow":["GET"]}}],"collection":[{"href":"https:\/\/rula.disabilityrightsca.org\/vi\/wp-json\/wp\/v2\/pages"}],"about":[{"href":"https:\/\/rula.disabilityrightsca.org\/vi\/wp-json\/wp\/v2\/types\/page"}],"author":[{"embeddable":true,"href":"https:\/\/rula.disabilityrightsca.org\/vi\/wp-json\/wp\/v2\/users\/1"}],"replies":[{"embeddable":true,"href":"https:\/\/rula.disabilityrightsca.org\/vi\/wp-json\/wp\/v2\/comments?post=2139"}],"version-history":[{"count":4,"href":"https:\/\/rula.disabilityrightsca.org\/vi\/wp-json\/wp\/v2\/pages\/2139\/revisions"}],"predecessor-version":[{"id":3575,"href":"https:\/\/rula.disabilityrightsca.org\/vi\/wp-json\/wp\/v2\/pages\/2139\/revisions\/3575"}],"up":[{"embeddable":true,"href":"https:\/\/rula.disabilityrightsca.org\/vi\/wp-json\/wp\/v2\/pages\/2072"}],"wp:attachment":[{"href":"https:\/\/rula.disabilityrightsca.org\/vi\/wp-json\/wp\/v2\/media?parent=2139"}],"curies":[{"name":"wp","href":"https:\/\/api.w.org\/{rel}","templated":true}]}}