{"id":2137,"date":"2021-09-28T22:58:31","date_gmt":"2021-09-28T22:58:31","guid":{"rendered":"http:\/\/www.rula.disabilityrightsca.org\/vi\/?page_id=2137"},"modified":"2023-06-23T16:46:43","modified_gmt":"2023-06-23T16:46:43","slug":"10-29-where-do-i-go-for-the-hearing","status":"publish","type":"page","link":"https:\/\/rula.disabilityrightsca.org\/vi\/rula-book\/chapter-10-appeals-and-complaints-disagreements-with-regional-centers-developmental-centers-or-service-providers\/10-29-where-do-i-go-for-the-hearing\/","title":{"rendered":"(10.29) T\u00f4i ch\u1ecdn t\u00e0i li\u1ec7u v\u00e0 nh\u00e2n ch\u1ee9ng cho phi\u00ean \u0111i\u1ec1u tr\u1ea7n c\u1ee7a m\u00ecnh b\u1eb1ng c\u00e1ch n\u00e0o?"},"content":{"rendered":"\n<p>Th\u1ee9 nh\u1ea5t, xem l\u1ea1i h\u1ed3 s\u01a1 c\u1ee7a qu\u00fd v\u1ecb t\u1ea1i trung t\u00e2m khu v\u1ef1c v\u00e0 c\u00e1c gi\u1ea5y t\u1edd kh\u00e1c qu\u00fd v\u1ecb c\u00f3. Nh\u1eadn b\u1ea3n sao t\u00e0i li\u1ec7u:<\/p>\n\n\n\n<ul class=\"wp-block-list\"><li>M\u00e0 h\u1ed7 tr\u1ee3 cho v\u1ee5 vi\u1ec7c c\u1ee7a qu\u00fd v\u1ecb.<\/li><li>Trong \u0111\u00f3 cho bi\u1ebft nhu c\u1ea7u v\u00e0 th\u00f4ng tin lai l\u1ecbch c\u1ee7a qu\u00fd v\u1ecb.<\/li><li>M\u00e0 h\u1ed7 tr\u1ee3 l\u1eadp tr\u01b0\u1eddng c\u1ee7a trung t\u00e2m khu v\u1ef1c. C\u00e1c t\u00e0i li\u1ec7u n\u00e0y s\u1ebd gi\u00fap qu\u00fd v\u1ecb x\u00e1c \u0111\u1ecbnh c\u00e1ch \u1ee9ng ph\u00f3.<\/li><li>T\u1eeb nh\u1eefng ngu\u1ed3n kh\u00e1c ngo\u00e0i h\u1ed3 s\u01a1 c\u1ee7a qu\u00fd v\u1ecb t\u1ea1i trung t\u00e2m khu v\u1ef1c s\u1ebd tr\u1ee3 gi\u00fap cho v\u1ee5 vi\u1ec7c c\u1ee7a qu\u00fd v\u1ecb (v\u00ed d\u1ee5: h\u1ed3 s\u01a1 y t\u1ebf, h\u1ecdc b\u1ea1 ho\u1eb7c h\u1ed3 s\u01a1 An Sinh X\u00e3 H\u1ed9i).<span class=\"footnote_referrer\"><a role=\"button\" tabindex=\"0\" onclick=\"footnote_moveToReference_2137_1('footnote_plugin_reference_2137_1_1');\" onkeypress=\"footnote_moveToReference_2137_1('footnote_plugin_reference_2137_1_1');\" ><sup id=\"footnote_plugin_tooltip_2137_1_1\" class=\"footnote_plugin_tooltip_text\">[1]<\/sup><\/a><span id=\"footnote_plugin_tooltip_text_2137_1_1\" class=\"footnote_tooltip\">V\u00ed d\u1ee5: b\u1eb1ng ch\u1ee9ng t\u1eeb b\u00e1c s\u0129, chuy\u00ean gia tr\u1ecb li\u1ec7u ngh\u1ec1 nghi\u1ec7p v\u00e0 v\u1eadt l\u00fd tr\u1ecb li\u1ec7u, chuy\u00ean gia t\u00e2m l\u00fd h\u1ecdc th\u1ea7n kinh, h\u1ed3 s\u01a1 y t\u1ebf, h\u1ed3 s\u01a1 t\u1eeb S\u1edf An Sinh X\u00e3&nbsp;&#x2026; <span class=\"footnote_tooltip_continue\"  onclick=\"footnote_moveToReference_2137_1('footnote_plugin_reference_2137_1_1');\">Continue reading<\/span><\/span><\/span><script type=\"text\/javascript\"> jQuery('#footnote_plugin_tooltip_2137_1_1').tooltip({ tip: '#footnote_plugin_tooltip_text_2137_1_1', tipClass: 'footnote_tooltip', effect: 'fade', predelay: 0, fadeInSpeed: 200, delay: 400, fadeOutSpeed: 200, position: 'top center', relative: true, offset: [-7, 0], });<\/script><\/li><\/ul>\n\n\n\n<p>C\u00e2n nh\u1eafc v\u1ec1 nh\u1eefng lu\u1eadn \u0111i\u1ec3m m\u00e0 trung t\u00e2m khu v\u1ef1c s\u1ebd \u0111\u01b0a ra. Qu\u00fd v\u1ecb s\u1ebd \u1ee9ng ph\u00f3 nh\u01b0 th\u1ebf n\u00e0o? Xem x\u00e9t c\u00e1c quy\u1ebft \u0111\u1ecbnh \u1edf nh\u1eefng phi\u00ean \u0111i\u1ec1u tr\u1ea7n kh\u00e1c gi\u1ea3i quy\u1ebft c\u00e1c v\u1ea5n \u0111\u1ec1 t\u01b0\u01a1ng t\u1ef1. Qu\u00fd v\u1ecb c\u00f3 th\u1ec3 t\u00ecm th\u1ea5y c\u00e1c phi\u00ean \u0111i\u1ec1u tr\u1ea7n kh\u00e1c t\u1ea1i <a href=\"https:\/\/www.dgs.ca.gov\/OAH\/Case-Types\/General-Jurisdiction\/Resources\/DDS-Decisions\" data-type=\"URL\" data-id=\"https:\/\/www.dgs.ca.gov\/OAH\/Case-Types\/General-Jurisdiction\/Resources\/DDS-Decisions\">https:\/\/www.dgs.ca.gov\/OAH\/Case-Types\/General-Jurisdiction\/Resources\/DDS-Decisions<\/a><\/p>\n<div class=\"speaker-mute footnotes_reference_container\"> <div class=\"footnote_container_prepare\"><p><span role=\"button\" tabindex=\"0\" class=\"footnote_reference_container_label pointer\" onclick=\"footnote_expand_collapse_reference_container_2137_1();\">&#x202F;<\/span><span role=\"button\" tabindex=\"0\" class=\"footnote_reference_container_collapse_button\" style=\"display: none;\" onclick=\"footnote_expand_collapse_reference_container_2137_1();\">[<a id=\"footnote_reference_container_collapse_button_2137_1\">+<\/a>]<\/span><\/p><\/div> <div id=\"footnote_references_container_2137_1\" style=\"\"><table class=\"footnotes_table footnote-reference-container\"><caption class=\"accessibility\">References<\/caption> <tbody> \r\n\r\n<tr class=\"footnotes_plugin_reference_row\"> <th scope=\"row\" class=\"footnote_plugin_index_combi pointer\"  onclick=\"footnote_moveToAnchor_2137_1('footnote_plugin_tooltip_2137_1_1');\"><a id=\"footnote_plugin_reference_2137_1_1\" class=\"footnote_backlink\"><span class=\"footnote_index_arrow\">&#8593;<\/span>1<\/a><\/th> <td class=\"footnote_plugin_text\">V\u00ed d\u1ee5: b\u1eb1ng ch\u1ee9ng t\u1eeb b\u00e1c s\u0129, chuy\u00ean gia tr\u1ecb li\u1ec7u ngh\u1ec1 nghi\u1ec7p v\u00e0 v\u1eadt l\u00fd tr\u1ecb li\u1ec7u, chuy\u00ean gia t\u00e2m l\u00fd h\u1ecdc th\u1ea7n kinh, h\u1ed3 s\u01a1 y t\u1ebf, h\u1ed3 s\u01a1 t\u1eeb S\u1edf An Sinh X\u00e3 H\u1ed9i, h\u1ed3 s\u01a1 gi\u00e1o d\u1ee5c \u0111\u1eb7c bi\u1ec7t t\u1eeb tr\u01b0\u1eddng h\u1ecdc, v.v.<\/td><\/tr>\r\n\r\n <\/tbody> <\/table> <\/div><\/div><script type=\"text\/javascript\"> function footnote_expand_reference_container_2137_1() { jQuery('#footnote_references_container_2137_1').show(); jQuery('#footnote_reference_container_collapse_button_2137_1').text('\u2212'); } function footnote_collapse_reference_container_2137_1() { jQuery('#footnote_references_container_2137_1').hide(); jQuery('#footnote_reference_container_collapse_button_2137_1').text('+'); } function footnote_expand_collapse_reference_container_2137_1() { if (jQuery('#footnote_references_container_2137_1').is(':hidden')) { footnote_expand_reference_container_2137_1(); } else { footnote_collapse_reference_container_2137_1(); } } function footnote_moveToReference_2137_1(p_str_TargetID) { footnote_expand_reference_container_2137_1(); var l_obj_Target = jQuery('#' + p_str_TargetID); if (l_obj_Target.length) { jQuery( 'html, body' ).delay( 0 ); jQuery('html, body').animate({ scrollTop: l_obj_Target.offset().top - window.innerHeight * 0.2 }, 380); } } function footnote_moveToAnchor_2137_1(p_str_TargetID) { footnote_expand_reference_container_2137_1(); var l_obj_Target = jQuery('#' + p_str_TargetID); if (l_obj_Target.length) { jQuery( 'html, body' ).delay( 0 ); jQuery('html, body').animate({ scrollTop: l_obj_Target.offset().top - window.innerHeight * 0.2 }, 380); } }<\/script>","protected":false},"excerpt":{"rendered":"<p>Th\u1ee9 nh\u1ea5t, xem l\u1ea1i h\u1ed3 s\u01a1 c\u1ee7a qu\u00fd v\u1ecb t\u1ea1i trung t\u00e2m khu v\u1ef1c v\u00e0 c\u00e1c gi\u1ea5y t\u1edd kh\u00e1c qu\u00fd v\u1ecb c\u00f3. Nh\u1eadn b\u1ea3n sao&hellip;<\/p>\n","protected":false},"author":1,"featured_media":0,"parent":2072,"menu_order":29,"comment_status":"closed","ping_status":"closed","template":"","meta":{"footnotes":""},"class_list":["post-2137","page","type-page","status-publish","hentry"],"_links":{"self":[{"href":"https:\/\/rula.disabilityrightsca.org\/vi\/wp-json\/wp\/v2\/pages\/2137","targetHints":{"allow":["GET"]}}],"collection":[{"href":"https:\/\/rula.disabilityrightsca.org\/vi\/wp-json\/wp\/v2\/pages"}],"about":[{"href":"https:\/\/rula.disabilityrightsca.org\/vi\/wp-json\/wp\/v2\/types\/page"}],"author":[{"embeddable":true,"href":"https:\/\/rula.disabilityrightsca.org\/vi\/wp-json\/wp\/v2\/users\/1"}],"replies":[{"embeddable":true,"href":"https:\/\/rula.disabilityrightsca.org\/vi\/wp-json\/wp\/v2\/comments?post=2137"}],"version-history":[{"count":5,"href":"https:\/\/rula.disabilityrightsca.org\/vi\/wp-json\/wp\/v2\/pages\/2137\/revisions"}],"predecessor-version":[{"id":3574,"href":"https:\/\/rula.disabilityrightsca.org\/vi\/wp-json\/wp\/v2\/pages\/2137\/revisions\/3574"}],"up":[{"embeddable":true,"href":"https:\/\/rula.disabilityrightsca.org\/vi\/wp-json\/wp\/v2\/pages\/2072"}],"wp:attachment":[{"href":"https:\/\/rula.disabilityrightsca.org\/vi\/wp-json\/wp\/v2\/media?parent=2137"}],"curies":[{"name":"wp","href":"https:\/\/api.w.org\/{rel}","templated":true}]}}