{"id":2135,"date":"2021-09-28T22:55:28","date_gmt":"2021-09-28T22:55:28","guid":{"rendered":"http:\/\/www.rula.disabilityrightsca.org\/vi\/?page_id=2135"},"modified":"2025-03-18T19:35:13","modified_gmt":"2025-03-18T19:35:13","slug":"10-28-what-if-i-decide-to-have-the-hearing","status":"publish","type":"page","link":"https:\/\/rula.disabilityrightsca.org\/vi\/rula-book\/chapter-10-appeals-and-complaints-disagreements-with-regional-centers-developmental-centers-or-service-providers\/10-28-what-if-i-decide-to-have-the-hearing\/","title":{"rendered":"(10.28) T\u00f4i trao \u0111\u1ed5i danh s\u00e1ch nh\u00e2n ch\u1ee9ng v\u00e0 t\u00e0i li\u1ec7u (b\u1eb1ng ch\u1ee9ng) v\u1edbi trung t\u00e2m khu v\u1ef1c b\u1eb1ng c\u00e1ch n\u00e0o?"},"content":{"rendered":"\n<p>B\u1eb1ng ch\u1ee9ng bao g\u1ed3m l\u1eddi ch\u1ee9ng c\u1ee7a nh\u00e2n ch\u1ee9ng v\u00e0 t\u00e0i li\u1ec7u h\u1ed7 tr\u1ee3 cho v\u1ee5 vi\u1ec7c c\u1ee7a qu\u00fd v\u1ecb. Nh\u00e2n ch\u1ee9ng l\u00e0 ng\u01b0\u1eddi (k\u1ec3 c\u1ea3 qu\u00fd v\u1ecb)&nbsp;v\u00e0&nbsp;t\u00e0i li\u1ec7u l\u00e0 gi\u1ea5y t\u1edd.&nbsp;Tr\u01b0\u1edbc phi\u00ean \u0111i\u1ec1u tr\u1ea7n \u00edt nh\u1ea5t 2 ng\u00e0y l\u00e0m vi\u1ec7c, qu\u00fd v\u1ecb&nbsp;v\u00e0&nbsp;trung t\u00e2m khu v\u1ef1c ph\u1ea3i trao \u0111\u1ed5i danh s\u00e1ch nh\u00e2n ch\u1ee9ng v\u00e0 b\u1ea3n sao t\u00e0i li\u1ec7u qu\u00fd v\u1ecb mu\u1ed1n s\u1eed d\u1ee5ng trong phi\u00ean \u0111i\u1ec1u tr\u1ea7n.<span class=\"footnote_referrer\"><a role=\"button\" tabindex=\"0\" onclick=\"footnote_moveToReference_2135_1('footnote_plugin_reference_2135_1_1');\" onkeypress=\"footnote_moveToReference_2135_1('footnote_plugin_reference_2135_1_1');\" ><sup id=\"footnote_plugin_tooltip_2135_1_1\" class=\"footnote_plugin_tooltip_text\">[1]<\/sup><\/a><span id=\"footnote_plugin_tooltip_text_2135_1_1\" class=\"footnote_tooltip\">\u00a7 4712(d).<\/span><\/span><script type=\"text\/javascript\"> jQuery('#footnote_plugin_tooltip_2135_1_1').tooltip({ tip: '#footnote_plugin_tooltip_text_2135_1_1', tipClass: 'footnote_tooltip', effect: 'fade', predelay: 0, fadeInSpeed: 200, delay: 400, fadeOutSpeed: 200, position: 'top center', relative: true, offset: [-7, 0], });<\/script> \u0110i\u1ec1u n\u00e0y&nbsp;c\u00f3 ngh\u0129a l\u00e0&nbsp;c\u1ea3&nbsp;qu\u00fd&nbsp;v\u1ecb v\u00e0 trung t\u00e2m&nbsp;khu&nbsp;v\u1ef1c&nbsp;ph\u1ea3i&nbsp;c\u00f3&nbsp;t\u00e0i li\u1ec7u&nbsp;v\u00e0 danh s\u00e1ch nh\u00e2n ch\u1ee9ng c\u1ee7a \u0111\u00f4i b\u00ean 2 ng\u00e0y l\u00e0m vi\u1ec7c tr\u01b0\u1edbc phi\u00ean \u0111i\u1ec1u tr\u1ea7n.<\/p>\n\n\n\n<p>Danh s\u00e1ch nh\u00e2n ch\u1ee9ng c\u1ee7a trung t\u00e2m khu v\u1ef1c&nbsp;ph\u1ea3i&nbsp;m\u00f4&nbsp;t\u1ea3 nh\u1eefng \u0111i\u1ec1u m\u1ed7i nh\u00e2n ch\u1ee9ng s\u1ebd l\u00e0m ch\u1ee9ng. Danh s\u00e1ch nh\u00e2n ch\u1ee9ng c\u1ee7a trung t\u00e2m khu v\u1ef1c s\u1ebd l\u00e0 m\u1ed9t ph\u1ea7n c\u1ee7a tuy\u00ean b\u1ed1 quan \u0111i\u1ec3m \u0111\u01b0\u1ee3c tr\u00ecnh b\u00e0y b\u00ean d\u01b0\u1edbi.&nbsp;Danh s\u00e1ch nh\u00e2n ch\u1ee9ng c\u1ee7a qu\u00fd v\u1ecb ph\u1ea3i c\u00f3 ph\u1ea7n m\u00f4 t\u1ea3 ng\u1eafn g\u1ecdn v\u1ec1 m\u1ed1i quan h\u1ec7 gi\u1eefa qu\u00fd v\u1ecb v\u1edbi m\u1ed7i nh\u00e2n ch\u1ee9ng. N\u1ebfu c\u00f3 m\u1ed9t nh\u00e2n ch\u1ee9ng t\u1ea1i phi\u00ean \u0111i\u1ec1u tr\u1ea7n kh\u00f4ng \u0111\u1ed3ng \u00fd l\u00e0m ch\u1ee9ng, qu\u00fd v\u1ecb ph\u1ea3i g\u1eedi tr\u00e1t \u0111\u00f2i h\u1ea7u t\u00f2a. Tr\u00e1t \u0111\u00f2i h\u1ea7u t\u00f2a l\u00e0 m\u1ed9t ph\u00e1p l\u1ec7nh bu\u1ed9c nh\u00e2n ch\u1ee9ng tham d\u1ef1 phi\u00ean \u0111i\u1ec1u tr\u1ea7n c\u00f4ng b\u1eb1ng ra l\u00e0m ch\u1ee9ng. G\u1eedi tr\u00e1t \u0111\u00f2i h\u1ea7u t\u00f2a cho nh\u00e2n ch\u1ee9ng v\u00e0 y\u00eau c\u1ea7u h\u1ecd l\u00e0m ch\u1ee9ng ngay khi qu\u00fd v\u1ecb bi\u1ebft ng\u00e0y di\u1ec5n ra phi\u00ean \u0111i\u1ec1u tr\u1ea7n \u0111\u1ec3 m\u1ecdi ng\u01b0\u1eddi s\u1eb5n s\u00e0ng. M\u1eabu \u0111\u01a1n c\u1ee7a phi\u00ean \u0111i\u1ec1u tr\u1ea7n, bao g\u1ed3m m\u1eabu tr\u00e1t \u0111\u00f2i h\u1ea7u t\u00f2a c\u00f3 t\u1ea1i \u0111\u00e2y:&nbsp;<a href=\"https:\/\/www.dgs.ca.gov\/OAH\/Case-Types\/General-Jurisdiction\/Forms\/Page-Content\/DDS-Forms\">https:\/\/www.dgs.ca.gov\/OAH\/Case-Types\/General-Jurisdiction\/Forms\/Page-Content\/DDS-Forms<\/a><\/p>\n\n\n\n<p>Trung t\u00e2m khu v\u1ef1c ph\u1ea3i cung c\u1ea5p cho qu\u00fd v\u1ecb v\u00e0 OAH m\u1ed9t v\u0103n b\u1ea3n tuy\u00ean b\u1ed1 quan \u0111i\u1ec3m hai ng\u00e0y l\u00e0m vi\u1ec7c tr\u01b0\u1edbc phi\u00ean \u0111i\u1ec1u tr\u1ea7n.&nbsp;V\u0103n b\u1ea3n n\u00e0y s\u1ebd \u0111\u01b0\u1ee3c g\u1eedi qua email tr\u1eeb khi qu\u00fd v\u1ecb cho trung t\u00e2m khu v\u1ef1c bi\u1ebft r\u1eb1ng qu\u00fd v\u1ecb mu\u1ed1n nh\u1eadn v\u0103n b\u1ea3n theo ph\u01b0\u01a1ng th\u1ee9c kh\u00e1c.<\/p>\n\n\n\n<ul class=\"wp-block-list\">\n<li>Tuy\u00ean b\u1ed1 quan \u0111i\u1ec3m ph\u1ea3i s\u1eed d\u1ee5ng ng\u00f4n ng\u1eef \u01b0u ti\u00ean c\u1ee7a qu\u00fd v\u1ecb v\u00e0 ng\u01b0\u1eddi \u0111\u1ea1i di\u1ec7n \u0111\u01b0\u1ee3c \u1ee7y quy\u1ec1n c\u1ee7a qu\u00fd v\u1ecb.<\/li>\n\n\n\n<li>Tuy\u00ean b\u1ed1 quan \u0111i\u1ec3m ph\u1ea3i cung c\u1ea5p c\u00e1c d\u1eef ki\u1ec7n v\u1ec1 quy\u1ebft \u0111\u1ecbnh c\u1ee7a trung t\u00e2m khu v\u1ef1c v\u00e0 c\u00e1c l\u00fd do c\u00f3 quy\u1ebft \u0111\u1ecbnh \u0111\u00f3.\u00a0<\/li>\n\n\n\n<li>V\u0103n b\u1ea3n n\u00e0y ph\u1ea3i cho bi\u1ebft ng\u01b0\u1eddi s\u1ebd l\u00e0 nh\u00e2n ch\u1ee9ng c\u1ee7a trung t\u00e2m khu v\u1ef1c.\u00a0<\/li>\n\n\n\n<li>V\u0103n b\u1ea3n n\u00e0y ph\u1ea3i c\u00f3 t\u1ea5t c\u1ea3 c\u00e1c t\u00e0i li\u1ec7u m\u00e0 trung t\u00e2m khu v\u1ef1c s\u1ebd s\u1eed d\u1ee5ng t\u1ea1i phi\u00ean \u0111i\u1ec1u tr\u1ea7n.<\/li>\n<\/ul>\n\n\n\n<p>Qu\u00fd v\u1ecb kh\u00f4ng c\u1ea7n ph\u1ea3i cung c\u1ea5p tuy\u00ean b\u1ed1 quan \u0111i\u1ec3m n\u1ebfu ng\u01b0\u1eddi \u0111\u1ea1i di\u1ec7n cho qu\u00fd v\u1ecb l\u00e0 m\u1ed9t lu\u1eadt s\u01b0. Tuy nhi\u00ean, qu\u00fd v\u1ecb ph\u1ea3i cung c\u1ea5p m\u1ed9t s\u1ed1 th\u00f4ng tin cho trung t\u00e2m khu v\u1ef1c v\u00e0 OAH hai ng\u00e0y l\u00e0m vi\u1ec7c tr\u01b0\u1edbc phi\u00ean \u0111i\u1ec1u tr\u1ea7n. Th\u00f4ng tin qu\u00fd v\u1ecb ph\u1ea3i cung c\u1ea5p l\u00e0:&nbsp;<\/p>\n\n\n\n<ul class=\"wp-block-list\">\n<li>Danh s\u00e1ch nh\u00e2n ch\u1ee9ng qu\u00fd v\u1ecb mong mu\u1ed1n c\u00f3 m\u1eb7t t\u1ea1i phi\u00ean \u0111i\u1ec1u tr\u1ea7n.\u00a0Qu\u00fd v\u1ecb ph\u1ea3i cho bi\u1ebft m\u1ed1i quan h\u1ec7 gi\u1eefa qu\u00fd v\u1ecb v\u00e0 h\u1ecd. V\u00ed d\u1ee5: ng\u01b0\u1eddi \u0111\u00f3 l\u00e0 th\u00e0nh vi\u00ean gia \u0111\u00ecnh, chuy\u00ean gia tr\u1ecb li\u1ec7u hay b\u00e1c s\u0129.<\/li>\n\n\n\n<li>C\u00e1c b\u1ea3n sao c\u1ee7a b\u1ea5t k\u1ef3 b\u00e1o c\u00e1o ho\u1eb7c \u0111\u00e1nh gi\u00e1 chuy\u00ean m\u00f4n n\u00e0o qu\u00fd v\u1ecb s\u1ebd s\u1eed d\u1ee5ng t\u1ea1i phi\u00ean \u0111i\u1ec1u tr\u1ea7n. V\u00ed d\u1ee5: b\u00e1o c\u00e1o t\u1eeb b\u00e1c s\u0129 ho\u1eb7c chuy\u00ean gia tr\u1ecb li\u1ec7u.<\/li>\n\n\n\n<li>N\u1ebfu d\u1ef1 \u0111\u1ecbnh s\u1eed d\u1ee5ng t\u00e0i li\u1ec7u kh\u00e1c t\u1ea1i phi\u00ean \u0111i\u1ec1u tr\u1ea7n, qu\u00fd v\u1ecb c\u00f3 th\u1ec3 cung c\u1ea5p b\u1ea3n sao c\u1ee7a c\u00e1c t\u00e0i li\u1ec7u \u0111\u00f3 tr\u01b0\u1edbc ho\u1eb7c trong phi\u00ean \u0111i\u1ec1u tr\u1ea7n.<\/li>\n<\/ul>\n<div class=\"speaker-mute footnotes_reference_container\"> <div class=\"footnote_container_prepare\"><p><span role=\"button\" tabindex=\"0\" class=\"footnote_reference_container_label pointer\" onclick=\"footnote_expand_collapse_reference_container_2135_1();\">&#x202F;<\/span><span role=\"button\" tabindex=\"0\" class=\"footnote_reference_container_collapse_button\" style=\"display: none;\" onclick=\"footnote_expand_collapse_reference_container_2135_1();\">[<a id=\"footnote_reference_container_collapse_button_2135_1\">+<\/a>]<\/span><\/p><\/div> <div id=\"footnote_references_container_2135_1\" style=\"\"><table class=\"footnotes_table footnote-reference-container\"><caption class=\"accessibility\">References<\/caption> <tbody> \r\n\r\n<tr class=\"footnotes_plugin_reference_row\"> <th scope=\"row\" class=\"footnote_plugin_index_combi pointer\"  onclick=\"footnote_moveToAnchor_2135_1('footnote_plugin_tooltip_2135_1_1');\"><a id=\"footnote_plugin_reference_2135_1_1\" class=\"footnote_backlink\"><span class=\"footnote_index_arrow\">&#8593;<\/span>1<\/a><\/th> <td class=\"footnote_plugin_text\">\u00a7 4712(d).<\/td><\/tr>\r\n\r\n <\/tbody> <\/table> <\/div><\/div><script type=\"text\/javascript\"> function footnote_expand_reference_container_2135_1() { jQuery('#footnote_references_container_2135_1').show(); jQuery('#footnote_reference_container_collapse_button_2135_1').text('\u2212'); } function footnote_collapse_reference_container_2135_1() { jQuery('#footnote_references_container_2135_1').hide(); jQuery('#footnote_reference_container_collapse_button_2135_1').text('+'); } function footnote_expand_collapse_reference_container_2135_1() { if (jQuery('#footnote_references_container_2135_1').is(':hidden')) { footnote_expand_reference_container_2135_1(); } else { footnote_collapse_reference_container_2135_1(); } } function footnote_moveToReference_2135_1(p_str_TargetID) { footnote_expand_reference_container_2135_1(); var l_obj_Target = jQuery('#' + p_str_TargetID); if (l_obj_Target.length) { jQuery( 'html, body' ).delay( 0 ); jQuery('html, body').animate({ scrollTop: l_obj_Target.offset().top - window.innerHeight * 0.2 }, 380); } } function footnote_moveToAnchor_2135_1(p_str_TargetID) { footnote_expand_reference_container_2135_1(); var l_obj_Target = jQuery('#' + p_str_TargetID); if (l_obj_Target.length) { jQuery( 'html, body' ).delay( 0 ); jQuery('html, body').animate({ scrollTop: l_obj_Target.offset().top - window.innerHeight * 0.2 }, 380); } }<\/script>","protected":false},"excerpt":{"rendered":"<p>B\u1eb1ng ch\u1ee9ng bao g\u1ed3m l\u1eddi ch\u1ee9ng c\u1ee7a nh\u00e2n ch\u1ee9ng v\u00e0 t\u00e0i li\u1ec7u h\u1ed7 tr\u1ee3 cho v\u1ee5 vi\u1ec7c c\u1ee7a qu\u00fd v\u1ecb. Nh\u00e2n ch\u1ee9ng l\u00e0 ng\u01b0\u1eddi (k\u1ec3&hellip;<\/p>\n","protected":false},"author":1,"featured_media":0,"parent":2072,"menu_order":28,"comment_status":"closed","ping_status":"closed","template":"","meta":{"footnotes":""},"class_list":["post-2135","page","type-page","status-publish","hentry"],"_links":{"self":[{"href":"https:\/\/rula.disabilityrightsca.org\/vi\/wp-json\/wp\/v2\/pages\/2135","targetHints":{"allow":["GET"]}}],"collection":[{"href":"https:\/\/rula.disabilityrightsca.org\/vi\/wp-json\/wp\/v2\/pages"}],"about":[{"href":"https:\/\/rula.disabilityrightsca.org\/vi\/wp-json\/wp\/v2\/types\/page"}],"author":[{"embeddable":true,"href":"https:\/\/rula.disabilityrightsca.org\/vi\/wp-json\/wp\/v2\/users\/1"}],"replies":[{"embeddable":true,"href":"https:\/\/rula.disabilityrightsca.org\/vi\/wp-json\/wp\/v2\/comments?post=2135"}],"version-history":[{"count":8,"href":"https:\/\/rula.disabilityrightsca.org\/vi\/wp-json\/wp\/v2\/pages\/2135\/revisions"}],"predecessor-version":[{"id":3921,"href":"https:\/\/rula.disabilityrightsca.org\/vi\/wp-json\/wp\/v2\/pages\/2135\/revisions\/3921"}],"up":[{"embeddable":true,"href":"https:\/\/rula.disabilityrightsca.org\/vi\/wp-json\/wp\/v2\/pages\/2072"}],"wp:attachment":[{"href":"https:\/\/rula.disabilityrightsca.org\/vi\/wp-json\/wp\/v2\/media?parent=2135"}],"curies":[{"name":"wp","href":"https:\/\/api.w.org\/{rel}","templated":true}]}}