{"id":2133,"date":"2021-09-28T22:53:06","date_gmt":"2021-09-28T22:53:06","guid":{"rendered":"http:\/\/www.rula.disabilityrightsca.org\/vi\/?page_id=2133"},"modified":"2023-06-23T16:42:49","modified_gmt":"2023-06-23T16:42:49","slug":"10-27-how-can-i-cancel-the-hearing","status":"publish","type":"page","link":"https:\/\/rula.disabilityrightsca.org\/vi\/rula-book\/chapter-10-appeals-and-complaints-disagreements-with-regional-centers-developmental-centers-or-service-providers\/10-27-how-can-i-cancel-the-hearing\/","title":{"rendered":"(10.27) T\u00f4i tham gia phi\u00ean \u0111i\u1ec1u tr\u1ea7n \u1edf \u0111\u00e2u?"},"content":{"rendered":"\n<p>Phi\u00ean \u0111i\u1ec1u tr\u1ea7n ph\u1ea3i \u0111\u01b0\u1ee3c t\u1ed5 ch\u1ee9c v\u00e0o th\u1eddi gian v\u00e0 \u0111\u1ecba \u0111i\u1ec3m thu\u1eadn ti\u1ec7n cho qu\u00fd v\u1ecb. Qu\u00fd v\u1ecb v\u00e0 trung t\u00e2m khu v\u1ef1c ph\u1ea3i nh\u1ea5t tr\u00ed v\u1ec1 \u0111\u1ecba \u0111i\u1ec3m di\u1ec5n ra phi\u00ean \u0111i\u1ec1u tr\u1ea7n c\u00f4ng b\u1eb1ng.<span class=\"footnote_referrer\"><a role=\"button\" tabindex=\"0\" onclick=\"footnote_moveToReference_2133_1('footnote_plugin_reference_2133_1_1');\" onkeypress=\"footnote_moveToReference_2133_1('footnote_plugin_reference_2133_1_1');\" ><sup id=\"footnote_plugin_tooltip_2133_1_1\" class=\"footnote_plugin_tooltip_text\">[1]<\/sup><\/a><span id=\"footnote_plugin_tooltip_text_2133_1_1\" class=\"footnote_tooltip\">\u00a7 4712(e).<\/span><\/span><script type=\"text\/javascript\"> jQuery('#footnote_plugin_tooltip_2133_1_1').tooltip({ tip: '#footnote_plugin_tooltip_text_2133_1_1', tipClass: 'footnote_tooltip', effect: 'fade', predelay: 0, fadeInSpeed: 200, delay: 400, fadeOutSpeed: 200, position: 'top center', relative: true, offset: [-7, 0], });<\/script> H\u1ea7u h\u1ebft c\u00e1c phi\u00ean \u0111i\u1ec1u tr\u1ea7n di\u1ec5n ra t\u1ea1i trung t\u00e2m khu v\u1ef1c. Qu\u00fd v\u1ecb c\u00f3 th\u1ec3 y\u00eau c\u1ea7u c\u00f3 phi\u00ean \u0111i\u1ec1u tr\u1ea7n t\u1ea1i V\u0103n Ph\u00f2ng \u0110i\u1ec1u Tr\u1ea7n H\u00e0nh Ch\u00ednh<span class=\"footnote_referrer\"><a role=\"button\" tabindex=\"0\" onclick=\"footnote_moveToReference_2133_1('footnote_plugin_reference_2133_1_2');\" onkeypress=\"footnote_moveToReference_2133_1('footnote_plugin_reference_2133_1_2');\" ><sup id=\"footnote_plugin_tooltip_2133_1_2\" class=\"footnote_plugin_tooltip_text\">[2]<\/sup><\/a><span id=\"footnote_plugin_tooltip_text_2133_1_2\" class=\"footnote_tooltip\">OAH c\u00f3 v\u0103n ph\u00f2ng \u1edf Sacramento, Oakland, trung t\u00e2m th\u00e0nh ph\u1ed1 Los Angeles v\u00e0 San Diego. OAH c\u0169ng c\u00f3 v\u0103n ph\u00f2ng gi\u00e1o d\u1ee5c \u0111\u1eb7c bi\u1ec7t \u1edf Van Nuys v\u00e0 Irvine. M\u1ed9t s\u1ed1 ng\u01b0\u1eddi tham&nbsp;&#x2026; <span class=\"footnote_tooltip_continue\"  onclick=\"footnote_moveToReference_2133_1('footnote_plugin_reference_2133_1_2');\">Continue reading<\/span><\/span><\/span><script type=\"text\/javascript\"> jQuery('#footnote_plugin_tooltip_2133_1_2').tooltip({ tip: '#footnote_plugin_tooltip_text_2133_1_2', tipClass: 'footnote_tooltip', effect: 'fade', predelay: 0, fadeInSpeed: 200, delay: 400, fadeOutSpeed: 200, position: 'top center', relative: true, offset: [-7, 0], });<\/script> ho\u1eb7c n\u01a1i kh\u00e1c.<span class=\"footnote_referrer\"><a role=\"button\" tabindex=\"0\" onclick=\"footnote_moveToReference_2133_1('footnote_plugin_reference_2133_1_3');\" onkeypress=\"footnote_moveToReference_2133_1('footnote_plugin_reference_2133_1_3');\" ><sup id=\"footnote_plugin_tooltip_2133_1_3\" class=\"footnote_plugin_tooltip_text\">[3]<\/sup><\/a><span id=\"footnote_plugin_tooltip_text_2133_1_3\" class=\"footnote_tooltip\">N\u1ebfu qu\u00fd v\u1ecb c\u1ea7n b\u00e1c s\u0129 l\u00e0m ch\u1ee9ng cho t\u1ea1i phi\u00ean \u0111i\u1ec1u tr\u1ea7n nh\u01b0ng kh\u00f4ng \u0111\u1ee7 kh\u1ea3 n\u0103ng chi tr\u1ea3 cho h\u1ecd, ho\u1eb7c b\u00e1c s\u0129 c\u1ee7a qu\u00fd v\u1ecb kh\u00f4ng th\u1ec3 r\u1eddi b\u1ec7nh nh\u00e2n c\u1ee7a&nbsp;&#x2026; <span class=\"footnote_tooltip_continue\"  onclick=\"footnote_moveToReference_2133_1('footnote_plugin_reference_2133_1_3');\">Continue reading<\/span><\/span><\/span><script type=\"text\/javascript\"> jQuery('#footnote_plugin_tooltip_2133_1_3').tooltip({ tip: '#footnote_plugin_tooltip_text_2133_1_3', tipClass: 'footnote_tooltip', effect: 'fade', predelay: 0, fadeInSpeed: 200, delay: 400, fadeOutSpeed: 200, position: 'top center', relative: true, offset: [-7, 0], });<\/script><\/p>\n<div class=\"speaker-mute footnotes_reference_container\"> <div class=\"footnote_container_prepare\"><p><span role=\"button\" tabindex=\"0\" class=\"footnote_reference_container_label pointer\" onclick=\"footnote_expand_collapse_reference_container_2133_1();\">&#x202F;<\/span><span role=\"button\" tabindex=\"0\" class=\"footnote_reference_container_collapse_button\" style=\"display: none;\" onclick=\"footnote_expand_collapse_reference_container_2133_1();\">[<a id=\"footnote_reference_container_collapse_button_2133_1\">+<\/a>]<\/span><\/p><\/div> <div id=\"footnote_references_container_2133_1\" style=\"\"><table class=\"footnotes_table footnote-reference-container\"><caption class=\"accessibility\">References<\/caption> <tbody> \r\n\r\n<tr class=\"footnotes_plugin_reference_row\"> <th scope=\"row\" class=\"footnote_plugin_index_combi pointer\"  onclick=\"footnote_moveToAnchor_2133_1('footnote_plugin_tooltip_2133_1_1');\"><a id=\"footnote_plugin_reference_2133_1_1\" class=\"footnote_backlink\"><span class=\"footnote_index_arrow\">&#8593;<\/span>1<\/a><\/th> <td class=\"footnote_plugin_text\">\u00a7 4712(e).<\/td><\/tr>\r\n\r\n<tr class=\"footnotes_plugin_reference_row\"> <th scope=\"row\" class=\"footnote_plugin_index_combi pointer\"  onclick=\"footnote_moveToAnchor_2133_1('footnote_plugin_tooltip_2133_1_2');\"><a id=\"footnote_plugin_reference_2133_1_2\" class=\"footnote_backlink\"><span class=\"footnote_index_arrow\">&#8593;<\/span>2<\/a><\/th> <td class=\"footnote_plugin_text\">OAH c\u00f3 v\u0103n ph\u00f2ng \u1edf Sacramento, Oakland, trung t\u00e2m th\u00e0nh ph\u1ed1 Los Angeles v\u00e0 San Diego. OAH c\u0169ng c\u00f3 v\u0103n ph\u00f2ng gi\u00e1o d\u1ee5c \u0111\u1eb7c bi\u1ec7t \u1edf Van Nuys v\u00e0 Irvine. M\u1ed9t s\u1ed1 ng\u01b0\u1eddi tham gia kh\u00e1ng c\u00e1o cho bi\u1ebft vi\u1ec7c s\u1eed d\u1ee5ng v\u0103n ph\u00f2ng OAH mang l\u1ea1i c\u1ea3m gi\u00e1c \u201ctrung l\u1eadp\u201d h\u01a1n l\u00e0 s\u1eed d\u1ee5ng v\u0103n ph\u00f2ng c\u1ee7a trung t\u00e2m khu v\u1ef1c.<\/td><\/tr>\r\n\r\n<tr class=\"footnotes_plugin_reference_row\"> <th scope=\"row\" class=\"footnote_plugin_index_combi pointer\"  onclick=\"footnote_moveToAnchor_2133_1('footnote_plugin_tooltip_2133_1_3');\"><a id=\"footnote_plugin_reference_2133_1_3\" class=\"footnote_backlink\"><span class=\"footnote_index_arrow\">&#8593;<\/span>3<\/a><\/th> <td class=\"footnote_plugin_text\">N\u1ebfu qu\u00fd v\u1ecb c\u1ea7n b\u00e1c s\u0129 l\u00e0m ch\u1ee9ng cho t\u1ea1i phi\u00ean \u0111i\u1ec1u tr\u1ea7n nh\u01b0ng kh\u00f4ng \u0111\u1ee7 kh\u1ea3 n\u0103ng chi tr\u1ea3 cho h\u1ecd, ho\u1eb7c b\u00e1c s\u0129 c\u1ee7a qu\u00fd v\u1ecb kh\u00f4ng th\u1ec3 r\u1eddi b\u1ec7nh nh\u00e2n c\u1ee7a h\u1ecd, h\u00e3y c\u00e2n nh\u1eafc l\u00ean l\u1ecbch phi\u00ean \u0111i\u1ec1u tr\u1ea7n t\u1ea1i \u0111\u1ecba \u0111i\u1ec3m c\u1ee7a b\u00e1c s\u0129 \u2013 t\u1ea5t nhi\u00ean l\u00e0 c\u00f3 s\u1ef1 \u0111\u1ed3ng \u00fd c\u1ee7a b\u00e1c s\u0129 \u0111\u00f3 \u2013 \u0111\u1ec3 b\u00e1c s\u0129 c\u1ee7a qu\u00fd v\u1ecb c\u00f3 th\u1ec3 tranh th\u1ee7 l\u00e0m ch\u1ee9ng gi\u1eefa th\u1eddi gian th\u0103m kh\u00e1m b\u1ec7nh nh\u00e2n.<\/td><\/tr>\r\n\r\n <\/tbody> <\/table> <\/div><\/div><script type=\"text\/javascript\"> function footnote_expand_reference_container_2133_1() { jQuery('#footnote_references_container_2133_1').show(); jQuery('#footnote_reference_container_collapse_button_2133_1').text('\u2212'); } function footnote_collapse_reference_container_2133_1() { jQuery('#footnote_references_container_2133_1').hide(); jQuery('#footnote_reference_container_collapse_button_2133_1').text('+'); } function footnote_expand_collapse_reference_container_2133_1() { if (jQuery('#footnote_references_container_2133_1').is(':hidden')) { footnote_expand_reference_container_2133_1(); } else { footnote_collapse_reference_container_2133_1(); } } function footnote_moveToReference_2133_1(p_str_TargetID) { footnote_expand_reference_container_2133_1(); var l_obj_Target = jQuery('#' + p_str_TargetID); if (l_obj_Target.length) { jQuery( 'html, body' ).delay( 0 ); jQuery('html, body').animate({ scrollTop: l_obj_Target.offset().top - window.innerHeight * 0.2 }, 380); } } function footnote_moveToAnchor_2133_1(p_str_TargetID) { footnote_expand_reference_container_2133_1(); var l_obj_Target = jQuery('#' + p_str_TargetID); if (l_obj_Target.length) { jQuery( 'html, body' ).delay( 0 ); jQuery('html, body').animate({ scrollTop: l_obj_Target.offset().top - window.innerHeight * 0.2 }, 380); } }<\/script>","protected":false},"excerpt":{"rendered":"<p>Phi\u00ean \u0111i\u1ec1u tr\u1ea7n ph\u1ea3i \u0111\u01b0\u1ee3c t\u1ed5 ch\u1ee9c v\u00e0o th\u1eddi gian v\u00e0 \u0111\u1ecba \u0111i\u1ec3m thu\u1eadn ti\u1ec7n cho qu\u00fd v\u1ecb. Qu\u00fd v\u1ecb v\u00e0 trung t\u00e2m khu v\u1ef1c&hellip;<\/p>\n","protected":false},"author":1,"featured_media":0,"parent":2072,"menu_order":27,"comment_status":"closed","ping_status":"closed","template":"","meta":{"footnotes":""},"class_list":["post-2133","page","type-page","status-publish","hentry"],"_links":{"self":[{"href":"https:\/\/rula.disabilityrightsca.org\/vi\/wp-json\/wp\/v2\/pages\/2133","targetHints":{"allow":["GET"]}}],"collection":[{"href":"https:\/\/rula.disabilityrightsca.org\/vi\/wp-json\/wp\/v2\/pages"}],"about":[{"href":"https:\/\/rula.disabilityrightsca.org\/vi\/wp-json\/wp\/v2\/types\/page"}],"author":[{"embeddable":true,"href":"https:\/\/rula.disabilityrightsca.org\/vi\/wp-json\/wp\/v2\/users\/1"}],"replies":[{"embeddable":true,"href":"https:\/\/rula.disabilityrightsca.org\/vi\/wp-json\/wp\/v2\/comments?post=2133"}],"version-history":[{"count":4,"href":"https:\/\/rula.disabilityrightsca.org\/vi\/wp-json\/wp\/v2\/pages\/2133\/revisions"}],"predecessor-version":[{"id":3568,"href":"https:\/\/rula.disabilityrightsca.org\/vi\/wp-json\/wp\/v2\/pages\/2133\/revisions\/3568"}],"up":[{"embeddable":true,"href":"https:\/\/rula.disabilityrightsca.org\/vi\/wp-json\/wp\/v2\/pages\/2072"}],"wp:attachment":[{"href":"https:\/\/rula.disabilityrightsca.org\/vi\/wp-json\/wp\/v2\/media?parent=2133"}],"curies":[{"name":"wp","href":"https:\/\/api.w.org\/{rel}","templated":true}]}}