{"id":2131,"date":"2021-09-28T22:52:10","date_gmt":"2021-09-28T22:52:10","guid":{"rendered":"http:\/\/www.rula.disabilityrightsca.org\/vi\/?page_id=2131"},"modified":"2023-06-23T16:42:19","modified_gmt":"2023-06-23T16:42:19","slug":"10-26-what-if-i-need-to-postpone-continue-my-hearing","status":"publish","type":"page","link":"https:\/\/rula.disabilityrightsca.org\/vi\/rula-book\/chapter-10-appeals-and-complaints-disagreements-with-regional-centers-developmental-centers-or-service-providers\/10-26-what-if-i-need-to-postpone-continue-my-hearing\/","title":{"rendered":"(10.26) N\u1ebfu t\u00f4i quy\u1ebft \u0111\u1ecbnh c\u00f3 phi\u00ean \u0111i\u1ec1u tr\u1ea7n th\u00ec sao?"},"content":{"rendered":"\n<p>B\u01b0\u1edbc cu\u1ed1i c\u00f9ng trong quy tr\u00ecnh kh\u00e1ng c\u00e1o l\u00e0 phi\u00ean \u0111i\u1ec1u tr\u1ea7n c\u00f4ng b\u1eb1ng. Phi\u00ean \u0111i\u1ec1u tr\u1ea7n di\u1ec5n ra trong v\u00f2ng 50 ng\u00e0y k\u1ec3 t\u1eeb ng\u00e0y qu\u00fd v\u1ecb y\u00eau c\u1ea7u phi\u00ean \u0111i\u1ec1u tr\u1ea7n c\u00f4ng b\u1eb1ng tr\u1eeb khi qu\u00fd v\u1ecb ho\u1eb7c trung t\u00e2m khu v\u1ef1c y\u00eau c\u1ea7u ho\u00e3n l\u1ea1i (tr\u00ec ho\u00e3n) v\u00ec l\u00fd do ch\u00ednh \u0111\u00e1ng. N\u1ebfu qu\u00fd v\u1ecb th\u1eed tham gia bu\u1ed5i h\u00f2a gi\u1ea3i, phi\u00ean \u0111i\u1ec1u tr\u1ea7n c\u1ee7a qu\u00fd v\u1ecb c\u00f3 th\u1ec3 di\u1ec5n ra sau. Qu\u00fd v\u1ecb v\u00e0 trung t\u00e2m khu v\u1ef1c ph\u1ea3i g\u1eedi cho nhau nh\u1eefng b\u1eb1ng ch\u1ee9ng v\u00e0 danh s\u00e1ch nh\u00e2n ch\u1ee9ng trong 5 ng\u00e0y theo l\u1ecbch tr\u01b0\u1edbc phi\u00ean \u0111i\u1ec1u tr\u1ea7n c\u00f4ng b\u1eb1ng. Phi\u00ean \u0111i\u1ec1u tr\u1ea7n c\u00f4ng b\u1eb1ng ph\u1ea3i \u0111\u01b0\u1ee3c t\u1ed5 ch\u1ee9c v\u1edbi s\u1ef1 tham gia c\u1ee7a Th\u1ea9m Ph\u00e1n Lu\u1eadt H\u00e0nh Ch\u00ednh (chuy\u00ean vi\u00ean \u0111\u1eb7c tr\u00e1ch \u0111i\u1ec1u tr\u1ea7n) \u0111\u1ebfn t\u1eeb V\u0103n Ph\u00f2ng \u0110i\u1ec1u Tr\u1ea7n H\u00e0nh Ch\u00ednh (OAH). T\u1ea1i phi\u00ean \u0111i\u1ec1u tr\u1ea7n c\u00f4ng b\u1eb1ng, trung t\u00e2m khu v\u1ef1c ph\u1ea3i tr\u00ecnh b\u00e0y v\u1ee5 vi\u1ec7c c\u1ee7a h\u1ecd tr\u01b0\u1edbc. Chuy\u00ean vi\u00ean \u0111\u1eb7c tr\u00e1ch \u0111i\u1ec1u tr\u1ea7n s\u1ebd \u0111\u01b0a ra v\u0103n b\u1ea3n quy\u1ebft \u0111\u1ecbnh kho\u1ea3ng 10 ng\u00e0y sau phi\u00ean \u0111i\u1ec1u tr\u1ea7n c\u00f4ng b\u1eb1ng.<\/p>\n","protected":false},"excerpt":{"rendered":"<p>B\u01b0\u1edbc cu\u1ed1i c\u00f9ng trong quy tr\u00ecnh kh\u00e1ng c\u00e1o l\u00e0 phi\u00ean \u0111i\u1ec1u tr\u1ea7n c\u00f4ng b\u1eb1ng. Phi\u00ean \u0111i\u1ec1u tr\u1ea7n di\u1ec5n ra trong v\u00f2ng 50 ng\u00e0y k\u1ec3 t\u1eeb&hellip;<\/p>\n","protected":false},"author":1,"featured_media":0,"parent":2072,"menu_order":26,"comment_status":"closed","ping_status":"closed","template":"","meta":{"footnotes":""},"class_list":["post-2131","page","type-page","status-publish","hentry"],"_links":{"self":[{"href":"https:\/\/rula.disabilityrightsca.org\/vi\/wp-json\/wp\/v2\/pages\/2131","targetHints":{"allow":["GET"]}}],"collection":[{"href":"https:\/\/rula.disabilityrightsca.org\/vi\/wp-json\/wp\/v2\/pages"}],"about":[{"href":"https:\/\/rula.disabilityrightsca.org\/vi\/wp-json\/wp\/v2\/types\/page"}],"author":[{"embeddable":true,"href":"https:\/\/rula.disabilityrightsca.org\/vi\/wp-json\/wp\/v2\/users\/1"}],"replies":[{"embeddable":true,"href":"https:\/\/rula.disabilityrightsca.org\/vi\/wp-json\/wp\/v2\/comments?post=2131"}],"version-history":[{"count":4,"href":"https:\/\/rula.disabilityrightsca.org\/vi\/wp-json\/wp\/v2\/pages\/2131\/revisions"}],"predecessor-version":[{"id":3567,"href":"https:\/\/rula.disabilityrightsca.org\/vi\/wp-json\/wp\/v2\/pages\/2131\/revisions\/3567"}],"up":[{"embeddable":true,"href":"https:\/\/rula.disabilityrightsca.org\/vi\/wp-json\/wp\/v2\/pages\/2072"}],"wp:attachment":[{"href":"https:\/\/rula.disabilityrightsca.org\/vi\/wp-json\/wp\/v2\/media?parent=2131"}],"curies":[{"name":"wp","href":"https:\/\/api.w.org\/{rel}","templated":true}]}}