{"id":2129,"date":"2021-09-28T22:48:12","date_gmt":"2021-09-28T22:48:12","guid":{"rendered":"http:\/\/www.rula.disabilityrightsca.org\/vi\/?page_id=2129"},"modified":"2023-11-30T20:06:21","modified_gmt":"2023-11-30T20:06:21","slug":"10-25-what-are-motions","status":"publish","type":"page","link":"https:\/\/rula.disabilityrightsca.org\/vi\/rula-book\/chapter-10-appeals-and-complaints-disagreements-with-regional-centers-developmental-centers-or-service-providers\/10-25-what-are-motions\/","title":{"rendered":"(10.25) T\u00f4i c\u00f3 th\u1ec3 h\u1ee7y phi\u00ean \u0111i\u1ec1u tr\u1ea7n b\u1eb1ng c\u00e1ch n\u00e0o?"},"content":{"rendered":"\n<p>N\u1ebfu y\u00eau c\u1ea7u ho\u00e3n l\u1ea1i\/tr\u00ec ho\u00e3n phi\u00ean \u0111i\u1ec1u tr\u1ea7n c\u1ee7a qu\u00fd v\u1ecb b\u1ecb t\u1eeb ch\u1ed1i, ho\u1eb7c qu\u00fd v\u1ecb ch\u01b0a chu\u1ea9n b\u1ecb \u0111\u1ee7, qu\u00fd v\u1ecb c\u00f3 th\u1ec3 y\u00eau c\u1ea7u r\u00fat kh\u1ecfi phi\u00ean \u0111i\u1ec1u tr\u1ea7n \u201cm\u00e0 kh\u00f4ng b\u1ecb ph\u01b0\u01a1ng h\u1ea1i\u201d. \u0110i\u1ec1u n\u00e0y c\u00f3 ngh\u0129a vi\u1ec7c qu\u00fd v\u1ecb r\u00fat kh\u1ecfi phi\u00ean \u0111i\u1ec1u tr\u1ea7n c\u00f4ng b\u1eb1ng s\u1ebd kh\u00f4ng \u1ea3nh h\u01b0\u1edfng \u0111\u1ebfn quy\u1ec1n kh\u00e1ng c\u00e1o v\u1ea5n \u0111\u1ec1 n\u00e0y v\u1ec1 sau. Vi\u1ec7c r\u00fat kh\u1ecfi phi\u00ean \u0111i\u1ec1u tr\u1ea7n m\u00e0 kh\u00f4ng b\u1ecb ph\u01b0\u01a1ng h\u1ea1i th\u00ec t\u1ed1t h\u01a1n l\u00e0 tham gia phi\u00ean \u0111i\u1ec1u tr\u1ea7n m\u00e0 ch\u01b0a chu\u1ea9n b\u1ecb. OAH quy \u0111\u1ecbnh qu\u00fd v\u1ecb ph\u1ea3i \u0111i\u1ec1n m\u1eabu \u0111\u01a1n Th\u00f4ng B\u00e1o Gi\u1ea3i Quy\u1ebft. D\u01b0\u1edbi \u0111\u00e2y l\u00e0 li\u00ean k\u1ebft d\u1eabn \u0111\u1ebfn m\u1eabu \u0111\u01a1n: <a href=\"https:\/\/www.dds.ca.gov\/wp-content\/uploads\/2019\/05\/DS1804.pdf\">https:\/\/www.dds.ca.gov\/wp-content\/uploads\/2019\/05\/DS1804.pdf<\/a><\/p>\n","protected":false},"excerpt":{"rendered":"<p>N\u1ebfu y\u00eau c\u1ea7u ho\u00e3n l\u1ea1i\/tr\u00ec ho\u00e3n phi\u00ean \u0111i\u1ec1u tr\u1ea7n c\u1ee7a qu\u00fd v\u1ecb b\u1ecb t\u1eeb ch\u1ed1i, ho\u1eb7c qu\u00fd v\u1ecb ch\u01b0a chu\u1ea9n b\u1ecb \u0111\u1ee7, qu\u00fd v\u1ecb c\u00f3&hellip;<\/p>\n","protected":false},"author":1,"featured_media":0,"parent":2072,"menu_order":25,"comment_status":"closed","ping_status":"closed","template":"","meta":{"footnotes":""},"class_list":["post-2129","page","type-page","status-publish","hentry"],"_links":{"self":[{"href":"https:\/\/rula.disabilityrightsca.org\/vi\/wp-json\/wp\/v2\/pages\/2129","targetHints":{"allow":["GET"]}}],"collection":[{"href":"https:\/\/rula.disabilityrightsca.org\/vi\/wp-json\/wp\/v2\/pages"}],"about":[{"href":"https:\/\/rula.disabilityrightsca.org\/vi\/wp-json\/wp\/v2\/types\/page"}],"author":[{"embeddable":true,"href":"https:\/\/rula.disabilityrightsca.org\/vi\/wp-json\/wp\/v2\/users\/1"}],"replies":[{"embeddable":true,"href":"https:\/\/rula.disabilityrightsca.org\/vi\/wp-json\/wp\/v2\/comments?post=2129"}],"version-history":[{"count":5,"href":"https:\/\/rula.disabilityrightsca.org\/vi\/wp-json\/wp\/v2\/pages\/2129\/revisions"}],"predecessor-version":[{"id":3813,"href":"https:\/\/rula.disabilityrightsca.org\/vi\/wp-json\/wp\/v2\/pages\/2129\/revisions\/3813"}],"up":[{"embeddable":true,"href":"https:\/\/rula.disabilityrightsca.org\/vi\/wp-json\/wp\/v2\/pages\/2072"}],"wp:attachment":[{"href":"https:\/\/rula.disabilityrightsca.org\/vi\/wp-json\/wp\/v2\/media?parent=2129"}],"curies":[{"name":"wp","href":"https:\/\/api.w.org\/{rel}","templated":true}]}}