{"id":2127,"date":"2021-09-28T22:47:07","date_gmt":"2021-09-28T22:47:07","guid":{"rendered":"http:\/\/www.rula.disabilityrightsca.org\/vi\/?page_id=2127"},"modified":"2025-03-18T19:31:16","modified_gmt":"2025-03-18T19:31:16","slug":"10-24-what-is-mediation","status":"publish","type":"page","link":"https:\/\/rula.disabilityrightsca.org\/vi\/rula-book\/chapter-10-appeals-and-complaints-disagreements-with-regional-centers-developmental-centers-or-service-providers\/10-24-what-is-mediation\/","title":{"rendered":"(10.24) N\u1ebfu t\u00f4i c\u1ea7n ho\u00e3n (\u0111\u00ecnh l\u1ea1i) phi\u00ean \u0111i\u1ec1u tr\u1ea7n c\u1ee7a m\u00ecnh th\u00ec sao?"},"content":{"rendered":"\n<p>Qu\u00fd v\u1ecb ho\u1eb7c trung t\u00e2m khu v\u1ef1c c\u00f3 th\u1ec3 y\u00eau c\u1ea7u V\u0103n Ph\u00f2ng \u0110i\u1ec1u Tr\u1ea7n H\u00e0nh Ch\u00ednh (OAH) ho\u00e3n phi\u00ean \u0111i\u1ec1u tr\u1ea7n. \u0110\u00e2y \u0111\u01b0\u1ee3c g\u1ecdi l\u00e0 y\u00eau c\u1ea7u \u201cho\u00e3n\u201d.<span class=\"footnote_referrer\"><a role=\"button\" tabindex=\"0\" onclick=\"footnote_moveToReference_2127_1('footnote_plugin_reference_2127_1_1');\" onkeypress=\"footnote_moveToReference_2127_1('footnote_plugin_reference_2127_1_1');\" ><sup id=\"footnote_plugin_tooltip_2127_1_1\" class=\"footnote_plugin_tooltip_text\">[1]<\/sup><\/a><span id=\"footnote_plugin_tooltip_text_2127_1_1\" class=\"footnote_tooltip\">\u00a7 4712(a).<\/span><\/span><script type=\"text\/javascript\"> jQuery('#footnote_plugin_tooltip_2127_1_1').tooltip({ tip: '#footnote_plugin_tooltip_text_2127_1_1', tipClass: 'footnote_tooltip', effect: 'fade', predelay: 0, fadeInSpeed: 200, delay: 400, fadeOutSpeed: 200, position: 'top center', relative: true, offset: [-7, 0], });<\/script> Y\u00eau c\u1ea7u ho\u00e3n \u0111\u1ea7u ti\u00ean c\u1ee7a qu\u00fd v\u1ecb s\u1ebd t\u1ef1 \u0111\u1ed9ng \u0111\u01b0\u1ee3c ch\u1ea5p thu\u1eadn. M\u1ecdi y\u00eau c\u1ea7u b\u1ed5 sung s\u1ebd kh\u00f4ng t\u1ef1 \u0111\u1ed9ng \u0111\u01b0\u1ee3c ch\u1ea5p thu\u1eadn. Qu\u00fd v\u1ecb ph\u1ea3i c\u00f3 \u201cl\u00fd do ch\u00ednh \u0111\u00e1ng\u201d \u0111\u1ec3 OAH \u0111\u1ed3ng \u00fd y\u00eau c\u1ea7u n\u00e0y. \u201cL\u00fd do ch\u00ednh \u0111\u00e1ng\u201d&nbsp;ngh\u0129a l\u00e0 m\u1ed9t l\u00fd do h\u1ee3p l\u00fd.<\/p>\n\n\n\n<p>Qu\u00fd v\u1ecb c\u00f3 th\u1ec3 y\u00eau c\u1ea7u ho\u00e3n phi\u00ean \u0111i\u1ec1u tr\u1ea7n n\u1ebfu:<\/p>\n\n\n\n<ul class=\"wp-block-list\">\n<li>M\u1ed9t ng\u01b0\u1eddi th\u00e2n c\u1eadn (nh\u01b0 v\u1ee3\/ch\u1ed3ng, cha\/m\u1eb9, con c\u00e1i, v.v.) qua \u0111\u1eddi. Ho\u1eb7c n\u1ebfu ng\u01b0\u1eddi \u0111\u1ea1i di\u1ec7n \u0111\u01b0\u1ee3c \u1ee7y quy\u1ec1n, ng\u01b0\u1eddi gi\u00e1m h\u1ed9 h\u1ee3p ph\u00e1p ho\u1eb7c ng\u01b0\u1eddi b\u1ea3o h\u1ed9 c\u1ee7a qu\u00fd v\u1ecb qua \u0111\u1eddi.<span class=\"footnote_referrer\"><a role=\"button\" tabindex=\"0\" onclick=\"footnote_moveToReference_2127_1('footnote_plugin_reference_2127_1_2');\" onkeypress=\"footnote_moveToReference_2127_1('footnote_plugin_reference_2127_1_2');\" ><sup id=\"footnote_plugin_tooltip_2127_1_2\" class=\"footnote_plugin_tooltip_text\">[2]<\/sup><\/a><span id=\"footnote_plugin_tooltip_text_2127_1_2\" class=\"footnote_tooltip\">\u00a7 4712(a)(2)(A).<\/span><\/span><script type=\"text\/javascript\"> jQuery('#footnote_plugin_tooltip_2127_1_2').tooltip({ tip: '#footnote_plugin_tooltip_text_2127_1_2', tipClass: 'footnote_tooltip', effect: 'fade', predelay: 0, fadeInSpeed: 200, delay: 400, fadeOutSpeed: 200, position: 'top center', relative: true, offset: [-7, 0], });<\/script><\/li>\n\n\n\n<li>Qu\u00fd v\u1ecb b\u1ecb b\u1ec7nh ho\u1eb7c b\u1ecb th\u01b0\u01a1ng t\u00edch\u00a0ho\u1eb7c ng\u01b0\u1eddi \u0111\u1ea1i di\u1ec7n \u0111\u01b0\u1ee3c \u1ee7y quy\u1ec1n c\u1ee7a qu\u00fd v\u1ecb b\u1ecb b\u1ec7nh ho\u1eb7c b\u1ecb th\u01b0\u01a1ng t\u00edch.<span class=\"footnote_referrer\"><a role=\"button\" tabindex=\"0\" onclick=\"footnote_moveToReference_2127_1('footnote_plugin_reference_2127_1_3');\" onkeypress=\"footnote_moveToReference_2127_1('footnote_plugin_reference_2127_1_3');\" ><sup id=\"footnote_plugin_tooltip_2127_1_3\" class=\"footnote_plugin_tooltip_text\">[3]<\/sup><\/a><span id=\"footnote_plugin_tooltip_text_2127_1_3\" class=\"footnote_tooltip\">\u00a7 4712(a)(2)(B).<\/span><\/span><script type=\"text\/javascript\"> jQuery('#footnote_plugin_tooltip_2127_1_3').tooltip({ tip: '#footnote_plugin_tooltip_text_2127_1_3', tipClass: 'footnote_tooltip', effect: 'fade', predelay: 0, fadeInSpeed: 200, delay: 400, fadeOutSpeed: 200, position: 'top center', relative: true, offset: [-7, 0], });<\/script><\/li>\n\n\n\n<li>C\u00f3 tr\u01b0\u1eddng h\u1ee3p kh\u1ea9n c\u1ea5p. V\u00ed d\u1ee5: n\u1ebfu ng\u01b0\u1eddi \u0111\u1ea1i di\u1ec7n c\u1ee7a qu\u00fd v\u1ecb ph\u1ea3i ra t\u00f2a ho\u1eb7c b\u1ecb tr\u00f9ng l\u1ecbch ngo\u00e0i t\u1ea7m ki\u1ec3m so\u00e1t c\u1ee7a h\u1ecd.<span class=\"footnote_referrer\"><a role=\"button\" tabindex=\"0\" onclick=\"footnote_moveToReference_2127_1('footnote_plugin_reference_2127_1_4');\" onkeypress=\"footnote_moveToReference_2127_1('footnote_plugin_reference_2127_1_4');\" ><sup id=\"footnote_plugin_tooltip_2127_1_4\" class=\"footnote_plugin_tooltip_text\">[4]<\/sup><\/a><span id=\"footnote_plugin_tooltip_text_2127_1_4\" class=\"footnote_tooltip\">\u00a7 4712(a) (2)(C).<\/span><\/span><script type=\"text\/javascript\"> jQuery('#footnote_plugin_tooltip_2127_1_4').tooltip({ tip: '#footnote_plugin_tooltip_text_2127_1_4', tipClass: 'footnote_tooltip', effect: 'fade', predelay: 0, fadeInSpeed: 200, delay: 400, fadeOutSpeed: 200, position: 'top center', relative: true, offset: [-7, 0], });<\/script><\/li>\n\n\n\n<li>B\u1eb1ng ch\u1ee9ng ho\u1eb7c nh\u00e2n ch\u1ee9ng c\u1ee7a qu\u00fd v\u1ecb kh\u00f4ng c\u00f3 s\u1eb5n v\u00e0 vi\u1ec7c kh\u00f4ng c\u00f3 nh\u00e2n ch\u1ee9ng ho\u1eb7c b\u1eb1ng ch\u1ee9ng s\u1ebd \u1ea3nh h\u01b0\u1edfng ti\u00eau c\u1ef1c (g\u00e2y t\u1ed5n h\u1ea1i) \u0111\u1ebfn v\u1ee5 vi\u1ec7c c\u1ee7a qu\u00fd v\u1ecb.<span class=\"footnote_referrer\"><a role=\"button\" tabindex=\"0\" onclick=\"footnote_moveToReference_2127_1('footnote_plugin_reference_2127_1_5');\" onkeypress=\"footnote_moveToReference_2127_1('footnote_plugin_reference_2127_1_5');\" ><sup id=\"footnote_plugin_tooltip_2127_1_5\" class=\"footnote_plugin_tooltip_text\">[5]<\/sup><\/a><span id=\"footnote_plugin_tooltip_text_2127_1_5\" class=\"footnote_tooltip\">\u00a7 4712(a) (2)(D).<\/span><\/span><script type=\"text\/javascript\"> jQuery('#footnote_plugin_tooltip_2127_1_5').tooltip({ tip: '#footnote_plugin_tooltip_text_2127_1_5', tipClass: 'footnote_tooltip', effect: 'fade', predelay: 0, fadeInSpeed: 200, delay: 400, fadeOutSpeed: 200, position: 'top center', relative: true, offset: [-7, 0], });<\/script><\/li>\n\n\n\n<li>Qu\u00fd v\u1ecb ho\u1eb7c ng\u01b0\u1eddi \u0111\u1ea1i di\u1ec7n \u0111\u01b0\u1ee3c \u1ee7y quy\u1ec1n c\u1ee7a qu\u00fd v\u1ecb y\u00eau c\u1ea7u h\u00f2a gi\u1ea3i.<\/li>\n<\/ul>\n\n\n\n<p>\u0110\u1ec3 ho\u00e3n ng\u00e0y di\u1ec5n ra phi\u00ean \u0111i\u1ec1u tr\u1ea7n, qu\u00fd v\u1ecb ph\u1ea3i n\u1ed9p \u201c\u0110\u01a1n \u0110\u1ec1 Ngh\u1ecb Ho\u00e3n Phi\u00ean \u0110i\u1ec1u Tr\u1ea7n v\u00e0 Kh\u01b0\u1edbc T\u1eeb Th\u1eddi Gian\u201d. D\u01b0\u1edbi \u0111\u00e2y l\u00e0 li\u00ean k\u1ebft \u0111\u1ebfn m\u1eabu \u0111\u01a1n \u0111\u1ec1 ngh\u1ecb:&nbsp;<a href=\"https:\/\/www.dgs.ca.gov\/OAH\/Case-Types\/General-Jurisdiction\/Forms\/Page-Content\/DDS-Forms\">https:\/\/www.dgs.ca.gov\/OAH\/Case-Types\/General-Jurisdiction\/Forms\/Page-Content\/DDS-Forms<\/a>,&nbsp;<a href=\"https:\/\/www.dgs.ca.gov\/-\/media\/Divisions\/OAH\/Forms\/GJ-Forms\/OAH24.pdf\" target=\"_blank\" rel=\"noreferrer noopener\">M\u1eabu \u0111\u01a1n Y\u00eau C\u1ea7u Ho\u00e3n v\u00e0 Kh\u01b0\u1edbc T\u1eeb Th\u1eddi Gian Theo \u0110\u1ea1o Lu\u1eadt Lanterman<\/a>&nbsp;(OAH 24),&nbsp;<a href=\"https:\/\/www.dgs.ca.gov\/-\/media\/Divisions\/OAH\/Forms\/GJ-Forms\/OAH24-ES.pdf\" target=\"_blank\" rel=\"noreferrer noopener\">M\u1eabu \u0111\u01a1n Y\u00eau C\u1ea7u Ho\u00e3n v\u00e0 Kh\u01b0\u1edbc T\u1eeb Th\u1eddi Gian Theo \u0110\u1ea1o Lu\u1eadt Lanterman (ti\u1ebfng T\u00e2y Ban Nha)<\/a>&nbsp;(OAH 24 ES),&nbsp;M\u1eabu \u0111\u01a1n n\u00e0y c\u00f3 kho\u1ea3ng tr\u1ed1ng \u0111\u1ec3 qu\u00fd v\u1ecb tr\u00ecnh b\u00e0y l\u00fd do qu\u00fd v\u1ecb c\u1ea7n ho\u00e3n phi\u00ean \u0111i\u1ec1u tr\u1ea7n. Qu\u00fd v\u1ecb c\u0169ng c\u00f3 th\u1ec3 \u0111\u00ednh k\u00e8m m\u1ecdi gi\u1ea5y t\u1edd h\u1ed7 tr\u1ee3 gi\u1ea3i th\u00edch l\u00fd do \u0111\u00f3.<\/p>\n\n\n\n<p>M\u1eabu \u0111\u01a1n n\u00e0y cho bi\u1ebft qu\u00fd v\u1ecb c\u1ea7n g\u1ecdi cho ng\u01b0\u1eddi \u0111\u1ea1i di\u1ec7n c\u1ee7a trung t\u00e2m khu v\u1ef1c v\u00e0 h\u1ecfi xem h\u1ecd c\u00f3 \u0111\u1ed3ng \u00fd ho\u00e3n phi\u00ean \u0111i\u1ec1u tr\u1ea7n hay kh\u00f4ng. Qu\u00fd v\u1ecb h\u00e3y vi\u1ebft t\u00ean v\u00e0 s\u1ed1 \u0111i\u1ec7n tho\u1ea1i c\u1ee7a ng\u01b0\u1eddi \u0111\u1ea1i di\u1ec7n c\u1ee7a trung t\u00e2m khu v\u1ef1c m\u00e0 qu\u00fd v\u1ecb \u0111\u00e3 trao \u0111\u1ed5i v\u00e0o kho\u1ea3ng tr\u1ed1ng \u0111\u00e3 cho tr\u00ean m\u1eabu \u0111\u01a1n. Sau \u0111\u00f3 cho bi\u1ebft ng\u01b0\u1eddi \u0111\u00f3 \u0111\u1ed3ng \u00fd hay ph\u1ea3n \u0111\u1ed1i vi\u1ec7c ho\u00e3n trong m\u1eabu \u0111\u01a1n.<\/p>\n\n\n\n<p>Qu\u00fd v\u1ecb ho\u1eb7c ng\u01b0\u1eddi \u0111\u1ea1i di\u1ec7n c\u1ee7a qu\u00fd v\u1ecb ph\u1ea3i k\u00fd v\u00e0o m\u1ee5c c\u00f3 ti\u00eau \u0111\u1ec1 \u201cKh\u01b0\u1edbc T\u1eeb Th\u1eddi Gian Theo Quy \u0110\u1ecbnh C\u1ee7a Lu\u1eadt D\u00e0nh Cho Phi\u00ean \u0110i\u1ec1u Tr\u1ea7n C\u00f4ng B\u1eb1ng v\u00e0 Quy\u1ebft \u0110\u1ecbnh Theo \u0110\u1ea1o Lu\u1eadt Lanterman\u201d. \u0110\u1ec3 \u0111\u01b0\u1ee3c cho ph\u00e9p ho\u00e3n, qu\u00fd v\u1ecb ph\u1ea3i \u0111\u1ed3ng \u00fd \u201ckh\u01b0\u1edbc t\u1eeb\u201d th\u1eddi h\u1ea1n c\u1ee7a phi\u00ean \u0111i\u1ec1u tr\u1ea7n. \u0110i\u1ec1u n\u00e0y c\u00f3 ngh\u0129a qu\u00fd v\u1ecb \u0111\u1ed3ng \u00fd r\u1eb1ng phi\u00ean \u0111i\u1ec1u tr\u1ea7n c\u00f4ng b\u1eb1ng s\u1ebd di\u1ec5n ra mu\u1ed9n h\u01a1n 50 ng\u00e0y sau khi OAH nh\u1eadn \u0111\u01b0\u1ee3c y\u00eau c\u1ea7u c\u1ee7a qu\u00fd v\u1ecb.<\/p>\n\n\n\n<p>G\u1eedi m\u1eabu \u0111\u01a1n \u0111\u1ec1 ngh\u1ecb ho\u00e3n \u0111\u00e3 ho\u00e0n t\u1ea5t \u0111\u1ebfn OAH. OAH kh\u00f4ng ch\u1ea5p nh\u1eadn vi\u1ec7c g\u1eedi t\u00e0i li\u1ec7u qua fax. Qu\u00fd v\u1ecb c\u00f3 th\u1ec3 g\u1eedi t\u00e0i li\u1ec7u cho OAH qua \u0111\u01b0\u1eddng b\u01b0u \u0111i\u1ec7n ho\u1eb7c g\u1ecdi \u0111i\u1ec7n cho OAH \u0111\u1ec3 h\u1ecfi c\u00e1ch g\u1eedi t\u00e0i li\u1ec7u theo ph\u01b0\u01a1ng th\u1ee9c \u0111i\u1ec7n t\u1eed. Qu\u00fd v\u1ecb c\u0169ng c\u00f3 th\u1ec3 xem c\u00e1ch g\u1eedi t\u00e0i li\u1ec7u theo ph\u01b0\u01a1ng th\u1ee9c \u0111i\u1ec7n t\u1eed t\u1ea1i trang m\u1ea1ng c\u1ee7a OAH:&nbsp;<a href=\"https:\/\/www.dgs.ca.gov\/OAH\/Services\/Page-Content\/Office-of-Administrative-Hearings-Services-List-Folder\/File-or-Upload-OAH-Case-Documents\">https:\/\/www.dgs.ca.gov\/OAH\/Services\/Page-Content\/Office-of-Administrative-Hearings-Services-List-Folder\/File-or-Upload-OAH-Case-Documents<\/a><\/p>\n\n\n\n<p>N\u1ebfu qu\u00fd v\u1ecb kh\u00f4ng c\u00f3 \u0111\u1ee7 th\u1eddi gian \u0111\u1ec3 g\u1eedi v\u0103n b\u1ea3n \u0111\u1ec1 ngh\u1ecb ho\u00e3n,&nbsp;<a href=\"https:\/\/www.dgs.ca.gov\/OAH\/Case-Types\/General-Jurisdiction\/Contact\">h\u00e3y li\u00ean l\u1ea1c v\u1edbi v\u0103n ph\u00f2ng OAH \u0111\u1ecba ph\u01b0\u01a1ng<\/a>v\u00e0 y\u00eau c\u1ea7u ho\u00e3n phi\u00ean \u0111i\u1ec1u tr\u1ea7n qua \u0111i\u1ec7n tho\u1ea1i. Sau khi n\u1ed9p \u0111\u01a1n \u0111\u1ec1 ngh\u1ecb ho\u00e3n phi\u00ean \u0111i\u1ec1u tr\u1ea7n, qu\u00fd v\u1ecb c\u00f3 th\u1ec3 truy c\u1eadp trang m\u1ea1ng c\u1ee7a OAH \u0111\u1ec3 xem \u0111\u01a1n \u0111\u1ec1 ngh\u1ecb c\u00f3 \u0111\u01b0\u1ee3c ch\u1ea5p thu\u1eadn kh\u00f4ng. Qu\u00fd v\u1ecb s\u1ebd c\u1ea7n nh\u1eadp s\u1ed1 v\u1ee5 vi\u1ec7c OAH \u0111\u1ec3 th\u1ef1c hi\u1ec7n t\u00ecm ki\u1ebfm b\u1eb1ng trang m\u1ea1ng n\u00e0y:&nbsp;<a href=\"https:\/\/www.dgs.ca.gov\/OAH\/Case-Types\/General-Jurisdiction\/Resources\/Page-Content\/General-Jurisdiction-Resources-List-Folder\/Continuance-Ruling-Search\">https:\/\/www.dgs.ca.gov\/OAH\/Case-Types\/General-Jurisdiction\/Resources\/Page-Content\/General-Jurisdiction-Resources-List-Folder\/Continuance-Ruling-Search<\/a><\/p>\n\n\n\n<ul class=\"wp-block-list\">\n<li>Y\u00eau c\u1ea7u ho\u00e3n \u0111\u1ea7u ti\u00ean c\u1ee7a qu\u00fd v\u1ecb s\u1ebd t\u1ef1 \u0111\u1ed9ng \u0111\u01b0\u1ee3c ch\u1ea5p thu\u1eadn. Qu\u00fd v\u1ecb kh\u00f4ng c\u1ea7n thi\u1ebft ph\u1ea3i c\u00f3 l\u00fd do h\u1ee3p l\u00fd. N\u1ebfu m\u1ed9t ng\u01b0\u1eddi n\u00e0o \u0111\u00f3 y\u00eau c\u1ea7u qu\u00fd v\u1ecb cho bi\u1ebft l\u00fd do, qu\u00fd v\u1ecb ch\u1ec9 c\u1ea7n gi\u1ea3i th\u00edch r\u1eb1ng \u0111\u00f3 l\u00e0 y\u00eau c\u1ea7u \u0111\u1ea7u ti\u00ean c\u1ee7a qu\u00fd v\u1ecb.<\/li>\n\n\n\n<li>M\u1ecdi y\u00eau c\u1ea7u b\u1ed5 sung s\u1ebd kh\u00f4ng t\u1ef1 \u0111\u1ed9ng \u0111\u01b0\u1ee3c ch\u1ea5p thu\u1eadn. Qu\u00fd v\u1ecb s\u1ebd c\u1ea7n c\u00f3 l\u00fd do h\u1ee3p l\u00fd cho m\u1ed7i y\u00eau c\u1ea7u sau y\u00eau c\u1ea7u \u0111\u1ea7u ti\u00ean.<\/li>\n<\/ul>\n<div class=\"speaker-mute footnotes_reference_container\"> <div class=\"footnote_container_prepare\"><p><span role=\"button\" tabindex=\"0\" class=\"footnote_reference_container_label pointer\" onclick=\"footnote_expand_collapse_reference_container_2127_1();\">&#x202F;<\/span><span role=\"button\" tabindex=\"0\" class=\"footnote_reference_container_collapse_button\" style=\"display: none;\" onclick=\"footnote_expand_collapse_reference_container_2127_1();\">[<a id=\"footnote_reference_container_collapse_button_2127_1\">+<\/a>]<\/span><\/p><\/div> <div id=\"footnote_references_container_2127_1\" style=\"\"><table class=\"footnotes_table footnote-reference-container\"><caption class=\"accessibility\">References<\/caption> <tbody> \r\n\r\n<tr class=\"footnotes_plugin_reference_row\"> <th scope=\"row\" class=\"footnote_plugin_index_combi pointer\"  onclick=\"footnote_moveToAnchor_2127_1('footnote_plugin_tooltip_2127_1_1');\"><a id=\"footnote_plugin_reference_2127_1_1\" class=\"footnote_backlink\"><span class=\"footnote_index_arrow\">&#8593;<\/span>1<\/a><\/th> <td class=\"footnote_plugin_text\">\u00a7 4712(a).<\/td><\/tr>\r\n\r\n<tr class=\"footnotes_plugin_reference_row\"> <th scope=\"row\" class=\"footnote_plugin_index_combi pointer\"  onclick=\"footnote_moveToAnchor_2127_1('footnote_plugin_tooltip_2127_1_2');\"><a id=\"footnote_plugin_reference_2127_1_2\" class=\"footnote_backlink\"><span class=\"footnote_index_arrow\">&#8593;<\/span>2<\/a><\/th> <td class=\"footnote_plugin_text\">\u00a7 4712(a)(2)(A).<\/td><\/tr>\r\n\r\n<tr class=\"footnotes_plugin_reference_row\"> <th scope=\"row\" class=\"footnote_plugin_index_combi pointer\"  onclick=\"footnote_moveToAnchor_2127_1('footnote_plugin_tooltip_2127_1_3');\"><a id=\"footnote_plugin_reference_2127_1_3\" class=\"footnote_backlink\"><span class=\"footnote_index_arrow\">&#8593;<\/span>3<\/a><\/th> <td class=\"footnote_plugin_text\">\u00a7 4712(a)(2)(B).<\/td><\/tr>\r\n\r\n<tr class=\"footnotes_plugin_reference_row\"> <th scope=\"row\" class=\"footnote_plugin_index_combi pointer\"  onclick=\"footnote_moveToAnchor_2127_1('footnote_plugin_tooltip_2127_1_4');\"><a id=\"footnote_plugin_reference_2127_1_4\" class=\"footnote_backlink\"><span class=\"footnote_index_arrow\">&#8593;<\/span>4<\/a><\/th> <td class=\"footnote_plugin_text\">\u00a7 4712(a) (2)(C).<\/td><\/tr>\r\n\r\n<tr class=\"footnotes_plugin_reference_row\"> <th scope=\"row\" class=\"footnote_plugin_index_combi pointer\"  onclick=\"footnote_moveToAnchor_2127_1('footnote_plugin_tooltip_2127_1_5');\"><a id=\"footnote_plugin_reference_2127_1_5\" class=\"footnote_backlink\"><span class=\"footnote_index_arrow\">&#8593;<\/span>5<\/a><\/th> <td class=\"footnote_plugin_text\">\u00a7 4712(a) (2)(D).<\/td><\/tr>\r\n\r\n <\/tbody> <\/table> <\/div><\/div><script type=\"text\/javascript\"> function footnote_expand_reference_container_2127_1() { jQuery('#footnote_references_container_2127_1').show(); jQuery('#footnote_reference_container_collapse_button_2127_1').text('\u2212'); } function footnote_collapse_reference_container_2127_1() { jQuery('#footnote_references_container_2127_1').hide(); jQuery('#footnote_reference_container_collapse_button_2127_1').text('+'); } function footnote_expand_collapse_reference_container_2127_1() { if (jQuery('#footnote_references_container_2127_1').is(':hidden')) { footnote_expand_reference_container_2127_1(); } else { footnote_collapse_reference_container_2127_1(); } } function footnote_moveToReference_2127_1(p_str_TargetID) { footnote_expand_reference_container_2127_1(); var l_obj_Target = jQuery('#' + p_str_TargetID); if (l_obj_Target.length) { jQuery( 'html, body' ).delay( 0 ); jQuery('html, body').animate({ scrollTop: l_obj_Target.offset().top - window.innerHeight * 0.2 }, 380); } } function footnote_moveToAnchor_2127_1(p_str_TargetID) { footnote_expand_reference_container_2127_1(); var l_obj_Target = jQuery('#' + p_str_TargetID); if (l_obj_Target.length) { jQuery( 'html, body' ).delay( 0 ); jQuery('html, body').animate({ scrollTop: l_obj_Target.offset().top - window.innerHeight * 0.2 }, 380); } }<\/script>","protected":false},"excerpt":{"rendered":"<p>Qu\u00fd v\u1ecb ho\u1eb7c trung t\u00e2m khu v\u1ef1c c\u00f3 th\u1ec3 y\u00eau c\u1ea7u V\u0103n Ph\u00f2ng \u0110i\u1ec1u Tr\u1ea7n H\u00e0nh Ch\u00ednh (OAH) ho\u00e3n phi\u00ean \u0111i\u1ec1u tr\u1ea7n. \u0110\u00e2y \u0111\u01b0\u1ee3c g\u1ecdi&hellip;<\/p>\n","protected":false},"author":1,"featured_media":0,"parent":2072,"menu_order":24,"comment_status":"closed","ping_status":"closed","template":"","meta":{"footnotes":""},"class_list":["post-2127","page","type-page","status-publish","hentry"],"_links":{"self":[{"href":"https:\/\/rula.disabilityrightsca.org\/vi\/wp-json\/wp\/v2\/pages\/2127","targetHints":{"allow":["GET"]}}],"collection":[{"href":"https:\/\/rula.disabilityrightsca.org\/vi\/wp-json\/wp\/v2\/pages"}],"about":[{"href":"https:\/\/rula.disabilityrightsca.org\/vi\/wp-json\/wp\/v2\/types\/page"}],"author":[{"embeddable":true,"href":"https:\/\/rula.disabilityrightsca.org\/vi\/wp-json\/wp\/v2\/users\/1"}],"replies":[{"embeddable":true,"href":"https:\/\/rula.disabilityrightsca.org\/vi\/wp-json\/wp\/v2\/comments?post=2127"}],"version-history":[{"count":5,"href":"https:\/\/rula.disabilityrightsca.org\/vi\/wp-json\/wp\/v2\/pages\/2127\/revisions"}],"predecessor-version":[{"id":3920,"href":"https:\/\/rula.disabilityrightsca.org\/vi\/wp-json\/wp\/v2\/pages\/2127\/revisions\/3920"}],"up":[{"embeddable":true,"href":"https:\/\/rula.disabilityrightsca.org\/vi\/wp-json\/wp\/v2\/pages\/2072"}],"wp:attachment":[{"href":"https:\/\/rula.disabilityrightsca.org\/vi\/wp-json\/wp\/v2\/media?parent=2127"}],"curies":[{"name":"wp","href":"https:\/\/api.w.org\/{rel}","templated":true}]}}