{"id":2125,"date":"2021-09-28T22:43:07","date_gmt":"2021-09-28T22:43:07","guid":{"rendered":"http:\/\/www.rula.disabilityrightsca.org\/vi\/?page_id=2125"},"modified":"2023-06-23T00:42:30","modified_gmt":"2023-06-23T00:42:30","slug":"10-23-what-is-my-right-to-an-interpreter-at-the-informal-meeting","status":"publish","type":"page","link":"https:\/\/rula.disabilityrightsca.org\/vi\/rula-book\/chapter-10-appeals-and-complaints-disagreements-with-regional-centers-developmental-centers-or-service-providers\/10-23-what-is-my-right-to-an-interpreter-at-the-informal-meeting\/","title":{"rendered":"(10.23) \u0110\u01a1n \u0111\u1ec1 ngh\u1ecb l\u00e0 g\u00ec?"},"content":{"rendered":"\n<p>\u0110\u01a1n \u0111\u1ec1 ngh\u1ecb l\u00e0 y\u00eau c\u1ea7u v\u1edbi th\u1ea9m ph\u00e1n \u0111\u1ec3 h\u1ecd quy\u1ebft \u0111\u1ecbnh m\u1ed9t vi\u1ec7c g\u00ec \u0111\u00f3 tr\u01b0\u1edbc phi\u00ean \u0111i\u1ec1u tr\u1ea7n c\u00f4ng b\u1eb1ng. V\u00ed d\u1ee5 v\u1ec1 \u0111\u01a1n \u0111\u1ec1 ngh\u1ecb l\u00e0 \u0111\u01a1n \u0111\u1ec1 ngh\u1ecb tr\u1ee3 c\u1ea5p thanh to\u00e1n trong khi ch\u1edd \u0111\u1ee3i v\u00ec trung t\u00e2m khu v\u1ef1c kh\u00f4ng ti\u1ebfp t\u1ee5c cung c\u1ea5p d\u1ecbch v\u1ee5. C\u00e1c v\u00ed d\u1ee5 kh\u00e1c l\u00e0 \u0111\u01a1n \u0111\u1ec1 ngh\u1ecb ho\u00e3n l\u1ea1i\/tr\u00ec ho\u00e3n ng\u00e0y di\u1ec5n ra phi\u00ean \u0111i\u1ec1u tr\u1ea7n v\u00e0 \u0111\u01a1n \u0111\u1ec1 ngh\u1ecb v\u1ec1 tr\u00e1t \u0111\u00f2i h\u1ea7u t\u00f2a. Qu\u00fd v\u1ecb c\u00f3 th\u1ec3 n\u1ed9p \u0111\u01a1n \u0111\u1ec1 ngh\u1ecb. Trung t\u00e2m khu v\u1ef1c c\u0169ng c\u00f3 th\u1ec3 n\u1ed9p \u0111\u01a1n \u0111\u1ec1 ngh\u1ecb.<\/p>\n\n\n\n<p>M\u1ed9t s\u1ed1 trung t\u00e2m khu v\u1ef1c \u0111\u00e3 n\u1ed9p \u0111\u01a1n \u0111\u1ec1 ngh\u1ecb b\u00e1c b\u1ecf v\u1ee5 ki\u1ec7n. \u0110\u01a1n \u0111\u1ec1 ngh\u1ecb b\u00e1c b\u1ecf y\u00eau c\u1ea7u th\u1ea9m ph\u00e1n kh\u00f4ng ch\u1ea5p nh\u1eadn phi\u00ean \u0111i\u1ec1u tr\u1ea7n v\u00ec qu\u00fd v\u1ecb kh\u00f4ng c\u00f3 quy\u1ec1n \u0111\u1ed1i v\u1edbi phi\u00ean \u0111i\u1ec1u tr\u1ea7n c\u00f4ng b\u1eb1ng. Lo\u1ea1i \u0111\u1ec1 ngh\u1ecb n\u00e0y r\u1ea5t hi\u1ebfm th\u1ea5y. Lo\u1ea1i n\u00e0y c\u0169ng kh\u00f4ng ph\u00f9 h\u1ee3p v\u1edbi lu\u1eadt, quy \u0111\u1ecbnh qu\u00fd v\u1ecb th\u01b0\u1eddng c\u00f3 quy\u1ec1n \u0111\u1ed1i v\u1edbi phi\u00ean \u0111i\u1ec1u tr\u1ea7n c\u00f4ng b\u1eb1ng. Ngo\u1ea1i l\u1ec7 l\u00e0 khi kh\u00f4ng c\u00f3 \u201cv\u1ea5n \u0111\u1ec1 th\u1ef1c t\u1ebf\u201d n\u00e0o. \u0110\u00f3 c\u00f3 th\u1ec3 l\u00e0 khi lu\u1eadt quy \u0111\u1ecbnh kh\u00f4ng ai m\u00e3i h\u1ed9i \u0111\u1ee7 \u0111i\u1ec1u ki\u1ec7n nh\u1eadn m\u1ed9t d\u1ecbch v\u1ee5 n\u00e0o \u0111\u00f3, b\u1ea5t k\u1ec3 nhu c\u1ea7u c\u1ee7a h\u1ecd.<\/p>\n","protected":false},"excerpt":{"rendered":"<p>\u0110\u01a1n \u0111\u1ec1 ngh\u1ecb l\u00e0 y\u00eau c\u1ea7u v\u1edbi th\u1ea9m ph\u00e1n \u0111\u1ec3 h\u1ecd quy\u1ebft \u0111\u1ecbnh m\u1ed9t vi\u1ec7c g\u00ec \u0111\u00f3 tr\u01b0\u1edbc phi\u00ean \u0111i\u1ec1u tr\u1ea7n c\u00f4ng b\u1eb1ng. V\u00ed d\u1ee5&hellip;<\/p>\n","protected":false},"author":1,"featured_media":0,"parent":2072,"menu_order":23,"comment_status":"closed","ping_status":"closed","template":"","meta":{"footnotes":""},"class_list":["post-2125","page","type-page","status-publish","hentry"],"_links":{"self":[{"href":"https:\/\/rula.disabilityrightsca.org\/vi\/wp-json\/wp\/v2\/pages\/2125","targetHints":{"allow":["GET"]}}],"collection":[{"href":"https:\/\/rula.disabilityrightsca.org\/vi\/wp-json\/wp\/v2\/pages"}],"about":[{"href":"https:\/\/rula.disabilityrightsca.org\/vi\/wp-json\/wp\/v2\/types\/page"}],"author":[{"embeddable":true,"href":"https:\/\/rula.disabilityrightsca.org\/vi\/wp-json\/wp\/v2\/users\/1"}],"replies":[{"embeddable":true,"href":"https:\/\/rula.disabilityrightsca.org\/vi\/wp-json\/wp\/v2\/comments?post=2125"}],"version-history":[{"count":3,"href":"https:\/\/rula.disabilityrightsca.org\/vi\/wp-json\/wp\/v2\/pages\/2125\/revisions"}],"predecessor-version":[{"id":3564,"href":"https:\/\/rula.disabilityrightsca.org\/vi\/wp-json\/wp\/v2\/pages\/2125\/revisions\/3564"}],"up":[{"embeddable":true,"href":"https:\/\/rula.disabilityrightsca.org\/vi\/wp-json\/wp\/v2\/pages\/2072"}],"wp:attachment":[{"href":"https:\/\/rula.disabilityrightsca.org\/vi\/wp-json\/wp\/v2\/media?parent=2125"}],"curies":[{"name":"wp","href":"https:\/\/api.w.org\/{rel}","templated":true}]}}