{"id":2123,"date":"2021-09-28T22:41:58","date_gmt":"2021-09-28T22:41:58","guid":{"rendered":"http:\/\/www.rula.disabilityrightsca.org\/vi\/?page_id=2123"},"modified":"2025-03-18T19:30:36","modified_gmt":"2025-03-18T19:30:36","slug":"10-22-what-is-an-informal-meeting","status":"publish","type":"page","link":"https:\/\/rula.disabilityrightsca.org\/vi\/rula-book\/chapter-10-appeals-and-complaints-disagreements-with-regional-centers-developmental-centers-or-service-providers\/10-22-what-is-an-informal-meeting\/","title":{"rendered":"(10.22) Bu\u1ed5i h\u00f2a gi\u1ea3i l\u00e0 g\u00ec?"},"content":{"rendered":"\n<p>Qu\u00fd v\u1ecb c\u00f3 th\u1ec3 y\u00eau c\u1ea7u cu\u1ed9c h\u1ecdp kh\u00f4ng ch\u00ednh th\u1ee9c, bu\u1ed5i h\u00f2a gi\u1ea3i hay phi\u00ean \u0111i\u1ec1u tr\u1ea7n c\u00f4ng b\u1eb1ng ho\u1eb7c m\u1ed9t quy tr\u00ecnh b\u1ea5t k\u1ef3 trong s\u1ed1 c\u00e1c quy tr\u00ecnh kh\u00e1ng c\u00e1o n\u00e0y trong y\u00eau c\u1ea7u kh\u00e1ng c\u00e1o c\u1ee7a qu\u00fd v\u1ecb.<span class=\"footnote_referrer\"><a role=\"button\" tabindex=\"0\" onclick=\"footnote_moveToReference_2123_1('footnote_plugin_reference_2123_1_1');\" onkeypress=\"footnote_moveToReference_2123_1('footnote_plugin_reference_2123_1_1');\" ><sup id=\"footnote_plugin_tooltip_2123_1_1\" class=\"footnote_plugin_tooltip_text\">[1]<\/sup><\/a><span id=\"footnote_plugin_tooltip_text_2123_1_1\" class=\"footnote_tooltip\">\u00a7 4710.5 (b)<\/span><\/span><script type=\"text\/javascript\"> jQuery('#footnote_plugin_tooltip_2123_1_1').tooltip({ tip: '#footnote_plugin_tooltip_text_2123_1_1', tipClass: 'footnote_tooltip', effect: 'fade', predelay: 0, fadeInSpeed: 200, delay: 400, fadeOutSpeed: 200, position: 'top center', relative: true, offset: [-7, 0], });<\/script> N\u1ebfu qu\u00fd v\u1ecb ch\u1ecdn c\u1ea3 ba quy tr\u00ecnh kh\u00e1ng c\u00e1o, h\u00f2a gi\u1ea3i l\u00e0 b\u01b0\u1edbc ti\u1ebfp theo sau cu\u1ed9c h\u1ecdp ch\u00ednh th\u1ee9c, n\u1ebfu qu\u00fd v\u1ecb kh\u00f4ng \u0111\u1ed3ng \u00fd v\u1edbi quy\u1ebft \u0111\u1ecbnh c\u1ee7a trung t\u00e2m khu v\u1ef1c trong cu\u1ed9c h\u1ecdp kh\u00f4ng ch\u00ednh th\u1ee9c. Qu\u00fd v\u1ecb c\u00f3 th\u1ec3 y\u00eau c\u1ea7u h\u00f2a gi\u1ea3i ho\u1eb7c chuy\u1ec3n th\u1eb3ng \u0111\u1ebfn b\u01b0\u1edbc \u0111i\u1ec1u tr\u1ea7n.N\u1ebfu \u0111i\u1ec1u \u0111\u00f3 x\u1ea3y ra, qu\u00fd v\u1ecb s\u1ebd c\u00f3 bu\u1ed5i \u0111i\u1ec1u tr\u1ea7n 50 ng\u00e0y sau&nbsp;khi&nbsp;DDS nh\u1eadn \u0111\u01b0\u1ee3c y\u00eau c\u1ea7u kh\u00e1ng c\u00e1o c\u1ee7a qu\u00fd v\u1ecb. <span class=\"footnote_referrer\"><a role=\"button\" tabindex=\"0\" onclick=\"footnote_moveToReference_2123_1('footnote_plugin_reference_2123_1_2');\" onkeypress=\"footnote_moveToReference_2123_1('footnote_plugin_reference_2123_1_2');\" ><sup id=\"footnote_plugin_tooltip_2123_1_2\" class=\"footnote_plugin_tooltip_text\">[2]<\/sup><\/a><span id=\"footnote_plugin_tooltip_text_2123_1_2\" class=\"footnote_tooltip\">\u00a7 4712 (a)(1).<\/span><\/span><script type=\"text\/javascript\"> jQuery('#footnote_plugin_tooltip_2123_1_2').tooltip({ tip: '#footnote_plugin_tooltip_text_2123_1_2', tipClass: 'footnote_tooltip', effect: 'fade', predelay: 0, fadeInSpeed: 200, delay: 400, fadeOutSpeed: 200, position: 'top center', relative: true, offset: [-7, 0], });<\/script><\/p>\n\n\n\n<p>T\u1ea5t c\u1ea3 m\u1ecdi ng\u01b0\u1eddi n\u00ean c\u00e2n nh\u1eafc tham gia bu\u1ed5i h\u00f2a gi\u1ea3i. Bu\u1ed5i h\u00f2a gi\u1ea3i l\u00e0 \u00fd hay v\u00ec \u0111\u00e2y l\u00e0 m\u1ed9t c\u01a1 h\u1ed9i n\u1eefa \u0111\u1ec3 qu\u00fd v\u1ecb v\u00e0 trung t\u00e2m khu v\u1ef1c \u0111\u1ea1t \u0111\u01b0\u1ee3c s\u1ef1 nh\u1ea5t tr\u00ed. N\u1ebfu qu\u00fd v\u1ecb cho r\u1eb1ng kh\u00f4ng c\u00f3 hy v\u1ecdng \u0111\u1ea1t \u0111\u01b0\u1ee3c s\u1ef1 nh\u1ea5t tr\u00ed, qu\u00fd v\u1ecb c\u00f3 th\u1ec3 t\u1eeb ch\u1ed1i. \u0110\u00e2y \u0111\u01b0\u1ee3c g\u1ecdi l\u00e0 kh\u01b0\u1edbc t\u1eeb bu\u1ed5i h\u00f2a gi\u1ea3i. Tuy nhi\u00ean, nhi\u1ec1u ng\u01b0\u1eddi v\u1ed1n c\u00f3 \u00fd ngh\u0129 kh\u00f4ng hy v\u1ecdng \u0111\u1ea1t \u0111\u01b0\u1ee3c th\u1ecfa thu\u1eadn l\u1ea1i \u0111\u1ea1t \u0111\u01b0\u1ee3c th\u1ecfa thu\u1eadn trong&nbsp;bu\u1ed5i h\u00f2a gi\u1ea3i.<\/p>\n\n\n\n<p>Ng\u01b0\u1eddi h\u00f2a gi\u1ea3i l\u00e0 m\u1ed9t chuy\u00ean gia \u0111\u1ed9c l\u1eadp, \u0111\u01b0\u1ee3c \u0111\u00e0o t\u1ea1o t\u1eeb V\u0103n Ph\u00f2ng \u0110i\u1ec1u Tr\u1ea7n H\u00e0nh Ch\u00ednh (Office of Administrative Hearings, OAH). H\u1ecd g\u1eb7p qu\u00fd v\u1ecb v\u00e0 ng\u01b0\u1eddi \u0111\u1ea1i di\u1ec7n c\u1ee7a trung t\u00e2m khu v\u1ef1c. N\u1ebfu qu\u00fd v\u1ecb v\u00e0 trung t\u00e2m khu v\u1ef1c \u0111\u1ed3ng \u00fd h\u00f2a gi\u1ea3i, bu\u1ed5i h\u00f2a gi\u1ea3i ph\u1ea3i di\u1ec5n ra mu\u1ed9n nh\u1ea5t l\u00e0 30 ng\u00e0y sau khi DDS nh\u1eadn \u0111\u01b0\u1ee3c y\u00eau c\u1ea7u kh\u00e1ng c\u00e1o c\u1ee7a qu\u00fd v\u1ecb.<span class=\"footnote_referrer\"><a role=\"button\" tabindex=\"0\" onclick=\"footnote_moveToReference_2123_1('footnote_plugin_reference_2123_1_3');\" onkeypress=\"footnote_moveToReference_2123_1('footnote_plugin_reference_2123_1_3');\" ><sup id=\"footnote_plugin_tooltip_2123_1_3\" class=\"footnote_plugin_tooltip_text\">[3]<\/sup><\/a><span id=\"footnote_plugin_tooltip_text_2123_1_3\" class=\"footnote_tooltip\">\u00a7 4711.5(b)(1). N\u1ebfu ch\u1ecdn tham gia bu\u1ed5i h\u00f2a gi\u1ea3i, qu\u00fd v\u1ecb c\u00f3 th\u1ec3 ph\u1ea3i \u0111\u1ed3ng \u00fd gia h\u1ea1n phi\u00ean \u0111i\u1ec1u tr\u1ea7n v\u00e0 quy\u1ebft \u0111\u1ecbnh c\u1ee7a phi\u00ean \u0111i\u1ec1u tr\u1ea7n.<\/span><\/span><script type=\"text\/javascript\"> jQuery('#footnote_plugin_tooltip_2123_1_3').tooltip({ tip: '#footnote_plugin_tooltip_text_2123_1_3', tipClass: 'footnote_tooltip', effect: 'fade', predelay: 0, fadeInSpeed: 200, delay: 400, fadeOutSpeed: 200, position: 'top center', relative: true, offset: [-7, 0], });<\/script><\/p>\n\n\n\n<p>Ng\u01b0\u1eddi h\u00f2a gi\u1ea3i \u0111\u01b0\u1ee3c \u0111\u00e0o t\u1ea1o \u0111\u1ec3 gi\u00fap m\u1ecdi ng\u01b0\u1eddi xem x\u00e9t nh\u1eefng gi\u1ea3i ph\u00e1p m\u1edbi ho\u1eb7c kh\u00e1c cho v\u1ea5n \u0111\u1ec1. H\u1ecd ng\u1ed3i l\u1ea1i c\u00f9ng qu\u00fd v\u1ecb v\u00e0 trung t\u00e2m khu v\u1ef1c \u0111\u1ec3 c\u1ed1 gi\u1ea3i quy\u1ebft b\u1ea5t \u0111\u1ed3ng c\u1ee7a hai b\u00ean. \u0110\u00f4i khi, ng\u01b0\u1eddi h\u00f2a gi\u1ea3i g\u1eb7p ri\u00eang v\u1edbi qu\u00fd v\u1ecb v\u00e0 trung t\u00e2m khu v\u1ef1c, c\u0169ng nh\u01b0 g\u1eb7p c\u1ea3 hai b\u00ean c\u00f9ng m\u1ed9t l\u00fac. Ng\u01b0\u1eddi h\u00f2a gi\u1ea3i kh\u00f4ng \u0111\u01b0a ra quy\u1ebft \u0111\u1ecbnh. H\u1ecd kh\u00f4ng th\u1ec3 bu\u1ed9c qu\u00fd v\u1ecb l\u00e0m b\u1ea5t c\u1ee9 \u0111i\u1ec1u g\u00ec.<\/p>\n\n\n\n<p>Nhi\u1ec1u tranh ch\u1ea5p \u0111\u01b0\u1ee3c gi\u1ea3i quy\u1ebft trong bu\u1ed5i h\u00f2a gi\u1ea3i. Khi qu\u00fd v\u1ecb tham gia bu\u1ed5i h\u00f2a gi\u1ea3i, h\u00e3y c\u00f3 s\u1ef1 chu\u1ea9n b\u1ecb. Hi\u1ec3u c\u00e1c t\u00e0i li\u1ec7u trong v\u1ee5 vi\u1ec7c c\u1ee7a qu\u00fd v\u1ecb. Bi\u1ebft nh\u1eefng \u0111i\u1ec1u nh\u00e2n ch\u1ee9ng c\u1ee7a qu\u00fd v\u1ecb c\u00f3 th\u1ec3 n\u00f3i t\u1ea1i phi\u00ean \u0111i\u1ec1u tr\u1ea7n. B\u1eb1ng c\u00e1ch n\u00e0y, qu\u00fd v\u1ecb s\u1ebd d\u1ec5 d\u00e0ng h\u01a1n trong vi\u1ec7c quy\u1ebft \u0111\u1ecbnh c\u00e1c th\u1ecfa thu\u1eadn qu\u00fd v\u1ecb c\u00f3 th\u1ec3 mu\u1ed1n \u0111\u1ea1t \u0111\u01b0\u1ee3c t\u1ea1i bu\u1ed5i h\u00f2a gi\u1ea3i. K\u1ec3 c\u1ea3 bu\u1ed5i h\u00f2a gi\u1ea3i kh\u00f4ng nh\u01b0 \u00fd, qu\u00fd v\u1ecb s\u1ebd c\u00f3 th\u00eam th\u00f4ng tin v\u1ec1 v\u1ee5 vi\u1ec7c c\u1ee7a trung t\u00e2m khu v\u1ef1c \u0111\u1ec3 gi\u00fap qu\u00fd v\u1ecb chu\u1ea9n b\u1ecb cho phi\u00ean \u0111i\u1ec1u tr\u1ea7n c\u00f4ng b\u1eb1ng.<\/p>\n\n\n\n<p>N\u1ebfu qu\u00fd v\u1ecb v\u00e0 trung t\u00e2m khu v\u1ef1c c\u00f3 th\u1ec3 \u0111\u1ea1t \u0111\u01b0\u1ee3c s\u1ef1 nh\u1ea5t tr\u00ed trong bu\u1ed5i h\u00f2a gi\u1ea3i, ng\u01b0\u1eddi h\u00f2a gi\u1ea3i ph\u1ea3i chu\u1ea9n b\u1ecb t\u00e0i li\u1ec7u \u201cTh\u00f4ng B\u00e1o Gi\u1ea3i Quy\u1ebft\u201d n\u1ebfu qu\u00fd v\u1ecb v\u00e0 trung t\u00e2m khu v\u1ef1c nh\u1ea5t tr\u00ed v\u1edbi t\u1ea5t c\u1ea3 ho\u1eb7c m\u1ed9t s\u1ed1 v\u1ea5n \u0111\u1ec1. Ng\u01b0\u1eddi h\u00f2a gi\u1ea3i ph\u1ea3i g\u1eedi b\u1ea3n sao c\u1ee7a Th\u00f4ng B\u00e1o Gi\u1ea3i Quy\u1ebft cho V\u0103n Ph\u00f2ng \u0110i\u1ec1u Tr\u1ea7n H\u00e0nh Ch\u00ednh (Office of Administrative Hearings, OAH) ti\u1ec3u bang.&nbsp;Quy\u1ebft \u0111\u1ecbnh h\u00f2a gi\u1ea3i c\u00f3 hi\u1ec7u l\u1ef1c trong 10 ng\u00e0y sau khi OAH nh\u1eadn \u0111\u01b0\u1ee3c \u201cTh\u00f4ng B\u00e1o Gi\u1ea3i Quy\u1ebft\u201d c\u00f3 ch\u1eef k\u00fd c\u1ee7a qu\u00fd v\u1ecb<span class=\"footnote_referrer\"><a role=\"button\" tabindex=\"0\" onclick=\"footnote_moveToReference_2123_1('footnote_plugin_reference_2123_1_4');\" onkeypress=\"footnote_moveToReference_2123_1('footnote_plugin_reference_2123_1_4');\" ><sup id=\"footnote_plugin_tooltip_2123_1_4\" class=\"footnote_plugin_tooltip_text\">[4]<\/sup><\/a><span id=\"footnote_plugin_tooltip_text_2123_1_4\" class=\"footnote_tooltip\">\u00a7 4711.7(a).<\/span><\/span><script type=\"text\/javascript\"> jQuery('#footnote_plugin_tooltip_2123_1_4').tooltip({ tip: '#footnote_plugin_tooltip_text_2123_1_4', tipClass: 'footnote_tooltip', effect: 'fade', predelay: 0, fadeInSpeed: 200, delay: 400, fadeOutSpeed: 200, position: 'top center', relative: true, offset: [-7, 0], });<\/script> Nh\u1ea5p v\u00e0o&nbsp;<a href=\"https:\/\/www.dds.ca.gov\/wp-content\/uploads\/2023\/02\/DS1822-NOR.pdf\">\u0110\u00c2Y<\/a>&nbsp;\u0111\u1ec3 t\u1ea3i m\u1eabu Th\u00f4ng B\u00e1o Gi\u1ea3i Quy\u1ebft.<\/p>\n\n\n\n<p>N\u1ebfu qu\u00fd v\u1ecb kh\u00f4ng \u0111\u1ea1t \u0111\u01b0\u1ee3c th\u1ecfa thu\u1eadn t\u1ea1i bu\u1ed5i h\u00f2a gi\u1ea3i, m\u1ecdi \u0111\u1ec1 ngh\u1ecb d\u00e0n x\u1ebfp s\u1ebd \u0111\u01b0\u1ee3c gi\u1eef b\u00ed m\u1eadt. Qu\u00fd v\u1ecb ho\u1eb7c trung t\u00e2m khu v\u1ef1c \u0111\u1ec1u kh\u00f4ng th\u1ec3 s\u1eed d\u1ee5ng nh\u1eefng \u0111\u1ec1 ngh\u1ecb \u0111\u00f3 t\u1ea1i phi\u00ean \u0111i\u1ec1u tr\u1ea7n c\u00f4ng b\u1eb1ng v\u1ec1 sau.<\/p>\n\n\n\n<p>B\u01b0\u1edbc ti\u1ebfp theo l\u00e0 phi\u00ean \u0111i\u1ec1u tr\u1ea7n c\u00f3 s\u1ef1 tham gia c\u1ee7a th\u1ea9m ph\u00e1n lu\u1eadt h\u00e0nh ch\u00ednh (administrative law judge, ALJ).<span class=\"footnote_referrer\"><a role=\"button\" tabindex=\"0\" onclick=\"footnote_moveToReference_2123_1('footnote_plugin_reference_2123_1_5');\" onkeypress=\"footnote_moveToReference_2123_1('footnote_plugin_reference_2123_1_5');\" ><sup id=\"footnote_plugin_tooltip_2123_1_5\" class=\"footnote_plugin_tooltip_text\">[5]<\/sup><\/a><span id=\"footnote_plugin_tooltip_text_2123_1_5\" class=\"footnote_tooltip\">\u00a7 4711.7(b).<\/span><\/span><script type=\"text\/javascript\"> jQuery('#footnote_plugin_tooltip_2123_1_5').tooltip({ tip: '#footnote_plugin_tooltip_text_2123_1_5', tipClass: 'footnote_tooltip', effect: 'fade', predelay: 0, fadeInSpeed: 200, delay: 400, fadeOutSpeed: 200, position: 'top center', relative: true, offset: [-7, 0], });<\/script> DDS k\u00fd h\u1ee3p \u0111\u1ed3ng v\u1edbi OAH \u0111\u1ec3 t\u1ed5 ch\u1ee9c c\u00e1c phi\u00ean \u0111i\u1ec1u tr\u1ea7n. OAH thu\u00ea ALJ t\u1ed5 ch\u1ee9c phi\u00ean \u0111i\u1ec1u tr\u1ea7n.<\/p>\n\n\n\n<p>N\u1ebfu qu\u00fd v\u1ecb kh\u00f4ng \u0111\u1ea1t \u0111\u01b0\u1ee3c s\u1ef1 nh\u1ea5t tr\u00ed v\u1edbi trung t\u00e2m khu v\u1ef1c t\u1ea1i bu\u1ed5i h\u00f2a gi\u1ea3i, h\u00e3y \u0111\u1ea3m b\u1ea3o r\u1eb1ng qu\u00fd v\u1ecb \u0111\u00e3 s\u1eb5n s\u00e0ng cho phi\u00ean \u0111i\u1ec1u tr\u1ea7n. Phi\u00ean \u0111i\u1ec1u tr\u1ea7n c\u1ee7a qu\u00fd v\u1ecb c\u00f3 th\u1ec3 \u0111\u01b0\u1ee3c x\u1ebfp l\u1ecbch s\u1edbm h\u01a1n n\u1ebfu qu\u00fd v\u1ecb kh\u00f4ng y\u00eau c\u1ea7u h\u00f2a gi\u1ea3i. N\u1ebfu qu\u00fd v\u1ecb c\u1ea7n th\u00eam th\u1eddi gian \u0111\u1ec3 chu\u1ea9n b\u1ecb cho phi\u00ean \u0111i\u1ec1u tr\u1ea7n, qu\u00fd v\u1ecb c\u00f3 th\u1ec3 y\u00eau c\u1ea7u ho\u00e3n l\u1ea1i. \u0110\u01a1n xin ho\u00e3n l\u1ea1i l\u00e0 m\u1ed9t lo\u1ea1i \u0111\u01a1n \u0111\u1ec1 ngh\u1ecb ph\u1ea3i \u0111\u01b0\u1ee3c OAH ph\u00ea duy\u1ec7t.<\/p>\n\n\n\n<p><strong>QUAN TR\u1eccNG: QUY TR\u00ccNH H\u00d2A GI\u1ea2I S\u1ebc THAY \u0110\u1ed4I V\u00c0O NG\u00c0Y 1 TH\u00c1NG BA, 2023.<\/strong><\/p>\n\n\n\n<p>N\u1ebfu qu\u00fd v\u1ecb v\u00e0 trung t\u00e2m khu v\u1ef1c \u0111\u1ea1t \u0111\u01b0\u1ee3c th\u1ecfa thu\u1eadn t\u1ea1i bu\u1ed5i h\u00f2a gi\u1ea3i, ng\u01b0\u1eddi h\u00f2a gi\u1ea3i s\u1ebd bi\u00ean so\u1ea1n m\u1ed9t v\u0103n b\u1ea3n quy\u1ebft \u0111\u1ecbnh trong \u0111\u00f3 cho bi\u1ebft qu\u00fd v\u1ecb v\u00e0 trung t\u00e2m khu v\u1ef1c \u0111\u00e3 th\u1ed1ng nh\u1ea5t v\u1edbi nhau. Qu\u00fd v\u1ecb v\u00e0 trung t\u00e2m khu v\u1ef1c k\u00fd v\u0103n b\u1ea3n quy\u1ebft \u0111\u1ecbnh \u0111\u00f3. V\u0103n b\u1ea3n quy\u1ebft \u0111\u1ecbnh c\u00f3 hi\u1ec7u l\u1ef1c 10 ng\u00e0y sau khi qu\u00fd v\u1ecb th\u1ecfa thu\u1eadn.<\/p>\n\n\n\n<p>N\u1ebfu qu\u00fd v\u1ecb v\u00e0 trung t\u00e2m khu v\u1ef1c kh\u00f4ng \u0111\u1ea1t \u0111\u01b0\u1ee3c th\u1ecfa thu\u1eadn t\u1ea1i bu\u1ed5i h\u00f2a gi\u1ea3i, qu\u00fd v\u1ecb s\u1ebd c\u1ea7n b\u00e1o cho trung t\u00e2m khu v\u1ef1c v\u00e0 ng\u01b0\u1eddi h\u00f2a gi\u1ea3i r\u1eb1ng qu\u00fd v\u1ecb mu\u1ed1n ti\u1ebfp t\u1ee5c kh\u00e1ng c\u00e1o v\u00e0 tham gia phi\u00ean \u0111i\u1ec1u tr\u1ea7n.<\/p>\n<div class=\"speaker-mute footnotes_reference_container\"> <div class=\"footnote_container_prepare\"><p><span role=\"button\" tabindex=\"0\" class=\"footnote_reference_container_label pointer\" onclick=\"footnote_expand_collapse_reference_container_2123_1();\">&#x202F;<\/span><span role=\"button\" tabindex=\"0\" class=\"footnote_reference_container_collapse_button\" style=\"display: none;\" onclick=\"footnote_expand_collapse_reference_container_2123_1();\">[<a id=\"footnote_reference_container_collapse_button_2123_1\">+<\/a>]<\/span><\/p><\/div> <div id=\"footnote_references_container_2123_1\" style=\"\"><table class=\"footnotes_table footnote-reference-container\"><caption class=\"accessibility\">References<\/caption> <tbody> \r\n\r\n<tr class=\"footnotes_plugin_reference_row\"> <th scope=\"row\" class=\"footnote_plugin_index_combi pointer\"  onclick=\"footnote_moveToAnchor_2123_1('footnote_plugin_tooltip_2123_1_1');\"><a id=\"footnote_plugin_reference_2123_1_1\" class=\"footnote_backlink\"><span class=\"footnote_index_arrow\">&#8593;<\/span>1<\/a><\/th> <td class=\"footnote_plugin_text\">\u00a7 4710.5 (b)<\/td><\/tr>\r\n\r\n<tr class=\"footnotes_plugin_reference_row\"> <th scope=\"row\" class=\"footnote_plugin_index_combi pointer\"  onclick=\"footnote_moveToAnchor_2123_1('footnote_plugin_tooltip_2123_1_2');\"><a id=\"footnote_plugin_reference_2123_1_2\" class=\"footnote_backlink\"><span class=\"footnote_index_arrow\">&#8593;<\/span>2<\/a><\/th> <td class=\"footnote_plugin_text\">\u00a7 4712 (a)(1).<\/td><\/tr>\r\n\r\n<tr class=\"footnotes_plugin_reference_row\"> <th scope=\"row\" class=\"footnote_plugin_index_combi pointer\"  onclick=\"footnote_moveToAnchor_2123_1('footnote_plugin_tooltip_2123_1_3');\"><a id=\"footnote_plugin_reference_2123_1_3\" class=\"footnote_backlink\"><span class=\"footnote_index_arrow\">&#8593;<\/span>3<\/a><\/th> <td class=\"footnote_plugin_text\">\u00a7 4711.5(b)(1). N\u1ebfu ch\u1ecdn tham gia bu\u1ed5i h\u00f2a gi\u1ea3i, qu\u00fd v\u1ecb c\u00f3 th\u1ec3 ph\u1ea3i \u0111\u1ed3ng \u00fd gia h\u1ea1n phi\u00ean \u0111i\u1ec1u tr\u1ea7n v\u00e0 quy\u1ebft \u0111\u1ecbnh c\u1ee7a phi\u00ean \u0111i\u1ec1u tr\u1ea7n.<\/td><\/tr>\r\n\r\n<tr class=\"footnotes_plugin_reference_row\"> <th scope=\"row\" class=\"footnote_plugin_index_combi pointer\"  onclick=\"footnote_moveToAnchor_2123_1('footnote_plugin_tooltip_2123_1_4');\"><a id=\"footnote_plugin_reference_2123_1_4\" class=\"footnote_backlink\"><span class=\"footnote_index_arrow\">&#8593;<\/span>4<\/a><\/th> <td class=\"footnote_plugin_text\">\u00a7 4711.7(a).<\/td><\/tr>\r\n\r\n<tr class=\"footnotes_plugin_reference_row\"> <th scope=\"row\" class=\"footnote_plugin_index_combi pointer\"  onclick=\"footnote_moveToAnchor_2123_1('footnote_plugin_tooltip_2123_1_5');\"><a id=\"footnote_plugin_reference_2123_1_5\" class=\"footnote_backlink\"><span class=\"footnote_index_arrow\">&#8593;<\/span>5<\/a><\/th> <td class=\"footnote_plugin_text\">\u00a7 4711.7(b).<\/td><\/tr>\r\n\r\n <\/tbody> <\/table> <\/div><\/div><script type=\"text\/javascript\"> function footnote_expand_reference_container_2123_1() { jQuery('#footnote_references_container_2123_1').show(); jQuery('#footnote_reference_container_collapse_button_2123_1').text('\u2212'); } function footnote_collapse_reference_container_2123_1() { jQuery('#footnote_references_container_2123_1').hide(); jQuery('#footnote_reference_container_collapse_button_2123_1').text('+'); } function footnote_expand_collapse_reference_container_2123_1() { if (jQuery('#footnote_references_container_2123_1').is(':hidden')) { footnote_expand_reference_container_2123_1(); } else { footnote_collapse_reference_container_2123_1(); } } function footnote_moveToReference_2123_1(p_str_TargetID) { footnote_expand_reference_container_2123_1(); var l_obj_Target = jQuery('#' + p_str_TargetID); if (l_obj_Target.length) { jQuery( 'html, body' ).delay( 0 ); jQuery('html, body').animate({ scrollTop: l_obj_Target.offset().top - window.innerHeight * 0.2 }, 380); } } function footnote_moveToAnchor_2123_1(p_str_TargetID) { footnote_expand_reference_container_2123_1(); var l_obj_Target = jQuery('#' + p_str_TargetID); if (l_obj_Target.length) { jQuery( 'html, body' ).delay( 0 ); jQuery('html, body').animate({ scrollTop: l_obj_Target.offset().top - window.innerHeight * 0.2 }, 380); } }<\/script>","protected":false},"excerpt":{"rendered":"<p>Qu\u00fd v\u1ecb c\u00f3 th\u1ec3 y\u00eau c\u1ea7u cu\u1ed9c h\u1ecdp kh\u00f4ng ch\u00ednh th\u1ee9c, bu\u1ed5i h\u00f2a gi\u1ea3i hay phi\u00ean \u0111i\u1ec1u tr\u1ea7n c\u00f4ng b\u1eb1ng ho\u1eb7c m\u1ed9t quy tr\u00ecnh b\u1ea5t&hellip;<\/p>\n","protected":false},"author":1,"featured_media":0,"parent":2072,"menu_order":22,"comment_status":"closed","ping_status":"closed","template":"","meta":{"footnotes":""},"class_list":["post-2123","page","type-page","status-publish","hentry"],"_links":{"self":[{"href":"https:\/\/rula.disabilityrightsca.org\/vi\/wp-json\/wp\/v2\/pages\/2123","targetHints":{"allow":["GET"]}}],"collection":[{"href":"https:\/\/rula.disabilityrightsca.org\/vi\/wp-json\/wp\/v2\/pages"}],"about":[{"href":"https:\/\/rula.disabilityrightsca.org\/vi\/wp-json\/wp\/v2\/types\/page"}],"author":[{"embeddable":true,"href":"https:\/\/rula.disabilityrightsca.org\/vi\/wp-json\/wp\/v2\/users\/1"}],"replies":[{"embeddable":true,"href":"https:\/\/rula.disabilityrightsca.org\/vi\/wp-json\/wp\/v2\/comments?post=2123"}],"version-history":[{"count":5,"href":"https:\/\/rula.disabilityrightsca.org\/vi\/wp-json\/wp\/v2\/pages\/2123\/revisions"}],"predecessor-version":[{"id":3919,"href":"https:\/\/rula.disabilityrightsca.org\/vi\/wp-json\/wp\/v2\/pages\/2123\/revisions\/3919"}],"up":[{"embeddable":true,"href":"https:\/\/rula.disabilityrightsca.org\/vi\/wp-json\/wp\/v2\/pages\/2072"}],"wp:attachment":[{"href":"https:\/\/rula.disabilityrightsca.org\/vi\/wp-json\/wp\/v2\/media?parent=2123"}],"curies":[{"name":"wp","href":"https:\/\/api.w.org\/{rel}","templated":true}]}}