{"id":2121,"date":"2021-09-28T22:34:02","date_gmt":"2021-09-28T22:34:02","guid":{"rendered":"http:\/\/www.rula.disabilityrightsca.org\/vi\/?page_id=2121"},"modified":"2023-06-23T00:40:15","modified_gmt":"2023-06-23T00:40:15","slug":"10-21-what-are-the-appeal-process-steps","status":"publish","type":"page","link":"https:\/\/rula.disabilityrightsca.org\/vi\/rula-book\/chapter-10-appeals-and-complaints-disagreements-with-regional-centers-developmental-centers-or-service-providers\/10-21-what-are-the-appeal-process-steps\/","title":{"rendered":"(10.21) Quy\u1ec1n \u0111\u01b0\u1ee3c c\u00f3 th\u00f4ng d\u1ecbch vi\u00ean t\u1ea1i cu\u1ed9c h\u1ecdp kh\u00f4ng ch\u00ednh th\u1ee9c l\u00e0 g\u00ec?"},"content":{"rendered":"\n<p>Cu\u1ed9c h\u1ecdp kh\u00f4ng ch\u00ednh th\u1ee9c di\u1ec5n ra b\u1eb1ng ti\u1ebfng Anh. N\u1ebfu qu\u00fd v\u1ecb kh\u00f4ng n\u00f3i ti\u1ebfng Anh, trung t\u00e2m khu v\u1ef1c ph\u1ea3i cung c\u1ea5p v\u00e0 thanh to\u00e1n cho th\u00f4ng d\u1ecbch vi\u00ean.<span class=\"footnote_referrer\"><a role=\"button\" tabindex=\"0\" onclick=\"footnote_moveToReference_2121_1('footnote_plugin_reference_2121_1_1');\" onkeypress=\"footnote_moveToReference_2121_1('footnote_plugin_reference_2121_1_1');\" ><sup id=\"footnote_plugin_tooltip_2121_1_1\" class=\"footnote_plugin_tooltip_text\">[1]<\/sup><\/a><span id=\"footnote_plugin_tooltip_text_2121_1_1\" class=\"footnote_tooltip\">\u00a7 4710.8(c).<\/span><\/span><script type=\"text\/javascript\"> jQuery('#footnote_plugin_tooltip_2121_1_1').tooltip({ tip: '#footnote_plugin_tooltip_text_2121_1_1', tipClass: 'footnote_tooltip', effect: 'fade', predelay: 0, fadeInSpeed: 200, delay: 400, fadeOutSpeed: 200, position: 'top center', relative: true, offset: [-7, 0], });<\/script><\/p>\n\n\n\n<p>H\u1ecd c\u0169ng ph\u1ea3i cung c\u1ea5p th\u00f4ng d\u1ecbch vi\u00ean n\u1ebfu c\u00f3 ng\u01b0\u1eddi tham gia cu\u1ed9c h\u1ecdp c\u00f9ng qu\u00fd v\u1ecb (nh\u01b0 l\u00e0 cha\/m\u1eb9 ho\u1eb7c ng\u01b0\u1eddi gi\u00e1m h\u1ed9) kh\u00f4ng n\u00f3i ti\u1ebfng Anh. Th\u00f4ng d\u1ecbch vi\u00ean ph\u1ea3i c\u00f3 kh\u1ea3 n\u0103ng phi\u00ean d\u1ecbch t\u1ed1t v\u00e0 kh\u00f4ng c\u00f3 v\u1ea5n \u0111\u1ec1 v\u1edbi ng\u01b0\u1eddi c\u1ea7n th\u00f4ng d\u1ecbch vi\u00ean v\u00e0 gi\u00e1m \u0111\u1ed1c trung t\u00e2m khu v\u1ef1c.<\/p>\n<div class=\"speaker-mute footnotes_reference_container\"> <div class=\"footnote_container_prepare\"><p><span role=\"button\" tabindex=\"0\" class=\"footnote_reference_container_label pointer\" onclick=\"footnote_expand_collapse_reference_container_2121_1();\">&#x202F;<\/span><span role=\"button\" tabindex=\"0\" class=\"footnote_reference_container_collapse_button\" style=\"display: none;\" onclick=\"footnote_expand_collapse_reference_container_2121_1();\">[<a id=\"footnote_reference_container_collapse_button_2121_1\">+<\/a>]<\/span><\/p><\/div> <div id=\"footnote_references_container_2121_1\" style=\"\"><table class=\"footnotes_table footnote-reference-container\"><caption class=\"accessibility\">References<\/caption> <tbody> \r\n\r\n<tr class=\"footnotes_plugin_reference_row\"> <th scope=\"row\" class=\"footnote_plugin_index_combi pointer\"  onclick=\"footnote_moveToAnchor_2121_1('footnote_plugin_tooltip_2121_1_1');\"><a id=\"footnote_plugin_reference_2121_1_1\" class=\"footnote_backlink\"><span class=\"footnote_index_arrow\">&#8593;<\/span>1<\/a><\/th> <td class=\"footnote_plugin_text\">\u00a7 4710.8(c).<\/td><\/tr>\r\n\r\n <\/tbody> <\/table> <\/div><\/div><script type=\"text\/javascript\"> function footnote_expand_reference_container_2121_1() { jQuery('#footnote_references_container_2121_1').show(); jQuery('#footnote_reference_container_collapse_button_2121_1').text('\u2212'); } function footnote_collapse_reference_container_2121_1() { jQuery('#footnote_references_container_2121_1').hide(); jQuery('#footnote_reference_container_collapse_button_2121_1').text('+'); } function footnote_expand_collapse_reference_container_2121_1() { if (jQuery('#footnote_references_container_2121_1').is(':hidden')) { footnote_expand_reference_container_2121_1(); } else { footnote_collapse_reference_container_2121_1(); } } function footnote_moveToReference_2121_1(p_str_TargetID) { footnote_expand_reference_container_2121_1(); var l_obj_Target = jQuery('#' + p_str_TargetID); if (l_obj_Target.length) { jQuery( 'html, body' ).delay( 0 ); jQuery('html, body').animate({ scrollTop: l_obj_Target.offset().top - window.innerHeight * 0.2 }, 380); } } function footnote_moveToAnchor_2121_1(p_str_TargetID) { footnote_expand_reference_container_2121_1(); var l_obj_Target = jQuery('#' + p_str_TargetID); if (l_obj_Target.length) { jQuery( 'html, body' ).delay( 0 ); jQuery('html, body').animate({ scrollTop: l_obj_Target.offset().top - window.innerHeight * 0.2 }, 380); } }<\/script>","protected":false},"excerpt":{"rendered":"<p>Cu\u1ed9c h\u1ecdp kh\u00f4ng ch\u00ednh th\u1ee9c di\u1ec5n ra b\u1eb1ng ti\u1ebfng Anh. N\u1ebfu qu\u00fd v\u1ecb kh\u00f4ng n\u00f3i ti\u1ebfng Anh, trung t\u00e2m khu v\u1ef1c ph\u1ea3i cung c\u1ea5p v\u00e0&hellip;<\/p>\n","protected":false},"author":1,"featured_media":0,"parent":2072,"menu_order":21,"comment_status":"closed","ping_status":"closed","template":"","meta":{"footnotes":""},"class_list":["post-2121","page","type-page","status-publish","hentry"],"_links":{"self":[{"href":"https:\/\/rula.disabilityrightsca.org\/vi\/wp-json\/wp\/v2\/pages\/2121","targetHints":{"allow":["GET"]}}],"collection":[{"href":"https:\/\/rula.disabilityrightsca.org\/vi\/wp-json\/wp\/v2\/pages"}],"about":[{"href":"https:\/\/rula.disabilityrightsca.org\/vi\/wp-json\/wp\/v2\/types\/page"}],"author":[{"embeddable":true,"href":"https:\/\/rula.disabilityrightsca.org\/vi\/wp-json\/wp\/v2\/users\/1"}],"replies":[{"embeddable":true,"href":"https:\/\/rula.disabilityrightsca.org\/vi\/wp-json\/wp\/v2\/comments?post=2121"}],"version-history":[{"count":7,"href":"https:\/\/rula.disabilityrightsca.org\/vi\/wp-json\/wp\/v2\/pages\/2121\/revisions"}],"predecessor-version":[{"id":3561,"href":"https:\/\/rula.disabilityrightsca.org\/vi\/wp-json\/wp\/v2\/pages\/2121\/revisions\/3561"}],"up":[{"embeddable":true,"href":"https:\/\/rula.disabilityrightsca.org\/vi\/wp-json\/wp\/v2\/pages\/2072"}],"wp:attachment":[{"href":"https:\/\/rula.disabilityrightsca.org\/vi\/wp-json\/wp\/v2\/media?parent=2121"}],"curies":[{"name":"wp","href":"https:\/\/api.w.org\/{rel}","templated":true}]}}