{"id":2119,"date":"2021-09-28T22:30:20","date_gmt":"2021-09-28T22:30:20","guid":{"rendered":"http:\/\/www.rula.disabilityrightsca.org\/vi\/?page_id=2119"},"modified":"2024-06-24T18:51:01","modified_gmt":"2024-06-24T18:51:01","slug":"10-20-what-rights-do-i-have-to-see-my-regional-center-records","status":"publish","type":"page","link":"https:\/\/rula.disabilityrightsca.org\/vi\/rula-book\/chapter-10-appeals-and-complaints-disagreements-with-regional-centers-developmental-centers-or-service-providers\/10-20-what-rights-do-i-have-to-see-my-regional-center-records\/","title":{"rendered":"(10.20) Cu\u1ed9c h\u1ecdp kh\u00f4ng ch\u00ednh th\u1ee9c l\u00e0 g\u00ec?"},"content":{"rendered":"\n<p>Cu\u1ed9c h\u1ecdp kh\u00f4ng ch\u00ednh th\u1ee9c l\u00e0 cu\u1ed9c h\u1ecdp gi\u1eefa qu\u00fd v\u1ecb v\u00e0 ng\u01b0\u1eddi qu\u1ea3n l\u00fd c\u1ee7a trung t\u00e2m khu v\u1ef1c. Khi n\u1ed9p M\u1eabu \u0110\u01a1n Y\u00eau C\u1ea7u Phi\u00ean \u0110i\u1ec1u Tr\u1ea7n C\u00f4ng B\u1eb1ng, qu\u00fd v\u1ecb c\u00f3 th\u1ec3 y\u00eau c\u1ea7u cu\u1ed9c h\u1ecdp kh\u00f4ng ch\u00ednh th\u1ee9c v\u00e0 bu\u1ed5i h\u00f2a gi\u1ea3i tr\u01b0\u1edbc phi\u00ean \u0111i\u1ec1u tr\u1ea7n. N\u1ebfu qu\u00fd v\u1ecb y\u00eau c\u1ea7u cu\u1ed9c h\u1ecdp kh\u00f4ng ch\u00ednh th\u1ee9c, trung t\u00e2m khu v\u1ef1c ph\u1ea3i t\u1ed5 ch\u1ee9c cu\u1ed9c h\u1ecdp trong v\u00f2ng 10 ng\u00e0y k\u1ec3 t\u1eeb khi nh\u1eadn y\u00eau c\u1ea7u phi\u00ean \u0111i\u1ec1u tr\u1ea7n c\u00f4ng b\u1eb1ng c\u1ee7a qu\u00fd v\u1ecb, tr\u1eeb khi qu\u00fd v\u1ecb \u0111\u1ed3ng \u00fd m\u1ed9t ng\u00e0y kh\u00e1c. Cu\u1ed9c h\u1ecdp kh\u00f4ng ch\u00ednh th\u1ee9c l\u00e0 b\u01b0\u1edbc \u0111\u1ea7u ti\u00ean trong quy tr\u00ecnh \u0111i\u1ec1u tr\u1ea7n. Qu\u00fd v\u1ecb kh\u00f4ng c\u1ea7n ph\u1ea3i c\u00f3 cu\u1ed9c h\u1ecdp kh\u00f4ng ch\u00ednh th\u1ee9c n\u1ebfu qu\u00fd v\u1ecb kh\u00f4ng mu\u1ed1n. Ng\u01b0\u1eddi \u0111\u1ea1i di\u1ec7n c\u1ee7a qu\u00fd v\u1ecb c\u00f3 th\u1ec3 tham d\u1ef1 n\u1ebfu qu\u00fd v\u1ecb c\u00f3 cu\u1ed9c h\u1ecdp kh\u00f4ng ch\u00ednh th\u1ee9c.<span class=\"footnote_referrer\"><a role=\"button\" tabindex=\"0\" onclick=\"footnote_moveToReference_2119_1('footnote_plugin_reference_2119_1_1');\" onkeypress=\"footnote_moveToReference_2119_1('footnote_plugin_reference_2119_1_1');\" ><sup id=\"footnote_plugin_tooltip_2119_1_1\" class=\"footnote_plugin_tooltip_text\">[1]<\/sup><\/a><span id=\"footnote_plugin_tooltip_text_2119_1_1\" class=\"footnote_tooltip\">\u00a7 4710.7.<\/span><\/span><script type=\"text\/javascript\"> jQuery('#footnote_plugin_tooltip_2119_1_1').tooltip({ tip: '#footnote_plugin_tooltip_text_2119_1_1', tipClass: 'footnote_tooltip', effect: 'fade', predelay: 0, fadeInSpeed: 200, delay: 400, fadeOutSpeed: 200, position: 'top center', relative: true, offset: [-7, 0], });<\/script><\/p>\n\n\n\n<p>\u0110\u00e2y l\u00e0 c\u01a1 h\u1ed9i \u0111\u1ec3 qu\u00fd v\u1ecb g\u1eb7p trung t\u00e2m khu v\u1ef1c v\u00e0 thuy\u1ebft ph\u1ee5c h\u1ecd cung c\u1ea5p cho qu\u00fd v\u1ecb d\u1ecbch v\u1ee5 m\u00e0 qu\u00fd v\u1ecb c\u1ea7n. K\u1ec3 c\u1ea3 khi qu\u00fd v\u1ecb kh\u00f4ng th\u1ec3 \u0111\u1ed3ng \u00fd, qu\u00fd v\u1ecb v\u1eabn c\u00f3 th\u1ec3 hi\u1ec3u \u0111\u01b0\u1ee3c l\u1eadp tr\u01b0\u1eddng c\u1ee7a trung t\u00e2m khu v\u1ef1c v\u00e0 c\u1ed1 g\u1eafng \u0111\u1ed3ng \u00fd v\u1edbi m\u1ed9t s\u1ed1 \u0111i\u1ec3m.<\/p>\n\n\n\n<p>Sau cu\u1ed9c h\u1ecdp, trung t\u00e2m khu v\u1ef1c c\u00f3 5 ng\u00e0y \u0111\u1ec3 g\u1eedi cho qu\u00fd v\u1ecb v\u0103n b\u1ea3n quy\u1ebft \u0111\u1ecbnh.<span class=\"footnote_referrer\"><a role=\"button\" tabindex=\"0\" onclick=\"footnote_moveToReference_2119_1('footnote_plugin_reference_2119_1_2');\" onkeypress=\"footnote_moveToReference_2119_1('footnote_plugin_reference_2119_1_2');\" ><sup id=\"footnote_plugin_tooltip_2119_1_2\" class=\"footnote_plugin_tooltip_text\">[2]<\/sup><\/a><span id=\"footnote_plugin_tooltip_text_2119_1_2\" class=\"footnote_tooltip\">\u00a7 4710.7(b).<\/span><\/span><script type=\"text\/javascript\"> jQuery('#footnote_plugin_tooltip_2119_1_2').tooltip({ tip: '#footnote_plugin_tooltip_text_2119_1_2', tipClass: 'footnote_tooltip', effect: 'fade', predelay: 0, fadeInSpeed: 200, delay: 400, fadeOutSpeed: 200, position: 'top center', relative: true, offset: [-7, 0], });<\/script> Quy\u1ebft \u0111\u1ecbnh n\u00e0y ph\u1ea3i li\u1ec7t k\u00ea m\u1ecdi v\u1ea5n \u0111\u1ec1 trong kh\u00e1ng c\u00e1o v\u00e0 quy\u1ebft \u0111\u1ecbnh v\u1ec1 t\u1eebng v\u1ea5n \u0111\u1ec1 m\u1ed9t. Quy\u1ebft \u0111\u1ecbnh c\u0169ng ph\u1ea3i n\u00eau r\u00f5 c\u00e1c d\u1eef ki\u1ec7n, lu\u1eadt, quy \u0111\u1ecbnh v\u00e0 ch\u00ednh s\u00e1ch m\u00e0 trung t\u00e2m khu v\u1ef1c s\u1eed d\u1ee5ng \u0111\u1ec3 \u0111\u01b0a ra quy\u1ebft \u0111\u1ecbnh.<\/p>\n\n\n\n<p>N\u1ebfu qu\u00fd v\u1ecb \u0111\u1ed3ng \u00fd v\u1edbi quy\u1ebft \u0111\u1ecbnh kh\u00f4ng ch\u00ednh th\u1ee9c n\u00e0y, qu\u00fd v\u1ecb c\u00f3 th\u1ec3 h\u1ee7y b\u1ecf y\u00eau c\u1ea7u phi\u00ean \u0111i\u1ec1u tr\u1ea7n. Qu\u00fd v\u1ecb c\u00f3 th\u1ec3 l\u00e0m vi\u1ec7c n\u00e0y b\u1eb1ng c\u00e1ch \u0111i\u1ec1n v\u00e0o m\u1eabu \u0111\u01a1n \u201cTh\u00f4ng B\u00e1o Gi\u1ea3i Quy\u1ebft\u201d m\u00e0 trung t\u00e2m khu v\u1ef1c cung c\u1ea5p, c\u0169ng c\u00f3 t\u1ea1i: <a href=\"https:\/\/www.dds.ca.gov\/wp-content\/uploads\/2019\/05\/DS1804.pdf\">https:\/\/www.dds.ca.gov\/wp-content\/uploads\/2019\/05\/DS1804.pdf<\/a><\/p>\n\n\n\n<p>Quy\u1ebft \u0111\u1ecbnh n\u00e0y c\u00f3 hi\u1ec7u l\u1ef1c trong 10 ng\u00e0y sau khi trung t\u00e2m khu v\u1ef1c nh\u1eadn \u0111\u01b0\u1ee3c \u201cTh\u00f4ng B\u00e1o Gi\u1ea3i Quy\u1ebft\u201d c\u1ee7a qu\u00fd v\u1ecb.<span class=\"footnote_referrer\"><a role=\"button\" tabindex=\"0\" onclick=\"footnote_moveToReference_2119_1('footnote_plugin_reference_2119_1_3');\" onkeypress=\"footnote_moveToReference_2119_1('footnote_plugin_reference_2119_1_3');\" ><sup id=\"footnote_plugin_tooltip_2119_1_3\" class=\"footnote_plugin_tooltip_text\">[3]<\/sup><\/a><span id=\"footnote_plugin_tooltip_text_2119_1_3\" class=\"footnote_tooltip\">\u00a7 4710.9(a).<\/span><\/span><script type=\"text\/javascript\"> jQuery('#footnote_plugin_tooltip_2119_1_3').tooltip({ tip: '#footnote_plugin_tooltip_text_2119_1_3', tipClass: 'footnote_tooltip', effect: 'fade', predelay: 0, fadeInSpeed: 200, delay: 400, fadeOutSpeed: 200, position: 'top center', relative: true, offset: [-7, 0], });<\/script> N\u1ebfu qu\u00fd v\u1ecb kh\u00f4ng \u0111\u1ed3ng \u00fd v\u1edbi quy\u1ebft \u0111\u1ecbnh kh\u00f4ng ch\u00ednh th\u1ee9c n\u00e0y, qu\u00fd v\u1ecb v\u1eabn c\u00f3 th\u1ec3 tham gia bu\u1ed5i h\u00f2a gi\u1ea3i n\u1ebfu qu\u00fd v\u1ecb v\u00e0 trung t\u00e2m khu v\u1ef1c nh\u1ea5t tr\u00ed. Qu\u00fd v\u1ecb v\u1eabn c\u00f3 th\u1ec3 tham gia phi\u00ean \u0111i\u1ec1u tr\u1ea7n c\u00f4ng b\u1eb1ng.<span class=\"footnote_referrer\"><a role=\"button\" tabindex=\"0\" onclick=\"footnote_moveToReference_2119_1('footnote_plugin_reference_2119_1_4');\" onkeypress=\"footnote_moveToReference_2119_1('footnote_plugin_reference_2119_1_4');\" ><sup id=\"footnote_plugin_tooltip_2119_1_4\" class=\"footnote_plugin_tooltip_text\">[4]<\/sup><\/a><span id=\"footnote_plugin_tooltip_text_2119_1_4\" class=\"footnote_tooltip\">\u00a7 4710.9(b).<\/span><\/span><script type=\"text\/javascript\"> jQuery('#footnote_plugin_tooltip_2119_1_4').tooltip({ tip: '#footnote_plugin_tooltip_text_2119_1_4', tipClass: 'footnote_tooltip', effect: 'fade', predelay: 0, fadeInSpeed: 200, delay: 400, fadeOutSpeed: 200, position: 'top center', relative: true, offset: [-7, 0], });<\/script><\/p>\n<div class=\"speaker-mute footnotes_reference_container\"> <div class=\"footnote_container_prepare\"><p><span role=\"button\" tabindex=\"0\" class=\"footnote_reference_container_label pointer\" onclick=\"footnote_expand_collapse_reference_container_2119_1();\">&#x202F;<\/span><span role=\"button\" tabindex=\"0\" class=\"footnote_reference_container_collapse_button\" style=\"display: none;\" onclick=\"footnote_expand_collapse_reference_container_2119_1();\">[<a id=\"footnote_reference_container_collapse_button_2119_1\">+<\/a>]<\/span><\/p><\/div> <div id=\"footnote_references_container_2119_1\" style=\"\"><table class=\"footnotes_table footnote-reference-container\"><caption class=\"accessibility\">References<\/caption> <tbody> \r\n\r\n<tr class=\"footnotes_plugin_reference_row\"> <th scope=\"row\" class=\"footnote_plugin_index_combi pointer\"  onclick=\"footnote_moveToAnchor_2119_1('footnote_plugin_tooltip_2119_1_1');\"><a id=\"footnote_plugin_reference_2119_1_1\" class=\"footnote_backlink\"><span class=\"footnote_index_arrow\">&#8593;<\/span>1<\/a><\/th> <td class=\"footnote_plugin_text\">\u00a7 4710.7.<\/td><\/tr>\r\n\r\n<tr class=\"footnotes_plugin_reference_row\"> <th scope=\"row\" class=\"footnote_plugin_index_combi pointer\"  onclick=\"footnote_moveToAnchor_2119_1('footnote_plugin_tooltip_2119_1_2');\"><a id=\"footnote_plugin_reference_2119_1_2\" class=\"footnote_backlink\"><span class=\"footnote_index_arrow\">&#8593;<\/span>2<\/a><\/th> <td class=\"footnote_plugin_text\">\u00a7 4710.7(b).<\/td><\/tr>\r\n\r\n<tr class=\"footnotes_plugin_reference_row\"> <th scope=\"row\" class=\"footnote_plugin_index_combi pointer\"  onclick=\"footnote_moveToAnchor_2119_1('footnote_plugin_tooltip_2119_1_3');\"><a id=\"footnote_plugin_reference_2119_1_3\" class=\"footnote_backlink\"><span class=\"footnote_index_arrow\">&#8593;<\/span>3<\/a><\/th> <td class=\"footnote_plugin_text\">\u00a7 4710.9(a).<\/td><\/tr>\r\n\r\n<tr class=\"footnotes_plugin_reference_row\"> <th scope=\"row\" class=\"footnote_plugin_index_combi pointer\"  onclick=\"footnote_moveToAnchor_2119_1('footnote_plugin_tooltip_2119_1_4');\"><a id=\"footnote_plugin_reference_2119_1_4\" class=\"footnote_backlink\"><span class=\"footnote_index_arrow\">&#8593;<\/span>4<\/a><\/th> <td class=\"footnote_plugin_text\">\u00a7 4710.9(b).<\/td><\/tr>\r\n\r\n <\/tbody> <\/table> <\/div><\/div><script type=\"text\/javascript\"> function footnote_expand_reference_container_2119_1() { jQuery('#footnote_references_container_2119_1').show(); jQuery('#footnote_reference_container_collapse_button_2119_1').text('\u2212'); } function footnote_collapse_reference_container_2119_1() { jQuery('#footnote_references_container_2119_1').hide(); jQuery('#footnote_reference_container_collapse_button_2119_1').text('+'); } function footnote_expand_collapse_reference_container_2119_1() { if (jQuery('#footnote_references_container_2119_1').is(':hidden')) { footnote_expand_reference_container_2119_1(); } else { footnote_collapse_reference_container_2119_1(); } } function footnote_moveToReference_2119_1(p_str_TargetID) { footnote_expand_reference_container_2119_1(); var l_obj_Target = jQuery('#' + p_str_TargetID); if (l_obj_Target.length) { jQuery( 'html, body' ).delay( 0 ); jQuery('html, body').animate({ scrollTop: l_obj_Target.offset().top - window.innerHeight * 0.2 }, 380); } } function footnote_moveToAnchor_2119_1(p_str_TargetID) { footnote_expand_reference_container_2119_1(); var l_obj_Target = jQuery('#' + p_str_TargetID); if (l_obj_Target.length) { jQuery( 'html, body' ).delay( 0 ); jQuery('html, body').animate({ scrollTop: l_obj_Target.offset().top - window.innerHeight * 0.2 }, 380); } }<\/script>","protected":false},"excerpt":{"rendered":"<p>Cu\u1ed9c h\u1ecdp kh\u00f4ng ch\u00ednh th\u1ee9c l\u00e0 cu\u1ed9c h\u1ecdp gi\u1eefa qu\u00fd v\u1ecb v\u00e0 ng\u01b0\u1eddi qu\u1ea3n l\u00fd c\u1ee7a trung t\u00e2m khu v\u1ef1c. Khi n\u1ed9p M\u1eabu \u0110\u01a1n Y\u00eau&hellip;<\/p>\n","protected":false},"author":1,"featured_media":0,"parent":2072,"menu_order":20,"comment_status":"closed","ping_status":"closed","template":"","meta":{"footnotes":""},"class_list":["post-2119","page","type-page","status-publish","hentry"],"_links":{"self":[{"href":"https:\/\/rula.disabilityrightsca.org\/vi\/wp-json\/wp\/v2\/pages\/2119","targetHints":{"allow":["GET"]}}],"collection":[{"href":"https:\/\/rula.disabilityrightsca.org\/vi\/wp-json\/wp\/v2\/pages"}],"about":[{"href":"https:\/\/rula.disabilityrightsca.org\/vi\/wp-json\/wp\/v2\/types\/page"}],"author":[{"embeddable":true,"href":"https:\/\/rula.disabilityrightsca.org\/vi\/wp-json\/wp\/v2\/users\/1"}],"replies":[{"embeddable":true,"href":"https:\/\/rula.disabilityrightsca.org\/vi\/wp-json\/wp\/v2\/comments?post=2119"}],"version-history":[{"count":5,"href":"https:\/\/rula.disabilityrightsca.org\/vi\/wp-json\/wp\/v2\/pages\/2119\/revisions"}],"predecessor-version":[{"id":3840,"href":"https:\/\/rula.disabilityrightsca.org\/vi\/wp-json\/wp\/v2\/pages\/2119\/revisions\/3840"}],"up":[{"embeddable":true,"href":"https:\/\/rula.disabilityrightsca.org\/vi\/wp-json\/wp\/v2\/pages\/2072"}],"wp:attachment":[{"href":"https:\/\/rula.disabilityrightsca.org\/vi\/wp-json\/wp\/v2\/media?parent=2119"}],"curies":[{"name":"wp","href":"https:\/\/api.w.org\/{rel}","templated":true}]}}