{"id":2115,"date":"2021-09-28T22:26:25","date_gmt":"2021-09-28T22:26:25","guid":{"rendered":"http:\/\/www.rula.disabilityrightsca.org\/vi\/?page_id=2115"},"modified":"2023-06-22T23:46:46","modified_gmt":"2023-06-22T23:46:46","slug":"10-18-if-i-am-in-the-self-determination-program-sdp-do-i-have-the-same-appeal-rights","status":"publish","type":"page","link":"https:\/\/rula.disabilityrightsca.org\/vi\/rula-book\/chapter-10-appeals-and-complaints-disagreements-with-regional-centers-developmental-centers-or-service-providers\/10-18-if-i-am-in-the-self-determination-program-sdp-do-i-have-the-same-appeal-rights\/","title":{"rendered":"(10.18) T\u00f4i c\u00f3 quy\u1ec1n g\u00ec \u0111\u1ec3 xem h\u1ed3 s\u01a1 c\u1ee7a m\u00ecnh t\u1ea1i trung t\u00e2m khu v\u1ef1c?"},"content":{"rendered":"\n<p>N\u1ebfu qu\u00fd v\u1ecb y\u00eau c\u1ea7u xem h\u1ed3 s\u01a1 c\u1ee7a qu\u00fd v\u1ecb, trung t\u00e2m khu v\u1ef1c c\u00f3 3 ng\u00e0y l\u00e0m vi\u1ec7c \u0111\u1ec3 cho qu\u00fd v\u1ecb xem nh\u1eefng h\u1ed3 s\u01a1 n\u00e0y.<span class=\"footnote_referrer\"><a role=\"button\" tabindex=\"0\" onclick=\"footnote_moveToReference_2115_1('footnote_plugin_reference_2115_1_1');\" onkeypress=\"footnote_moveToReference_2115_1('footnote_plugin_reference_2115_1_1');\" ><sup id=\"footnote_plugin_tooltip_2115_1_1\" class=\"footnote_plugin_tooltip_text\">[1]<\/sup><\/a><span id=\"footnote_plugin_tooltip_text_2115_1_1\" class=\"footnote_tooltip\">\u00a7\u00a7 4726, 4728. Lu\u1eadt quy \u0111\u1ecbnh qu\u00fd v\u1ecb c\u00f3 quy\u1ec1n ti\u1ebfp c\u1eadn t\u1eadp h\u1ed3 s\u01a1 c\u1ee7a qu\u00fd v\u1ecb tr\u01b0\u1edbc cu\u1ed9c h\u1ecdp t\u1ef1 nguy\u1ec7n kh\u00f4ng ch\u00ednh th\u1ee9c. Xem \u00a7 4710.7(d).<\/span><\/span><script type=\"text\/javascript\"> jQuery('#footnote_plugin_tooltip_2115_1_1').tooltip({ tip: '#footnote_plugin_tooltip_text_2115_1_1', tipClass: 'footnote_tooltip', effect: 'fade', predelay: 0, fadeInSpeed: 200, delay: 400, fadeOutSpeed: 200, position: 'top center', relative: true, offset: [-7, 0], });<\/script> Qu\u00fd v\u1ecb c\u00f3 quy\u1ec1n xem t\u1ea5t c\u1ea3 h\u1ed3 s\u01a1 trong h\u1ed3 s\u01a1 l\u01b0u tr\u1eef c\u1ee7a qu\u00fd v\u1ecb t\u1ea1i trung t\u00e2m khu v\u1ef1c, k\u1ec3 c\u1ea3 h\u1ed3 s\u01a1 t\u1eeb c\u00e1c c\u01a1 quan ho\u1eb7c ng\u01b0\u1eddi b\u00ean ngo\u00e0i.<span class=\"footnote_referrer\"><a role=\"button\" tabindex=\"0\" onclick=\"footnote_moveToReference_2115_1('footnote_plugin_reference_2115_1_2');\" onkeypress=\"footnote_moveToReference_2115_1('footnote_plugin_reference_2115_1_2');\" ><sup id=\"footnote_plugin_tooltip_2115_1_2\" class=\"footnote_plugin_tooltip_text\">[2]<\/sup><\/a><span id=\"footnote_plugin_tooltip_text_2115_1_2\" class=\"footnote_tooltip\">\u201cH\u1ed3 s\u01a1\u201d l\u00e0 b\u1ea5t k\u1ef3 t\u00e0i li\u1ec7u th\u00f4ng tin n\u00e0o m\u00e0 c\u01a1 quan d\u1ecbch v\u1ee5 c\u00f3, li\u00ean quan tr\u1ef1c ti\u1ebfp \u0111\u1ebfn m\u1ed9t ng\u01b0\u1eddi m\u1eafc ho\u1eb7c \u0111\u01b0\u1ee3c tin r\u1eb1ng m\u1eafc khuy\u1ebft t\u1eadt v\u1ec1 ph\u00e1t&nbsp;&#x2026; <span class=\"footnote_tooltip_continue\"  onclick=\"footnote_moveToReference_2115_1('footnote_plugin_reference_2115_1_2');\">Continue reading<\/span><\/span><\/span><script type=\"text\/javascript\"> jQuery('#footnote_plugin_tooltip_2115_1_2').tooltip({ tip: '#footnote_plugin_tooltip_text_2115_1_2', tipClass: 'footnote_tooltip', effect: 'fade', predelay: 0, fadeInSpeed: 200, delay: 400, fadeOutSpeed: 200, position: 'top center', relative: true, offset: [-7, 0], });<\/script><\/p>\n\n\n\n<p>Qu\u00fd v\u1ecb n\u00ean xem l\u1ea1i h\u1ed3 s\u01a1 l\u01b0u tr\u1eef c\u1ee7a m\u00ecnh v\u00e0 y\u00eau c\u1ea7u b\u1ea3n sao h\u1ed3 s\u01a1 qu\u00fd v\u1ecb c\u1ea7n tr\u01b0\u1edbc phi\u00ean \u0111i\u1ec1u tr\u1ea7n.<\/p>\n<div class=\"speaker-mute footnotes_reference_container\"> <div class=\"footnote_container_prepare\"><p><span role=\"button\" tabindex=\"0\" class=\"footnote_reference_container_label pointer\" onclick=\"footnote_expand_collapse_reference_container_2115_1();\">&#x202F;<\/span><span role=\"button\" tabindex=\"0\" class=\"footnote_reference_container_collapse_button\" style=\"display: none;\" onclick=\"footnote_expand_collapse_reference_container_2115_1();\">[<a id=\"footnote_reference_container_collapse_button_2115_1\">+<\/a>]<\/span><\/p><\/div> <div id=\"footnote_references_container_2115_1\" style=\"\"><table class=\"footnotes_table footnote-reference-container\"><caption class=\"accessibility\">References<\/caption> <tbody> \r\n\r\n<tr class=\"footnotes_plugin_reference_row\"> <th scope=\"row\" class=\"footnote_plugin_index_combi pointer\"  onclick=\"footnote_moveToAnchor_2115_1('footnote_plugin_tooltip_2115_1_1');\"><a id=\"footnote_plugin_reference_2115_1_1\" class=\"footnote_backlink\"><span class=\"footnote_index_arrow\">&#8593;<\/span>1<\/a><\/th> <td class=\"footnote_plugin_text\">\u00a7\u00a7 4726, 4728. Lu\u1eadt quy \u0111\u1ecbnh qu\u00fd v\u1ecb c\u00f3 quy\u1ec1n ti\u1ebfp c\u1eadn t\u1eadp h\u1ed3 s\u01a1 c\u1ee7a qu\u00fd v\u1ecb tr\u01b0\u1edbc cu\u1ed9c h\u1ecdp t\u1ef1 nguy\u1ec7n kh\u00f4ng ch\u00ednh th\u1ee9c. Xem \u00a7 4710.7(d).<\/td><\/tr>\r\n\r\n<tr class=\"footnotes_plugin_reference_row\"> <th scope=\"row\" class=\"footnote_plugin_index_combi pointer\"  onclick=\"footnote_moveToAnchor_2115_1('footnote_plugin_tooltip_2115_1_2');\"><a id=\"footnote_plugin_reference_2115_1_2\" class=\"footnote_backlink\"><span class=\"footnote_index_arrow\">&#8593;<\/span>2<\/a><\/th> <td class=\"footnote_plugin_text\">\u201cH\u1ed3 s\u01a1\u201d l\u00e0 b\u1ea5t k\u1ef3 t\u00e0i li\u1ec7u th\u00f4ng tin n\u00e0o m\u00e0 c\u01a1 quan d\u1ecbch v\u1ee5 c\u00f3, li\u00ean quan tr\u1ef1c ti\u1ebfp \u0111\u1ebfn m\u1ed9t ng\u01b0\u1eddi m\u1eafc ho\u1eb7c \u0111\u01b0\u1ee3c tin r\u1eb1ng m\u1eafc khuy\u1ebft t\u1eadt v\u1ec1 ph\u00e1t tri\u1ec3n. H\u1ed3 s\u01a1 bao g\u1ed3m th\u00f4ng tin vi\u1ebft tay, t\u00e0i li\u1ec7u in, b\u0103ng, phim, vi phim hay c\u00e1c th\u00f4ng tin kh\u00e1c. \u00a7 4725(b).<\/td><\/tr>\r\n\r\n <\/tbody> <\/table> <\/div><\/div><script type=\"text\/javascript\"> function footnote_expand_reference_container_2115_1() { jQuery('#footnote_references_container_2115_1').show(); jQuery('#footnote_reference_container_collapse_button_2115_1').text('\u2212'); } function footnote_collapse_reference_container_2115_1() { jQuery('#footnote_references_container_2115_1').hide(); jQuery('#footnote_reference_container_collapse_button_2115_1').text('+'); } function footnote_expand_collapse_reference_container_2115_1() { if (jQuery('#footnote_references_container_2115_1').is(':hidden')) { footnote_expand_reference_container_2115_1(); } else { footnote_collapse_reference_container_2115_1(); } } function footnote_moveToReference_2115_1(p_str_TargetID) { footnote_expand_reference_container_2115_1(); var l_obj_Target = jQuery('#' + p_str_TargetID); if (l_obj_Target.length) { jQuery( 'html, body' ).delay( 0 ); jQuery('html, body').animate({ scrollTop: l_obj_Target.offset().top - window.innerHeight * 0.2 }, 380); } } function footnote_moveToAnchor_2115_1(p_str_TargetID) { footnote_expand_reference_container_2115_1(); var l_obj_Target = jQuery('#' + p_str_TargetID); if (l_obj_Target.length) { jQuery( 'html, body' ).delay( 0 ); jQuery('html, body').animate({ scrollTop: l_obj_Target.offset().top - window.innerHeight * 0.2 }, 380); } }<\/script>","protected":false},"excerpt":{"rendered":"<p>N\u1ebfu qu\u00fd v\u1ecb y\u00eau c\u1ea7u xem h\u1ed3 s\u01a1 c\u1ee7a qu\u00fd v\u1ecb, trung t\u00e2m khu v\u1ef1c c\u00f3 3 ng\u00e0y l\u00e0m vi\u1ec7c \u0111\u1ec3 cho qu\u00fd v\u1ecb xem&hellip;<\/p>\n","protected":false},"author":1,"featured_media":0,"parent":2072,"menu_order":18,"comment_status":"closed","ping_status":"closed","template":"","meta":{"footnotes":""},"class_list":["post-2115","page","type-page","status-publish","hentry"],"_links":{"self":[{"href":"https:\/\/rula.disabilityrightsca.org\/vi\/wp-json\/wp\/v2\/pages\/2115","targetHints":{"allow":["GET"]}}],"collection":[{"href":"https:\/\/rula.disabilityrightsca.org\/vi\/wp-json\/wp\/v2\/pages"}],"about":[{"href":"https:\/\/rula.disabilityrightsca.org\/vi\/wp-json\/wp\/v2\/types\/page"}],"author":[{"embeddable":true,"href":"https:\/\/rula.disabilityrightsca.org\/vi\/wp-json\/wp\/v2\/users\/1"}],"replies":[{"embeddable":true,"href":"https:\/\/rula.disabilityrightsca.org\/vi\/wp-json\/wp\/v2\/comments?post=2115"}],"version-history":[{"count":6,"href":"https:\/\/rula.disabilityrightsca.org\/vi\/wp-json\/wp\/v2\/pages\/2115\/revisions"}],"predecessor-version":[{"id":3557,"href":"https:\/\/rula.disabilityrightsca.org\/vi\/wp-json\/wp\/v2\/pages\/2115\/revisions\/3557"}],"up":[{"embeddable":true,"href":"https:\/\/rula.disabilityrightsca.org\/vi\/wp-json\/wp\/v2\/pages\/2072"}],"wp:attachment":[{"href":"https:\/\/rula.disabilityrightsca.org\/vi\/wp-json\/wp\/v2\/media?parent=2115"}],"curies":[{"name":"wp","href":"https:\/\/api.w.org\/{rel}","templated":true}]}}