{"id":2113,"date":"2021-09-28T22:25:32","date_gmt":"2021-09-28T22:25:32","guid":{"rendered":"http:\/\/www.rula.disabilityrightsca.org\/vi\/?page_id=2113"},"modified":"2023-06-22T23:45:38","modified_gmt":"2023-06-22T23:45:38","slug":"10-17-can-i-get-help-to-appeal-if-i-am-in-porterville-developmental-center-or-canyon-springs-community-facility","status":"publish","type":"page","link":"https:\/\/rula.disabilityrightsca.org\/vi\/rula-book\/chapter-10-appeals-and-complaints-disagreements-with-regional-centers-developmental-centers-or-service-providers\/10-17-can-i-get-help-to-appeal-if-i-am-in-porterville-developmental-center-or-canyon-springs-community-facility\/","title":{"rendered":"(10.17) T\u00f4i co\u0301 quy\u00ea\u0300n gi\u0300 trong quy tri\u0300nh kh\u00e1ng c\u00e1o?"},"content":{"rendered":"\n<p>Qu\u00fd v\u1ecb c\u00f3 quy\u1ec1n:<\/p>\n\n\n\n<ul class=\"wp-block-list\"><li>Tham d\u1ef1 t\u1ea5t c\u1ea3 c\u00e1c cu\u1ed9c h\u1ecdp trong qu\u00e1 tr\u00ecnh kh\u00e1ng c\u00e1o. <span class=\"footnote_referrer\"><a role=\"button\" tabindex=\"0\" onclick=\"footnote_moveToReference_2113_1('footnote_plugin_reference_2113_1_1');\" onkeypress=\"footnote_moveToReference_2113_1('footnote_plugin_reference_2113_1_1');\" ><sup id=\"footnote_plugin_tooltip_2113_1_1\" class=\"footnote_plugin_tooltip_text\">[1]<\/sup><\/a><span id=\"footnote_plugin_tooltip_text_2113_1_1\" class=\"footnote_tooltip\">\u00a7 4701(a)(9<\/span><\/span><script type=\"text\/javascript\"> jQuery('#footnote_plugin_tooltip_2113_1_1').tooltip({ tip: '#footnote_plugin_tooltip_text_2113_1_1', tipClass: 'footnote_tooltip', effect: 'fade', predelay: 0, fadeInSpeed: 200, delay: 400, fadeOutSpeed: 200, position: 'top center', relative: true, offset: [-7, 0], });<\/script><\/li><li>Cung c\u1ea5p b\u1eb1ng ch\u1ee9ng b\u1eb1ng v\u0103n b\u1ea3n ho\u1eb7c l\u1eddi n\u00f3i. <span class=\"footnote_referrer\"><a role=\"button\" tabindex=\"0\" onclick=\"footnote_moveToReference_2113_1('footnote_plugin_reference_2113_1_2');\" onkeypress=\"footnote_moveToReference_2113_1('footnote_plugin_reference_2113_1_2');\" ><sup id=\"footnote_plugin_tooltip_2113_1_2\" class=\"footnote_plugin_tooltip_text\">[2]<\/sup><\/a><span id=\"footnote_plugin_tooltip_text_2113_1_2\" class=\"footnote_tooltip\">\u00a7 4701(a)(9)<\/span><\/span><script type=\"text\/javascript\"> jQuery('#footnote_plugin_tooltip_2113_1_2').tooltip({ tip: '#footnote_plugin_tooltip_text_2113_1_2', tipClass: 'footnote_tooltip', effect: 'fade', predelay: 0, fadeInSpeed: 200, delay: 400, fadeOutSpeed: 200, position: 'top center', relative: true, offset: [-7, 0], });<\/script><\/li><li>C\u00f3 nh\u00e2n ch\u1ee9ng \u0111\u1ebfn l\u00e0m ch\u1ee9ng cho qu\u00fd v\u1ecb. <span class=\"footnote_referrer\"><a role=\"button\" tabindex=\"0\" onclick=\"footnote_moveToReference_2113_1('footnote_plugin_reference_2113_1_3');\" onkeypress=\"footnote_moveToReference_2113_1('footnote_plugin_reference_2113_1_3');\" ><sup id=\"footnote_plugin_tooltip_2113_1_3\" class=\"footnote_plugin_tooltip_text\">[3]<\/sup><\/a><span id=\"footnote_plugin_tooltip_text_2113_1_3\" class=\"footnote_tooltip\">\u00a7 4701(a)(9)<\/span><\/span><script type=\"text\/javascript\"> jQuery('#footnote_plugin_tooltip_2113_1_3').tooltip({ tip: '#footnote_plugin_tooltip_text_2113_1_3', tipClass: 'footnote_tooltip', effect: 'fade', predelay: 0, fadeInSpeed: 200, delay: 400, fadeOutSpeed: 200, position: 'top center', relative: true, offset: [-7, 0], });<\/script><\/li><li>Th\u1ea9m v\u1ea5n ch\u00e9o nh\u00e2n ch\u1ee9ng c\u1ee7a trung t\u00e2m khu v\u1ef1c. <span class=\"footnote_referrer\"><a role=\"button\" tabindex=\"0\" onclick=\"footnote_moveToReference_2113_1('footnote_plugin_reference_2113_1_4');\" onkeypress=\"footnote_moveToReference_2113_1('footnote_plugin_reference_2113_1_4');\" ><sup id=\"footnote_plugin_tooltip_2113_1_4\" class=\"footnote_plugin_tooltip_text\">[4]<\/sup><\/a><span id=\"footnote_plugin_tooltip_text_2113_1_4\" class=\"footnote_tooltip\">\u00a7 4701(a)(9)<\/span><\/span><script type=\"text\/javascript\"> jQuery('#footnote_plugin_tooltip_2113_1_4').tooltip({ tip: '#footnote_plugin_tooltip_text_2113_1_4', tipClass: 'footnote_tooltip', effect: 'fade', predelay: 0, fadeInSpeed: 200, delay: 400, fadeOutSpeed: 200, position: 'top center', relative: true, offset: [-7, 0], });<\/script><\/li><li>L\u00ean ti\u1ebfng cho b\u1ea3n th\u00e2n t\u1ea1i phi\u00ean \u0111i\u1ec1u tr\u1ea7n. <span class=\"footnote_referrer\"><a role=\"button\" tabindex=\"0\" onclick=\"footnote_moveToReference_2113_1('footnote_plugin_reference_2113_1_5');\" onkeypress=\"footnote_moveToReference_2113_1('footnote_plugin_reference_2113_1_5');\" ><sup id=\"footnote_plugin_tooltip_2113_1_5\" class=\"footnote_plugin_tooltip_text\">[5]<\/sup><\/a><span id=\"footnote_plugin_tooltip_text_2113_1_5\" class=\"footnote_tooltip\">\u00a7 4701(a)(9)<\/span><\/span><script type=\"text\/javascript\"> jQuery('#footnote_plugin_tooltip_2113_1_5').tooltip({ tip: '#footnote_plugin_tooltip_text_2113_1_5', tipClass: 'footnote_tooltip', effect: 'fade', predelay: 0, fadeInSpeed: 200, delay: 400, fadeOutSpeed: 200, position: 'top center', relative: true, offset: [-7, 0], });<\/script><\/li><li>C\u00f3 ng\u01b0\u1eddi b\u00eanh v\u1ef1c, lu\u1eadt s\u01b0 ho\u1eb7c ng\u01b0\u1eddi kh\u00e1c \u0111\u1ea1i di\u1ec7n cho qu\u00fd v\u1ecb.<ul><li>Trung t\u00e2m khu v\u1ef1c kh\u00f4ng th\u1ec3 c\u00f3 lu\u1eadt s\u01b0 tham d\u1ef1 cu\u1ed9c h\u1ecdp kh\u00f4ng ch\u00ednh th\u1ee9c, h\u00f2a gi\u1ea3i ho\u1eb7c phi\u00ean \u0111i\u1ec1u tr\u1ea7n tr\u1eeb khi qu\u00fd v\u1ecb l\u00e0 lu\u1eadt s\u01b0 ho\u1eb7c \u0111\u01b0a lu\u1eadt s\u01b0 \u0111i c\u00f9ng qu\u00fd v\u1ecb.<span class=\"footnote_referrer\"><a role=\"button\" tabindex=\"0\" onclick=\"footnote_moveToReference_2113_1('footnote_plugin_reference_2113_1_6');\" onkeypress=\"footnote_moveToReference_2113_1('footnote_plugin_reference_2113_1_6');\" ><sup id=\"footnote_plugin_tooltip_2113_1_6\" class=\"footnote_plugin_tooltip_text\">[6]<\/sup><\/a><span id=\"footnote_plugin_tooltip_text_2113_1_6\" class=\"footnote_tooltip\">\u00a7 4705.5<\/span><\/span><script type=\"text\/javascript\"> jQuery('#footnote_plugin_tooltip_2113_1_6').tooltip({ tip: '#footnote_plugin_tooltip_text_2113_1_6', tipClass: 'footnote_tooltip', effect: 'fade', predelay: 0, fadeInSpeed: 200, delay: 400, fadeOutSpeed: 200, position: 'top center', relative: true, offset: [-7, 0], });<\/script><\/li><\/ul><ul><li>Qu\u00fd v\u1ecb ph\u1ea3i b\u00e1o cho trung t\u00e2m khu v\u1ef1c n\u1ebfu qu\u00fd v\u1ecb s\u1ebd \u0111\u01b0a m\u1ed9t lu\u1eadt s\u01b0 \u0111\u1ebfn c\u00f9ng qu\u00fd v\u1ecb 5 ng\u00e0y tr\u01b0\u1edbc bu\u1ed5i h\u00f2a gi\u1ea3i v\u00e0 15 ng\u00e0y tr\u01b0\u1edbc phi\u00ean \u0111i\u1ec1u tr\u1ea7n. <span class=\"footnote_referrer\"><a role=\"button\" tabindex=\"0\" onclick=\"footnote_moveToReference_2113_1('footnote_plugin_reference_2113_1_7');\" onkeypress=\"footnote_moveToReference_2113_1('footnote_plugin_reference_2113_1_7');\" ><sup id=\"footnote_plugin_tooltip_2113_1_7\" class=\"footnote_plugin_tooltip_text\">[7]<\/sup><\/a><span id=\"footnote_plugin_tooltip_text_2113_1_7\" class=\"footnote_tooltip\">\u00a7 4705.5<\/span><\/span><script type=\"text\/javascript\"> jQuery('#footnote_plugin_tooltip_2113_1_7').tooltip({ tip: '#footnote_plugin_tooltip_text_2113_1_7', tipClass: 'footnote_tooltip', effect: 'fade', predelay: 0, fadeInSpeed: 200, delay: 400, fadeOutSpeed: 200, position: 'top center', relative: true, offset: [-7, 0], });<\/script><\/li><\/ul><\/li><li>H\u1ee7y t\u01b0 c\u00e1ch m\u1ed9t chuy\u00ean vi\u00ean \u0111\u1eb7c tr\u00e1ch \u0111i\u1ec1u tr\u1ea7n trong m\u1ed9t s\u1ed1 tr\u01b0\u1eddng h\u1ee3p nh\u1ea5t \u0111\u1ecbnh. <span class=\"footnote_referrer\"><a role=\"button\" tabindex=\"0\" onclick=\"footnote_moveToReference_2113_1('footnote_plugin_reference_2113_1_8');\" onkeypress=\"footnote_moveToReference_2113_1('footnote_plugin_reference_2113_1_8');\" ><sup id=\"footnote_plugin_tooltip_2113_1_8\" class=\"footnote_plugin_tooltip_text\">[8]<\/sup><\/a><span id=\"footnote_plugin_tooltip_text_2113_1_8\" class=\"footnote_tooltip\">\u00a7 4701(a)(9)<\/span><\/span><script type=\"text\/javascript\"> jQuery('#footnote_plugin_tooltip_2113_1_8').tooltip({ tip: '#footnote_plugin_tooltip_text_2113_1_8', tipClass: 'footnote_tooltip', effect: 'fade', predelay: 0, fadeInSpeed: 200, delay: 400, fadeOutSpeed: 200, position: 'top center', relative: true, offset: [-7, 0], });<\/script><\/li><li>C\u00f3 m\u1ed9t th\u00f4ng d\u1ecbch vi\u00ean \u0111\u1ec3 phi\u00ean d\u1ecbch sang ng\u00f4n ng\u1eef \u01b0u ti\u00ean c\u1ee7a qu\u00fd v\u1ecb ho\u1eb7c ng\u01b0\u1eddi \u0111\u1ea1i di\u1ec7n \u0111\u01b0\u1ee3c \u1ee7y quy\u1ec1n c\u1ee7a qu\u00fd v\u1ecb. <span class=\"footnote_referrer\"><a role=\"button\" tabindex=\"0\" onclick=\"footnote_moveToReference_2113_1('footnote_plugin_reference_2113_1_9');\" onkeypress=\"footnote_moveToReference_2113_1('footnote_plugin_reference_2113_1_9');\" ><sup id=\"footnote_plugin_tooltip_2113_1_9\" class=\"footnote_plugin_tooltip_text\">[9]<\/sup><\/a><span id=\"footnote_plugin_tooltip_text_2113_1_9\" class=\"footnote_tooltip\">\u00a7 4701(a)(8)<\/span><\/span><script type=\"text\/javascript\"> jQuery('#footnote_plugin_tooltip_2113_1_9').tooltip({ tip: '#footnote_plugin_tooltip_text_2113_1_9', tipClass: 'footnote_tooltip', effect: 'fade', predelay: 0, fadeInSpeed: 200, delay: 400, fadeOutSpeed: 200, position: 'top center', relative: true, offset: [-7, 0], });<\/script><\/li><li>Xem h\u1ed3 s\u01a1 c\u1ee7a trung t\u00e2m khu v\u1ef1c v\u1ec1 qu\u00fd v\u1ecb v\u00e0 v\u1ee5 vi\u1ec7c c\u1ee7a qu\u00fd v\u1ecb. <span class=\"footnote_referrer\"><a role=\"button\" tabindex=\"0\" onclick=\"footnote_moveToReference_2113_1('footnote_plugin_reference_2113_1_10');\" onkeypress=\"footnote_moveToReference_2113_1('footnote_plugin_reference_2113_1_10');\" ><sup id=\"footnote_plugin_tooltip_2113_1_10\" class=\"footnote_plugin_tooltip_text\">[10]<\/sup><\/a><span id=\"footnote_plugin_tooltip_text_2113_1_10\" class=\"footnote_tooltip\">\u00a7 4701(a)(8)<\/span><\/span><script type=\"text\/javascript\"> jQuery('#footnote_plugin_tooltip_2113_1_10').tooltip({ tip: '#footnote_plugin_tooltip_text_2113_1_10', tipClass: 'footnote_tooltip', effect: 'fade', predelay: 0, fadeInSpeed: 200, delay: 400, fadeOutSpeed: 200, position: 'top center', relative: true, offset: [-7, 0], });<\/script><\/li><\/ul>\n\n\n\n<p>Trung t\u00e2m khu v\u1ef1c ph\u1ea3i cung c\u1ea5p cho qu\u00fd v\u1ecb v\u0103n b\u1ea3n gi\u1ea3i th\u00edch quy\u1ec1n c\u1ee7a qu\u00fd v\u1ecb. H\u1ecd c\u0169ng ph\u1ea3i cung c\u1ea5p cho qu\u00fd v\u1ecb v\u0103n b\u1ea3n th\u00f4ng tin v\u1ec1 n\u01a1i \u0111\u1ec3 nh\u1eadn tr\u1ee3 gi\u00fap b\u00eanh v\u1ef1c, ch\u1eb3ng h\u1ea1n nh\u01b0 t\u1eeb Ng\u01b0\u1eddi B\u00eanh V\u1ef1c Quy\u1ec1n L\u1ee3i Kh\u00e1ch H\u00e0ng, SCDD v\u00e0 Disability Rights California. <span class=\"footnote_referrer\"><a role=\"button\" tabindex=\"0\" onclick=\"footnote_moveToReference_2113_1('footnote_plugin_reference_2113_1_11');\" onkeypress=\"footnote_moveToReference_2113_1('footnote_plugin_reference_2113_1_11');\" ><sup id=\"footnote_plugin_tooltip_2113_1_11\" class=\"footnote_plugin_tooltip_text\">[11]<\/sup><\/a><span id=\"footnote_plugin_tooltip_text_2113_1_11\" class=\"footnote_tooltip\">\u00a7 4701(a)(5).<\/span><\/span><script type=\"text\/javascript\"> jQuery('#footnote_plugin_tooltip_2113_1_11').tooltip({ tip: '#footnote_plugin_tooltip_text_2113_1_11', tipClass: 'footnote_tooltip', effect: 'fade', predelay: 0, fadeInSpeed: 200, delay: 400, fadeOutSpeed: 200, position: 'top center', relative: true, offset: [-7, 0], });<\/script><\/p>\n<div class=\"speaker-mute footnotes_reference_container\"> <div class=\"footnote_container_prepare\"><p><span role=\"button\" tabindex=\"0\" class=\"footnote_reference_container_label pointer\" onclick=\"footnote_expand_collapse_reference_container_2113_1();\">&#x202F;<\/span><span role=\"button\" tabindex=\"0\" class=\"footnote_reference_container_collapse_button\" style=\"display: none;\" onclick=\"footnote_expand_collapse_reference_container_2113_1();\">[<a id=\"footnote_reference_container_collapse_button_2113_1\">+<\/a>]<\/span><\/p><\/div> <div id=\"footnote_references_container_2113_1\" style=\"\"><table class=\"footnotes_table footnote-reference-container\"><caption class=\"accessibility\">References<\/caption> <tbody> \r\n\r\n<tr class=\"footnotes_plugin_reference_row\"> <th scope=\"row\" class=\"footnote_plugin_index_combi pointer\"  onclick=\"footnote_moveToAnchor_2113_1('footnote_plugin_tooltip_2113_1_1');\"><a id=\"footnote_plugin_reference_2113_1_1\" class=\"footnote_backlink\"><span class=\"footnote_index_arrow\">&#8593;<\/span>1<\/a><\/th> <td class=\"footnote_plugin_text\">\u00a7 4701(a)(9<\/td><\/tr>\r\n\r\n<tr class=\"footnotes_plugin_reference_row\"> <th scope=\"row\" class=\"footnote_plugin_index_combi\" ><a id=\"footnote_plugin_reference_2113_1_2\" class=\"footnote_backlink\" onclick=\"footnote_moveToAnchor_2113_1('footnote_plugin_tooltip_2113_1_2');\"><span class=\"footnote_index_arrow\">&#8593;<\/span>2,<\/a> <a id=\"footnote_plugin_reference_2113_1_3\" class=\"footnote_backlink\" onclick=\"footnote_moveToAnchor_2113_1('footnote_plugin_tooltip_2113_1_3');\"><span class=\"footnote_index_arrow\">&#8593;<\/span>3,<\/a> <a id=\"footnote_plugin_reference_2113_1_4\" class=\"footnote_backlink\" onclick=\"footnote_moveToAnchor_2113_1('footnote_plugin_tooltip_2113_1_4');\"><span class=\"footnote_index_arrow\">&#8593;<\/span>4,<\/a> <a id=\"footnote_plugin_reference_2113_1_5\" class=\"footnote_backlink\" onclick=\"footnote_moveToAnchor_2113_1('footnote_plugin_tooltip_2113_1_5');\"><span class=\"footnote_index_arrow\">&#8593;<\/span>5,<\/a> <a id=\"footnote_plugin_reference_2113_1_8\" class=\"footnote_backlink\" onclick=\"footnote_moveToAnchor_2113_1('footnote_plugin_tooltip_2113_1_8');\"><span class=\"footnote_index_arrow\">&#8593;<\/span>8<\/a><\/th> <td class=\"footnote_plugin_text\">\u00a7 4701(a)(9)<\/td><\/tr>\r\n\r\n<tr class=\"footnotes_plugin_reference_row\"> <th scope=\"row\" class=\"footnote_plugin_index_combi\" ><a id=\"footnote_plugin_reference_2113_1_6\" class=\"footnote_backlink\" onclick=\"footnote_moveToAnchor_2113_1('footnote_plugin_tooltip_2113_1_6');\"><span class=\"footnote_index_arrow\">&#8593;<\/span>6,<\/a> <a id=\"footnote_plugin_reference_2113_1_7\" class=\"footnote_backlink\" onclick=\"footnote_moveToAnchor_2113_1('footnote_plugin_tooltip_2113_1_7');\"><span class=\"footnote_index_arrow\">&#8593;<\/span>7<\/a><\/th> <td class=\"footnote_plugin_text\">\u00a7 4705.5<\/td><\/tr>\r\n\r\n<tr class=\"footnotes_plugin_reference_row\"> <th scope=\"row\" class=\"footnote_plugin_index_combi\" ><a id=\"footnote_plugin_reference_2113_1_9\" class=\"footnote_backlink\" onclick=\"footnote_moveToAnchor_2113_1('footnote_plugin_tooltip_2113_1_9');\"><span class=\"footnote_index_arrow\">&#8593;<\/span>9,<\/a> <a id=\"footnote_plugin_reference_2113_1_10\" class=\"footnote_backlink\" onclick=\"footnote_moveToAnchor_2113_1('footnote_plugin_tooltip_2113_1_10');\"><span class=\"footnote_index_arrow\">&#8593;<\/span>10<\/a><\/th> <td class=\"footnote_plugin_text\">\u00a7 4701(a)(8)<\/td><\/tr>\r\n\r\n<tr class=\"footnotes_plugin_reference_row\"> <th scope=\"row\" class=\"footnote_plugin_index_combi pointer\"  onclick=\"footnote_moveToAnchor_2113_1('footnote_plugin_tooltip_2113_1_11');\"><a id=\"footnote_plugin_reference_2113_1_11\" class=\"footnote_backlink\"><span class=\"footnote_index_arrow\">&#8593;<\/span>11<\/a><\/th> <td class=\"footnote_plugin_text\">\u00a7 4701(a)(5).<\/td><\/tr>\r\n\r\n <\/tbody> <\/table> <\/div><\/div><script type=\"text\/javascript\"> function footnote_expand_reference_container_2113_1() { jQuery('#footnote_references_container_2113_1').show(); jQuery('#footnote_reference_container_collapse_button_2113_1').text('\u2212'); } function footnote_collapse_reference_container_2113_1() { jQuery('#footnote_references_container_2113_1').hide(); jQuery('#footnote_reference_container_collapse_button_2113_1').text('+'); } function footnote_expand_collapse_reference_container_2113_1() { if (jQuery('#footnote_references_container_2113_1').is(':hidden')) { footnote_expand_reference_container_2113_1(); } else { footnote_collapse_reference_container_2113_1(); } } function footnote_moveToReference_2113_1(p_str_TargetID) { footnote_expand_reference_container_2113_1(); var l_obj_Target = jQuery('#' + p_str_TargetID); if (l_obj_Target.length) { jQuery( 'html, body' ).delay( 0 ); jQuery('html, body').animate({ scrollTop: l_obj_Target.offset().top - window.innerHeight * 0.2 }, 380); } } function footnote_moveToAnchor_2113_1(p_str_TargetID) { footnote_expand_reference_container_2113_1(); var l_obj_Target = jQuery('#' + p_str_TargetID); if (l_obj_Target.length) { jQuery( 'html, body' ).delay( 0 ); jQuery('html, body').animate({ scrollTop: l_obj_Target.offset().top - window.innerHeight * 0.2 }, 380); } }<\/script>","protected":false},"excerpt":{"rendered":"<p>Qu\u00fd v\u1ecb c\u00f3 quy\u1ec1n: Tham d\u1ef1 t\u1ea5t c\u1ea3 c\u00e1c cu\u1ed9c h\u1ecdp trong qu\u00e1 tr\u00ecnh kh\u00e1ng c\u00e1o. [1]\u00a7 4701(a)(9 Cung c\u1ea5p b\u1eb1ng ch\u1ee9ng b\u1eb1ng v\u0103n b\u1ea3n&hellip;<\/p>\n","protected":false},"author":1,"featured_media":0,"parent":2072,"menu_order":17,"comment_status":"closed","ping_status":"closed","template":"","meta":{"footnotes":""},"class_list":["post-2113","page","type-page","status-publish","hentry"],"_links":{"self":[{"href":"https:\/\/rula.disabilityrightsca.org\/vi\/wp-json\/wp\/v2\/pages\/2113","targetHints":{"allow":["GET"]}}],"collection":[{"href":"https:\/\/rula.disabilityrightsca.org\/vi\/wp-json\/wp\/v2\/pages"}],"about":[{"href":"https:\/\/rula.disabilityrightsca.org\/vi\/wp-json\/wp\/v2\/types\/page"}],"author":[{"embeddable":true,"href":"https:\/\/rula.disabilityrightsca.org\/vi\/wp-json\/wp\/v2\/users\/1"}],"replies":[{"embeddable":true,"href":"https:\/\/rula.disabilityrightsca.org\/vi\/wp-json\/wp\/v2\/comments?post=2113"}],"version-history":[{"count":4,"href":"https:\/\/rula.disabilityrightsca.org\/vi\/wp-json\/wp\/v2\/pages\/2113\/revisions"}],"predecessor-version":[{"id":3555,"href":"https:\/\/rula.disabilityrightsca.org\/vi\/wp-json\/wp\/v2\/pages\/2113\/revisions\/3555"}],"up":[{"embeddable":true,"href":"https:\/\/rula.disabilityrightsca.org\/vi\/wp-json\/wp\/v2\/pages\/2072"}],"wp:attachment":[{"href":"https:\/\/rula.disabilityrightsca.org\/vi\/wp-json\/wp\/v2\/media?parent=2113"}],"curies":[{"name":"wp","href":"https:\/\/api.w.org\/{rel}","templated":true}]}}