{"id":2111,"date":"2021-09-28T22:24:22","date_gmt":"2021-09-28T22:24:22","guid":{"rendered":"http:\/\/www.rula.disabilityrightsca.org\/vi\/?page_id=2111"},"modified":"2023-06-22T23:44:26","modified_gmt":"2023-06-22T23:44:26","slug":"10-16-how-can-ocras-clients-rights-advocate-help-me","status":"publish","type":"page","link":"https:\/\/rula.disabilityrightsca.org\/vi\/rula-book\/chapter-10-appeals-and-complaints-disagreements-with-regional-centers-developmental-centers-or-service-providers\/10-16-how-can-ocras-clients-rights-advocate-help-me\/","title":{"rendered":"(10.16) Ng\u01b0\u1eddi B\u00eanh V\u1ef1c Quy\u1ec1n L\u1ee3i Kh\u00e1ch H\u00e0ng c\u1ee7a OCRA c\u00f3 th\u1ec3 tr\u1ee3 gi\u00fap t\u00f4i nh\u01b0 th\u1ebf n\u00e0o?"},"content":{"rendered":"\n<p>Kh\u00e1ch h\u00e0ng c\u1ee7a m\u1ecdi trung t\u00e2m khu v\u1ef1c \u0111\u1ec1u c\u00f3 Ng\u01b0\u1eddi B\u00eanh V\u1ef1c Quy\u1ec1n L\u1ee3i Kh\u00e1ch H\u00e0ng (Clients\u2019 Rights Advocate, CRA). Tuy nhi\u00ean, CRA kh\u00f4ng l\u00e0m vi\u1ec7c cho trung t\u00e2m khu v\u1ef1c, k\u1ec3 c\u1ea3 khi v\u0103n ph\u00f2ng c\u1ee7a h\u1ecd \u1edf \u0111\u00f3.<span class=\"footnote_referrer\"><a role=\"button\" tabindex=\"0\" onclick=\"footnote_moveToReference_2111_1('footnote_plugin_reference_2111_1_1');\" onkeypress=\"footnote_moveToReference_2111_1('footnote_plugin_reference_2111_1_1');\" ><sup id=\"footnote_plugin_tooltip_2111_1_1\" class=\"footnote_plugin_tooltip_text\">[1]<\/sup><\/a><span id=\"footnote_plugin_tooltip_text_2111_1_1\" class=\"footnote_tooltip\">\u00a7 4433.<\/span><\/span><script type=\"text\/javascript\"> jQuery('#footnote_plugin_tooltip_2111_1_1').tooltip({ tip: '#footnote_plugin_tooltip_text_2111_1_1', tipClass: 'footnote_tooltip', effect: 'fade', predelay: 0, fadeInSpeed: 200, delay: 400, fadeOutSpeed: 200, position: 'top center', relative: true, offset: [-7, 0], });<\/script><\/p>\n\n\n\n<p>V\u0103n Ph\u00f2ng B\u00eanh V\u1ef1c Quy\u1ec1n L\u1ee3i Kh\u00e1ch H\u00e0ng (OCRA) l\u00e0 v\u0103n ph\u00f2ng to\u00e0n ti\u1ec3u bang do Disability Rights California \u0111i\u1ec1u h\u00e0nh, th\u00f4ng qua h\u1ee3p \u0111\u1ed3ng v\u1edbi S\u1edf D\u1ecbch V\u1ee5 Ph\u00e1t Tri\u1ec3n (Department of Developmental Services, DDS) California. OCRA tuy\u1ec3n d\u1ee5ng Ng\u01b0\u1eddi B\u00eanh V\u1ef1c Quy\u1ec1n L\u1ee3i Kh\u00e1ch H\u00e0ng (CRA) \u0111\u1ec3 h\u1ed7 tr\u1ee3 kh\u00e1ch h\u00e0ng c\u1ee7a m\u1ed7i trung t\u00e2m khu v\u1ef1c.<\/p>\n\n\n\n<p>C\u00f4ng vi\u1ec7c c\u1ee7a CRA l\u00e0 gi\u00fap b\u1ea3o v\u1ec7 c\u00e1c quy\u1ec1n ph\u00e1p l\u00fd, quy\u1ec1n nh\u1eadn d\u1ecbch v\u1ee5 v\u00e0 quy\u1ec1n con ng\u01b0\u1eddi c\u1ee7a qu\u00fd v\u1ecb. Nhi\u1ec7m v\u1ee5 n\u00e0y bao g\u1ed3m vi\u1ec7c gi\u00fap qu\u00fd v\u1ecb kh\u00e1ng c\u00e1o \u0111\u1ed1i v\u1edbi trung t\u00e2m khu v\u1ef1c v\u00e0 c\u00e1c c\u01a1 quan kh\u00e1c.<span class=\"footnote_referrer\"><a role=\"button\" tabindex=\"0\" onclick=\"footnote_moveToReference_2111_1('footnote_plugin_reference_2111_1_2');\" onkeypress=\"footnote_moveToReference_2111_1('footnote_plugin_reference_2111_1_2');\" ><sup id=\"footnote_plugin_tooltip_2111_1_2\" class=\"footnote_plugin_tooltip_text\">[2]<\/sup><\/a><span id=\"footnote_plugin_tooltip_text_2111_1_2\" class=\"footnote_tooltip\">Xem \u00a7 4433(d)(1). Xem th\u00eam B\u1ed9 Lu\u1eadt C\u00e1c Quy \u0110\u1ecbnh California, ti\u00eau \u0111\u1ec1 17, \u00a7 50540, cho ph\u00e9p qu\u00fd v\u1ecb ho\u1eb7c ng\u01b0\u1eddi \u0111\u1ea1i di\u1ec7n c\u1ee7a qu\u00fd v\u1ecb n\u1ed9p \u0111\u01a1n khi\u1ebfu n\u1ea1i cho&nbsp;&#x2026; <span class=\"footnote_tooltip_continue\"  onclick=\"footnote_moveToReference_2111_1('footnote_plugin_reference_2111_1_2');\">Continue reading<\/span><\/span><\/span><script type=\"text\/javascript\"> jQuery('#footnote_plugin_tooltip_2111_1_2').tooltip({ tip: '#footnote_plugin_tooltip_text_2111_1_2', tipClass: 'footnote_tooltip', effect: 'fade', predelay: 0, fadeInSpeed: 200, delay: 400, fadeOutSpeed: 200, position: 'top center', relative: true, offset: [-7, 0], });<\/script> Tuy nhi\u00ean, CRA ch\u1ec9 c\u00f3 th\u1ec3 \u0111\u1ea3m nh\u1eadn s\u1ed1 l\u01b0\u1ee3ng v\u1ee5 vi\u1ec7c c\u00f3 h\u1ea1n. Tr\u01b0\u1edbc khi h\u1ecd quy\u1ebft \u0111\u1ecbnh ti\u1ebfp nh\u1eadn v\u1ee5 vi\u1ec7c c\u1ee7a qu\u00fd v\u1ecb, CRA xem x\u00e9t:<\/p>\n\n\n\n<ul class=\"wp-block-list\"><li>qu\u00fd v\u1ecb c\u00f3 th\u1ec3 \u0111\u1ea1i di\u1ec7n cho ch\u00ednh m\u00ecnh kh\u00f4ng,<\/li><li>qu\u00fd v\u1ecb c\u00f3 s\u1eb5n c\u00e1c ngu\u1ed3n l\u1ef1c kh\u00e1c kh\u00f4ng, qu\u00fd v\u1ecb c\u00f3 nhi\u1ec1u kh\u1ea3 n\u0103ng th\u1eafng ki\u1ec7n kh\u00f4ng v\u00e0<\/li><li>CRA c\u00f3 th\u1eddi gian kh\u00f4ng.<\/li><\/ul>\n\n\n\n<p>K\u1ec3 c\u1ea3 khi CRA kh\u00f4ng th\u1ec3 ti\u1ebfp nh\u1eadn v\u1ee5 vi\u1ec7c c\u1ee7a qu\u00fd v\u1ecb, h\u1ecd v\u1eabn c\u00f3 th\u1ec3 cung c\u1ea5p s\u1ef1 tr\u1ee3 gi\u00fap kh\u00e1c. H\u1ecd c\u00f3 th\u1ec3 tr\u00f2 chuy\u1ec7n v\u1edbi qu\u00fd v\u1ecb v\u1ec1 v\u1ee5 vi\u1ec7c c\u1ee7a qu\u00fd v\u1ecb, \u0111\u01b0a ra l\u1eddi khuy\u00ean v\u00e0 cung c\u1ea5p c\u00e1c lo\u1ea1i tr\u1ee3 gi\u00fap kh\u00e1c.<\/p>\n<div class=\"speaker-mute footnotes_reference_container\"> <div class=\"footnote_container_prepare\"><p><span role=\"button\" tabindex=\"0\" class=\"footnote_reference_container_label pointer\" onclick=\"footnote_expand_collapse_reference_container_2111_1();\">&#x202F;<\/span><span role=\"button\" tabindex=\"0\" class=\"footnote_reference_container_collapse_button\" style=\"display: none;\" onclick=\"footnote_expand_collapse_reference_container_2111_1();\">[<a id=\"footnote_reference_container_collapse_button_2111_1\">+<\/a>]<\/span><\/p><\/div> <div id=\"footnote_references_container_2111_1\" style=\"\"><table class=\"footnotes_table footnote-reference-container\"><caption class=\"accessibility\">References<\/caption> <tbody> \r\n\r\n<tr class=\"footnotes_plugin_reference_row\"> <th scope=\"row\" class=\"footnote_plugin_index_combi pointer\"  onclick=\"footnote_moveToAnchor_2111_1('footnote_plugin_tooltip_2111_1_1');\"><a id=\"footnote_plugin_reference_2111_1_1\" class=\"footnote_backlink\"><span class=\"footnote_index_arrow\">&#8593;<\/span>1<\/a><\/th> <td class=\"footnote_plugin_text\">\u00a7 4433.<\/td><\/tr>\r\n\r\n<tr class=\"footnotes_plugin_reference_row\"> <th scope=\"row\" class=\"footnote_plugin_index_combi pointer\"  onclick=\"footnote_moveToAnchor_2111_1('footnote_plugin_tooltip_2111_1_2');\"><a id=\"footnote_plugin_reference_2111_1_2\" class=\"footnote_backlink\"><span class=\"footnote_index_arrow\">&#8593;<\/span>2<\/a><\/th> <td class=\"footnote_plugin_text\">Xem \u00a7 4433(d)(1). Xem th\u00eam B\u1ed9 Lu\u1eadt C\u00e1c Quy \u0110\u1ecbnh California, ti\u00eau \u0111\u1ec1 17, \u00a7 50540, cho ph\u00e9p qu\u00fd v\u1ecb ho\u1eb7c ng\u01b0\u1eddi \u0111\u1ea1i di\u1ec7n c\u1ee7a qu\u00fd v\u1ecb n\u1ed9p \u0111\u01a1n khi\u1ebfu n\u1ea1i cho Ng\u01b0\u1eddi B\u00eanh V\u1ef1c Quy\u1ec1n L\u1ee3i Kh\u00e1ch H\u00e0ng (CRA) n\u1ebfu qu\u00fd v\u1ecb tin r\u1eb1ng b\u1ea5t k\u1ef3 quy\u1ec1n n\u00e0o c\u1ee7a m\u00ecnh \u0111\u00e3 b\u1ecb l\u1ea1m d\u1ee5ng, b\u1ecb gi\u1eef l\u1ea1i nh\u1eb1m g\u00e2y kh\u00f3 d\u1ec5 ho\u1eb7c b\u1ecb t\u1eeb ch\u1ed1i m\u1ed9t c\u00e1ch phi l\u00fd. CRA ph\u1ea3i \u0111i\u1ec1u tra \u0111\u01a1n khi\u1ebfu n\u1ea1i c\u1ee7a qu\u00fd v\u1ecb trong v\u00f2ng 10 ng\u00e0y l\u00e0m vi\u1ec7c k\u1ec3 t\u1eeb khi nh\u1eadn \u0111\u01a1n v\u00e0 g\u1eedi cho qu\u00fd v\u1ecb v\u0103n b\u1ea3n \u0111\u1ec1 xu\u1ea5t gi\u1ea3i ph\u00e1p. N\u1ebfu qu\u00fd v\u1ecb kh\u00f4ng h\u00e0i l\u00f2ng v\u1edbi gi\u1ea3i ph\u00e1p do CRA \u0111\u1ec1 xu\u1ea5t, h\u00e3y b\u00e1o v\u1edbi CRA. Trong v\u00f2ng 5 ng\u00e0y l\u00e0m vi\u1ec7c, CRA ph\u1ea3i gi\u1edbi thi\u1ec7u qu\u00fd v\u1ecb \u0111\u1ebfn gi\u00e1m \u0111\u1ed1c c\u1ee7a b\u1ec7nh vi\u1ec7n ti\u1ec3u bang ho\u1eb7c trung t\u00e2m khu v\u1ef1c trong khu v\u1ef1c d\u1ecbch v\u1ee5 c\u1ee7a qu\u00fd v\u1ecb. N\u1ebfu gi\u00e1m \u0111\u1ed1c b\u1ec7nh vi\u1ec7n ti\u1ec3u bang ho\u1eb7c trung t\u00e2m khu v\u1ef1c kh\u00f4ng gi\u1ea3i quy\u1ebft \u0111\u01a1n khi\u1ebfu n\u1ea1i theo \u0111\u00fang mong \u0111\u1ee3i c\u1ee7a qu\u00fd v\u1ecb trong v\u00f2ng 10 ng\u00e0y l\u00e0m vi\u1ec7c, gi\u00e1m \u0111\u1ed1c ph\u1ea3i gi\u1edbi thi\u1ec7u qu\u00fd v\u1ecb \u0111\u1ebfn vi\u00ean ch\u1ee9c quy\u1ec1n l\u1ee3i kh\u00e1ch h\u00e0ng c\u1ee7a S\u1edf D\u1ecbch V\u1ee5 Ph\u00e1t Tri\u1ec3n \u0111\u1ec3 c\u00f3 quy\u1ebft \u0111\u1ecbnh h\u00e0nh ch\u00ednh cu\u1ed1i c\u00f9ng.<\/td><\/tr>\r\n\r\n <\/tbody> <\/table> <\/div><\/div><script type=\"text\/javascript\"> function footnote_expand_reference_container_2111_1() { jQuery('#footnote_references_container_2111_1').show(); jQuery('#footnote_reference_container_collapse_button_2111_1').text('\u2212'); } function footnote_collapse_reference_container_2111_1() { jQuery('#footnote_references_container_2111_1').hide(); jQuery('#footnote_reference_container_collapse_button_2111_1').text('+'); } function footnote_expand_collapse_reference_container_2111_1() { if (jQuery('#footnote_references_container_2111_1').is(':hidden')) { footnote_expand_reference_container_2111_1(); } else { footnote_collapse_reference_container_2111_1(); } } function footnote_moveToReference_2111_1(p_str_TargetID) { footnote_expand_reference_container_2111_1(); var l_obj_Target = jQuery('#' + p_str_TargetID); if (l_obj_Target.length) { jQuery( 'html, body' ).delay( 0 ); jQuery('html, body').animate({ scrollTop: l_obj_Target.offset().top - window.innerHeight * 0.2 }, 380); } } function footnote_moveToAnchor_2111_1(p_str_TargetID) { footnote_expand_reference_container_2111_1(); var l_obj_Target = jQuery('#' + p_str_TargetID); if (l_obj_Target.length) { jQuery( 'html, body' ).delay( 0 ); jQuery('html, body').animate({ scrollTop: l_obj_Target.offset().top - window.innerHeight * 0.2 }, 380); } }<\/script>","protected":false},"excerpt":{"rendered":"<p>Kh\u00e1ch h\u00e0ng c\u1ee7a m\u1ecdi trung t\u00e2m khu v\u1ef1c \u0111\u1ec1u c\u00f3 Ng\u01b0\u1eddi B\u00eanh V\u1ef1c Quy\u1ec1n L\u1ee3i Kh\u00e1ch H\u00e0ng (Clients\u2019 Rights Advocate, CRA). Tuy nhi\u00ean, CRA kh\u00f4ng&hellip;<\/p>\n","protected":false},"author":1,"featured_media":0,"parent":2072,"menu_order":16,"comment_status":"closed","ping_status":"closed","template":"","meta":{"footnotes":""},"class_list":["post-2111","page","type-page","status-publish","hentry"],"_links":{"self":[{"href":"https:\/\/rula.disabilityrightsca.org\/vi\/wp-json\/wp\/v2\/pages\/2111","targetHints":{"allow":["GET"]}}],"collection":[{"href":"https:\/\/rula.disabilityrightsca.org\/vi\/wp-json\/wp\/v2\/pages"}],"about":[{"href":"https:\/\/rula.disabilityrightsca.org\/vi\/wp-json\/wp\/v2\/types\/page"}],"author":[{"embeddable":true,"href":"https:\/\/rula.disabilityrightsca.org\/vi\/wp-json\/wp\/v2\/users\/1"}],"replies":[{"embeddable":true,"href":"https:\/\/rula.disabilityrightsca.org\/vi\/wp-json\/wp\/v2\/comments?post=2111"}],"version-history":[{"count":3,"href":"https:\/\/rula.disabilityrightsca.org\/vi\/wp-json\/wp\/v2\/pages\/2111\/revisions"}],"predecessor-version":[{"id":3553,"href":"https:\/\/rula.disabilityrightsca.org\/vi\/wp-json\/wp\/v2\/pages\/2111\/revisions\/3553"}],"up":[{"embeddable":true,"href":"https:\/\/rula.disabilityrightsca.org\/vi\/wp-json\/wp\/v2\/pages\/2072"}],"wp:attachment":[{"href":"https:\/\/rula.disabilityrightsca.org\/vi\/wp-json\/wp\/v2\/media?parent=2111"}],"curies":[{"name":"wp","href":"https:\/\/api.w.org\/{rel}","templated":true}]}}