{"id":2109,"date":"2021-09-28T22:22:39","date_gmt":"2021-09-28T22:22:39","guid":{"rendered":"http:\/\/www.rula.disabilityrightsca.org\/vi\/?page_id=2109"},"modified":"2023-06-22T23:43:45","modified_gmt":"2023-06-22T23:43:45","slug":"10-15-how-can-i-get-help-to-appeal","status":"publish","type":"page","link":"https:\/\/rula.disabilityrightsca.org\/vi\/rula-book\/chapter-10-appeals-and-complaints-disagreements-with-regional-centers-developmental-centers-or-service-providers\/10-15-how-can-i-get-help-to-appeal\/","title":{"rendered":"(10.15) T\u00f4i c\u00f3 th\u1ec3 nh\u1eadn tr\u1ee3 gi\u00fap kh\u00e1ng c\u00e1o b\u1eb1ng c\u00e1ch n\u00e0o?"},"content":{"rendered":"\n<p>H\u00e3y g\u1ecdi \u0111\u1ebfn V\u0103n Ph\u00f2ng B\u00eanh V\u1ef1c Quy\u1ec1n L\u1ee3i Kh\u00e1ch H\u00e0ng (Office of Clients\u2019 Rights Advocacy, OCRA), H\u1ed9i \u0110\u1ed3ng Ti\u1ec3u Bang v\u1ec1 Khuy\u1ebft T\u1eadt Ph\u00e1t Tri\u1ec3n (State Council on Developmental Disabilities, SCDD), ho\u1eb7c Disability Rights California \u0111\u1ec3 y\u00eau c\u1ea7u tr\u1ee3 gi\u00fap. Nh\u1eefng t\u1ed5 ch\u1ee9c n\u00e0y \u0111\u01b0\u1ee3c li\u1ec7t k\u00ea trong th\u00f4ng b\u00e1o cho qu\u00fd v\u1ecb t\u1eeb trung t\u00e2m khu v\u1ef1c.<\/p>\n\n\n\n<p>N\u1ebfu qu\u00fd v\u1ecb ho\u1eb7c ng\u01b0\u1eddi kh\u00e1c cho r\u1eb1ng quy\u1ec1n v\u00e0 l\u1ee3i \u00edch c\u1ee7a qu\u00fd v\u1ecb s\u1ebd kh\u00f4ng \u0111\u01b0\u1ee3c b\u1ea3o v\u1ec7 trong khi kh\u00e1ng c\u00e1o, h\u00e3y b\u00e1o cho Ng\u01b0\u1eddi B\u00eanh V\u1ef1c Quy\u1ec1n L\u1ee3i Kh\u00e1ch H\u00e0ng c\u1ee7a OCRA v\u00e0 nh\u00e2n vi\u00ean c\u1ee7a SCDD. SCDD c\u00f3 th\u1ec3 ch\u1ec9 \u0111\u1ecbnh ng\u01b0\u1eddi gi\u00fap qu\u00fd v\u1ecb kh\u00e1ng c\u00e1o. Ng\u01b0\u1eddi \u0111\u1ea1i di\u1ec7n \u0111\u01b0\u1ee3c \u1ee7y quy\u1ec1n c\u1ee7a qu\u00fd v\u1ecb v\u00e0 trung t\u00e2m khu v\u1ef1c ph\u1ea3i nh\u1eadn b\u1ea3n sao v\u1ec1 s\u1ef1 ch\u1ec9 \u0111\u1ecbnh \u0111\u00f3.<span class=\"footnote_referrer\"><a role=\"button\" tabindex=\"0\" onclick=\"footnote_moveToReference_2109_1('footnote_plugin_reference_2109_1_1');\" onkeypress=\"footnote_moveToReference_2109_1('footnote_plugin_reference_2109_1_1');\" ><sup id=\"footnote_plugin_tooltip_2109_1_1\" class=\"footnote_plugin_tooltip_text\">[1]<\/sup><\/a><span id=\"footnote_plugin_tooltip_text_2109_1_1\" class=\"footnote_tooltip\">\u00a7 4705(e).<\/span><\/span><script type=\"text\/javascript\"> jQuery('#footnote_plugin_tooltip_2109_1_1').tooltip({ tip: '#footnote_plugin_tooltip_text_2109_1_1', tipClass: 'footnote_tooltip', effect: 'fade', predelay: 0, fadeInSpeed: 200, delay: 400, fadeOutSpeed: 200, position: 'top center', relative: true, offset: [-7, 0], });<\/script><\/p>\n\n\n\n<p>Xem <a href=\"https:\/\/rula.disabilityrightsca.org\/vi\/rula-book\/chapter-5-advocating-for-yourself\/\" data-type=\"URL\" data-id=\"https:\/\/rula.disabilityrightsca.org\/vi\/rula-book\/chapter-5-advocating-for-yourself\/\">Ch\u01b0\u01a1ng 5<\/a> \u0111\u1ec3 bi\u1ebft th\u00eam th\u00f4ng tin v\u1ec1 SCDD.<\/p>\n<div class=\"speaker-mute footnotes_reference_container\"> <div class=\"footnote_container_prepare\"><p><span role=\"button\" tabindex=\"0\" class=\"footnote_reference_container_label pointer\" onclick=\"footnote_expand_collapse_reference_container_2109_1();\">&#x202F;<\/span><span role=\"button\" tabindex=\"0\" class=\"footnote_reference_container_collapse_button\" style=\"display: none;\" onclick=\"footnote_expand_collapse_reference_container_2109_1();\">[<a id=\"footnote_reference_container_collapse_button_2109_1\">+<\/a>]<\/span><\/p><\/div> <div id=\"footnote_references_container_2109_1\" style=\"\"><table class=\"footnotes_table footnote-reference-container\"><caption class=\"accessibility\">References<\/caption> <tbody> \r\n\r\n<tr class=\"footnotes_plugin_reference_row\"> <th scope=\"row\" class=\"footnote_plugin_index_combi pointer\"  onclick=\"footnote_moveToAnchor_2109_1('footnote_plugin_tooltip_2109_1_1');\"><a id=\"footnote_plugin_reference_2109_1_1\" class=\"footnote_backlink\"><span class=\"footnote_index_arrow\">&#8593;<\/span>1<\/a><\/th> <td class=\"footnote_plugin_text\">\u00a7 4705(e).<\/td><\/tr>\r\n\r\n <\/tbody> <\/table> <\/div><\/div><script type=\"text\/javascript\"> function footnote_expand_reference_container_2109_1() { jQuery('#footnote_references_container_2109_1').show(); jQuery('#footnote_reference_container_collapse_button_2109_1').text('\u2212'); } function footnote_collapse_reference_container_2109_1() { jQuery('#footnote_references_container_2109_1').hide(); jQuery('#footnote_reference_container_collapse_button_2109_1').text('+'); } function footnote_expand_collapse_reference_container_2109_1() { if (jQuery('#footnote_references_container_2109_1').is(':hidden')) { footnote_expand_reference_container_2109_1(); } else { footnote_collapse_reference_container_2109_1(); } } function footnote_moveToReference_2109_1(p_str_TargetID) { footnote_expand_reference_container_2109_1(); var l_obj_Target = jQuery('#' + p_str_TargetID); if (l_obj_Target.length) { jQuery( 'html, body' ).delay( 0 ); jQuery('html, body').animate({ scrollTop: l_obj_Target.offset().top - window.innerHeight * 0.2 }, 380); } } function footnote_moveToAnchor_2109_1(p_str_TargetID) { footnote_expand_reference_container_2109_1(); var l_obj_Target = jQuery('#' + p_str_TargetID); if (l_obj_Target.length) { jQuery( 'html, body' ).delay( 0 ); jQuery('html, body').animate({ scrollTop: l_obj_Target.offset().top - window.innerHeight * 0.2 }, 380); } }<\/script>","protected":false},"excerpt":{"rendered":"<p>H\u00e3y g\u1ecdi \u0111\u1ebfn V\u0103n Ph\u00f2ng B\u00eanh V\u1ef1c Quy\u1ec1n L\u1ee3i Kh\u00e1ch H\u00e0ng (Office of Clients\u2019 Rights Advocacy, OCRA), H\u1ed9i \u0110\u1ed3ng Ti\u1ec3u Bang v\u1ec1 Khuy\u1ebft T\u1eadt Ph\u00e1t&hellip;<\/p>\n","protected":false},"author":1,"featured_media":0,"parent":2072,"menu_order":15,"comment_status":"closed","ping_status":"closed","template":"","meta":{"footnotes":""},"class_list":["post-2109","page","type-page","status-publish","hentry"],"_links":{"self":[{"href":"https:\/\/rula.disabilityrightsca.org\/vi\/wp-json\/wp\/v2\/pages\/2109","targetHints":{"allow":["GET"]}}],"collection":[{"href":"https:\/\/rula.disabilityrightsca.org\/vi\/wp-json\/wp\/v2\/pages"}],"about":[{"href":"https:\/\/rula.disabilityrightsca.org\/vi\/wp-json\/wp\/v2\/types\/page"}],"author":[{"embeddable":true,"href":"https:\/\/rula.disabilityrightsca.org\/vi\/wp-json\/wp\/v2\/users\/1"}],"replies":[{"embeddable":true,"href":"https:\/\/rula.disabilityrightsca.org\/vi\/wp-json\/wp\/v2\/comments?post=2109"}],"version-history":[{"count":5,"href":"https:\/\/rula.disabilityrightsca.org\/vi\/wp-json\/wp\/v2\/pages\/2109\/revisions"}],"predecessor-version":[{"id":3552,"href":"https:\/\/rula.disabilityrightsca.org\/vi\/wp-json\/wp\/v2\/pages\/2109\/revisions\/3552"}],"up":[{"embeddable":true,"href":"https:\/\/rula.disabilityrightsca.org\/vi\/wp-json\/wp\/v2\/pages\/2072"}],"wp:attachment":[{"href":"https:\/\/rula.disabilityrightsca.org\/vi\/wp-json\/wp\/v2\/media?parent=2109"}],"curies":[{"name":"wp","href":"https:\/\/api.w.org\/{rel}","templated":true}]}}