{"id":2107,"date":"2021-09-28T22:20:49","date_gmt":"2021-09-28T22:20:49","guid":{"rendered":"http:\/\/www.rula.disabilityrightsca.org\/vi\/?page_id=2107"},"modified":"2025-03-18T19:26:16","modified_gmt":"2025-03-18T19:26:16","slug":"10-14-how-to-do-i-file-for-hearing-appeal","status":"publish","type":"page","link":"https:\/\/rula.disabilityrightsca.org\/vi\/rula-book\/chapter-10-appeals-and-complaints-disagreements-with-regional-centers-developmental-centers-or-service-providers\/10-14-how-to-do-i-file-for-hearing-appeal\/","title":{"rendered":"(10.14) L\u00e0m th\u1ebf n\u00e0o \u0111\u1ec3 n\u1ed9p \u0111\u01a1n y\u00eau c\u1ea7u phi\u00ean \u0111i\u1ec1u tr\u1ea7n (kh\u00e1ng c\u00e1o)?"},"content":{"rendered":"\n<p>Khi trung t\u00e2m khu v\u1ef1c g\u1eedi cho qu\u00fd v\u1ecb th\u00f4ng b\u00e1o h\u00e0nh \u0111\u1ed9ng, h\u1ecd c\u0169ng ph\u1ea3i cung c\u1ea5p cho qu\u00fd v\u1ecb m\u1eabu \u0111\u01a1n kh\u00e1ng c\u00e1o.<span class=\"footnote_referrer\"><a role=\"button\" tabindex=\"0\" onclick=\"footnote_moveToReference_2107_1('footnote_plugin_reference_2107_1_1');\" onkeypress=\"footnote_moveToReference_2107_1('footnote_plugin_reference_2107_1_1');\" ><sup id=\"footnote_plugin_tooltip_2107_1_1\" class=\"footnote_plugin_tooltip_text\">[1]<\/sup><\/a><span id=\"footnote_plugin_tooltip_text_2107_1_1\" class=\"footnote_tooltip\">\u00a7 4710.5(b).<\/span><\/span><script type=\"text\/javascript\"> jQuery('#footnote_plugin_tooltip_2107_1_1').tooltip({ tip: '#footnote_plugin_tooltip_text_2107_1_1', tipClass: 'footnote_tooltip', effect: 'fade', predelay: 0, fadeInSpeed: 200, delay: 400, fadeOutSpeed: 200, position: 'top center', relative: true, offset: [-7, 0], });<\/script> N\u1ebfu qu\u00fd v\u1ecb tr\u1ef1c ti\u1ebfp y\u00eau c\u1ea7u kh\u00e1ng c\u00e1o, ng\u01b0\u1eddi qu\u00fd v\u1ecb y\u00eau c\u1ea7u ph\u1ea3i cung c\u1ea5p cho qu\u00fd v\u1ecb m\u1eabu \u0111\u01a1n kh\u00e1ng c\u00e1o. Ng\u01b0\u1eddi \u0111\u00f3 ph\u1ea3i h\u1ecfi xem qu\u00fd v\u1ecb c\u00f3 mu\u1ed1n \u0111\u01b0\u1ee3c tr\u1ee3 gi\u00fap \u0111i\u1ec1n m\u1eabu \u0111\u01a1n hay kh\u00f4ng. N\u1ebfu c\u00f3, h\u1ecd ph\u1ea3i gi\u00fap qu\u00fd v\u1ecb.<span class=\"footnote_referrer\"><a role=\"button\" tabindex=\"0\" onclick=\"footnote_moveToReference_2107_1('footnote_plugin_reference_2107_1_2');\" onkeypress=\"footnote_moveToReference_2107_1('footnote_plugin_reference_2107_1_2');\" ><sup id=\"footnote_plugin_tooltip_2107_1_2\" class=\"footnote_plugin_tooltip_text\">[2]<\/sup><\/a><span id=\"footnote_plugin_tooltip_text_2107_1_2\" class=\"footnote_tooltip\">\u00a7 4710.5(c).<\/span><\/span><script type=\"text\/javascript\"> jQuery('#footnote_plugin_tooltip_2107_1_2').tooltip({ tip: '#footnote_plugin_tooltip_text_2107_1_2', tipClass: 'footnote_tooltip', effect: 'fade', predelay: 0, fadeInSpeed: 200, delay: 400, fadeOutSpeed: 200, position: 'top center', relative: true, offset: [-7, 0], });<\/script><\/p>\n\n\n\n<p>Vi\u1ec7c nh\u00e2n vi\u00ean trung t\u00e2m khu v\u1ef1c t\u1eeb ch\u1ed1i cung c\u1ea5p m\u1eabu \u0111\u01a1n kh\u00e1ng c\u00e1o ho\u1eb7c t\u1eeb ch\u1ed1i gi\u00fap qu\u00fd v\u1ecb \u0111i\u1ec1n m\u1eabu \u0111\u01a1n l\u00e0 m\u1ed9t t\u1ed9i.<span class=\"footnote_referrer\"><a role=\"button\" tabindex=\"0\" onclick=\"footnote_moveToReference_2107_1('footnote_plugin_reference_2107_1_3');\" onkeypress=\"footnote_moveToReference_2107_1('footnote_plugin_reference_2107_1_3');\" ><sup id=\"footnote_plugin_tooltip_2107_1_3\" class=\"footnote_plugin_tooltip_text\">[3]<\/sup><\/a><span id=\"footnote_plugin_tooltip_text_2107_1_3\" class=\"footnote_tooltip\">\u00a7 4710.5(c). <\/span><\/span><script type=\"text\/javascript\"> jQuery('#footnote_plugin_tooltip_2107_1_3').tooltip({ tip: '#footnote_plugin_tooltip_text_2107_1_3', tipClass: 'footnote_tooltip', effect: 'fade', predelay: 0, fadeInSpeed: 200, delay: 400, fadeOutSpeed: 200, position: 'top center', relative: true, offset: [-7, 0], });<\/script> N\u1ebfu trung t\u00e2m khu v\u1ef1c kh\u00f4ng g\u1eedi v\u0103n b\u1ea3n th\u00f4ng b\u00e1o cho qu\u00fd v\u1ecb, qu\u00fd v\u1ecb v\u1eabn c\u00f3 th\u1ec3 kh\u00e1ng c\u00e1o b\u1eb1ng c\u00e1ch s\u1eed d\u1ee5ng m\u1eabu \u0111\u01a1n \u201cFair Hearing Request\u201d (Y\u00eau C\u1ea7u Phi\u00ean \u0110i\u1ec1u Tr\u1ea7n C\u00f4ng B\u1eb1ng). Qu\u00fd v\u1ecb c\u00f3 th\u1ec3 vi\u1ebft v\u00e0o m\u1eabu \u0111\u01a1n Y\u00eau C\u1ea7u Phi\u00ean \u0110i\u1ec1u Tr\u1ea7n C\u00f4ng B\u1eb1ng r\u1eb1ng trung t\u00e2m khu v\u1ef1c t\u1eeb ch\u1ed1i cung c\u1ea5p m\u1eabu \u0111\u01a1n ho\u1eb7c gi\u00fap qu\u00fd v\u1ecb.<\/p>\n\n\n\n<p>\u0110\u1ec3 l\u1ea5y m\u1eabu \u0111\u01a1n \u201cLanterman Act Appeal Request Form\u201d (Y\u00eau C\u1ea7u Kh\u00e1ng C\u00e1o Theo \u0110\u1ea1o Lu\u1eadt Lanterman), h\u00e3y nh\u1ea5p v\u00e0o&nbsp;<a href=\"https:\/\/www.dds.ca.gov\/wp-content\/uploads\/2024\/05\/DS_1821_2024.pdf\">https:\/\/www.dds.ca.gov\/wp-content\/uploads\/2024\/05\/DS_1821_2024.pdf<\/a>.<\/p>\n\n\n\n<p>M\u1eabu \u0111\u01a1n n\u00e0y c\u0169ng c\u00f3 b\u1eb1ng ti\u1ebfng T\u00e2y Ban Nha v\u00e0 c\u00e1c ng\u00f4n ng\u1eef kh\u00e1c.<\/p>\n<div class=\"speaker-mute footnotes_reference_container\"> <div class=\"footnote_container_prepare\"><p><span role=\"button\" tabindex=\"0\" class=\"footnote_reference_container_label pointer\" onclick=\"footnote_expand_collapse_reference_container_2107_1();\">&#x202F;<\/span><span role=\"button\" tabindex=\"0\" class=\"footnote_reference_container_collapse_button\" style=\"display: none;\" onclick=\"footnote_expand_collapse_reference_container_2107_1();\">[<a id=\"footnote_reference_container_collapse_button_2107_1\">+<\/a>]<\/span><\/p><\/div> <div id=\"footnote_references_container_2107_1\" style=\"\"><table class=\"footnotes_table footnote-reference-container\"><caption class=\"accessibility\">References<\/caption> <tbody> \r\n\r\n<tr class=\"footnotes_plugin_reference_row\"> <th scope=\"row\" class=\"footnote_plugin_index_combi pointer\"  onclick=\"footnote_moveToAnchor_2107_1('footnote_plugin_tooltip_2107_1_1');\"><a id=\"footnote_plugin_reference_2107_1_1\" class=\"footnote_backlink\"><span class=\"footnote_index_arrow\">&#8593;<\/span>1<\/a><\/th> <td class=\"footnote_plugin_text\">\u00a7 4710.5(b).<\/td><\/tr>\r\n\r\n<tr class=\"footnotes_plugin_reference_row\"> <th scope=\"row\" class=\"footnote_plugin_index_combi pointer\"  onclick=\"footnote_moveToAnchor_2107_1('footnote_plugin_tooltip_2107_1_2');\"><a id=\"footnote_plugin_reference_2107_1_2\" class=\"footnote_backlink\"><span class=\"footnote_index_arrow\">&#8593;<\/span>2<\/a><\/th> <td class=\"footnote_plugin_text\">\u00a7 4710.5(c).<\/td><\/tr>\r\n\r\n<tr class=\"footnotes_plugin_reference_row\"> <th scope=\"row\" class=\"footnote_plugin_index_combi pointer\"  onclick=\"footnote_moveToAnchor_2107_1('footnote_plugin_tooltip_2107_1_3');\"><a id=\"footnote_plugin_reference_2107_1_3\" class=\"footnote_backlink\"><span class=\"footnote_index_arrow\">&#8593;<\/span>3<\/a><\/th> <td class=\"footnote_plugin_text\">\u00a7 4710.5(c). <\/td><\/tr>\r\n\r\n <\/tbody> <\/table> <\/div><\/div><script type=\"text\/javascript\"> function footnote_expand_reference_container_2107_1() { jQuery('#footnote_references_container_2107_1').show(); jQuery('#footnote_reference_container_collapse_button_2107_1').text('\u2212'); } function footnote_collapse_reference_container_2107_1() { jQuery('#footnote_references_container_2107_1').hide(); jQuery('#footnote_reference_container_collapse_button_2107_1').text('+'); } function footnote_expand_collapse_reference_container_2107_1() { if (jQuery('#footnote_references_container_2107_1').is(':hidden')) { footnote_expand_reference_container_2107_1(); } else { footnote_collapse_reference_container_2107_1(); } } function footnote_moveToReference_2107_1(p_str_TargetID) { footnote_expand_reference_container_2107_1(); var l_obj_Target = jQuery('#' + p_str_TargetID); if (l_obj_Target.length) { jQuery( 'html, body' ).delay( 0 ); jQuery('html, body').animate({ scrollTop: l_obj_Target.offset().top - window.innerHeight * 0.2 }, 380); } } function footnote_moveToAnchor_2107_1(p_str_TargetID) { footnote_expand_reference_container_2107_1(); var l_obj_Target = jQuery('#' + p_str_TargetID); if (l_obj_Target.length) { jQuery( 'html, body' ).delay( 0 ); jQuery('html, body').animate({ scrollTop: l_obj_Target.offset().top - window.innerHeight * 0.2 }, 380); } }<\/script>","protected":false},"excerpt":{"rendered":"<p>Khi trung t\u00e2m khu v\u1ef1c g\u1eedi cho qu\u00fd v\u1ecb th\u00f4ng b\u00e1o h\u00e0nh \u0111\u1ed9ng, h\u1ecd c\u0169ng ph\u1ea3i cung c\u1ea5p cho qu\u00fd v\u1ecb m\u1eabu \u0111\u01a1n kh\u00e1ng c\u00e1o.[1]\u00a7&hellip;<\/p>\n","protected":false},"author":1,"featured_media":0,"parent":2072,"menu_order":14,"comment_status":"closed","ping_status":"closed","template":"","meta":{"footnotes":""},"class_list":["post-2107","page","type-page","status-publish","hentry"],"_links":{"self":[{"href":"https:\/\/rula.disabilityrightsca.org\/vi\/wp-json\/wp\/v2\/pages\/2107","targetHints":{"allow":["GET"]}}],"collection":[{"href":"https:\/\/rula.disabilityrightsca.org\/vi\/wp-json\/wp\/v2\/pages"}],"about":[{"href":"https:\/\/rula.disabilityrightsca.org\/vi\/wp-json\/wp\/v2\/types\/page"}],"author":[{"embeddable":true,"href":"https:\/\/rula.disabilityrightsca.org\/vi\/wp-json\/wp\/v2\/users\/1"}],"replies":[{"embeddable":true,"href":"https:\/\/rula.disabilityrightsca.org\/vi\/wp-json\/wp\/v2\/comments?post=2107"}],"version-history":[{"count":7,"href":"https:\/\/rula.disabilityrightsca.org\/vi\/wp-json\/wp\/v2\/pages\/2107\/revisions"}],"predecessor-version":[{"id":3916,"href":"https:\/\/rula.disabilityrightsca.org\/vi\/wp-json\/wp\/v2\/pages\/2107\/revisions\/3916"}],"up":[{"embeddable":true,"href":"https:\/\/rula.disabilityrightsca.org\/vi\/wp-json\/wp\/v2\/pages\/2072"}],"wp:attachment":[{"href":"https:\/\/rula.disabilityrightsca.org\/vi\/wp-json\/wp\/v2\/media?parent=2107"}],"curies":[{"name":"wp","href":"https:\/\/api.w.org\/{rel}","templated":true}]}}