{"id":2105,"date":"2021-09-28T22:18:58","date_gmt":"2021-09-28T22:18:58","guid":{"rendered":"http:\/\/www.rula.disabilityrightsca.org\/vi\/?page_id=2105"},"modified":"2025-03-18T19:25:13","modified_gmt":"2025-03-18T19:25:13","slug":"10-13-what-is-my-right-to-get-aid-paid-pending","status":"publish","type":"page","link":"https:\/\/rula.disabilityrightsca.org\/vi\/rula-book\/chapter-10-appeals-and-complaints-disagreements-with-regional-centers-developmental-centers-or-service-providers\/10-13-what-is-my-right-to-get-aid-paid-pending\/","title":{"rendered":"(10.13) Quy\u1ec1n ti\u1ebfp t\u1ee5c s\u1eed d\u1ee5ng d\u1ecbch v\u1ee5 trong l\u00fac ch\u1edd gi\u1ea3i quy\u1ebft l\u00e0 g\u00ec?"},"content":{"rendered":"\n<p>Qu\u00fd v\u1ecb c\u00f3 quy\u1ec1n ti\u1ebfp t\u1ee5c nh\u1eadn d\u1ecbch v\u1ee5 m\u00e0 trung t\u00e2m khu v\u1ef1c mu\u1ed1n thay \u0111\u1ed5i trong khi ch\u1edd kh\u00e1ng c\u00e1o. Quy\u1ec1n r\u1ea5t quan tr\u1ecdng n\u00e0y \u0111\u01b0\u1ee3c g\u1ecdi l\u00e0 \u201cquy\u1ec1n ti\u1ebfp t\u1ee5c s\u1eed d\u1ee5ng d\u1ecbch v\u1ee5 trong l\u00fac ch\u1edd gi\u1ea3i quy\u1ebft\u201d. Tuy nhi\u00ean, qu\u00fd v\u1ecb ph\u1ea3i y\u00eau c\u1ea7u kh\u00e1ng c\u00e1o trong v\u00f2ng 30 ng\u00e0y k\u1ec3 t\u1eeb khi nh\u1eadn th\u00f4ng b\u00e1o.<span class=\"footnote_referrer\"><a role=\"button\" tabindex=\"0\" onclick=\"footnote_moveToReference_2105_1('footnote_plugin_reference_2105_1_1');\" onkeypress=\"footnote_moveToReference_2105_1('footnote_plugin_reference_2105_1_1');\" ><sup id=\"footnote_plugin_tooltip_2105_1_1\" class=\"footnote_plugin_tooltip_text\">[1]<\/sup><\/a><span id=\"footnote_plugin_tooltip_text_2105_1_1\" class=\"footnote_tooltip\">\u00a7 4715.<\/span><\/span><script type=\"text\/javascript\"> jQuery('#footnote_plugin_tooltip_2105_1_1').tooltip({ tip: '#footnote_plugin_tooltip_text_2105_1_1', tipClass: 'footnote_tooltip', effect: 'fade', predelay: 0, fadeInSpeed: 200, delay: 400, fadeOutSpeed: 200, position: 'top center', relative: true, offset: [-7, 0], });<\/script> N\u1ebfu th\u1eddi gian ch\u1edd c\u1ee7a qu\u00fd v\u1ecb d\u00e0i h\u01a1n 30 ng\u00e0y, qu\u00fd v\u1ecb s\u1ebd kh\u00f4ng nh\u1eadn \u0111\u01b0\u1ee3c c\u00e1c d\u1ecbch v\u1ee5 hi\u1ec7n t\u1ea1i trong khi kh\u00e1ng c\u00e1o.<\/p>\n\n\n\n<p>Vui l\u00f2ng xem b\u1ea3ng li\u1ec7t k\u00ea th\u1eddi h\u1ea1n kh\u00e1ng c\u00e1o trong\u00a0<a href=\"https:\/\/rula.disabilityrightsca.org\/vi\/supplements\/supplement-n-fair-hearing-flow-chart\/\">Ph\u1ee5 L\u1ee5c N<\/a>.<\/p>\n\n\n\n<p>\u0110\u00e2y l\u00e0 c\u00e1c th\u1eddi h\u1ea1n m\u1edbi, tr\u01b0\u1edbc \u0111\u00e2y c\u00f3 th\u1eddi l\u01b0\u1ee3ng ng\u1eafn h\u01a1n. Nh\u1edd v\u00e0o s\u1ef1 \u1ee7ng h\u1ed9 c\u1ee7a c\u1ed9ng \u0111\u1ed3ng, c\u00e1c kho\u1ea3ng th\u1eddi gian \u0111\u00e3 \u0111\u01b0\u1ee3c gia h\u1ea1n nh\u01b0ng v\u1eabn ph\u1ea3i \u0111\u01b0\u1ee3c tu\u00e2n th\u1ee7.<\/p>\n<div class=\"speaker-mute footnotes_reference_container\"> <div class=\"footnote_container_prepare\"><p><span role=\"button\" tabindex=\"0\" class=\"footnote_reference_container_label pointer\" onclick=\"footnote_expand_collapse_reference_container_2105_1();\">&#x202F;<\/span><span role=\"button\" tabindex=\"0\" class=\"footnote_reference_container_collapse_button\" style=\"display: none;\" onclick=\"footnote_expand_collapse_reference_container_2105_1();\">[<a id=\"footnote_reference_container_collapse_button_2105_1\">+<\/a>]<\/span><\/p><\/div> <div id=\"footnote_references_container_2105_1\" style=\"\"><table class=\"footnotes_table footnote-reference-container\"><caption class=\"accessibility\">References<\/caption> <tbody> \r\n\r\n<tr class=\"footnotes_plugin_reference_row\"> <th scope=\"row\" class=\"footnote_plugin_index_combi pointer\"  onclick=\"footnote_moveToAnchor_2105_1('footnote_plugin_tooltip_2105_1_1');\"><a id=\"footnote_plugin_reference_2105_1_1\" class=\"footnote_backlink\"><span class=\"footnote_index_arrow\">&#8593;<\/span>1<\/a><\/th> <td class=\"footnote_plugin_text\">\u00a7 4715.<\/td><\/tr>\r\n\r\n <\/tbody> <\/table> <\/div><\/div><script type=\"text\/javascript\"> function footnote_expand_reference_container_2105_1() { jQuery('#footnote_references_container_2105_1').show(); jQuery('#footnote_reference_container_collapse_button_2105_1').text('\u2212'); } function footnote_collapse_reference_container_2105_1() { jQuery('#footnote_references_container_2105_1').hide(); jQuery('#footnote_reference_container_collapse_button_2105_1').text('+'); } function footnote_expand_collapse_reference_container_2105_1() { if (jQuery('#footnote_references_container_2105_1').is(':hidden')) { footnote_expand_reference_container_2105_1(); } else { footnote_collapse_reference_container_2105_1(); } } function footnote_moveToReference_2105_1(p_str_TargetID) { footnote_expand_reference_container_2105_1(); var l_obj_Target = jQuery('#' + p_str_TargetID); if (l_obj_Target.length) { jQuery( 'html, body' ).delay( 0 ); jQuery('html, body').animate({ scrollTop: l_obj_Target.offset().top - window.innerHeight * 0.2 }, 380); } } function footnote_moveToAnchor_2105_1(p_str_TargetID) { footnote_expand_reference_container_2105_1(); var l_obj_Target = jQuery('#' + p_str_TargetID); if (l_obj_Target.length) { jQuery( 'html, body' ).delay( 0 ); jQuery('html, body').animate({ scrollTop: l_obj_Target.offset().top - window.innerHeight * 0.2 }, 380); } }<\/script>","protected":false},"excerpt":{"rendered":"<p>Qu\u00fd v\u1ecb c\u00f3 quy\u1ec1n ti\u1ebfp t\u1ee5c nh\u1eadn d\u1ecbch v\u1ee5 m\u00e0 trung t\u00e2m khu v\u1ef1c mu\u1ed1n thay \u0111\u1ed5i trong khi ch\u1edd kh\u00e1ng c\u00e1o. Quy\u1ec1n r\u1ea5t quan&hellip;<\/p>\n","protected":false},"author":1,"featured_media":0,"parent":2072,"menu_order":13,"comment_status":"closed","ping_status":"closed","template":"","meta":{"footnotes":""},"class_list":["post-2105","page","type-page","status-publish","hentry"],"_links":{"self":[{"href":"https:\/\/rula.disabilityrightsca.org\/vi\/wp-json\/wp\/v2\/pages\/2105","targetHints":{"allow":["GET"]}}],"collection":[{"href":"https:\/\/rula.disabilityrightsca.org\/vi\/wp-json\/wp\/v2\/pages"}],"about":[{"href":"https:\/\/rula.disabilityrightsca.org\/vi\/wp-json\/wp\/v2\/types\/page"}],"author":[{"embeddable":true,"href":"https:\/\/rula.disabilityrightsca.org\/vi\/wp-json\/wp\/v2\/users\/1"}],"replies":[{"embeddable":true,"href":"https:\/\/rula.disabilityrightsca.org\/vi\/wp-json\/wp\/v2\/comments?post=2105"}],"version-history":[{"count":8,"href":"https:\/\/rula.disabilityrightsca.org\/vi\/wp-json\/wp\/v2\/pages\/2105\/revisions"}],"predecessor-version":[{"id":3915,"href":"https:\/\/rula.disabilityrightsca.org\/vi\/wp-json\/wp\/v2\/pages\/2105\/revisions\/3915"}],"up":[{"embeddable":true,"href":"https:\/\/rula.disabilityrightsca.org\/vi\/wp-json\/wp\/v2\/pages\/2072"}],"wp:attachment":[{"href":"https:\/\/rula.disabilityrightsca.org\/vi\/wp-json\/wp\/v2\/media?parent=2105"}],"curies":[{"name":"wp","href":"https:\/\/api.w.org\/{rel}","templated":true}]}}