{"id":2103,"date":"2021-09-28T22:17:16","date_gmt":"2021-09-28T22:17:16","guid":{"rendered":"http:\/\/www.rula.disabilityrightsca.org\/vi\/?page_id=2103"},"modified":"2025-03-18T19:24:11","modified_gmt":"2025-03-18T19:24:11","slug":"10-12-what-timeline-do-i-have-to-file-an-appeal-for-fair-hearing","status":"publish","type":"page","link":"https:\/\/rula.disabilityrightsca.org\/vi\/rula-book\/chapter-10-appeals-and-complaints-disagreements-with-regional-centers-developmental-centers-or-service-providers\/10-12-what-timeline-do-i-have-to-file-an-appeal-for-fair-hearing\/","title":{"rendered":"(10.12) Th\u1eddi h\u1ea1n t\u00f4i ph\u1ea3i n\u1ed9p \u0111\u01a1n kh\u00e1ng c\u00e1o y\u00eau c\u1ea7u phi\u00ean \u0111i\u1ec1u tr\u1ea7n c\u00f4ng b\u1eb1ng nh\u01b0 th\u1ebf n\u00e0o?"},"content":{"rendered":"\n<p>Sau khi qu\u00fd v\u1ecb nh\u1eadn th\u00f4ng b\u00e1o h\u00e0nh \u0111\u1ed9ng (NOA), qu\u00fd v\u1ecb c\u1ea7n quy\u1ebft \u0111\u1ecbnh xem c\u00f3 n\u1ed9p \u0111\u01a1n kh\u00e1ng c\u00e1o kh\u00f4ng. Qu\u00fd v\u1ecb c\u00f3 th\u1ec3 y\u00eau c\u1ea7u cu\u1ed9c h\u1ecdp kh\u00f4ng ch\u00ednh th\u1ee9c, bu\u1ed5i h\u00f2a gi\u1ea3i ho\u1eb7c phi\u00ean \u0111i\u1ec1u tr\u1ea7n c\u00f4ng b\u1eb1ng trong v\u00f2ng 60 ng\u00e0y. 60 ng\u00e0y n\u00e0y b\u1eaft \u0111\u1ea7u t\u1eeb ng\u00e0y qu\u00fd v\u1ecb nh\u1eadn v\u0103n b\u1ea3n NOA m\u00e0 qu\u00fd v\u1ecb kh\u00f4ng \u0111\u1ed3ng \u00fd. N\u1ebfu \u0111\u00f3 l\u00e0 d\u1ecbch v\u1ee5 qu\u00fd v\u1ecb \u0111ang nh\u1eadn v\u00e0 qu\u00fd v\u1ecb mu\u1ed1n ti\u1ebfp t\u1ee5c s\u1eed d\u1ee5ng d\u1ecbch v\u1ee5, qu\u00fd v\u1ecb ch\u1ec9 c\u00f3 30 ng\u00e0y.<span class=\"footnote_referrer\"><a role=\"button\" tabindex=\"0\" onclick=\"footnote_moveToReference_2103_1('footnote_plugin_reference_2103_1_1');\" onkeypress=\"footnote_moveToReference_2103_1('footnote_plugin_reference_2103_1_1');\" ><sup id=\"footnote_plugin_tooltip_2103_1_1\" class=\"footnote_plugin_tooltip_text\">[1]<\/sup><\/a><span id=\"footnote_plugin_tooltip_text_2103_1_1\" class=\"footnote_tooltip\">\u00a7 4715.<\/span><\/span><script type=\"text\/javascript\"> jQuery('#footnote_plugin_tooltip_2103_1_1').tooltip({ tip: '#footnote_plugin_tooltip_text_2103_1_1', tipClass: 'footnote_tooltip', effect: 'fade', predelay: 0, fadeInSpeed: 200, delay: 400, fadeOutSpeed: 200, position: 'top center', relative: true, offset: [-7, 0], });<\/script> Qu\u00fd v\u1ecb ph\u1ea3i y\u00eau c\u1ea7u kh\u00e1ng c\u00e1o (b\u1eb1ng v\u0103n b\u1ea3n) trong v\u00f2ng 30 ng\u00e0y \u0111\u1ec3 ti\u1ebfp t\u1ee5c s\u1eed d\u1ee5ng d\u1ecbch v\u1ee5. \u0110\u00e2y \u0111\u01b0\u1ee3c g\u1ecdi l\u00e0 quy\u1ec1n ti\u1ebfp t\u1ee5c s\u1eed d\u1ee5ng d\u1ecbch v\u1ee5 trong l\u00fac ch\u1edd gi\u1ea3i quy\u1ebft.<\/p>\n\n\n\n<p>N\u1ebfu qu\u00fd v\u1ecb l\u1ee1 th\u1eddi h\u1ea1n 60 ng\u00e0y n\u00e0y v\u00ec kh\u00f4ng nh\u1eadn \u0111\u01b0\u1ee3c th\u00f4ng b\u00e1o \u0111\u1ea7y \u0111\u1ee7 ho\u1eb7c ho\u00e0n to\u00e0n kh\u00f4ng nh\u1eadn \u0111\u01b0\u1ee3c th\u00f4ng b\u00e1o, qu\u00fd v\u1ecb ph\u1ea3i y\u00eau c\u1ea7u phi\u00ean \u0111i\u1ec1u tr\u1ea7n c\u00f4ng b\u1eb1ng ngay l\u1eadp t\u1ee9c. Vi\u1ec7c n\u00e0y s\u1ebd b\u1ea3o v\u1ec7 quy\u1ec1n kh\u00e1ng c\u00e1o v\u00e0 quy\u1ec1n ti\u1ebfp t\u1ee5c s\u1eed d\u1ee5ng d\u1ecbch v\u1ee5 c\u1ee7a qu\u00fd v\u1ecb trong khi kh\u00e1ng c\u00e1o. \u0110\u01a1n kh\u00e1ng c\u00e1o ph\u1ea3i cho bi\u1ebft qu\u00fd v\u1ecb kh\u00f4ng nh\u1eadn \u0111\u01b0\u1ee3c \u201cth\u00f4ng b\u00e1o \u0111\u1ea7y \u0111\u1ee7\u201d. N\u1ebfu trung t\u00e2m khu v\u1ef1c t\u1eeb ch\u1ed1i, gi\u1ea3m b\u1edbt hay ch\u1ea5m d\u1ee9t d\u1ecbch v\u1ee5 m\u00e0 kh\u00f4ng th\u00f4ng b\u00e1o cho qu\u00fd v\u1ecb, qu\u00fd v\u1ecb v\u1eabn c\u00f3 th\u1ec3 kh\u00e1ng c\u00e1o. Qu\u00fd v\u1ecb kh\u00f4ng c\u1ea7n th\u00f4ng b\u00e1o \u0111\u1ec3 kh\u00e1ng c\u00e1o. Qu\u00fd v\u1ecb c\u0169ng c\u00f3 th\u1ec3 n\u1ed9p \u0111\u01a1n Khi\u1ebfu N\u1ea1i M\u1ee5c 4731 n\u1ebfu cho r\u1eb1ng quy\u1ec1n nh\u1eadn th\u00f4ng b\u00e1o ph\u00f9 h\u1ee3p c\u1ee7a qu\u00fd v\u1ecb \u0111\u00e3 b\u1ecb vi ph\u1ea1m.<\/p>\n\n\n\n<p>C\u00e1c th\u1eddi h\u1ea1n n\u00e0y c\u00f3 hi\u1ec7u l\u1ef1c v\u00e0o ng\u00e0y 1 th\u00e1ng Ba, 2023.&nbsp;Th\u1eddi h\u1ea1n kh\u00e1ng c\u00e1o tr\u01b0\u1edbc \u0111\u00e2y ng\u1eafn h\u01a1n nh\u01b0ng nh\u1edd v\u00e0o s\u1ef1 \u1ee7ng h\u1ed9 c\u1ee7a c\u1ed9ng \u0111\u1ed3ng, gi\u1edd \u0111\u00e2y m\u1ecdi ng\u01b0\u1eddi c\u00f3 th\u00eam th\u1eddi gian \u0111\u1ec3 n\u1ed9p \u0111\u01a1n kh\u00e1ng c\u00e1o.<\/p>\n<div class=\"speaker-mute footnotes_reference_container\"> <div class=\"footnote_container_prepare\"><p><span role=\"button\" tabindex=\"0\" class=\"footnote_reference_container_label pointer\" onclick=\"footnote_expand_collapse_reference_container_2103_1();\">&#x202F;<\/span><span role=\"button\" tabindex=\"0\" class=\"footnote_reference_container_collapse_button\" style=\"display: none;\" onclick=\"footnote_expand_collapse_reference_container_2103_1();\">[<a id=\"footnote_reference_container_collapse_button_2103_1\">+<\/a>]<\/span><\/p><\/div> <div id=\"footnote_references_container_2103_1\" style=\"\"><table class=\"footnotes_table footnote-reference-container\"><caption class=\"accessibility\">References<\/caption> <tbody> \r\n\r\n<tr class=\"footnotes_plugin_reference_row\"> <th scope=\"row\" class=\"footnote_plugin_index_combi pointer\"  onclick=\"footnote_moveToAnchor_2103_1('footnote_plugin_tooltip_2103_1_1');\"><a id=\"footnote_plugin_reference_2103_1_1\" class=\"footnote_backlink\"><span class=\"footnote_index_arrow\">&#8593;<\/span>1<\/a><\/th> <td class=\"footnote_plugin_text\">\u00a7 4715.<\/td><\/tr>\r\n\r\n <\/tbody> <\/table> <\/div><\/div><script type=\"text\/javascript\"> function footnote_expand_reference_container_2103_1() { jQuery('#footnote_references_container_2103_1').show(); jQuery('#footnote_reference_container_collapse_button_2103_1').text('\u2212'); } function footnote_collapse_reference_container_2103_1() { jQuery('#footnote_references_container_2103_1').hide(); jQuery('#footnote_reference_container_collapse_button_2103_1').text('+'); } function footnote_expand_collapse_reference_container_2103_1() { if (jQuery('#footnote_references_container_2103_1').is(':hidden')) { footnote_expand_reference_container_2103_1(); } else { footnote_collapse_reference_container_2103_1(); } } function footnote_moveToReference_2103_1(p_str_TargetID) { footnote_expand_reference_container_2103_1(); var l_obj_Target = jQuery('#' + p_str_TargetID); if (l_obj_Target.length) { jQuery( 'html, body' ).delay( 0 ); jQuery('html, body').animate({ scrollTop: l_obj_Target.offset().top - window.innerHeight * 0.2 }, 380); } } function footnote_moveToAnchor_2103_1(p_str_TargetID) { footnote_expand_reference_container_2103_1(); var l_obj_Target = jQuery('#' + p_str_TargetID); if (l_obj_Target.length) { jQuery( 'html, body' ).delay( 0 ); jQuery('html, body').animate({ scrollTop: l_obj_Target.offset().top - window.innerHeight * 0.2 }, 380); } }<\/script>","protected":false},"excerpt":{"rendered":"<p>Sau khi qu\u00fd v\u1ecb nh\u1eadn th\u00f4ng b\u00e1o h\u00e0nh \u0111\u1ed9ng (NOA), qu\u00fd v\u1ecb c\u1ea7n quy\u1ebft \u0111\u1ecbnh xem c\u00f3 n\u1ed9p \u0111\u01a1n kh\u00e1ng c\u00e1o kh\u00f4ng. Qu\u00fd v\u1ecb c\u00f3&hellip;<\/p>\n","protected":false},"author":1,"featured_media":0,"parent":2072,"menu_order":12,"comment_status":"closed","ping_status":"closed","template":"","meta":{"footnotes":""},"class_list":["post-2103","page","type-page","status-publish","hentry"],"_links":{"self":[{"href":"https:\/\/rula.disabilityrightsca.org\/vi\/wp-json\/wp\/v2\/pages\/2103","targetHints":{"allow":["GET"]}}],"collection":[{"href":"https:\/\/rula.disabilityrightsca.org\/vi\/wp-json\/wp\/v2\/pages"}],"about":[{"href":"https:\/\/rula.disabilityrightsca.org\/vi\/wp-json\/wp\/v2\/types\/page"}],"author":[{"embeddable":true,"href":"https:\/\/rula.disabilityrightsca.org\/vi\/wp-json\/wp\/v2\/users\/1"}],"replies":[{"embeddable":true,"href":"https:\/\/rula.disabilityrightsca.org\/vi\/wp-json\/wp\/v2\/comments?post=2103"}],"version-history":[{"count":7,"href":"https:\/\/rula.disabilityrightsca.org\/vi\/wp-json\/wp\/v2\/pages\/2103\/revisions"}],"predecessor-version":[{"id":3914,"href":"https:\/\/rula.disabilityrightsca.org\/vi\/wp-json\/wp\/v2\/pages\/2103\/revisions\/3914"}],"up":[{"embeddable":true,"href":"https:\/\/rula.disabilityrightsca.org\/vi\/wp-json\/wp\/v2\/pages\/2072"}],"wp:attachment":[{"href":"https:\/\/rula.disabilityrightsca.org\/vi\/wp-json\/wp\/v2\/media?parent=2103"}],"curies":[{"name":"wp","href":"https:\/\/api.w.org\/{rel}","templated":true}]}}