{"id":2101,"date":"2021-09-28T22:15:53","date_gmt":"2021-09-28T22:15:53","guid":{"rendered":"http:\/\/www.rula.disabilityrightsca.org\/vi\/?page_id=2101"},"modified":"2023-06-22T23:39:50","modified_gmt":"2023-06-22T23:39:50","slug":"10-11-are-there-times-when-the-regional-center-does-not-have-to-give-notice","status":"publish","type":"page","link":"https:\/\/rula.disabilityrightsca.org\/vi\/rula-book\/chapter-10-appeals-and-complaints-disagreements-with-regional-centers-developmental-centers-or-service-providers\/10-11-are-there-times-when-the-regional-center-does-not-have-to-give-notice\/","title":{"rendered":"(10.11) C\u00f3 khi n\u00e0o trung t\u00e2m khu v\u1ef1c kh\u00f4ng ph\u1ea3i g\u1eedi th\u00f4ng b\u00e1o kh\u00f4ng?"},"content":{"rendered":"\n<p>C\u00f3, c\u00f3 ngo\u1ea1i l\u1ec7 v\u1edbi y\u00eau c\u1ea7u th\u00f4ng b\u00e1o v\u00ec s\u1ee9c kh\u1ecfe v\u00e0 s\u1ef1 an to\u00e0n. N\u1ebfu trung t\u00e2m khu v\u1ef1c c\u1ea7n thay \u0111\u1ed5i d\u1ecbch v\u1ee5 \u0111\u1ec3 b\u1ea3o v\u1ec7 s\u1ee9c kh\u1ecfe v\u00e0 s\u1ef1 an to\u00e0n c\u1ee7a qu\u00fd v\u1ecb, h\u1ecd kh\u00f4ng ph\u1ea3i b\u00e1o tr\u01b0\u1edbc cho qu\u00fd v\u1ecb. Trung t\u00e2m khu v\u1ef1c c\u00f3 10 ng\u00e0y \u0111\u1ec3 th\u00f4ng b\u00e1o v\u1edbi qu\u00fd v\u1ecb sau khi h\u1ecd th\u1ef1c hi\u1ec7n thay \u0111\u1ed5i.<span class=\"footnote_referrer\"><a role=\"button\" tabindex=\"0\" onclick=\"footnote_moveToReference_2101_1('footnote_plugin_reference_2101_1_1');\" onkeypress=\"footnote_moveToReference_2101_1('footnote_plugin_reference_2101_1_1');\" ><sup id=\"footnote_plugin_tooltip_2101_1_1\" class=\"footnote_plugin_tooltip_text\">[1]<\/sup><\/a><span id=\"footnote_plugin_tooltip_text_2101_1_1\" class=\"footnote_tooltip\">\u00a7 4710(f).<\/span><\/span><script type=\"text\/javascript\"> jQuery('#footnote_plugin_tooltip_2101_1_1').tooltip({ tip: '#footnote_plugin_tooltip_text_2101_1_1', tipClass: 'footnote_tooltip', effect: 'fade', predelay: 0, fadeInSpeed: 200, delay: 400, fadeOutSpeed: 200, position: 'top center', relative: true, offset: [-7, 0], });<\/script> Th\u1eddi h\u1ea1n cho qu\u00fd v\u1ecb kh\u00e1ng c\u00e1o b\u1eaft \u0111\u1ea7u khi qu\u00fd v\u1ecb nh\u1eadn \u0111\u01b0\u1ee3c th\u00f4ng b\u00e1o, kh\u00f4ng ph\u1ea3i khi d\u1ecbch v\u1ee5 thay \u0111\u1ed5i.<\/p>\n\n\n\n<p>Trong t\u1ea5t c\u1ea3 c\u00e1c t\u00ecnh hu\u1ed1ng kh\u00e1c, trung t\u00e2m khu v\u1ef1c ph\u1ea3i th\u00f4ng b\u00e1o v\u1edbi qu\u00fd v\u1ecb 30 ng\u00e0y tr\u01b0\u1edbc khi h\u1ecd thay \u0111\u1ed5i ho\u1eb7c d\u1eebng d\u1ecbch v\u1ee5 c\u1ee7a qu\u00fd v\u1ecb.<\/p>\n<div class=\"speaker-mute footnotes_reference_container\"> <div class=\"footnote_container_prepare\"><p><span role=\"button\" tabindex=\"0\" class=\"footnote_reference_container_label pointer\" onclick=\"footnote_expand_collapse_reference_container_2101_1();\">&#x202F;<\/span><span role=\"button\" tabindex=\"0\" class=\"footnote_reference_container_collapse_button\" style=\"display: none;\" onclick=\"footnote_expand_collapse_reference_container_2101_1();\">[<a id=\"footnote_reference_container_collapse_button_2101_1\">+<\/a>]<\/span><\/p><\/div> <div id=\"footnote_references_container_2101_1\" style=\"\"><table class=\"footnotes_table footnote-reference-container\"><caption class=\"accessibility\">References<\/caption> <tbody> \r\n\r\n<tr class=\"footnotes_plugin_reference_row\"> <th scope=\"row\" class=\"footnote_plugin_index_combi pointer\"  onclick=\"footnote_moveToAnchor_2101_1('footnote_plugin_tooltip_2101_1_1');\"><a id=\"footnote_plugin_reference_2101_1_1\" class=\"footnote_backlink\"><span class=\"footnote_index_arrow\">&#8593;<\/span>1<\/a><\/th> <td class=\"footnote_plugin_text\">\u00a7 4710(f).<\/td><\/tr>\r\n\r\n <\/tbody> <\/table> <\/div><\/div><script type=\"text\/javascript\"> function footnote_expand_reference_container_2101_1() { jQuery('#footnote_references_container_2101_1').show(); jQuery('#footnote_reference_container_collapse_button_2101_1').text('\u2212'); } function footnote_collapse_reference_container_2101_1() { jQuery('#footnote_references_container_2101_1').hide(); jQuery('#footnote_reference_container_collapse_button_2101_1').text('+'); } function footnote_expand_collapse_reference_container_2101_1() { if (jQuery('#footnote_references_container_2101_1').is(':hidden')) { footnote_expand_reference_container_2101_1(); } else { footnote_collapse_reference_container_2101_1(); } } function footnote_moveToReference_2101_1(p_str_TargetID) { footnote_expand_reference_container_2101_1(); var l_obj_Target = jQuery('#' + p_str_TargetID); if (l_obj_Target.length) { jQuery( 'html, body' ).delay( 0 ); jQuery('html, body').animate({ scrollTop: l_obj_Target.offset().top - window.innerHeight * 0.2 }, 380); } } function footnote_moveToAnchor_2101_1(p_str_TargetID) { footnote_expand_reference_container_2101_1(); var l_obj_Target = jQuery('#' + p_str_TargetID); if (l_obj_Target.length) { jQuery( 'html, body' ).delay( 0 ); jQuery('html, body').animate({ scrollTop: l_obj_Target.offset().top - window.innerHeight * 0.2 }, 380); } }<\/script>","protected":false},"excerpt":{"rendered":"<p>C\u00f3, c\u00f3 ngo\u1ea1i l\u1ec7 v\u1edbi y\u00eau c\u1ea7u th\u00f4ng b\u00e1o v\u00ec s\u1ee9c kh\u1ecfe v\u00e0 s\u1ef1 an to\u00e0n. N\u1ebfu trung t\u00e2m khu v\u1ef1c c\u1ea7n thay \u0111\u1ed5i d\u1ecbch&hellip;<\/p>\n","protected":false},"author":1,"featured_media":0,"parent":2072,"menu_order":11,"comment_status":"closed","ping_status":"closed","template":"","meta":{"footnotes":""},"class_list":["post-2101","page","type-page","status-publish","hentry"],"_links":{"self":[{"href":"https:\/\/rula.disabilityrightsca.org\/vi\/wp-json\/wp\/v2\/pages\/2101","targetHints":{"allow":["GET"]}}],"collection":[{"href":"https:\/\/rula.disabilityrightsca.org\/vi\/wp-json\/wp\/v2\/pages"}],"about":[{"href":"https:\/\/rula.disabilityrightsca.org\/vi\/wp-json\/wp\/v2\/types\/page"}],"author":[{"embeddable":true,"href":"https:\/\/rula.disabilityrightsca.org\/vi\/wp-json\/wp\/v2\/users\/1"}],"replies":[{"embeddable":true,"href":"https:\/\/rula.disabilityrightsca.org\/vi\/wp-json\/wp\/v2\/comments?post=2101"}],"version-history":[{"count":5,"href":"https:\/\/rula.disabilityrightsca.org\/vi\/wp-json\/wp\/v2\/pages\/2101\/revisions"}],"predecessor-version":[{"id":3548,"href":"https:\/\/rula.disabilityrightsca.org\/vi\/wp-json\/wp\/v2\/pages\/2101\/revisions\/3548"}],"up":[{"embeddable":true,"href":"https:\/\/rula.disabilityrightsca.org\/vi\/wp-json\/wp\/v2\/pages\/2072"}],"wp:attachment":[{"href":"https:\/\/rula.disabilityrightsca.org\/vi\/wp-json\/wp\/v2\/media?parent=2101"}],"curies":[{"name":"wp","href":"https:\/\/api.w.org\/{rel}","templated":true}]}}