{"id":2099,"date":"2021-09-28T22:14:08","date_gmt":"2021-09-28T22:14:08","guid":{"rendered":"http:\/\/www.rula.disabilityrightsca.org\/vi\/?page_id=2099"},"modified":"2023-11-30T19:44:16","modified_gmt":"2023-11-30T19:44:16","slug":"10-10-what-if-i-get-a-notice-of-action-that-is-not-in-my-language","status":"publish","type":"page","link":"https:\/\/rula.disabilityrightsca.org\/vi\/rula-book\/chapter-10-appeals-and-complaints-disagreements-with-regional-centers-developmental-centers-or-service-providers\/10-10-what-if-i-get-a-notice-of-action-that-is-not-in-my-language\/","title":{"rendered":"(10.10) N\u1ebfu t\u00f4i nh\u1eadn \u0111\u01b0\u1ee3c Th\u00f4ng B\u00e1o H\u00e0nh \u0110\u1ed9ng kh\u00f4ng vi\u1ebft b\u1eb1ng ng\u00f4n ng\u1eef c\u1ee7a t\u00f4i th\u00ec sao?"},"content":{"rendered":"\n<p>H\u00e3y y\u00eau c\u1ea7u phi\u00ean \u0111i\u1ec1u tr\u1ea7n ngay l\u1eadp t\u1ee9c \u0111\u1ec3 b\u1ea3o v\u1ec7 quy\u1ec1n c\u1ee7a qu\u00fd v\u1ecb. N\u1ebfu qu\u00fd v\u1ecb kh\u00f4ng kh\u00e1ng c\u00e1o k\u1ecbp th\u1eddi v\u00ec qu\u00fd v\u1ecb kh\u00f4ng hi\u1ec3u th\u00f4ng b\u00e1o, h\u00e3y g\u1ecdi ngay cho \u0111i\u1ec1u ph\u1ed1i vi\u00ean d\u1ecbch v\u1ee5 c\u1ee7a qu\u00fd v\u1ecb. Y\u00eau c\u1ea7u v\u0103n b\u1ea3n th\u00f4ng b\u00e1o b\u1eb1ng ng\u00f4n ng\u1eef qu\u00fd v\u1ecb c\u00f3 th\u1ec3 hi\u1ec3u. Th\u1eddi h\u1ea1n s\u1ebd kh\u00f4ng b\u1eaft \u0111\u1ea7u cho \u0111\u1ebfn khi qu\u00fd v\u1ecb nh\u1eadn \u0111\u01b0\u1ee3c th\u00f4ng b\u00e1o b\u1eb1ng ng\u00f4n ng\u1eef qu\u00fd v\u1ecb hi\u1ec3u.<span class=\"footnote_referrer\"><a role=\"button\" tabindex=\"0\" onclick=\"footnote_moveToReference_2099_1('footnote_plugin_reference_2099_1_1');\" onkeypress=\"footnote_moveToReference_2099_1('footnote_plugin_reference_2099_1_1');\" ><sup id=\"footnote_plugin_tooltip_2099_1_1\" class=\"footnote_plugin_tooltip_text\">[1]<\/sup><\/a><span id=\"footnote_plugin_tooltip_text_2099_1_1\" class=\"footnote_tooltip\">Disability Rights California kh\u00f4ng bi\u1ebft b\u1ea5t k\u1ef3 v\u1ee5 ki\u1ec7n t\u1ea1i t\u00f2a n\u00e0o b\u00e0n v\u1ec1 \u1ea3nh h\u01b0\u1edfng c\u1ee7a th\u00f4ng b\u00e1o kh\u00f4ng \u0111\u1ea7y \u0111\u1ee7 \u0111\u1ed1i v\u1edbi th\u1eddi \u0111i\u1ec3m qu\u00fd v\u1ecb c\u00f3 th\u1ec3 kh\u00e1ng&nbsp;&#x2026; <span class=\"footnote_tooltip_continue\"  onclick=\"footnote_moveToReference_2099_1('footnote_plugin_reference_2099_1_1');\">Continue reading<\/span><\/span><\/span><script type=\"text\/javascript\"> jQuery('#footnote_plugin_tooltip_2099_1_1').tooltip({ tip: '#footnote_plugin_tooltip_text_2099_1_1', tipClass: 'footnote_tooltip', effect: 'fade', predelay: 0, fadeInSpeed: 200, delay: 400, fadeOutSpeed: 200, position: 'top center', relative: true, offset: [-7, 0], });<\/script><\/p>\n\n\n\n<p>N\u1ebfu qu\u00fd v\u1ecb nh\u1eadn th\u00f4ng b\u00e1o s\u1eed d\u1ee5ng ng\u00f4n ng\u1eef qu\u00fd v\u1ecb kh\u00f4ng hi\u1ec3u, qu\u00fd v\u1ecb c\u00f3 th\u1ec3 n\u1ed9p \u0111\u01a1n khi\u1ebfu n\u1ea1i, \u0111\u01b0\u1ee3c g\u1ecdi l\u00e0 Khi\u1ebfu N\u1ea1i M\u1ee5c 4731. Xem m\u1ee5c v\u1ec1 <a href=\"https:\/\/rula.disabilityrightsca.org\/vi\/rula-book\/chapter-10-appeals-and-complaints-disagreements-with-regional-centers-developmental-centers-or-service-providers\/10-38-what-happens-to-my-services-during-a-superior-court-appeal\/\">Khi\u1ebfu N\u1ea1i 4731<\/a> v\u00e0 <a href=\"https:\/\/rula.disabilityrightsca.org\/vi\/supplements\/supplement-o-how-to-file-a-section-4731-complaint\/\" data-type=\"URL\" data-id=\"https:\/\/rula.disabilityrightsca.org\/vi\/supplements\/supplement-o-how-to-file-a-section-4731-complaint\/\">Ph\u1ee5 L\u1ee5c O<\/a> \u0111\u1ec3 bi\u1ebft v\u1ec1 Khi\u1ebfu N\u1ea1i 4731.<\/p>\n<div class=\"speaker-mute footnotes_reference_container\"> <div class=\"footnote_container_prepare\"><p><span role=\"button\" tabindex=\"0\" class=\"footnote_reference_container_label pointer\" onclick=\"footnote_expand_collapse_reference_container_2099_1();\">&#x202F;<\/span><span role=\"button\" tabindex=\"0\" class=\"footnote_reference_container_collapse_button\" style=\"display: none;\" onclick=\"footnote_expand_collapse_reference_container_2099_1();\">[<a id=\"footnote_reference_container_collapse_button_2099_1\">+<\/a>]<\/span><\/p><\/div> <div id=\"footnote_references_container_2099_1\" style=\"\"><table class=\"footnotes_table footnote-reference-container\"><caption class=\"accessibility\">References<\/caption> <tbody> \r\n\r\n<tr class=\"footnotes_plugin_reference_row\"> <th scope=\"row\" class=\"footnote_plugin_index_combi pointer\"  onclick=\"footnote_moveToAnchor_2099_1('footnote_plugin_tooltip_2099_1_1');\"><a id=\"footnote_plugin_reference_2099_1_1\" class=\"footnote_backlink\"><span class=\"footnote_index_arrow\">&#8593;<\/span>1<\/a><\/th> <td class=\"footnote_plugin_text\">Disability Rights California kh\u00f4ng bi\u1ebft b\u1ea5t k\u1ef3 v\u1ee5 ki\u1ec7n t\u1ea1i t\u00f2a n\u00e0o b\u00e0n v\u1ec1 \u1ea3nh h\u01b0\u1edfng c\u1ee7a th\u00f4ng b\u00e1o kh\u00f4ng \u0111\u1ea7y \u0111\u1ee7 \u0111\u1ed1i v\u1edbi th\u1eddi \u0111i\u1ec3m qu\u00fd v\u1ecb c\u00f3 th\u1ec3 kh\u00e1ng c\u00e1o theo \u0110\u1ea1o Lu\u1eadt Lanterman. Tuy nhi\u00ean v\u1ea5n \u0111\u1ec1 n\u00e0y \u0111\u00e3 \u0111\u01b0\u1ee3c gi\u1ea3i quy\u1ebft trong c\u00e1c h\u1ec7 th\u1ed1ng h\u00e0nh ch\u00ednh kh\u00e1c: Morales ki\u1ec7n McMahon (1990) 223 B\u00e1o C\u00e1o Ph\u00fac Th\u1ea9m C\u1ee7a California s\u1ed1 3 184 (c\u1ea7n c\u00f3 th\u00f4ng b\u00e1o \u0111\u1ea7y \u0111\u1ee7 tr\u01b0\u1edbc khi b\u1eaft \u0111\u1ea7u t\u00ednh th\u1eddi gian kh\u00e1ng c\u00e1o) v\u00e0 Reynolds ki\u1ec7n Ban Ph\u1ee5 Tr\u00e1ch Kh\u00e1ng C\u00e1o B\u1ed3i Th\u01b0\u1eddng Tai N\u1ea1n Lao \u0110\u1ed9ng (1974) 12 B\u00e1o C\u00e1o C\u1ee7a California s\u1ed1 3 726 (ph\u1ea1m vi ph\u00e1p quy v\u1ec1 th\u1eddi hi\u1ec7u \u0111\u01b0\u1ee3c t\u1ea1m d\u1eebng cho \u0111\u1ebfn khi th\u00f4ng b\u00e1o theo quy \u0111\u1ecbnh c\u1ee7a lu\u1eadt ph\u00e1p \u0111\u01b0\u1ee3c cung c\u1ea5p). Xem th\u00eam M\u1ee5c 99-12-01A trong Ghi Ch\u00fa c\u1ee7a Ph\u00f2ng \u0110\u1ea3m Tr\u00e1ch C\u00e1c Phi\u00ean \u0110i\u1ec1u Tr\u1ea7n Ti\u1ec3u Bang t\u1eeb Ban Hu\u1ea5n Luy\u1ec7n v\u1ec1 h\u1eadu qu\u1ea3 c\u1ee7a vi\u1ec7c g\u1eedi th\u00f4ng b\u00e1o b\u1eb1ng ti\u1ebfng Anh cho ng\u01b0\u1eddi kh\u00f4ng bi\u1ebft \u0111\u1ecdc ti\u1ebfng Anh, <a href=\"http:\/\/www.dss.cahwnet.gov\/shd\/ViewNotesb_1649.htm\">www.dss.cahwnet.gov\/shd\/ViewNotesb_1649.htm<\/a><\/td><\/tr>\r\n\r\n <\/tbody> <\/table> <\/div><\/div><script type=\"text\/javascript\"> function footnote_expand_reference_container_2099_1() { jQuery('#footnote_references_container_2099_1').show(); jQuery('#footnote_reference_container_collapse_button_2099_1').text('\u2212'); } function footnote_collapse_reference_container_2099_1() { jQuery('#footnote_references_container_2099_1').hide(); jQuery('#footnote_reference_container_collapse_button_2099_1').text('+'); } function footnote_expand_collapse_reference_container_2099_1() { if (jQuery('#footnote_references_container_2099_1').is(':hidden')) { footnote_expand_reference_container_2099_1(); } else { footnote_collapse_reference_container_2099_1(); } } function footnote_moveToReference_2099_1(p_str_TargetID) { footnote_expand_reference_container_2099_1(); var l_obj_Target = jQuery('#' + p_str_TargetID); if (l_obj_Target.length) { jQuery( 'html, body' ).delay( 0 ); jQuery('html, body').animate({ scrollTop: l_obj_Target.offset().top - window.innerHeight * 0.2 }, 380); } } function footnote_moveToAnchor_2099_1(p_str_TargetID) { footnote_expand_reference_container_2099_1(); var l_obj_Target = jQuery('#' + p_str_TargetID); if (l_obj_Target.length) { jQuery( 'html, body' ).delay( 0 ); jQuery('html, body').animate({ scrollTop: l_obj_Target.offset().top - window.innerHeight * 0.2 }, 380); } }<\/script>","protected":false},"excerpt":{"rendered":"<p>H\u00e3y y\u00eau c\u1ea7u phi\u00ean \u0111i\u1ec1u tr\u1ea7n ngay l\u1eadp t\u1ee9c \u0111\u1ec3 b\u1ea3o v\u1ec7 quy\u1ec1n c\u1ee7a qu\u00fd v\u1ecb. N\u1ebfu qu\u00fd v\u1ecb kh\u00f4ng kh\u00e1ng c\u00e1o k\u1ecbp th\u1eddi v\u00ec&hellip;<\/p>\n","protected":false},"author":1,"featured_media":0,"parent":2072,"menu_order":10,"comment_status":"closed","ping_status":"closed","template":"","meta":{"footnotes":""},"class_list":["post-2099","page","type-page","status-publish","hentry"],"_links":{"self":[{"href":"https:\/\/rula.disabilityrightsca.org\/vi\/wp-json\/wp\/v2\/pages\/2099","targetHints":{"allow":["GET"]}}],"collection":[{"href":"https:\/\/rula.disabilityrightsca.org\/vi\/wp-json\/wp\/v2\/pages"}],"about":[{"href":"https:\/\/rula.disabilityrightsca.org\/vi\/wp-json\/wp\/v2\/types\/page"}],"author":[{"embeddable":true,"href":"https:\/\/rula.disabilityrightsca.org\/vi\/wp-json\/wp\/v2\/users\/1"}],"replies":[{"embeddable":true,"href":"https:\/\/rula.disabilityrightsca.org\/vi\/wp-json\/wp\/v2\/comments?post=2099"}],"version-history":[{"count":7,"href":"https:\/\/rula.disabilityrightsca.org\/vi\/wp-json\/wp\/v2\/pages\/2099\/revisions"}],"predecessor-version":[{"id":3801,"href":"https:\/\/rula.disabilityrightsca.org\/vi\/wp-json\/wp\/v2\/pages\/2099\/revisions\/3801"}],"up":[{"embeddable":true,"href":"https:\/\/rula.disabilityrightsca.org\/vi\/wp-json\/wp\/v2\/pages\/2072"}],"wp:attachment":[{"href":"https:\/\/rula.disabilityrightsca.org\/vi\/wp-json\/wp\/v2\/media?parent=2099"}],"curies":[{"name":"wp","href":"https:\/\/api.w.org\/{rel}","templated":true}]}}