{"id":2095,"date":"2021-09-28T22:11:29","date_gmt":"2021-09-28T22:11:29","guid":{"rendered":"http:\/\/www.rula.disabilityrightsca.org\/vi\/?page_id=2095"},"modified":"2023-06-22T23:34:35","modified_gmt":"2023-06-22T23:34:35","slug":"10-8-does-the-notice-have-to-be-in-a-language-i-understand","status":"publish","type":"page","link":"https:\/\/rula.disabilityrightsca.org\/vi\/rula-book\/chapter-10-appeals-and-complaints-disagreements-with-regional-centers-developmental-centers-or-service-providers\/10-8-does-the-notice-have-to-be-in-a-language-i-understand\/","title":{"rendered":"(10.8) Th\u00f4ng b\u00e1o c\u00f3 ph\u1ea3i \u0111\u01b0\u1ee3c vi\u1ebft b\u1eb1ng ng\u00f4n ng\u1eef t\u00f4i hi\u1ec3u kh\u00f4ng?"},"content":{"rendered":"\n<p>C\u00f3. T\u1ea5t c\u1ea3 th\u00f4ng b\u00e1o c\u1ee7a trung t\u00e2m khu v\u1ef1c ph\u1ea3i vi\u1ebft b\u1eb1ng ng\u00f4n ng\u1eef qu\u00fd v\u1ecb (ho\u1eb7c ng\u01b0\u1eddi \u0111\u1ea1i di\u1ec7n \u0111\u01b0\u1ee3c \u1ee7y quy\u1ec1n c\u1ee7a qu\u00fd v\u1ecb) c\u00f3 th\u1ec3 hi\u1ec3u.<span class=\"footnote_referrer\"><a role=\"button\" tabindex=\"0\" onclick=\"footnote_moveToReference_2095_1('footnote_plugin_reference_2095_1_1');\" onkeypress=\"footnote_moveToReference_2095_1('footnote_plugin_reference_2095_1_1');\" ><sup id=\"footnote_plugin_tooltip_2095_1_1\" class=\"footnote_plugin_tooltip_text\">[1]<\/sup><\/a><span id=\"footnote_plugin_tooltip_text_2095_1_1\" class=\"footnote_tooltip\">\u00a7 4701(a).<\/span><\/span><script type=\"text\/javascript\"> jQuery('#footnote_plugin_tooltip_2095_1_1').tooltip({ tip: '#footnote_plugin_tooltip_text_2095_1_1', tipClass: 'footnote_tooltip', effect: 'fade', predelay: 0, fadeInSpeed: 200, delay: 400, fadeOutSpeed: 200, position: 'top center', relative: true, offset: [-7, 0], });<\/script> V\u00ed d\u1ee5: n\u1ebfu qu\u00fd v\u1ecb ch\u1ec9 n\u00f3i ti\u1ebfng T\u00e2y Ban Nha, th\u00f4ng b\u00e1o ph\u1ea3i \u0111\u01b0\u1ee3c vi\u1ebft b\u1eb1ng ti\u1ebfng T\u00e2y Ban Nha.<\/p>\n\n\n\n<p>N\u1ebfu qu\u00fd v\u1ecb kh\u00f4ng \u0111\u1ecdc t\u1ed1t ti\u1ebfng Anh, h\u00e3y g\u1eedi cho \u0111i\u1ec1u ph\u1ed1i vi\u00ean d\u1ecbch v\u1ee5 c\u1ee7a qu\u00fd v\u1ecb m\u1ed9t b\u1ee9c th\u01b0 cho bi\u1ebft qu\u00fd v\u1ecb c\u1ea7n \u0111\u01b0\u1ee3c th\u00f4ng b\u00e1o b\u1eb1ng ng\u00f4n ng\u1eef ch\u00ednh c\u1ee7a qu\u00fd v\u1ecb. Qu\u00fd v\u1ecb c\u00f3 th\u1ec3 vi\u1ebft th\u01b0 b\u1eb1ng ng\u00f4n ng\u1eef c\u1ee7a ch\u00ednh qu\u00fd v\u1ecb. Y\u00eau c\u1ea7u \u0111i\u1ec1u ph\u1ed1i vi\u00ean d\u1ecbch v\u1ee5 \u0111\u01b0a b\u1ee9c th\u01b0 n\u00e0y v\u00e0o h\u1ed3 s\u01a1 c\u1ee7a qu\u00fd v\u1ecb \u1edf trung t\u00e2m khu v\u1ef1c.<\/p>\n<div class=\"speaker-mute footnotes_reference_container\"> <div class=\"footnote_container_prepare\"><p><span role=\"button\" tabindex=\"0\" class=\"footnote_reference_container_label pointer\" onclick=\"footnote_expand_collapse_reference_container_2095_1();\">&#x202F;<\/span><span role=\"button\" tabindex=\"0\" class=\"footnote_reference_container_collapse_button\" style=\"display: none;\" onclick=\"footnote_expand_collapse_reference_container_2095_1();\">[<a id=\"footnote_reference_container_collapse_button_2095_1\">+<\/a>]<\/span><\/p><\/div> <div id=\"footnote_references_container_2095_1\" style=\"\"><table class=\"footnotes_table footnote-reference-container\"><caption class=\"accessibility\">References<\/caption> <tbody> \r\n\r\n<tr class=\"footnotes_plugin_reference_row\"> <th scope=\"row\" class=\"footnote_plugin_index_combi pointer\"  onclick=\"footnote_moveToAnchor_2095_1('footnote_plugin_tooltip_2095_1_1');\"><a id=\"footnote_plugin_reference_2095_1_1\" class=\"footnote_backlink\"><span class=\"footnote_index_arrow\">&#8593;<\/span>1<\/a><\/th> <td class=\"footnote_plugin_text\">\u00a7 4701(a).<\/td><\/tr>\r\n\r\n <\/tbody> <\/table> <\/div><\/div><script type=\"text\/javascript\"> function footnote_expand_reference_container_2095_1() { jQuery('#footnote_references_container_2095_1').show(); jQuery('#footnote_reference_container_collapse_button_2095_1').text('\u2212'); } function footnote_collapse_reference_container_2095_1() { jQuery('#footnote_references_container_2095_1').hide(); jQuery('#footnote_reference_container_collapse_button_2095_1').text('+'); } function footnote_expand_collapse_reference_container_2095_1() { if (jQuery('#footnote_references_container_2095_1').is(':hidden')) { footnote_expand_reference_container_2095_1(); } else { footnote_collapse_reference_container_2095_1(); } } function footnote_moveToReference_2095_1(p_str_TargetID) { footnote_expand_reference_container_2095_1(); var l_obj_Target = jQuery('#' + p_str_TargetID); if (l_obj_Target.length) { jQuery( 'html, body' ).delay( 0 ); jQuery('html, body').animate({ scrollTop: l_obj_Target.offset().top - window.innerHeight * 0.2 }, 380); } } function footnote_moveToAnchor_2095_1(p_str_TargetID) { footnote_expand_reference_container_2095_1(); var l_obj_Target = jQuery('#' + p_str_TargetID); if (l_obj_Target.length) { jQuery( 'html, body' ).delay( 0 ); jQuery('html, body').animate({ scrollTop: l_obj_Target.offset().top - window.innerHeight * 0.2 }, 380); } }<\/script>","protected":false},"excerpt":{"rendered":"<p>C\u00f3. T\u1ea5t c\u1ea3 th\u00f4ng b\u00e1o c\u1ee7a trung t\u00e2m khu v\u1ef1c ph\u1ea3i vi\u1ebft b\u1eb1ng ng\u00f4n ng\u1eef qu\u00fd v\u1ecb (ho\u1eb7c ng\u01b0\u1eddi \u0111\u1ea1i di\u1ec7n \u0111\u01b0\u1ee3c \u1ee7y quy\u1ec1n c\u1ee7a&hellip;<\/p>\n","protected":false},"author":1,"featured_media":0,"parent":2072,"menu_order":8,"comment_status":"closed","ping_status":"closed","template":"","meta":{"footnotes":""},"class_list":["post-2095","page","type-page","status-publish","hentry"],"_links":{"self":[{"href":"https:\/\/rula.disabilityrightsca.org\/vi\/wp-json\/wp\/v2\/pages\/2095","targetHints":{"allow":["GET"]}}],"collection":[{"href":"https:\/\/rula.disabilityrightsca.org\/vi\/wp-json\/wp\/v2\/pages"}],"about":[{"href":"https:\/\/rula.disabilityrightsca.org\/vi\/wp-json\/wp\/v2\/types\/page"}],"author":[{"embeddable":true,"href":"https:\/\/rula.disabilityrightsca.org\/vi\/wp-json\/wp\/v2\/users\/1"}],"replies":[{"embeddable":true,"href":"https:\/\/rula.disabilityrightsca.org\/vi\/wp-json\/wp\/v2\/comments?post=2095"}],"version-history":[{"count":4,"href":"https:\/\/rula.disabilityrightsca.org\/vi\/wp-json\/wp\/v2\/pages\/2095\/revisions"}],"predecessor-version":[{"id":3543,"href":"https:\/\/rula.disabilityrightsca.org\/vi\/wp-json\/wp\/v2\/pages\/2095\/revisions\/3543"}],"up":[{"embeddable":true,"href":"https:\/\/rula.disabilityrightsca.org\/vi\/wp-json\/wp\/v2\/pages\/2072"}],"wp:attachment":[{"href":"https:\/\/rula.disabilityrightsca.org\/vi\/wp-json\/wp\/v2\/media?parent=2095"}],"curies":[{"name":"wp","href":"https:\/\/api.w.org\/{rel}","templated":true}]}}