{"id":2093,"date":"2021-09-28T22:10:13","date_gmt":"2021-09-28T22:10:13","guid":{"rendered":"http:\/\/www.rula.disabilityrightsca.org\/vi\/?page_id=2093"},"modified":"2023-11-30T19:38:21","modified_gmt":"2023-11-30T19:38:21","slug":"10-7-can-i-appeal-without-a-notice-or-appeal-late","status":"publish","type":"page","link":"https:\/\/rula.disabilityrightsca.org\/vi\/rula-book\/chapter-10-appeals-and-complaints-disagreements-with-regional-centers-developmental-centers-or-service-providers\/10-7-can-i-appeal-without-a-notice-or-appeal-late\/","title":{"rendered":"(10.7) T\u00f4i c\u00f3 th\u1ec3 kh\u00e1ng c\u00e1o khi kh\u00f4ng c\u00f3 th\u00f4ng b\u00e1o ho\u1eb7c kh\u00e1ng c\u00e1o mu\u1ed9n kh\u00f4ng?"},"content":{"rendered":"\n<p>C\u00f3. N\u1ebfu trung t\u00e2m khu v\u1ef1c t\u1eeb ch\u1ed1i cung c\u1ea5p d\u1ecbch v\u1ee5 ho\u1eb7c thay \u0111\u1ed5i d\u1ecbch v\u1ee5 khi kh\u00f4ng th\u00f4ng b\u00e1o v\u1edbi qu\u00fd v\u1ecb, qu\u00fd v\u1ecb c\u00f3 th\u1ec3 kh\u00e1ng c\u00e1o. Qu\u00fd v\u1ecb kh\u00f4ng c\u1ea7n c\u00f3 th\u00f4ng b\u00e1o \u0111\u1ec3 kh\u00e1ng c\u00e1o. N\u1ebfu trung t\u00e2m khu v\u1ef1c kh\u00f4ng th\u00f4ng b\u00e1o v\u1edbi qu\u00fd v\u1ecb, th\u00ec kh\u00e1ng c\u00e1o c\u1ee7a qu\u00fd v\u1ecb kh\u00f4ng th\u1ec3 b\u1ecb coi l\u00e0 mu\u1ed9n.<\/p>\n\n\n\n<p>Y\u00eau c\u1ea7u kh\u00e1ng c\u00e1o s\u1edbm nh\u1ea5t c\u00f3 th\u1ec3. \u0110i\u1ec1u n\u00e0y b\u1ea3o v\u1ec7 quy\u1ec1n kh\u00e1ng c\u00e1o c\u1ee7a qu\u00fd v\u1ecb v\u00e0 qu\u00fd v\u1ecb c\u00f3 th\u1ec3 c\u00f3 quy\u1ec1n ti\u1ebfp t\u1ee5c s\u1eed d\u1ee5ng d\u1ecbch v\u1ee5 trong khi kh\u00e1ng c\u00e1o. Th\u01b0 c\u1ee7a qu\u00fd v\u1ecb c\u1ea7n cho bi\u1ebft qu\u00fd v\u1ecb kh\u00f4ng nh\u1eadn \u0111\u01b0\u1ee3c \u201cth\u00f4ng b\u00e1o \u0111\u1ea7y \u0111\u1ee7\u201d. Xem <a href=\"https:\/\/rula.disabilityrightsca.org\/vi\/supplements\/supplement-n-fair-hearing-flow-chart\/\" data-type=\"URL\" data-id=\"https:\/\/rula.disabilityrightsca.org\/vi\/supplements\/supplement-n-fair-hearing-flow-chart\/\">Ph\u1ee5 L\u1ee5c N<\/a> \u0111\u1ec3 bi\u1ebft th\u1eddi h\u1ea1n kh\u00e1ng c\u00e1o.<\/p>\n\n\n\n<p>Y\u00eau c\u1ea7u kh\u00e1ng c\u00e1o ngay l\u1eadp t\u1ee9c \u0111\u1ec3 qu\u00fd v\u1ecb c\u00f3 th\u1ec3 ti\u1ebfp t\u1ee5c s\u1eed d\u1ee5ng d\u1ecbch v\u1ee5 (n\u1ebfu \u0111\u00f3 l\u00e0 d\u1ecbch v\u1ee5 qu\u00fd v\u1ecb \u0111ang nh\u1eadn). Sau \u0111\u00f3, qu\u00fd v\u1ecb c\u00f3 th\u1ec3 n\u1ed9p \u0111\u01a1n khi\u1ebfu n\u1ea1i (\u0111\u01b0\u1ee3c g\u1ecdi l\u00e0 Khi\u1ebfu N\u1ea1i M\u1ee5c 4731) v\u1ec1 c\u00e1c v\u1ea5n \u0111\u1ec1 v\u1edbi th\u00f4ng b\u00e1o. Xem <a href=\"https:\/\/rula.disabilityrightsca.org\/vi\/rula-book\/chapter-10-appeals-and-complaints-disagreements-with-regional-centers-developmental-centers-or-service-providers\/10-38-what-happens-to-my-services-during-a-superior-court-appeal\/\">Khi\u1ebfu N\u1ea1i M\u1ee5c 4731<\/a>.<\/p>\n","protected":false},"excerpt":{"rendered":"<p>C\u00f3. N\u1ebfu trung t\u00e2m khu v\u1ef1c t\u1eeb ch\u1ed1i cung c\u1ea5p d\u1ecbch v\u1ee5 ho\u1eb7c thay \u0111\u1ed5i d\u1ecbch v\u1ee5 khi kh\u00f4ng th\u00f4ng b\u00e1o v\u1edbi qu\u00fd v\u1ecb, qu\u00fd&hellip;<\/p>\n","protected":false},"author":1,"featured_media":0,"parent":2072,"menu_order":7,"comment_status":"closed","ping_status":"closed","template":"","meta":{"footnotes":""},"class_list":["post-2093","page","type-page","status-publish","hentry"],"_links":{"self":[{"href":"https:\/\/rula.disabilityrightsca.org\/vi\/wp-json\/wp\/v2\/pages\/2093","targetHints":{"allow":["GET"]}}],"collection":[{"href":"https:\/\/rula.disabilityrightsca.org\/vi\/wp-json\/wp\/v2\/pages"}],"about":[{"href":"https:\/\/rula.disabilityrightsca.org\/vi\/wp-json\/wp\/v2\/types\/page"}],"author":[{"embeddable":true,"href":"https:\/\/rula.disabilityrightsca.org\/vi\/wp-json\/wp\/v2\/users\/1"}],"replies":[{"embeddable":true,"href":"https:\/\/rula.disabilityrightsca.org\/vi\/wp-json\/wp\/v2\/comments?post=2093"}],"version-history":[{"count":8,"href":"https:\/\/rula.disabilityrightsca.org\/vi\/wp-json\/wp\/v2\/pages\/2093\/revisions"}],"predecessor-version":[{"id":3799,"href":"https:\/\/rula.disabilityrightsca.org\/vi\/wp-json\/wp\/v2\/pages\/2093\/revisions\/3799"}],"up":[{"embeddable":true,"href":"https:\/\/rula.disabilityrightsca.org\/vi\/wp-json\/wp\/v2\/pages\/2072"}],"wp:attachment":[{"href":"https:\/\/rula.disabilityrightsca.org\/vi\/wp-json\/wp\/v2\/media?parent=2093"}],"curies":[{"name":"wp","href":"https:\/\/api.w.org\/{rel}","templated":true}]}}