{"id":2091,"date":"2021-09-28T22:09:10","date_gmt":"2021-09-28T22:09:10","guid":{"rendered":"http:\/\/www.rula.disabilityrightsca.org\/vi\/?page_id=2091"},"modified":"2023-11-30T19:37:12","modified_gmt":"2023-11-30T19:37:12","slug":"10-6-what-if-something-is-wrong-with-the-notice","status":"publish","type":"page","link":"https:\/\/rula.disabilityrightsca.org\/vi\/rula-book\/chapter-10-appeals-and-complaints-disagreements-with-regional-centers-developmental-centers-or-service-providers\/10-6-what-if-something-is-wrong-with-the-notice\/","title":{"rendered":"(10.6) N\u1ebfu quy tr\u00ecnh th\u00f4ng b\u00e1o kh\u00f4ng \u0111\u01b0\u1ee3c th\u1ef1c hi\u1ec7n \u0111\u00fang th\u00ec sao?"},"content":{"rendered":"\n<p>Quy tr\u00ecnh th\u00f4ng b\u00e1o c\u00f3 v\u1ea5n \u0111\u1ec1 l\u00e0 chuy\u1ec7n th\u01b0\u1eddng th\u1ea5y. \u0110\u00f4i khi trung t\u00e2m khu v\u1ef1c b\u00e1o cho qu\u00fd v\u1ecb r\u1eb1ng h\u1ecd quy\u1ebft \u0111\u1ecbnh thay \u0111\u1ed5i d\u1ecbch v\u1ee5 nh\u01b0ng kh\u00f4ng g\u1eedi cho qu\u00fd v\u1ecb v\u0103n b\u1ea3n th\u00f4ng b\u00e1o. C\u00f3 khi, v\u0103n b\u1ea3n th\u00f4ng b\u00e1o m\u00e0 h\u1ecd g\u1eedi kh\u00f4ng \u0111\u1ea7y \u0111\u1ee7.<\/p>\n\n\n\n<p>Sau \u0111\u00e2y l\u00e0 v\u00ed d\u1ee5 v\u1ec1 th\u00f4ng b\u00e1o kh\u00f4ng \u0111\u1ea7y \u0111\u1ee7:<\/p>\n\n\n\n<p>\u201cQu\u00fd v\u1ecb \u0111\u00e3 \u0111\u01b0\u1ee3c x\u00e1c \u0111\u1ecbnh l\u00e0 kh\u00f4ng h\u1ed9i \u0111\u1ee7 \u0111i\u1ec1u ki\u1ec7n nh\u1eadn d\u1ecbch v\u1ee5 c\u1ee7a trung t\u00e2m khu v\u1ef1c v\u00ec qu\u00fd v\u1ecb kh\u00f4ng b\u1ecb khuy\u1ebft t\u1eadt v\u1ec1 ph\u00e1t tri\u1ec3n theo \u0111\u1ecbnh ngh\u0129a trong B\u1ed9\u0323 Lu\u1eadt Ph\u00fac L\u1ee3i v\u00e0 \u0110\u1ecbnh Ch\u1ebf m\u1ee5c 4512(a).\u201d<\/p>\n\n\n\n<p>Th\u00f4ng b\u00e1o n\u00e0y kh\u00f4ng cung c\u1ea5p cho qu\u00fd v\u1ecb th\u00f4ng tin qu\u00fd v\u1ecb c\u1ea7n. Th\u00f4ng b\u00e1o kh\u00f4ng cho bi\u1ebft lu\u1eadt quy \u0111\u1ecbnh nh\u01b0 th\u1ebf n\u00e0o. H\u1ea7u h\u1ebft m\u1ecdi ng\u01b0\u1eddi kh\u00f4ng bi\u1ebft quy \u0111\u1ecbnh c\u1ee7a B\u1ed9 Lu\u1eadt Ph\u00fac L\u1ee3i v\u00e0 \u0110\u1ecbnh Ch\u1ebf m\u1ee5c 4512(a). Th\u00f4ng b\u00e1o kh\u00f4ng n\u00eau l\u00fd do qu\u00fd v\u1ecb kh\u00f4ng m\u1eafc khuy\u1ebft t\u1eadt v\u1ec1 ph\u00e1t tri\u1ec3n. Th\u00f4ng b\u00e1o kh\u00f4ng n\u00eau c\u0103n c\u1ee9 \u0111\u01b0\u1ee3c trung t\u00e2m khu v\u1ef1c s\u1eed d\u1ee5ng \u0111\u1ec3 \u0111\u01b0a ra quy\u1ebft \u0111\u1ecbnh.<\/p>\n\n\n\n<p>K\u1ec3 c\u1ea3 khi th\u00f4ng b\u00e1o g\u1eedi cho qu\u00fd v\u1ecb kh\u00f4ng \u0111\u1ea7y \u0111\u1ee7, h\u00e3y y\u00eau c\u1ea7u kh\u00e1ng c\u00e1o s\u1edbm nh\u1ea5t c\u00f3 th\u1ec3.\u00a0 \u0110i\u1ec1u n\u00e0y b\u1ea3o v\u1ec7 quy\u1ec1n kh\u00e1ng c\u00e1o c\u1ee7a qu\u00fd v\u1ecb v\u00e0 c\u00f3 th\u1ec3 cho ph\u00e9p qu\u00fd v\u1ecb ti\u1ebfp t\u1ee5c s\u1eed d\u1ee5ng d\u1ecbch v\u1ee5 trong khi kh\u00e1ng c\u00e1o.\u00a0 Khi qu\u00fd v\u1ecb kh\u00e1ng c\u00e1o, qu\u00fd v\u1ecb c\u00f3 th\u1ec3 n\u00f3i qu\u00fd v\u1ecb kh\u00f4ng nh\u1eadn \u0111\u01b0\u1ee3c \u201cth\u00f4ng b\u00e1o \u0111\u1ea7y \u0111\u1ee7\u201d. Qu\u00fd v\u1ecb c\u0169ng c\u00f3 th\u1ec3 n\u1ed9p \u0111\u01a1n Khi\u1ebfu N\u1ea1i M\u1ee5c 4731.\u00a0 Y\u00eau c\u1ea7u kh\u00e1ng c\u00e1o ngay l\u1eadp t\u1ee9c \u0111\u1ec3 qu\u00fd v\u1ecb c\u00f3 th\u1ec3 ti\u1ebfp t\u1ee5c s\u1eed d\u1ee5ng d\u1ecbch v\u1ee5.\u00a0 Sau \u0111\u00f3, qu\u00fd v\u1ecb c\u00f3 th\u1ec3 n\u1ed9p \u0111\u01a1n khi\u1ebfu n\u1ea1i. Xem m\u1ee5c v\u1ec1 <a href=\"https:\/\/rula.disabilityrightsca.org\/vi\/rula-book\/chapter-10-appeals-and-complaints-disagreements-with-regional-centers-developmental-centers-or-service-providers\/10-38-what-happens-to-my-services-during-a-superior-court-appeal\/\" data-type=\"URL\">Khi\u1ebfu N\u1ea1i 4731<\/a> v\u00e0 <a href=\"https:\/\/rula.disabilityrightsca.org\/vi\/supplements\/supplement-o-how-to-file-a-section-4731-complaint\/\" data-type=\"URL\" data-id=\"https:\/\/rula.disabilityrightsca.org\/vi\/supplements\/supplement-o-how-to-file-a-section-4731-complaint\/\">Ph\u1ee5 L\u1ee5c O<\/a> \u0111\u1ec3 bi\u1ebft v\u1ec1 Khi\u1ebfu N\u1ea1i 4731.<\/p>\n","protected":false},"excerpt":{"rendered":"<p>Quy tr\u00ecnh th\u00f4ng b\u00e1o c\u00f3 v\u1ea5n \u0111\u1ec1 l\u00e0 chuy\u1ec7n th\u01b0\u1eddng th\u1ea5y. \u0110\u00f4i khi trung t\u00e2m khu v\u1ef1c b\u00e1o cho qu\u00fd v\u1ecb r\u1eb1ng h\u1ecd quy\u1ebft \u0111\u1ecbnh&hellip;<\/p>\n","protected":false},"author":1,"featured_media":0,"parent":2072,"menu_order":6,"comment_status":"closed","ping_status":"closed","template":"","meta":{"footnotes":""},"class_list":["post-2091","page","type-page","status-publish","hentry"],"_links":{"self":[{"href":"https:\/\/rula.disabilityrightsca.org\/vi\/wp-json\/wp\/v2\/pages\/2091","targetHints":{"allow":["GET"]}}],"collection":[{"href":"https:\/\/rula.disabilityrightsca.org\/vi\/wp-json\/wp\/v2\/pages"}],"about":[{"href":"https:\/\/rula.disabilityrightsca.org\/vi\/wp-json\/wp\/v2\/types\/page"}],"author":[{"embeddable":true,"href":"https:\/\/rula.disabilityrightsca.org\/vi\/wp-json\/wp\/v2\/users\/1"}],"replies":[{"embeddable":true,"href":"https:\/\/rula.disabilityrightsca.org\/vi\/wp-json\/wp\/v2\/comments?post=2091"}],"version-history":[{"count":7,"href":"https:\/\/rula.disabilityrightsca.org\/vi\/wp-json\/wp\/v2\/pages\/2091\/revisions"}],"predecessor-version":[{"id":3798,"href":"https:\/\/rula.disabilityrightsca.org\/vi\/wp-json\/wp\/v2\/pages\/2091\/revisions\/3798"}],"up":[{"embeddable":true,"href":"https:\/\/rula.disabilityrightsca.org\/vi\/wp-json\/wp\/v2\/pages\/2072"}],"wp:attachment":[{"href":"https:\/\/rula.disabilityrightsca.org\/vi\/wp-json\/wp\/v2\/media?parent=2091"}],"curies":[{"name":"wp","href":"https:\/\/api.w.org\/{rel}","templated":true}]}}