{"id":2089,"date":"2021-09-28T22:07:51","date_gmt":"2021-09-28T22:07:51","guid":{"rendered":"http:\/\/www.rula.disabilityrightsca.org\/vi\/?page_id=2089"},"modified":"2023-11-30T19:35:39","modified_gmt":"2023-11-30T19:35:39","slug":"10-5-what-is-adequate-notice","status":"publish","type":"page","link":"https:\/\/rula.disabilityrightsca.org\/vi\/rula-book\/chapter-10-appeals-and-complaints-disagreements-with-regional-centers-developmental-centers-or-service-providers\/10-5-what-is-adequate-notice\/","title":{"rendered":"(10.5)  \u201cTh\u00f4ng b\u00e1o \u0111\u1ea7y \u0111\u1ee7\u201d l\u00e0 g\u00ec?"},"content":{"rendered":"\n<p>Th\u00f4ng b\u00e1o h\u00e0nh \u0111\u1ed9ng (NOA) \u0111\u01b0\u1ee3c coi l\u00e0 \u0111\u1ea7y \u0111\u1ee7 khi th\u00f4ng b\u00e1o n\u00e0y cho qu\u00fd v\u1ecb bi\u1ebft h\u00e0nh \u0111\u1ed9ng m\u00e0 trung t\u00e2m khu v\u1ef1c c\u00f3 k\u1ebf ho\u1ea1ch th\u1ef1c hi\u1ec7n v\u00e0 nh\u1eefng lu\u1eadt n\u00e0o cho ph\u00e9p h\u1ecd l\u00e0m \u0111i\u1ec1u \u0111\u00f3. \u0110i\u1ec1u n\u00e0y gi\u00fap qu\u00fd v\u1ecb quy\u1ebft \u0111\u1ecbnh qu\u00fd v\u1ecb c\u00f3 n\u00ean kh\u00e1ng c\u00e1o kh\u00f4ng v\u00e0 h\u1ed7 tr\u1ee3 qu\u00fd v\u1ecb chu\u1ea9n b\u1ecb cho phi\u00ean \u0111i\u1ec1u tr\u1ea7n. Th\u00f4ng b\u00e1o c\u1ee7a trung t\u00e2m khu v\u1ef1c ph\u1ea3i r\u00f5 r\u00e0ng v\u00e0 b\u1eb1ng ng\u00f4n ng\u1eef qu\u00fd v\u1ecb hi\u1ec3u \u0111\u01b0\u1ee3c.<\/p>\n\n\n\n<p>Th\u00f4ng b\u00e1o n\u00e0y ph\u1ea3i cho bi\u1ebft:<\/p>\n\n\n\n<ul class=\"wp-block-list\">\n<li>Nh\u1eefng h\u00e0nh \u0111\u1ed9ng d\u1ef1 ki\u1ebfn c\u1ee7a trung t\u00e2m khu v\u1ef1c;<\/li>\n\n\n\n<li>L\u00fd do h\u00e0nh \u0111\u1ed9ng;<\/li>\n\n\n\n<li>Th\u1eddi \u0111i\u1ec3m h\u1ecd th\u1ef1c hi\u1ec7n h\u00e0nh \u0111\u1ed9ng;<\/li>\n\n\n\n<li>Lu\u1eadt, quy t\u1eafc ho\u1eb7c ch\u00ednh s\u00e1ch cho ph\u00e9p h\u1ecd h\u00e0nh \u0111\u1ed9ng;<\/li>\n\n\n\n<li>C\u00e1ch th\u1ee9c v\u00e0 n\u01a1i n\u1ed9p \u0111\u01a1n kh\u00e1ng c\u00e1o;<\/li>\n\n\n\n<li>Th\u1eddi h\u1ea1n n\u1ed9p \u0111\u01a1n kh\u00e1ng c\u00e1o;<\/li>\n\n\n\n<li>Th\u00f4ng tin v\u1ec1 nh\u1eefng di\u1ec5n bi\u1ebfn trong quy tr\u00ecnh kh\u00e1ng c\u00e1o;<\/li>\n\n\n\n<li>C\u00e1ch xem l\u1ea1i h\u1ed3 s\u01a1 c\u1ee7a qu\u00fd v\u1ecb t\u1ea1i trung t\u00e2m khu v\u1ef1c \u0111\u1ec3 chu\u1ea9n b\u1ecb cho v\u1ee5 ki\u1ec7n;<\/li>\n\n\n\n<li>N\u01a1i nh\u1eadn \u0111\u01b0\u1ee3c tr\u1ee3 gi\u00fap b\u00eanh v\u1ef1c.<\/li>\n<\/ul>\n","protected":false},"excerpt":{"rendered":"<p>Th\u00f4ng b\u00e1o h\u00e0nh \u0111\u1ed9ng (NOA) \u0111\u01b0\u1ee3c coi l\u00e0 \u0111\u1ea7y \u0111\u1ee7 khi th\u00f4ng b\u00e1o n\u00e0y cho qu\u00fd v\u1ecb bi\u1ebft h\u00e0nh \u0111\u1ed9ng m\u00e0 trung t\u00e2m khu v\u1ef1c&hellip;<\/p>\n","protected":false},"author":1,"featured_media":0,"parent":2072,"menu_order":5,"comment_status":"closed","ping_status":"closed","template":"","meta":{"footnotes":""},"class_list":["post-2089","page","type-page","status-publish","hentry"],"_links":{"self":[{"href":"https:\/\/rula.disabilityrightsca.org\/vi\/wp-json\/wp\/v2\/pages\/2089","targetHints":{"allow":["GET"]}}],"collection":[{"href":"https:\/\/rula.disabilityrightsca.org\/vi\/wp-json\/wp\/v2\/pages"}],"about":[{"href":"https:\/\/rula.disabilityrightsca.org\/vi\/wp-json\/wp\/v2\/types\/page"}],"author":[{"embeddable":true,"href":"https:\/\/rula.disabilityrightsca.org\/vi\/wp-json\/wp\/v2\/users\/1"}],"replies":[{"embeddable":true,"href":"https:\/\/rula.disabilityrightsca.org\/vi\/wp-json\/wp\/v2\/comments?post=2089"}],"version-history":[{"count":5,"href":"https:\/\/rula.disabilityrightsca.org\/vi\/wp-json\/wp\/v2\/pages\/2089\/revisions"}],"predecessor-version":[{"id":3797,"href":"https:\/\/rula.disabilityrightsca.org\/vi\/wp-json\/wp\/v2\/pages\/2089\/revisions\/3797"}],"up":[{"embeddable":true,"href":"https:\/\/rula.disabilityrightsca.org\/vi\/wp-json\/wp\/v2\/pages\/2072"}],"wp:attachment":[{"href":"https:\/\/rula.disabilityrightsca.org\/vi\/wp-json\/wp\/v2\/media?parent=2089"}],"curies":[{"name":"wp","href":"https:\/\/api.w.org\/{rel}","templated":true}]}}