{"id":2086,"date":"2021-09-28T22:06:12","date_gmt":"2021-09-28T22:06:12","guid":{"rendered":"http:\/\/www.rula.disabilityrightsca.org\/vi\/?page_id=2086"},"modified":"2023-06-22T23:01:32","modified_gmt":"2023-06-22T23:01:32","slug":"10-4-i-have-a-time-limit-on-my-ipp-service-can-i-still-appeal-when-it-ends","status":"publish","type":"page","link":"https:\/\/rula.disabilityrightsca.org\/vi\/rula-book\/chapter-10-appeals-and-complaints-disagreements-with-regional-centers-developmental-centers-or-service-providers\/10-4-i-have-a-time-limit-on-my-ipp-service-can-i-still-appeal-when-it-ends\/","title":{"rendered":"(10.4)  D\u1ecbch v\u1ee5 trong IPP c\u1ee7a t\u00f4i c\u00f3 gi\u1edbi h\u1ea1n th\u1eddi gian. T\u00f4i c\u00f3 c\u00f2n kh\u00e1ng c\u00e1o \u0111\u01b0\u1ee3c kh\u00f4ng khi d\u1ecbch v\u1ee5 k\u1ebft th\u00fac?"},"content":{"rendered":"\n<p>C\u00f3. Th\u1ec9nh tho\u1ea3ng, t\u1ea5t c\u1ea3 d\u1ecbch v\u1ee5 trong IPP c\u1ee7a qu\u00fd v\u1ecb ph\u1ea3i \u0111\u01b0\u1ee3c xem x\u00e9t.<span class=\"footnote_referrer\"><a role=\"button\" tabindex=\"0\" onclick=\"footnote_moveToReference_2086_1('footnote_plugin_reference_2086_1_1');\" onkeypress=\"footnote_moveToReference_2086_1('footnote_plugin_reference_2086_1_1');\" ><sup id=\"footnote_plugin_tooltip_2086_1_1\" class=\"footnote_plugin_tooltip_text\">[1]<\/sup><\/a><span id=\"footnote_plugin_tooltip_text_2086_1_1\" class=\"footnote_tooltip\">\u00a7 4646.5(a)(6).<\/span><\/span><script type=\"text\/javascript\"> jQuery('#footnote_plugin_tooltip_2086_1_1').tooltip({ tip: '#footnote_plugin_tooltip_text_2086_1_1', tipClass: 'footnote_tooltip', effect: 'fade', predelay: 0, fadeInSpeed: 200, delay: 400, fadeOutSpeed: 200, position: 'top center', relative: true, offset: [-7, 0], });<\/script> Qu\u00fd v\u1ecb v\u00e0 trung t\u00e2m khu v\u1ef1c ph\u1ea3i \u0111\u00e1nh gi\u00e1 nhu c\u1ea7u d\u1ecbch v\u1ee5 c\u1ee7a qu\u00fd v\u1ecb theo th\u1eddi gian \u0111\u00e3 l\u00ean l\u1ecbch. \u0110i\u1ec1u \u0111\u00f3 kh\u00f4ng c\u00f3 ngh\u0129a l\u00e0 c\u00e1c d\u1ecbch v\u1ee5 d\u00e0nh cho qu\u00fd v\u1ecb \u201ch\u1ebft h\u1ea1n\u201d. M\u1ed9t s\u1ed1 trung t\u00e2m khu v\u1ef1c \u0111\u01b0a gi\u1edbi h\u1ea1n th\u1eddi gian v\u00e0o IPP c\u1ee7a qu\u00fd v\u1ecb v\u00e0 d\u1eebng d\u1ecbch v\u1ee5 v\u00e0o ng\u00e0y \u0111\u00f3 m\u00e0 kh\u00f4ng th\u00f4ng b\u00e1o. H\u00e0nh \u0111\u1ed9ng n\u00e0y vi ph\u1ea1m quy\u1ec1n \u0111\u01b0\u1ee3c th\u00f4ng b\u00e1o v\u00e0 kh\u00e1ng c\u00e1o c\u1ee7a qu\u00fd v\u1ecb.<\/p>\n\n\n\n<p>M\u1ed9t s\u1ed1 trung t\u00e2m khu v\u1ef1c \u0111\u1eb7t gi\u1edbi h\u1ea1n th\u1eddi gian cho d\u1ecbch v\u1ee5 trong c\u00e1c m\u1eabu \u0111\u01a1n \u0111\u01b0\u1ee3c g\u1ecdi l\u00e0 \u201c\u1ee7y quy\u1ec1n mua d\u1ecbch v\u1ee5\u201d. \u0110\u00e2y l\u00e0 m\u1ed9t t\u00e0i li\u1ec7u n\u1ed9i b\u1ed9. T\u00e0i li\u1ec7u n\u00e0y kh\u00f4ng c\u00f3 quy\u1ec1n ki\u1ec3m so\u00e1t \u0111\u1ed1i v\u1edbi c\u00e1c d\u1ecbch v\u1ee5 qu\u00fd v\u1ecb c\u00f3 quy\u1ec1n nh\u1eadn.<\/p>\n\n\n\n<p>Qu\u00fd v\u1ecb kh\u00f4ng n\u00ean \u0111\u1ed3ng \u00fd c\u00f3 gi\u1edbi h\u1ea1n th\u1eddi gian trong IPP c\u1ee7a qu\u00fd v\u1ecb. N\u1ebfu c\u00f3 ng\u00e0y h\u1ebft h\u1ea1n trong IPP c\u1ee7a qu\u00fd v\u1ecb, \u0111\u00f3 kh\u00f4ng ph\u1ea3i l\u00e0 th\u00f4ng b\u00e1o. Trung t\u00e2m khu v\u1ef1c kh\u00f4ng th\u1ec3 d\u1eebng ho\u1eb7c thay \u0111\u1ed5i m\u1ed9t d\u1ecbch v\u1ee5 khi ch\u01b0a g\u1eedi cho qu\u00fd v\u1ecb th\u00f4ng b\u00e1o h\u00e0nh \u0111\u1ed9ng cho bi\u1ebft qu\u00fd v\u1ecb c\u00f3 quy\u1ec1n kh\u00e1ng c\u00e1o.<span class=\"footnote_referrer\"><a role=\"button\" tabindex=\"0\" onclick=\"footnote_moveToReference_2086_1('footnote_plugin_reference_2086_1_2');\" onkeypress=\"footnote_moveToReference_2086_1('footnote_plugin_reference_2086_1_2');\" ><sup id=\"footnote_plugin_tooltip_2086_1_2\" class=\"footnote_plugin_tooltip_text\">[2]<\/sup><\/a><span id=\"footnote_plugin_tooltip_text_2086_1_2\" class=\"footnote_tooltip\">M\u1ed9t Th\u1ea9m Ph\u00e1n Lu\u1eadt H\u00e0nh Ch\u00ednh kh\u1eb3ng \u0111\u1ecbnh r\u1eb1ng \u201ctrung t\u00e2m khu v\u1ef1c kh\u00f4ng th\u1ec3 tr\u00e1nh n\u00e9 y\u00eau c\u1ea7u r\u1eb1ng \u2018c\u00e1c d\u1ecbch v\u1ee5 \u0111ang \u0111\u01b0\u1ee3c cung c\u1ea5p theo k\u1ebf ho\u1ea1ch&nbsp;&#x2026; <span class=\"footnote_tooltip_continue\"  onclick=\"footnote_moveToReference_2086_1('footnote_plugin_reference_2086_1_2');\">Continue reading<\/span><\/span><\/span><script type=\"text\/javascript\"> jQuery('#footnote_plugin_tooltip_2086_1_2').tooltip({ tip: '#footnote_plugin_tooltip_text_2086_1_2', tipClass: 'footnote_tooltip', effect: 'fade', predelay: 0, fadeInSpeed: 200, delay: 400, fadeOutSpeed: 200, position: 'top center', relative: true, offset: [-7, 0], });<\/script><\/p>\n\n\n\n<p>Qu\u00fd v\u1ecb ph\u1ea3i c\u00f3 m\u1ed9t cu\u1ed9c h\u1ecdp IPP tr\u01b0\u1edbc khi IPP hi\u1ec7n t\u1ea1i h\u1ebft h\u1ea1n \u0111\u1ec3 th\u1ea3o lu\u1eadn v\u1ec1 c\u00e1c d\u1ecbch v\u1ee5 d\u00e0nh cho qu\u00fd v\u1ecb. Cu\u1ed9c h\u1ecdp IPP ph\u1ea3i di\u1ec5n ra \u0111\u1ee7 s\u1edbm \u0111\u1ec3 trung t\u00e2m khu v\u1ef1c c\u00f3 th\u1ec3 g\u1eedi cho qu\u00fd v\u1ecb th\u00f4ng b\u00e1o \u00edt nh\u1ea5t 30 ng\u00e0y tr\u01b0\u1edbc khi h\u1ecd mu\u1ed1n thay \u0111\u1ed5i d\u1ecbch v\u1ee5.<span class=\"footnote_referrer\"><a role=\"button\" tabindex=\"0\" onclick=\"footnote_moveToReference_2086_1('footnote_plugin_reference_2086_1_3');\" onkeypress=\"footnote_moveToReference_2086_1('footnote_plugin_reference_2086_1_3');\" ><sup id=\"footnote_plugin_tooltip_2086_1_3\" class=\"footnote_plugin_tooltip_text\">[3]<\/sup><\/a><span id=\"footnote_plugin_tooltip_text_2086_1_3\" class=\"footnote_tooltip\">\u00a7 4710.<\/span><\/span><script type=\"text\/javascript\"> jQuery('#footnote_plugin_tooltip_2086_1_3').tooltip({ tip: '#footnote_plugin_tooltip_text_2086_1_3', tipClass: 'footnote_tooltip', effect: 'fade', predelay: 0, fadeInSpeed: 200, delay: 400, fadeOutSpeed: 200, position: 'top center', relative: true, offset: [-7, 0], });<\/script><\/p>\n\n\n\n<p>Theo d\u00f5i IPP v\u00e0 c\u00e1c d\u1ecbch v\u1ee5 d\u00e0nh cho qu\u00fd v\u1ecb. Y\u00eau c\u1ea7u trung t\u00e2m khu v\u1ef1c t\u1ed5 ch\u1ee9c cu\u1ed9c h\u1ecdp \u0111\u1ec3 trao \u0111\u1ed5i v\u1ec1 c\u00e1c d\u1ecbch v\u1ee5 qu\u00fd v\u1ecb v\u1eabn c\u1ea7n c\u00f3 trong IPP. N\u1ebfu qu\u00fd v\u1ecb kh\u00f4ng th\u1ec3 \u0111\u1ed3ng \u00fd t\u1ea1i cu\u1ed9c h\u1ecdp IPP, trung t\u00e2m khu v\u1ef1c ph\u1ea3i g\u1eedi cho qu\u00fd v\u1ecb v\u0103n b\u1ea3n th\u00f4ng b\u00e1o. Sau khi qu\u00fd v\u1ecb nh\u1eadn th\u00f4ng b\u00e1o, qu\u00fd v\u1ecb c\u00f3 10 ng\u00e0y \u0111\u1ec3 y\u00eau c\u1ea7u kh\u00e1ng c\u00e1o n\u1ebfu qu\u00fd v\u1ecb mu\u1ed1n ti\u1ebfp t\u1ee5c s\u1eed d\u1ee5ng c\u00e1c d\u1ecbch v\u1ee5 cho \u0111\u1ebfn khi kh\u00e1ng c\u00e1o k\u1ebft th\u00fac.<span class=\"footnote_referrer\"><a role=\"button\" tabindex=\"0\" onclick=\"footnote_moveToReference_2086_1('footnote_plugin_reference_2086_1_4');\" onkeypress=\"footnote_moveToReference_2086_1('footnote_plugin_reference_2086_1_4');\" ><sup id=\"footnote_plugin_tooltip_2086_1_4\" class=\"footnote_plugin_tooltip_text\">[4]<\/sup><\/a><span id=\"footnote_plugin_tooltip_text_2086_1_4\" class=\"footnote_tooltip\">\u00a7 4715.<\/span><\/span><script type=\"text\/javascript\"> jQuery('#footnote_plugin_tooltip_2086_1_4').tooltip({ tip: '#footnote_plugin_tooltip_text_2086_1_4', tipClass: 'footnote_tooltip', effect: 'fade', predelay: 0, fadeInSpeed: 200, delay: 400, fadeOutSpeed: 200, position: 'top center', relative: true, offset: [-7, 0], });<\/script><\/p>\n\n\n\n<p>N\u1ebfu qu\u00fd v\u1ecb \u0111\u1ed3ng \u00fd k\u1ebft th\u00fac d\u1ecbch v\u1ee5, trung t\u00e2m khu v\u1ef1c kh\u00f4ng ph\u1ea3i g\u1eedi cho qu\u00fd v\u1ecb th\u00f4ng b\u00e1o b\u1eb1ng v\u0103n b\u1ea3n.<\/p>\n<div class=\"speaker-mute footnotes_reference_container\"> <div class=\"footnote_container_prepare\"><p><span role=\"button\" tabindex=\"0\" class=\"footnote_reference_container_label pointer\" onclick=\"footnote_expand_collapse_reference_container_2086_1();\">&#x202F;<\/span><span role=\"button\" tabindex=\"0\" class=\"footnote_reference_container_collapse_button\" style=\"display: none;\" onclick=\"footnote_expand_collapse_reference_container_2086_1();\">[<a id=\"footnote_reference_container_collapse_button_2086_1\">+<\/a>]<\/span><\/p><\/div> <div id=\"footnote_references_container_2086_1\" style=\"\"><table class=\"footnotes_table footnote-reference-container\"><caption class=\"accessibility\">References<\/caption> <tbody> \r\n\r\n<tr class=\"footnotes_plugin_reference_row\"> <th scope=\"row\" class=\"footnote_plugin_index_combi pointer\"  onclick=\"footnote_moveToAnchor_2086_1('footnote_plugin_tooltip_2086_1_1');\"><a id=\"footnote_plugin_reference_2086_1_1\" class=\"footnote_backlink\"><span class=\"footnote_index_arrow\">&#8593;<\/span>1<\/a><\/th> <td class=\"footnote_plugin_text\">\u00a7 4646.5(a)(6).<\/td><\/tr>\r\n\r\n<tr class=\"footnotes_plugin_reference_row\"> <th scope=\"row\" class=\"footnote_plugin_index_combi pointer\"  onclick=\"footnote_moveToAnchor_2086_1('footnote_plugin_tooltip_2086_1_2');\"><a id=\"footnote_plugin_reference_2086_1_2\" class=\"footnote_backlink\"><span class=\"footnote_index_arrow\">&#8593;<\/span>2<\/a><\/th> <td class=\"footnote_plugin_text\">M\u1ed9t Th\u1ea9m Ph\u00e1n Lu\u1eadt H\u00e0nh Ch\u00ednh kh\u1eb3ng \u0111\u1ecbnh r\u1eb1ng \u201ctrung t\u00e2m khu v\u1ef1c kh\u00f4ng th\u1ec3 tr\u00e1nh n\u00e9 y\u00eau c\u1ea7u r\u1eb1ng \u2018c\u00e1c d\u1ecbch v\u1ee5 \u0111ang \u0111\u01b0\u1ee3c cung c\u1ea5p theo k\u1ebf ho\u1ea1ch ch\u01b0\u01a1ng tr\u00ecnh c\u00e1 nh\u00e2n c\u1ee7a ng\u01b0\u1eddi nh\u1eadn ph\u1ea3i \u0111\u01b0\u1ee3c ti\u1ebfp t\u1ee5c trong quy tr\u00ecnh kh\u00e1ng c\u00e1o\u2019. Vi\u1ec7c IPP gi\u1edbi h\u1ea1n r\u00f5 r\u00e0ng kho\u1ea3ng th\u1eddi gian trung t\u00e2m khu v\u1ef1c \u0111\u1ed3ng \u00fd cung c\u1ea5p d\u1ecbch v\u1ee5 s\u1ebd kh\u00f4ng thay \u0111\u1ed5i th\u1ef1c t\u1ebf r\u1eb1ng d\u1ecbch v\u1ee5 \u2018\u0111ang \u0111\u01b0\u1ee3c cung c\u1ea5p theo\u2026ch\u01b0\u01a1ng tr\u00ecnh k\u1ebf ho\u1ea1ch c\u00e1 nh\u00e2n c\u1ee7a ng\u01b0\u1eddi nh\u1eadn [\u0111\u00f3]\u2019. M\u1ed9t gi\u1edbi h\u1ea1n r\u00f5 r\u00e0ng c\u00f3 th\u1ec3 d\u1eabn \u0111\u1ebfn \u0111\u00e1nh gi\u00e1 s\u1edbm ho\u1eb7c \u0111\u1ecbnh k\u1ef3 v\u1ec1 vi\u1ec7c kh\u00e1ch h\u00e0ng c\u00f3 quy\u1ec1n ti\u1ebfp t\u1ee5c s\u1eed d\u1ee5ng d\u1ecbch v\u1ee5 kh\u00f4ng, nh\u01b0ng kh\u00f4ng th\u1ec3 l\u00e0m m\u1ea5t hi\u1ec7u l\u1ef1c y\u00eau c\u1ea7u tr\u1ee3 c\u1ea5p thanh to\u00e1n trong khi ch\u1edd \u0111\u1ee3i. Khi kh\u00e1ch h\u00e0ng kh\u00e1ng c\u00e1o vi\u1ec7c gi\u1ea3m ho\u1eb7c thay \u0111\u1ed5i d\u1ecbch v\u1ee5, y\u00eau c\u1ea7u tr\u1ee3 c\u1ea5p thanh to\u00e1n trong khi ch\u1edd \u0111\u1ee3i trao cho kh\u00e1ch h\u00e0ng quy\u1ec1n ti\u1ebfp t\u1ee5c s\u1eed d\u1ee5ng d\u1ecbch v\u1ee5 trong khi ch\u1edd gi\u1ea3i quy\u1ebft tranh ch\u1ea5p\u201d. Xem OAH V\u1ee5 Ki\u1ec7n s\u1ed1 N-2005090555, trang 8. C\u00e1c quy\u1ebft \u0111\u1ecbnh c\u1ee7a phi\u00ean \u0111i\u1ec1u tr\u1ea7n h\u00e0nh ch\u00ednh c\u00f3 th\u1ec3 r\u1ea5t thuy\u1ebft ph\u1ee5c, m\u1eb7c d\u00f9 c\u00e1c th\u1ea9m ph\u00e1n kh\u00e1c kh\u00f4ng ph\u1ea3i tu\u00e2n theo c\u00e1c quy\u1ebft \u0111\u1ecbnh \u0111\u00f3.<\/td><\/tr>\r\n\r\n<tr class=\"footnotes_plugin_reference_row\"> <th scope=\"row\" class=\"footnote_plugin_index_combi pointer\"  onclick=\"footnote_moveToAnchor_2086_1('footnote_plugin_tooltip_2086_1_3');\"><a id=\"footnote_plugin_reference_2086_1_3\" class=\"footnote_backlink\"><span class=\"footnote_index_arrow\">&#8593;<\/span>3<\/a><\/th> <td class=\"footnote_plugin_text\">\u00a7 4710.<\/td><\/tr>\r\n\r\n<tr class=\"footnotes_plugin_reference_row\"> <th scope=\"row\" class=\"footnote_plugin_index_combi pointer\"  onclick=\"footnote_moveToAnchor_2086_1('footnote_plugin_tooltip_2086_1_4');\"><a id=\"footnote_plugin_reference_2086_1_4\" class=\"footnote_backlink\"><span class=\"footnote_index_arrow\">&#8593;<\/span>4<\/a><\/th> <td class=\"footnote_plugin_text\">\u00a7 4715.<\/td><\/tr>\r\n\r\n <\/tbody> <\/table> <\/div><\/div><script type=\"text\/javascript\"> function footnote_expand_reference_container_2086_1() { jQuery('#footnote_references_container_2086_1').show(); jQuery('#footnote_reference_container_collapse_button_2086_1').text('\u2212'); } function footnote_collapse_reference_container_2086_1() { jQuery('#footnote_references_container_2086_1').hide(); jQuery('#footnote_reference_container_collapse_button_2086_1').text('+'); } function footnote_expand_collapse_reference_container_2086_1() { if (jQuery('#footnote_references_container_2086_1').is(':hidden')) { footnote_expand_reference_container_2086_1(); } else { footnote_collapse_reference_container_2086_1(); } } function footnote_moveToReference_2086_1(p_str_TargetID) { footnote_expand_reference_container_2086_1(); var l_obj_Target = jQuery('#' + p_str_TargetID); if (l_obj_Target.length) { jQuery( 'html, body' ).delay( 0 ); jQuery('html, body').animate({ scrollTop: l_obj_Target.offset().top - window.innerHeight * 0.2 }, 380); } } function footnote_moveToAnchor_2086_1(p_str_TargetID) { footnote_expand_reference_container_2086_1(); var l_obj_Target = jQuery('#' + p_str_TargetID); if (l_obj_Target.length) { jQuery( 'html, body' ).delay( 0 ); jQuery('html, body').animate({ scrollTop: l_obj_Target.offset().top - window.innerHeight * 0.2 }, 380); } }<\/script>","protected":false},"excerpt":{"rendered":"<p>C\u00f3. Th\u1ec9nh tho\u1ea3ng, t\u1ea5t c\u1ea3 d\u1ecbch v\u1ee5 trong IPP c\u1ee7a qu\u00fd v\u1ecb ph\u1ea3i \u0111\u01b0\u1ee3c xem x\u00e9t.[1]\u00a7 4646.5(a)(6). Qu\u00fd v\u1ecb v\u00e0 trung t\u00e2m khu v\u1ef1c ph\u1ea3i&hellip;<\/p>\n","protected":false},"author":1,"featured_media":0,"parent":2072,"menu_order":4,"comment_status":"closed","ping_status":"closed","template":"","meta":{"footnotes":""},"class_list":["post-2086","page","type-page","status-publish","hentry"],"_links":{"self":[{"href":"https:\/\/rula.disabilityrightsca.org\/vi\/wp-json\/wp\/v2\/pages\/2086","targetHints":{"allow":["GET"]}}],"collection":[{"href":"https:\/\/rula.disabilityrightsca.org\/vi\/wp-json\/wp\/v2\/pages"}],"about":[{"href":"https:\/\/rula.disabilityrightsca.org\/vi\/wp-json\/wp\/v2\/types\/page"}],"author":[{"embeddable":true,"href":"https:\/\/rula.disabilityrightsca.org\/vi\/wp-json\/wp\/v2\/users\/1"}],"replies":[{"embeddable":true,"href":"https:\/\/rula.disabilityrightsca.org\/vi\/wp-json\/wp\/v2\/comments?post=2086"}],"version-history":[{"count":4,"href":"https:\/\/rula.disabilityrightsca.org\/vi\/wp-json\/wp\/v2\/pages\/2086\/revisions"}],"predecessor-version":[{"id":3537,"href":"https:\/\/rula.disabilityrightsca.org\/vi\/wp-json\/wp\/v2\/pages\/2086\/revisions\/3537"}],"up":[{"embeddable":true,"href":"https:\/\/rula.disabilityrightsca.org\/vi\/wp-json\/wp\/v2\/pages\/2072"}],"wp:attachment":[{"href":"https:\/\/rula.disabilityrightsca.org\/vi\/wp-json\/wp\/v2\/media?parent=2086"}],"curies":[{"name":"wp","href":"https:\/\/api.w.org\/{rel}","templated":true}]}}