{"id":2083,"date":"2021-09-28T22:02:41","date_gmt":"2021-09-28T22:02:41","guid":{"rendered":"http:\/\/www.rula.disabilityrightsca.org\/vi\/?page_id=2083"},"modified":"2023-11-30T19:25:46","modified_gmt":"2023-11-30T19:25:46","slug":"10-3-when-does-the-regional-center-have-to-give-me-notice","status":"publish","type":"page","link":"https:\/\/rula.disabilityrightsca.org\/vi\/rula-book\/chapter-10-appeals-and-complaints-disagreements-with-regional-centers-developmental-centers-or-service-providers\/10-3-when-does-the-regional-center-have-to-give-me-notice\/","title":{"rendered":"(10.3) Khi n\u00e0o trung t\u00e2m khu v\u1ef1c ph\u1ea3i g\u1eedi th\u00f4ng b\u00e1o cho t\u00f4i?"},"content":{"rendered":"\n<p>N\u1ebfu qu\u00fd v\u1ecb v\u00e0 trung t\u00e2m khu v\u1ef1c \u0111\u00e3 nh\u1ea5t tr\u00ed, trung t\u00e2m khu v\u1ef1c kh\u00f4ng ph\u1ea3i g\u1eedi cho qu\u00fd v\u1ecb v\u0103n b\u1ea3n th\u00f4ng b\u00e1o. Th\u1ecfa thu\u1eadn ngh\u0129a l\u00e0 qu\u00fd v\u1ecb k\u00fd IPP ho\u1eb7c v\u0103n b\u1ea3n cho bi\u1ebft qu\u00fd v\u1ecb \u0111\u1ed3ng \u00fd v\u1edbi quy\u1ebft \u0111\u1ecbnh thay \u0111\u1ed5i, t\u1eeb ch\u1ed1i ho\u1eb7c ch\u1ea5m d\u1ee9t d\u1ecbch v\u1ee5 c\u1ee7a trung t\u00e2m khu v\u1ef1c. <span class=\"footnote_referrer\"><a role=\"button\" tabindex=\"0\" onclick=\"footnote_moveToReference_2083_1('footnote_plugin_reference_2083_1_1');\" onkeypress=\"footnote_moveToReference_2083_1('footnote_plugin_reference_2083_1_1');\" ><sup id=\"footnote_plugin_tooltip_2083_1_1\" class=\"footnote_plugin_tooltip_text\">[1]<\/sup><\/a><span id=\"footnote_plugin_tooltip_text_2083_1_1\" class=\"footnote_tooltip\">\u00a7 4701(k).<\/span><\/span><script type=\"text\/javascript\"> jQuery('#footnote_plugin_tooltip_2083_1_1').tooltip({ tip: '#footnote_plugin_tooltip_text_2083_1_1', tipClass: 'footnote_tooltip', effect: 'fade', predelay: 0, fadeInSpeed: 200, delay: 400, fadeOutSpeed: 200, position: 'top center', relative: true, offset: [-7, 0], });<\/script> N\u1ebfu qu\u00fd v\u1ecb kh\u00f4ng k\u00fd IPP ho\u1eb7c v\u0103n b\u1ea3n n\u00e0o, nh\u01b0ng trung t\u00e2m khu v\u1ef1c cho r\u1eb1ng qu\u00fd v\u1ecb \u0111\u1ed3ng \u00fd v\u1edbi quy\u1ebft \u0111\u1ecbnh c\u1ee7a h\u1ecd, h\u1ecd ph\u1ea3i g\u1eedi cho qu\u00fd v\u1ecb m\u1ed9t l\u00e1 th\u01b0 gi\u1ea3i tr\u00ecnh v\u1ec1 quy\u1ebft \u0111\u1ecbnh c\u1ee7a h\u1ecd, l\u00fd do h\u1ecd cho r\u1eb1ng qu\u00fd v\u1ecb \u0111\u1ed3ng \u00fd v\u1edbi quy\u1ebft \u0111\u1ecbnh \u0111\u00f3 v\u00e0 cung c\u1ea5p cho qu\u00fd v\u1ecb th\u00f4ng tin v\u1ec1 quy\u1ec1n quy\u1ebft \u0111\u1ecbnh kh\u00e1ng c\u00e1o. <span class=\"footnote_referrer\"><a role=\"button\" tabindex=\"0\" onclick=\"footnote_moveToReference_2083_1('footnote_plugin_reference_2083_1_2');\" onkeypress=\"footnote_moveToReference_2083_1('footnote_plugin_reference_2083_1_2');\" ><sup id=\"footnote_plugin_tooltip_2083_1_2\" class=\"footnote_plugin_tooltip_text\">[2]<\/sup><\/a><span id=\"footnote_plugin_tooltip_text_2083_1_2\" class=\"footnote_tooltip\">\u00a7 4701(k).<\/span><\/span><script type=\"text\/javascript\"> jQuery('#footnote_plugin_tooltip_2083_1_2').tooltip({ tip: '#footnote_plugin_tooltip_text_2083_1_2', tipClass: 'footnote_tooltip', effect: 'fade', predelay: 0, fadeInSpeed: 200, delay: 400, fadeOutSpeed: 200, position: 'top center', relative: true, offset: [-7, 0], });<\/script><\/p>\n\n\n\n<p>Trung t\u00e2m khu v\u1ef1c ph\u1ea3i cung c\u1ea5p cho qu\u00fd v\u1ecb v\u0103n b\u1ea3n th\u00f4ng b\u00e1o n\u1ebfu qu\u00fd v\u1ecb kh\u00f4ng \u0111\u1ed3ng \u00fd v\u1edbi quy\u1ebft \u0111\u1ecbnh c\u1ee7a trung t\u00e2m khu v\u1ef1c, k\u1ec3 c\u1ea3 khi:<\/p>\n\n\n\n<ul class=\"wp-block-list\">\n<li>Qu\u00fd v\u1ecb y\u00eau c\u1ea7u nh\u1eadn d\u1ecbch v\u1ee5 c\u1ee7a trung t\u00e2m khu v\u1ef1c v\u00e0 h\u1ecd cho bi\u1ebft qu\u00fd v\u1ecb kh\u00f4ng b\u1ecb khuy\u1ebft t\u1eadt v\u1ec1 ph\u00e1t tri\u1ec3n v\u00e0 kh\u00f4ng h\u1ed9i \u0111\u1ee7 \u0111i\u1ec1u ki\u1ec7n nh\u1eadn d\u1ecbch v\u1ee5.<span class=\"footnote_referrer\"><a role=\"button\" tabindex=\"0\" onclick=\"footnote_moveToReference_2083_1('footnote_plugin_reference_2083_1_3');\" onkeypress=\"footnote_moveToReference_2083_1('footnote_plugin_reference_2083_1_3');\" ><sup id=\"footnote_plugin_tooltip_2083_1_3\" class=\"footnote_plugin_tooltip_text\">[3]<\/sup><\/a><span id=\"footnote_plugin_tooltip_text_2083_1_3\" class=\"footnote_tooltip\">\u00a7 4710I.<\/span><\/span><script type=\"text\/javascript\"> jQuery('#footnote_plugin_tooltip_2083_1_3').tooltip({ tip: '#footnote_plugin_tooltip_text_2083_1_3', tipClass: 'footnote_tooltip', effect: 'fade', predelay: 0, fadeInSpeed: 200, delay: 400, fadeOutSpeed: 200, position: 'top center', relative: true, offset: [-7, 0], });<\/script><\/li>\n\n\n\n<li>Qu\u00fd v\u1ecb \u0111ang nh\u1eadn d\u1ecbch v\u1ee5 c\u1ee7a trung t\u00e2m khu v\u1ef1c v\u00e0 h\u1ecd quy\u1ebft \u0111\u1ecbnh qu\u00fd v\u1ecb kh\u00f4ng c\u00f2n h\u1ed9i \u0111\u1ee7 \u0111i\u1ec1u ki\u1ec7n nh\u1eadn d\u1ecbch v\u1ee5.<span class=\"footnote_referrer\"><a role=\"button\" tabindex=\"0\" onclick=\"footnote_moveToReference_2083_1('footnote_plugin_reference_2083_1_4');\" onkeypress=\"footnote_moveToReference_2083_1('footnote_plugin_reference_2083_1_4');\" ><sup id=\"footnote_plugin_tooltip_2083_1_4\" class=\"footnote_plugin_tooltip_text\">[4]<\/sup><\/a><span id=\"footnote_plugin_tooltip_text_2083_1_4\" class=\"footnote_tooltip\">\u00a7 4710(a)(2).<\/span><\/span><script type=\"text\/javascript\"> jQuery('#footnote_plugin_tooltip_2083_1_4').tooltip({ tip: '#footnote_plugin_tooltip_text_2083_1_4', tipClass: 'footnote_tooltip', effect: 'fade', predelay: 0, fadeInSpeed: 200, delay: 400, fadeOutSpeed: 200, position: 'top center', relative: true, offset: [-7, 0], });<\/script><\/li>\n\n\n\n<li>Trung t\u00e2m khu v\u1ef1c cho bi\u1ebft h\u1ecd s\u1ebd kh\u00f4ng cung c\u1ea5p m\u1ed9t d\u1ecbch v\u1ee5 m\u00e0 qu\u00fd v\u1ecb y\u00eau c\u1ea7u.<span class=\"footnote_referrer\"><a role=\"button\" tabindex=\"0\" onclick=\"footnote_moveToReference_2083_1('footnote_plugin_reference_2083_1_5');\" onkeypress=\"footnote_moveToReference_2083_1('footnote_plugin_reference_2083_1_5');\" ><sup id=\"footnote_plugin_tooltip_2083_1_5\" class=\"footnote_plugin_tooltip_text\">[5]<\/sup><\/a><span id=\"footnote_plugin_tooltip_text_2083_1_5\" class=\"footnote_tooltip\">\u00a7 4710(b).<\/span><\/span><script type=\"text\/javascript\"> jQuery('#footnote_plugin_tooltip_2083_1_5').tooltip({ tip: '#footnote_plugin_tooltip_text_2083_1_5', tipClass: 'footnote_tooltip', effect: 'fade', predelay: 0, fadeInSpeed: 200, delay: 400, fadeOutSpeed: 200, position: 'top center', relative: true, offset: [-7, 0], });<\/script>(H\u1ecd c\u00f3 5 ng\u00e0y l\u00e0m vi\u1ec7c \u0111\u1ec3 g\u1eedi cho qu\u00fd v\u1ecb th\u00f4ng b\u00e1o qua th\u01b0 b\u1ea3o \u0111\u1ea3m.)<span class=\"footnote_referrer\"><a role=\"button\" tabindex=\"0\" onclick=\"footnote_moveToReference_2083_1('footnote_plugin_reference_2083_1_6');\" onkeypress=\"footnote_moveToReference_2083_1('footnote_plugin_reference_2083_1_6');\" ><sup id=\"footnote_plugin_tooltip_2083_1_6\" class=\"footnote_plugin_tooltip_text\">[6]<\/sup><\/a><span id=\"footnote_plugin_tooltip_text_2083_1_6\" class=\"footnote_tooltip\">\u00a7 4710(b).&nbsp; <\/span><\/span><script type=\"text\/javascript\"> jQuery('#footnote_plugin_tooltip_2083_1_6').tooltip({ tip: '#footnote_plugin_tooltip_text_2083_1_6', tipClass: 'footnote_tooltip', effect: 'fade', predelay: 0, fadeInSpeed: 200, delay: 400, fadeOutSpeed: 200, position: 'top center', relative: true, offset: [-7, 0], });<\/script><\/li>\n\n\n\n<li>Trung t\u00e2m khu v\u1ef1c mu\u1ed1n d\u1eebng ho\u1eb7c thay \u0111\u1ed5i m\u1ed9t d\u1ecbch v\u1ee5 trong IPP c\u1ee7a qu\u00fd v\u1ecb v\u00e0 qu\u00fd v\u1ecb kh\u00f4ng \u0111\u1ed3ng \u00fd.<span class=\"footnote_referrer\"><a role=\"button\" tabindex=\"0\" onclick=\"footnote_moveToReference_2083_1('footnote_plugin_reference_2083_1_7');\" onkeypress=\"footnote_moveToReference_2083_1('footnote_plugin_reference_2083_1_7');\" ><sup id=\"footnote_plugin_tooltip_2083_1_7\" class=\"footnote_plugin_tooltip_text\">[7]<\/sup><\/a><span id=\"footnote_plugin_tooltip_text_2083_1_7\" class=\"footnote_tooltip\">\u00a7 4710(a)(1).<\/span><\/span><script type=\"text\/javascript\"> jQuery('#footnote_plugin_tooltip_2083_1_7').tooltip({ tip: '#footnote_plugin_tooltip_text_2083_1_7', tipClass: 'footnote_tooltip', effect: 'fade', predelay: 0, fadeInSpeed: 200, delay: 400, fadeOutSpeed: 200, position: 'top center', relative: true, offset: [-7, 0], });<\/script> Trung t\u00e2m khu v\u1ef1c ph\u1ea3i g\u1eedi cho qu\u00fd v\u1ecb th\u00f4ng b\u00e1o \u00edt nh\u1ea5t 30 ng\u00e0y tr\u01b0\u1edbc khi h\u1ecd thay \u0111\u1ed5i d\u1ecbch v\u1ee5 \u0111\u00f3 trong IPP c\u1ee7a qu\u00fd v\u1ecb.<span class=\"footnote_referrer\"><a role=\"button\" tabindex=\"0\" onclick=\"footnote_moveToReference_2083_1('footnote_plugin_reference_2083_1_8');\" onkeypress=\"footnote_moveToReference_2083_1('footnote_plugin_reference_2083_1_8');\" ><sup id=\"footnote_plugin_tooltip_2083_1_8\" class=\"footnote_plugin_tooltip_text\">[8]<\/sup><\/a><span id=\"footnote_plugin_tooltip_text_2083_1_8\" class=\"footnote_tooltip\">\u00a7 4710(a)(1). Xem Ngo\u1ea1i L\u1ec7 V\u1edbi Y\u00eau C\u1ea7u Th\u00f4ng B\u00e1o b\u00ean d\u01b0\u1edbi \u0111\u1ec3 bi\u1ebft c\u00e1c ngo\u1ea1i l\u1ec7 \u0111\u1ed1i v\u1edbi quy t\u1eafc n\u00e0y.<\/span><\/span><script type=\"text\/javascript\"> jQuery('#footnote_plugin_tooltip_2083_1_8').tooltip({ tip: '#footnote_plugin_tooltip_text_2083_1_8', tipClass: 'footnote_tooltip', effect: 'fade', predelay: 0, fadeInSpeed: 200, delay: 400, fadeOutSpeed: 200, position: 'top center', relative: true, offset: [-7, 0], });<\/script><\/li>\n\n\n\n<li>Trung t\u00e2m khu v\u1ef1c cho bi\u1ebft h\u1ecd kh\u00f4ng c\u00f3 ti\u1ec1n \u0111\u1ec3 cung c\u1ea5p d\u1ecbch v\u1ee5 cho qu\u00fd v\u1ecb.<span class=\"footnote_referrer\"><a role=\"button\" tabindex=\"0\" onclick=\"footnote_moveToReference_2083_1('footnote_plugin_reference_2083_1_9');\" onkeypress=\"footnote_moveToReference_2083_1('footnote_plugin_reference_2083_1_9');\" ><sup id=\"footnote_plugin_tooltip_2083_1_9\" class=\"footnote_plugin_tooltip_text\">[9]<\/sup><\/a><span id=\"footnote_plugin_tooltip_text_2083_1_9\" class=\"footnote_tooltip\">\u00a7 4710(c).<\/span><\/span><script type=\"text\/javascript\"> jQuery('#footnote_plugin_tooltip_2083_1_9').tooltip({ tip: '#footnote_plugin_tooltip_text_2083_1_9', tipClass: 'footnote_tooltip', effect: 'fade', predelay: 0, fadeInSpeed: 200, delay: 400, fadeOutSpeed: 200, position: 'top center', relative: true, offset: [-7, 0], });<\/script> Qu\u00fd v\u1ecb kh\u00f4ng \u0111\u1ed3ng \u00fd v\u1edbi t\u1ea5t c\u1ea3 ho\u1eb7c m\u1ed9t ph\u1ea7n trong IPP c\u1ee7a qu\u00fd v\u1ecb.<span class=\"footnote_referrer\"><a role=\"button\" tabindex=\"0\" onclick=\"footnote_moveToReference_2083_1('footnote_plugin_reference_2083_1_10');\" onkeypress=\"footnote_moveToReference_2083_1('footnote_plugin_reference_2083_1_10');\" ><sup id=\"footnote_plugin_tooltip_2083_1_10\" class=\"footnote_plugin_tooltip_text\">[10]<\/sup><\/a><span id=\"footnote_plugin_tooltip_text_2083_1_10\" class=\"footnote_tooltip\">\u00a7 4646(i).<\/span><\/span><script type=\"text\/javascript\"> jQuery('#footnote_plugin_tooltip_2083_1_10').tooltip({ tip: '#footnote_plugin_tooltip_text_2083_1_10', tipClass: 'footnote_tooltip', effect: 'fade', predelay: 0, fadeInSpeed: 200, delay: 400, fadeOutSpeed: 200, position: 'top center', relative: true, offset: [-7, 0], });<\/script><\/li>\n<\/ul>\n\n\n\n<p>Vi\u1ec7c trung t\u00e2m khu v\u1ef1c t\u1eeb ch\u1ed1i ho\u1eb7c thay \u0111\u1ed5i m\u1ed9t d\u1ecbch v\u1ee5 khi ch\u01b0a g\u1eedi v\u0103n b\u1ea3n th\u00f4ng b\u00e1o cho qu\u00fd v\u1ecb l\u00e0 b\u1ea5t h\u1ee3p ph\u00e1p. Y\u00eau c\u1ea7u trung t\u00e2m khu v\u1ef1c g\u1eedi cho qu\u00fd v\u1ecb th\u00f4ng b\u00e1o b\u1eb1ng v\u0103n b\u1ea3n. Qu\u00fd v\u1ecb c\u00f3 th\u1ec3 kh\u00e1ng c\u00e1o k\u1ec3 c\u1ea3 khi trung t\u00e2m khu v\u1ef1c t\u1eeb ch\u1ed1i g\u1eedi th\u00f4ng b\u00e1o cho qu\u00fd v\u1ecb. Xem c\u00e1c c\u00e2u h\u1ecfi v\u1ec1 kh\u00e1ng c\u00e1o khi kh\u00f4ng c\u00f3 th\u00f4ng b\u00e1o ho\u1eb7c kh\u00e1ng c\u00e1o mu\u1ed9n. Qu\u00fd v\u1ecb c\u0169ng c\u00f3 th\u1ec3 n\u1ed9p \u0111\u01a1n khi\u1ebfu n\u1ea1i (\u0111\u01b0\u1ee3c g\u1ecdi l\u00e0 Khi\u1ebfu N\u1ea1i M\u1ee5c 4731) v\u1edbi gi\u00e1m \u0111\u1ed1c c\u1ee7a trung t\u00e2m khu v\u1ef1c.<span class=\"footnote_referrer\"><a role=\"button\" tabindex=\"0\" onclick=\"footnote_moveToReference_2083_1('footnote_plugin_reference_2083_1_11');\" onkeypress=\"footnote_moveToReference_2083_1('footnote_plugin_reference_2083_1_11');\" ><sup id=\"footnote_plugin_tooltip_2083_1_11\" class=\"footnote_plugin_tooltip_text\">[11]<\/sup><\/a><span id=\"footnote_plugin_tooltip_text_2083_1_11\" class=\"footnote_tooltip\">Vi\u1ec7c n\u1ed9p \u0111\u01a1n kh\u00e1ng c\u00e1o \u0111\u00fang th\u1eddi h\u1ea1n th\u00ec quan tr\u1ecdng h\u01a1n. N\u1ed9p \u0111\u01a1n Khi\u1ebfu N\u1ea1i M\u1ee5c 4731 v\u1edbi \u0111\u01a1n kh\u00e1ng c\u00e1o y\u00eau c\u1ea7u phi\u00ean \u0111i\u1ec1u tr\u1ea7n c\u00f4ng b\u1eb1ng n\u1ebfu qu\u00fd v\u1ecb&nbsp;&#x2026; <span class=\"footnote_tooltip_continue\"  onclick=\"footnote_moveToReference_2083_1('footnote_plugin_reference_2083_1_11');\">Continue reading<\/span><\/span><\/span><script type=\"text\/javascript\"> jQuery('#footnote_plugin_tooltip_2083_1_11').tooltip({ tip: '#footnote_plugin_tooltip_text_2083_1_11', tipClass: 'footnote_tooltip', effect: 'fade', predelay: 0, fadeInSpeed: 200, delay: 400, fadeOutSpeed: 200, position: 'top center', relative: true, offset: [-7, 0], });<\/script> Xem m\u1ee5c v\u1ec1 Khi\u1ebfu N\u1ea1i 4731.&nbsp; N\u1ebfu qu\u00fd v\u1ecb s\u1ed1ng trong c\u01a1 s\u1edf do ti\u1ec3u bang \u0111i\u1ec1u h\u00e0nh, h\u00e3y th\u00f4ng b\u00e1o v\u1edbi gi\u00e1m \u0111\u1ed1c.<span class=\"footnote_referrer\"><a role=\"button\" tabindex=\"0\" onclick=\"footnote_moveToReference_2083_1('footnote_plugin_reference_2083_1_12');\" onkeypress=\"footnote_moveToReference_2083_1('footnote_plugin_reference_2083_1_12');\" ><sup id=\"footnote_plugin_tooltip_2083_1_12\" class=\"footnote_plugin_tooltip_text\">[12]<\/sup><\/a><span id=\"footnote_plugin_tooltip_text_2083_1_12\" class=\"footnote_tooltip\">\u00a7 4731(b).<\/span><\/span><script type=\"text\/javascript\"> jQuery('#footnote_plugin_tooltip_2083_1_12').tooltip({ tip: '#footnote_plugin_tooltip_text_2083_1_12', tipClass: 'footnote_tooltip', effect: 'fade', predelay: 0, fadeInSpeed: 200, delay: 400, fadeOutSpeed: 200, position: 'top center', relative: true, offset: [-7, 0], });<\/script><\/p>\n\n\n\n<p>Xem <a href=\"https:\/\/rula.disabilityrightsca.org\/vi\/supplements\/supplement-o-how-to-file-a-section-4731-complaint\/\" data-type=\"URL\" data-id=\"https:\/\/rula.disabilityrightsca.org\/vi\/supplements\/supplement-o-how-to-file-a-section-4731-complaint\/\">Ph\u1ee5 L\u1ee5c O<\/a> \u0111\u1ec3 bi\u1ebft m\u1eabu \u0111\u01a1n Khi\u1ebfu N\u1ea1i 4731.<\/p>\n\n\n\n<p>Nh\u1ea5p v\u00e0o <a href=\"https:\/\/www.dds.ca.gov\/wp-content\/uploads\/2019\/05\/DS1803.pdf\">\u0110\u00c2Y<\/a> \u0111\u1ec3 xem m\u1eabu \u0111\u01a1n \u201cTh\u00f4ng B\u00e1o H\u00e0nh \u0110\u1ed9ng \u0110\u1ec1 Xu\u1ea5t\u201d.<span class=\"footnote_referrer\"><a role=\"button\" tabindex=\"0\" onclick=\"footnote_moveToReference_2083_1('footnote_plugin_reference_2083_1_13');\" onkeypress=\"footnote_moveToReference_2083_1('footnote_plugin_reference_2083_1_13');\" ><sup id=\"footnote_plugin_tooltip_2083_1_13\" class=\"footnote_plugin_tooltip_text\">[13]<\/sup><\/a><span id=\"footnote_plugin_tooltip_text_2083_1_13\" class=\"footnote_tooltip\">Qu\u00fd v\u1ecb c\u00f3 th\u1ec3 xem v\u00e0 in c\u00e1c m\u1eabu \u0111\u01a1n c\u1ee7a DDS tr\u1ef1c tuy\u1ebfn t\u1ea1i: <a href=\"https:\/\/www.dds.ca.gov\/transparency\/dds-forms\/\"><span class=\"footnote_url_wrap\">https:\/\/www.dds.ca.gov\/transparency\/dds-forms\/<\/span><\/a><\/span><\/span><script type=\"text\/javascript\"> jQuery('#footnote_plugin_tooltip_2083_1_13').tooltip({ tip: '#footnote_plugin_tooltip_text_2083_1_13', tipClass: 'footnote_tooltip', effect: 'fade', predelay: 0, fadeInSpeed: 200, delay: 400, fadeOutSpeed: 200, position: 'top center', relative: true, offset: [-7, 0], });<\/script><\/p>\n<div class=\"speaker-mute footnotes_reference_container\"> <div class=\"footnote_container_prepare\"><p><span role=\"button\" tabindex=\"0\" class=\"footnote_reference_container_label pointer\" onclick=\"footnote_expand_collapse_reference_container_2083_1();\">&#x202F;<\/span><span role=\"button\" tabindex=\"0\" class=\"footnote_reference_container_collapse_button\" style=\"display: none;\" onclick=\"footnote_expand_collapse_reference_container_2083_1();\">[<a id=\"footnote_reference_container_collapse_button_2083_1\">+<\/a>]<\/span><\/p><\/div> <div id=\"footnote_references_container_2083_1\" style=\"\"><table class=\"footnotes_table footnote-reference-container\"><caption class=\"accessibility\">References<\/caption> <tbody> \r\n\r\n<tr class=\"footnotes_plugin_reference_row\"> <th scope=\"row\" class=\"footnote_plugin_index_combi\" ><a id=\"footnote_plugin_reference_2083_1_1\" class=\"footnote_backlink\" onclick=\"footnote_moveToAnchor_2083_1('footnote_plugin_tooltip_2083_1_1');\"><span class=\"footnote_index_arrow\">&#8593;<\/span>1,<\/a> <a id=\"footnote_plugin_reference_2083_1_2\" class=\"footnote_backlink\" onclick=\"footnote_moveToAnchor_2083_1('footnote_plugin_tooltip_2083_1_2');\"><span class=\"footnote_index_arrow\">&#8593;<\/span>2<\/a><\/th> <td class=\"footnote_plugin_text\">\u00a7 4701(k).<\/td><\/tr>\r\n\r\n<tr class=\"footnotes_plugin_reference_row\"> <th scope=\"row\" class=\"footnote_plugin_index_combi pointer\"  onclick=\"footnote_moveToAnchor_2083_1('footnote_plugin_tooltip_2083_1_3');\"><a id=\"footnote_plugin_reference_2083_1_3\" class=\"footnote_backlink\"><span class=\"footnote_index_arrow\">&#8593;<\/span>3<\/a><\/th> <td class=\"footnote_plugin_text\">\u00a7 4710I.<\/td><\/tr>\r\n\r\n<tr class=\"footnotes_plugin_reference_row\"> <th scope=\"row\" class=\"footnote_plugin_index_combi pointer\"  onclick=\"footnote_moveToAnchor_2083_1('footnote_plugin_tooltip_2083_1_4');\"><a id=\"footnote_plugin_reference_2083_1_4\" class=\"footnote_backlink\"><span class=\"footnote_index_arrow\">&#8593;<\/span>4<\/a><\/th> <td class=\"footnote_plugin_text\">\u00a7 4710(a)(2).<\/td><\/tr>\r\n\r\n<tr class=\"footnotes_plugin_reference_row\"> <th scope=\"row\" class=\"footnote_plugin_index_combi pointer\"  onclick=\"footnote_moveToAnchor_2083_1('footnote_plugin_tooltip_2083_1_5');\"><a id=\"footnote_plugin_reference_2083_1_5\" class=\"footnote_backlink\"><span class=\"footnote_index_arrow\">&#8593;<\/span>5<\/a><\/th> <td class=\"footnote_plugin_text\">\u00a7 4710(b).<\/td><\/tr>\r\n\r\n<tr class=\"footnotes_plugin_reference_row\"> <th scope=\"row\" class=\"footnote_plugin_index_combi pointer\"  onclick=\"footnote_moveToAnchor_2083_1('footnote_plugin_tooltip_2083_1_6');\"><a id=\"footnote_plugin_reference_2083_1_6\" class=\"footnote_backlink\"><span class=\"footnote_index_arrow\">&#8593;<\/span>6<\/a><\/th> <td class=\"footnote_plugin_text\">\u00a7 4710(b).&nbsp; <\/td><\/tr>\r\n\r\n<tr class=\"footnotes_plugin_reference_row\"> <th scope=\"row\" class=\"footnote_plugin_index_combi pointer\"  onclick=\"footnote_moveToAnchor_2083_1('footnote_plugin_tooltip_2083_1_7');\"><a id=\"footnote_plugin_reference_2083_1_7\" class=\"footnote_backlink\"><span class=\"footnote_index_arrow\">&#8593;<\/span>7<\/a><\/th> <td class=\"footnote_plugin_text\">\u00a7 4710(a)(1).<\/td><\/tr>\r\n\r\n<tr class=\"footnotes_plugin_reference_row\"> <th scope=\"row\" class=\"footnote_plugin_index_combi pointer\"  onclick=\"footnote_moveToAnchor_2083_1('footnote_plugin_tooltip_2083_1_8');\"><a id=\"footnote_plugin_reference_2083_1_8\" class=\"footnote_backlink\"><span class=\"footnote_index_arrow\">&#8593;<\/span>8<\/a><\/th> <td class=\"footnote_plugin_text\">\u00a7 4710(a)(1). Xem Ngo\u1ea1i L\u1ec7 V\u1edbi Y\u00eau C\u1ea7u Th\u00f4ng B\u00e1o b\u00ean d\u01b0\u1edbi \u0111\u1ec3 bi\u1ebft c\u00e1c ngo\u1ea1i l\u1ec7 \u0111\u1ed1i v\u1edbi quy t\u1eafc n\u00e0y.<\/td><\/tr>\r\n\r\n<tr class=\"footnotes_plugin_reference_row\"> <th scope=\"row\" class=\"footnote_plugin_index_combi pointer\"  onclick=\"footnote_moveToAnchor_2083_1('footnote_plugin_tooltip_2083_1_9');\"><a id=\"footnote_plugin_reference_2083_1_9\" class=\"footnote_backlink\"><span class=\"footnote_index_arrow\">&#8593;<\/span>9<\/a><\/th> <td class=\"footnote_plugin_text\">\u00a7 4710(c).<\/td><\/tr>\r\n\r\n<tr class=\"footnotes_plugin_reference_row\"> <th scope=\"row\" class=\"footnote_plugin_index_combi pointer\"  onclick=\"footnote_moveToAnchor_2083_1('footnote_plugin_tooltip_2083_1_10');\"><a id=\"footnote_plugin_reference_2083_1_10\" class=\"footnote_backlink\"><span class=\"footnote_index_arrow\">&#8593;<\/span>10<\/a><\/th> <td class=\"footnote_plugin_text\">\u00a7 4646(i).<\/td><\/tr>\r\n\r\n<tr class=\"footnotes_plugin_reference_row\"> <th scope=\"row\" class=\"footnote_plugin_index_combi pointer\"  onclick=\"footnote_moveToAnchor_2083_1('footnote_plugin_tooltip_2083_1_11');\"><a id=\"footnote_plugin_reference_2083_1_11\" class=\"footnote_backlink\"><span class=\"footnote_index_arrow\">&#8593;<\/span>11<\/a><\/th> <td class=\"footnote_plugin_text\">Vi\u1ec7c n\u1ed9p \u0111\u01a1n kh\u00e1ng c\u00e1o \u0111\u00fang th\u1eddi h\u1ea1n th\u00ec quan tr\u1ecdng h\u01a1n. N\u1ed9p \u0111\u01a1n Khi\u1ebfu N\u1ea1i M\u1ee5c 4731 v\u1edbi \u0111\u01a1n kh\u00e1ng c\u00e1o y\u00eau c\u1ea7u phi\u00ean \u0111i\u1ec1u tr\u1ea7n c\u00f4ng b\u1eb1ng n\u1ebfu qu\u00fd v\u1ecb c\u00f3 \u0111\u1ee7 th\u1eddi gian.<\/td><\/tr>\r\n\r\n<tr class=\"footnotes_plugin_reference_row\"> <th scope=\"row\" class=\"footnote_plugin_index_combi pointer\"  onclick=\"footnote_moveToAnchor_2083_1('footnote_plugin_tooltip_2083_1_12');\"><a id=\"footnote_plugin_reference_2083_1_12\" class=\"footnote_backlink\"><span class=\"footnote_index_arrow\">&#8593;<\/span>12<\/a><\/th> <td class=\"footnote_plugin_text\">\u00a7 4731(b).<\/td><\/tr>\r\n\r\n<tr class=\"footnotes_plugin_reference_row\"> <th scope=\"row\" class=\"footnote_plugin_index_combi pointer\"  onclick=\"footnote_moveToAnchor_2083_1('footnote_plugin_tooltip_2083_1_13');\"><a id=\"footnote_plugin_reference_2083_1_13\" class=\"footnote_backlink\"><span class=\"footnote_index_arrow\">&#8593;<\/span>13<\/a><\/th> <td class=\"footnote_plugin_text\">Qu\u00fd v\u1ecb c\u00f3 th\u1ec3 xem v\u00e0 in c\u00e1c m\u1eabu \u0111\u01a1n c\u1ee7a DDS tr\u1ef1c tuy\u1ebfn t\u1ea1i: <a href=\"https:\/\/www.dds.ca.gov\/transparency\/dds-forms\/\"><span class=\"footnote_url_wrap\">https:\/\/www.dds.ca.gov\/transparency\/dds-forms\/<\/span><\/a><\/td><\/tr>\r\n\r\n <\/tbody> <\/table> <\/div><\/div><script type=\"text\/javascript\"> function footnote_expand_reference_container_2083_1() { jQuery('#footnote_references_container_2083_1').show(); jQuery('#footnote_reference_container_collapse_button_2083_1').text('\u2212'); } function footnote_collapse_reference_container_2083_1() { jQuery('#footnote_references_container_2083_1').hide(); jQuery('#footnote_reference_container_collapse_button_2083_1').text('+'); } function footnote_expand_collapse_reference_container_2083_1() { if (jQuery('#footnote_references_container_2083_1').is(':hidden')) { footnote_expand_reference_container_2083_1(); } else { footnote_collapse_reference_container_2083_1(); } } function footnote_moveToReference_2083_1(p_str_TargetID) { footnote_expand_reference_container_2083_1(); var l_obj_Target = jQuery('#' + p_str_TargetID); if (l_obj_Target.length) { jQuery( 'html, body' ).delay( 0 ); jQuery('html, body').animate({ scrollTop: l_obj_Target.offset().top - window.innerHeight * 0.2 }, 380); } } function footnote_moveToAnchor_2083_1(p_str_TargetID) { footnote_expand_reference_container_2083_1(); var l_obj_Target = jQuery('#' + p_str_TargetID); if (l_obj_Target.length) { jQuery( 'html, body' ).delay( 0 ); jQuery('html, body').animate({ scrollTop: l_obj_Target.offset().top - window.innerHeight * 0.2 }, 380); } }<\/script>","protected":false},"excerpt":{"rendered":"<p>N\u1ebfu qu\u00fd v\u1ecb v\u00e0 trung t\u00e2m khu v\u1ef1c \u0111\u00e3 nh\u1ea5t tr\u00ed, trung t\u00e2m khu v\u1ef1c kh\u00f4ng ph\u1ea3i g\u1eedi cho qu\u00fd v\u1ecb v\u0103n b\u1ea3n th\u00f4ng b\u00e1o.&hellip;<\/p>\n","protected":false},"author":1,"featured_media":0,"parent":2072,"menu_order":3,"comment_status":"closed","ping_status":"closed","template":"","meta":{"footnotes":""},"class_list":["post-2083","page","type-page","status-publish","hentry"],"_links":{"self":[{"href":"https:\/\/rula.disabilityrightsca.org\/vi\/wp-json\/wp\/v2\/pages\/2083","targetHints":{"allow":["GET"]}}],"collection":[{"href":"https:\/\/rula.disabilityrightsca.org\/vi\/wp-json\/wp\/v2\/pages"}],"about":[{"href":"https:\/\/rula.disabilityrightsca.org\/vi\/wp-json\/wp\/v2\/types\/page"}],"author":[{"embeddable":true,"href":"https:\/\/rula.disabilityrightsca.org\/vi\/wp-json\/wp\/v2\/users\/1"}],"replies":[{"embeddable":true,"href":"https:\/\/rula.disabilityrightsca.org\/vi\/wp-json\/wp\/v2\/comments?post=2083"}],"version-history":[{"count":9,"href":"https:\/\/rula.disabilityrightsca.org\/vi\/wp-json\/wp\/v2\/pages\/2083\/revisions"}],"predecessor-version":[{"id":3796,"href":"https:\/\/rula.disabilityrightsca.org\/vi\/wp-json\/wp\/v2\/pages\/2083\/revisions\/3796"}],"up":[{"embeddable":true,"href":"https:\/\/rula.disabilityrightsca.org\/vi\/wp-json\/wp\/v2\/pages\/2072"}],"wp:attachment":[{"href":"https:\/\/rula.disabilityrightsca.org\/vi\/wp-json\/wp\/v2\/media?parent=2083"}],"curies":[{"name":"wp","href":"https:\/\/api.w.org\/{rel}","templated":true}]}}