{"id":2080,"date":"2021-09-28T21:43:00","date_gmt":"2021-09-28T21:43:00","guid":{"rendered":"http:\/\/www.rula.disabilityrightsca.org\/vi\/?page_id=2080"},"modified":"2023-06-22T22:59:51","modified_gmt":"2023-06-22T22:59:51","slug":"10-2-what-must-the-regional-center-do-to-change-my-services","status":"publish","type":"page","link":"https:\/\/rula.disabilityrightsca.org\/vi\/rula-book\/chapter-10-appeals-and-complaints-disagreements-with-regional-centers-developmental-centers-or-service-providers\/10-2-what-must-the-regional-center-do-to-change-my-services\/","title":{"rendered":"(10.2) Trung t\u00e2m khu v\u1ef1c ph\u1ea3i l\u00e0m g\u00ec \u0111\u1ec3 thay \u0111\u1ed5i c\u00e1c d\u1ecbch v\u1ee5 c\u1ee7a t\u00f4i?"},"content":{"rendered":"\n<p>N\u1ebfu trung t\u00e2m khu v\u1ef1c mu\u1ed1n thay \u0111\u1ed5i c\u00e1c d\u1ecbch v\u1ee5 c\u1ee7a qu\u00fd v\u1ecb, h\u1ecd ph\u1ea3i:<\/p>\n\n\n\n<ul class=\"wp-block-list\"><li>t\u1ed5 ch\u1ee9c cu\u1ed9c h\u1ecdp IPP v\u00e0 \u0111\u1ea1t \u0111\u01b0\u1ee3c th\u1ecfa thu\u1eadn v\u1edbi qu\u00fd v\u1ecb v\u1ec1 thay \u0111\u1ed5i \u0111\u00f3, ho\u1eb7c<\/li><li>g\u1eedi v\u0103n b\u1ea3n th\u00f4ng b\u00e1o cho qu\u00fd v\u1ecb.<\/li><\/ul>\n\n\n\n<p>M\u1ed9t s\u1ed1 trung t\u00e2m khu v\u1ef1c g\u1ecdi \u0111i\u1ec7n tho\u1ea1i cho qu\u00fd v\u1ecb v\u00e0 t\u00ednh cu\u1ed9c g\u1ecdi \u0111\u00f3 l\u00e0 cu\u1ed9c h\u1ecdp IPP \u0111\u1ec3 thay \u0111\u1ed5i c\u00e1c d\u1ecbch v\u1ee5 trong IPP c\u1ee7a qu\u00fd v\u1ecb. Qu\u00fd v\u1ecb kh\u00f4ng ph\u1ea3i \u0111\u1ed3ng \u00fd v\u1edbi b\u1ea5t c\u1ee9 \u0111i\u1ec1u g\u00ec qua \u0111i\u1ec7n tho\u1ea1i. Qu\u00fd v\u1ecb c\u00f3 th\u1ec3 ki\u00ean quy\u1ebft y\u00eau c\u1ea7u nh\u1eadn v\u0103n b\u1ea3n v\u1ec1 thay \u0111\u1ed5i ho\u1eb7c c\u00f3 cu\u1ed9c h\u1ecdp IPP ch\u00ednh th\u1ee9c, tr\u1ef1c ti\u1ebfp. T\u1ea1i cu\u1ed9c h\u1ecdp IPP, h\u00e3y h\u1ecfi trung t\u00e2m khu v\u1ef1c v\u1ec1 l\u00fd do trung t\u00e2m mu\u1ed1n thay \u0111\u1ed5i d\u1ecbch v\u1ee5 c\u1ee7a qu\u00fd v\u1ecb. N\u1ebfu qu\u00fd v\u1ecb kh\u00f4ng \u0111\u1ed3ng \u00fd, trung t\u00e2m khu v\u1ef1c ph\u1ea3i g\u1eedi cho qu\u00fd v\u1ecb th\u00f4ng tin v\u1ec1 c\u00e1ch qu\u00fd v\u1ecb c\u00f3 th\u1ec3 kh\u00e1ng c\u00e1o.<\/p>\n","protected":false},"excerpt":{"rendered":"<p>N\u1ebfu trung t\u00e2m khu v\u1ef1c mu\u1ed1n thay \u0111\u1ed5i c\u00e1c d\u1ecbch v\u1ee5 c\u1ee7a qu\u00fd v\u1ecb, h\u1ecd ph\u1ea3i: t\u1ed5 ch\u1ee9c cu\u1ed9c h\u1ecdp IPP v\u00e0 \u0111\u1ea1t \u0111\u01b0\u1ee3c th\u1ecfa&hellip;<\/p>\n","protected":false},"author":1,"featured_media":0,"parent":2072,"menu_order":2,"comment_status":"closed","ping_status":"closed","template":"","meta":{"footnotes":""},"class_list":["post-2080","page","type-page","status-publish","hentry"],"_links":{"self":[{"href":"https:\/\/rula.disabilityrightsca.org\/vi\/wp-json\/wp\/v2\/pages\/2080","targetHints":{"allow":["GET"]}}],"collection":[{"href":"https:\/\/rula.disabilityrightsca.org\/vi\/wp-json\/wp\/v2\/pages"}],"about":[{"href":"https:\/\/rula.disabilityrightsca.org\/vi\/wp-json\/wp\/v2\/types\/page"}],"author":[{"embeddable":true,"href":"https:\/\/rula.disabilityrightsca.org\/vi\/wp-json\/wp\/v2\/users\/1"}],"replies":[{"embeddable":true,"href":"https:\/\/rula.disabilityrightsca.org\/vi\/wp-json\/wp\/v2\/comments?post=2080"}],"version-history":[{"count":3,"href":"https:\/\/rula.disabilityrightsca.org\/vi\/wp-json\/wp\/v2\/pages\/2080\/revisions"}],"predecessor-version":[{"id":3535,"href":"https:\/\/rula.disabilityrightsca.org\/vi\/wp-json\/wp\/v2\/pages\/2080\/revisions\/3535"}],"up":[{"embeddable":true,"href":"https:\/\/rula.disabilityrightsca.org\/vi\/wp-json\/wp\/v2\/pages\/2072"}],"wp:attachment":[{"href":"https:\/\/rula.disabilityrightsca.org\/vi\/wp-json\/wp\/v2\/media?parent=2080"}],"curies":[{"name":"wp","href":"https:\/\/api.w.org\/{rel}","templated":true}]}}