{"id":2075,"date":"2021-09-28T21:29:42","date_gmt":"2021-09-28T21:29:42","guid":{"rendered":"http:\/\/www.rula.disabilityrightsca.org\/vi\/?page_id=2075"},"modified":"2025-03-18T19:20:56","modified_gmt":"2025-03-18T19:20:56","slug":"1-1-what-is-the-appeal-process-and-my-timeline-to-appeal","status":"publish","type":"page","link":"https:\/\/rula.disabilityrightsca.org\/vi\/rula-book\/chapter-10-appeals-and-complaints-disagreements-with-regional-centers-developmental-centers-or-service-providers\/1-1-what-is-the-appeal-process-and-my-timeline-to-appeal\/","title":{"rendered":"(10.1) Quy tr\u00ecnh kh\u00e1ng c\u00e1o l\u00e0 g\u00ec v\u00e0 th\u1eddi h\u1ea1n cho t\u00f4i kh\u00e1ng c\u00e1o ra sao?"},"content":{"rendered":"\n<p>N\u1ebfu qu\u00fd v\u1ecb kh\u00f4ng \u0111\u1ed3ng \u00fd v\u1edbi quy\u1ebft \u0111\u1ecbnh c\u1ee7a trung t\u00e2m khu v\u1ef1c, qu\u00fd v\u1ecb c\u00f3 th\u1ec3 y\u00eau c\u1ea7u h\u1ecd thay \u0111\u1ed5i quy\u1ebft \u0111\u1ecbnh. Y\u00eau c\u1ea7u n\u00e0y \u0111\u01b0\u1ee3c g\u1ecdi l\u00e0 kh\u00e1ng c\u00e1o. <span class=\"footnote_referrer\"><a role=\"button\" tabindex=\"0\" onclick=\"footnote_moveToReference_2075_1('footnote_plugin_reference_2075_1_1');\" onkeypress=\"footnote_moveToReference_2075_1('footnote_plugin_reference_2075_1_1');\" ><sup id=\"footnote_plugin_tooltip_2075_1_1\" class=\"footnote_plugin_tooltip_text\">[1]<\/sup><\/a><span id=\"footnote_plugin_tooltip_text_2075_1_1\" class=\"footnote_tooltip\">\u00a7\u00a7 4710.5(a), 4710. Tr\u1eeb khi c\u00f3 ghi ch\u00fa kh\u00e1c, t\u1ea5t c\u1ea3 c\u00e1c t\u00e0i li\u1ec7u tham kh\u1ea3o trong c\u1ea9m nang n\u00e0y c\u00f3 li\u00ean quan t\u1edbi \u0110\u1ea1o Lu\u1eadt Lanterman. Bi\u1ec3u t\u01b0\u1ee3ng \u00a7 ngh\u0129a l\u00e0&nbsp;&#x2026; <span class=\"footnote_tooltip_continue\"  onclick=\"footnote_moveToReference_2075_1('footnote_plugin_reference_2075_1_1');\">Continue reading<\/span><\/span><\/span><script type=\"text\/javascript\"> jQuery('#footnote_plugin_tooltip_2075_1_1').tooltip({ tip: '#footnote_plugin_tooltip_text_2075_1_1', tipClass: 'footnote_tooltip', effect: 'fade', predelay: 0, fadeInSpeed: 200, delay: 400, fadeOutSpeed: 200, position: 'top center', relative: true, offset: [-7, 0], });<\/script> M\u1ecdi b\u01b0\u1edbc trong quy tr\u00ecnh kh\u00e1ng c\u00e1o \u0111\u1ec1u c\u00f3 th\u1eddi h\u1ea1n. N\u1ebfu trung t\u00e2m khu v\u1ef1c b\u00e1o cho qu\u00fd v\u1ecb r\u1eb1ng h\u1ecd s\u1ebd d\u1eebng ho\u1eb7c thay \u0111\u1ed5i m\u1ed9t d\u1ecbch v\u1ee5 qu\u00fd v\u1ecb \u0111ang nh\u1eadn, qu\u00fd v\u1ecb c\u00f3&nbsp;30 ng\u00e0y&nbsp;\u0111\u1ec3 kh\u00e1ng c\u00e1o n\u1ebfu qu\u00fd v\u1ecb mu\u1ed1n d\u1ecbch v\u1ee5 \u0111\u00f3 ti\u1ebfp t\u1ee5c cho \u0111\u1ebfn khi kh\u00e1ng c\u00e1o c\u1ee7a qu\u00fd v\u1ecb c\u00f3 quy\u1ebft \u0111\u1ecbnh.<span class=\"footnote_referrer\"><a role=\"button\" tabindex=\"0\" onclick=\"footnote_moveToReference_2075_1('footnote_plugin_reference_2075_1_2');\" onkeypress=\"footnote_moveToReference_2075_1('footnote_plugin_reference_2075_1_2');\" ><sup id=\"footnote_plugin_tooltip_2075_1_2\" class=\"footnote_plugin_tooltip_text\">[2]<\/sup><\/a><span id=\"footnote_plugin_tooltip_text_2075_1_2\" class=\"footnote_tooltip\">\u00a7 4710.5(a).<\/span><\/span><script type=\"text\/javascript\"> jQuery('#footnote_plugin_tooltip_2075_1_2').tooltip({ tip: '#footnote_plugin_tooltip_text_2075_1_2', tipClass: 'footnote_tooltip', effect: 'fade', predelay: 0, fadeInSpeed: 200, delay: 400, fadeOutSpeed: 200, position: 'top center', relative: true, offset: [-7, 0], });<\/script> \u0110\u00e2y \u0111\u01b0\u1ee3c g\u1ecdi l\u00e0 \u201cquy\u1ec1n ti\u1ebfp t\u1ee5c s\u1eed d\u1ee5ng d\u1ecbch v\u1ee5 trong l\u00fac ch\u1edd gi\u1ea3i quy\u1ebft\u201d.<\/p>\n\n\n\n<p>N\u1ebfu th\u1eddi gian ch\u1edd k\u00e9o d\u00e0i h\u01a1n 30 ng\u00e0y, qu\u00fd v\u1ecb v\u1eabn c\u00f3 th\u1ec3 n\u1ed9p \u0111\u01a1n kh\u00e1ng c\u00e1o v\u00e0 c\u00f3 phi\u00ean \u0111i\u1ec1u tr\u1ea7n c\u00f4ng b\u1eb1ng, nh\u01b0ng d\u1ecbch v\u1ee5 n\u00e0y s\u1ebd d\u1eebng d\u1ef1a v\u00e0o ng\u00e0y ban h\u00e0nh Th\u00f4ng B\u00e1o H\u00e0nh \u0110\u1ed9ng. Qu\u00fd v\u1ecb ph\u1ea3i kh\u00e1ng c\u00e1o trong v\u00f2ng&nbsp;60 ng\u00e0y<span class=\"footnote_referrer\"><a role=\"button\" tabindex=\"0\" onclick=\"footnote_moveToReference_2075_1('footnote_plugin_reference_2075_1_3');\" onkeypress=\"footnote_moveToReference_2075_1('footnote_plugin_reference_2075_1_3');\" ><sup id=\"footnote_plugin_tooltip_2075_1_3\" class=\"footnote_plugin_tooltip_text\">[3]<\/sup><\/a><span id=\"footnote_plugin_tooltip_text_2075_1_3\" class=\"footnote_tooltip\">\u00a7 4710.5(a). <\/span><\/span><script type=\"text\/javascript\"> jQuery('#footnote_plugin_tooltip_2075_1_3').tooltip({ tip: '#footnote_plugin_tooltip_text_2075_1_3', tipClass: 'footnote_tooltip', effect: 'fade', predelay: 0, fadeInSpeed: 200, delay: 400, fadeOutSpeed: 200, position: 'top center', relative: true, offset: [-7, 0], });<\/script> \u0111\u1ec3 c\u00f3 cu\u1ed9c h\u1ecdp kh\u00f4ng ch\u00ednh th\u1ee9c, bu\u1ed5i h\u00f2a gi\u1ea3i ho\u1eb7c phi\u00ean \u0111i\u1ec1u tr\u1ea7n.<\/p>\n\n\n\n<p>Nh\u1ea5p v\u00e0o&nbsp;<a href=\"https:\/\/caddsprod.servicenowservices.com\/act?sys_id=292f84e8db18e5907a51a8b81396198b\">\u0110\u00c2Y<\/a>&nbsp;\u0111\u1ec3 g\u1eedi m\u1eabu \u0111\u01a1n tr\u1ef1c tuy\u1ebfn \u201cY\u00eau C\u1ea7u Kh\u00e1ng C\u00e1o Theo \u0110\u1ea1o Lu\u1eadt Lanterman\u201d (Lanterman Appeal Request) v\u00e0 xem th\u00f4ng tin h\u1eefu \u00edch kh\u00e1c tr\u00ean trang m\u1ea1ng DDS.<span class=\"footnote_referrer\"><a role=\"button\" tabindex=\"0\" onclick=\"footnote_moveToReference_2075_1('footnote_plugin_reference_2075_1_4');\" onkeypress=\"footnote_moveToReference_2075_1('footnote_plugin_reference_2075_1_4');\" ><sup id=\"footnote_plugin_tooltip_2075_1_4\" class=\"footnote_plugin_tooltip_text\">[4]<\/sup><\/a><span id=\"footnote_plugin_tooltip_text_2075_1_4\" class=\"footnote_tooltip\">Qu\u00fd v\u1ecb c\u00f3 th\u1ec3 t\u00ecm th\u1ea5y t\u1ea5t c\u1ea3 m\u1eabu \u0111\u01a1n DDS tr\u00ean trang m\u1ea1ng DDS t\u1ea1i: https:\/\/www.dds.ca.gov\/transparency\/dds-forms\/. Trong \u0111\u00f3 c\u00f3 c\u00e1c m\u1eabu \u0111\u01a1n \u0111i\u1ec1u tr\u1ea7n v\u00e0 kh\u00e1ng&nbsp;&#x2026; <span class=\"footnote_tooltip_continue\"  onclick=\"footnote_moveToReference_2075_1('footnote_plugin_reference_2075_1_4');\">Continue reading<\/span><\/span><\/span><script type=\"text\/javascript\"> jQuery('#footnote_plugin_tooltip_2075_1_4').tooltip({ tip: '#footnote_plugin_tooltip_text_2075_1_4', tipClass: 'footnote_tooltip', effect: 'fade', predelay: 0, fadeInSpeed: 200, delay: 400, fadeOutSpeed: 200, position: 'top center', relative: true, offset: [-7, 0], });<\/script><\/p>\n\n\n\n<p>Qu\u00fd v\u1ecb c\u00f3 th\u1ec3 kh\u00e1ng c\u00e1o n\u1ebfu trung t\u00e2m khu v\u1ef1c&nbsp;cho r\u1eb1ng:<\/p>\n\n\n\n<ul class=\"wp-block-list\">\n<li>qu\u00fd v\u1ecb kh\u00f4ng m\u1eafc khuy\u1ebft t\u1eadt v\u1ec1 ph\u00e1t tri\u1ec3n v\u00e0 kh\u00f4ng h\u1ed9i \u0111\u1ee7 \u0111i\u1ec1u ki\u1ec7n nh\u1eadn d\u1ecbch v\u1ee5 c\u1ee7a trung t\u00e2m khu v\u1ef1c (\u201cv\u1ee5 vi\u1ec7c v\u1ec1 t\u00ecnh tr\u1ea1ng h\u1ed9i \u0111\u1ee7 \u0111i\u1ec1u ki\u1ec7n\u201d)<\/li>\n\n\n\n<li>qu\u00fd v\u1ecb \u0111\u00e3 t\u1eebng h\u1ed9i \u0111\u1ee7 \u0111i\u1ec1u ki\u1ec7n v\u00e0 kh\u00f4ng c\u00f2n h\u1ed9i \u0111\u1ee7 \u0111i\u1ec1u ki\u1ec7n nh\u1eadn d\u1ecbch v\u1ee5 n\u1eefa (\u201cv\u1ee5 vi\u1ec7c v\u1ec1 ch\u1ea5m d\u1ee9t\u201d)<\/li>\n\n\n\n<li>h\u1ecd mu\u1ed1n gi\u1ea3m ho\u1eb7c d\u1eebng m\u1ed9t d\u1ecbch v\u1ee5 trong IPP\u00a0c\u1ee7a qu\u00fd v\u1ecb<\/li>\n\n\n\n<li>h\u1ecd kh\u00f4ng cho ph\u00e9p qu\u00fd v\u1ecb nh\u1eadn m\u1ed9t d\u1ecbch v\u1ee5 m\u00ecnh c\u1ea7n<\/li>\n<\/ul>\n\n\n\n<p>Qu\u00fd v\u1ecb ph\u1ea3i th\u1ef1c hi\u1ec7n theo m\u1ed9t s\u1ed1 quy t\u1eafc \u0111\u1ec3 kh\u00e1ng c\u00e1o. Ch\u01b0\u01a1ng n\u00e0y n\u00f3i v\u1ec1 vi\u1ec7c kh\u00e1ng c\u00e1o v\u1edbi trung t\u00e2m khu v\u1ef1c. C\u00e1c quy t\u1eafc kh\u00e1ng c\u00e1o \u00e1p d\u1ee5ng cho nh\u1eefng ng\u01b0\u1eddi s\u1ed1ng trong c\u00e1c c\u01a1 s\u1edf do S\u1edf D\u1ecbch V\u1ee5 Ph\u00e1t Tri\u1ec3n \u0111i\u1ec1u h\u00e0nh c\u0169ng gi\u1ed1ng nh\u01b0 v\u1eady. Ch\u1ec9 c\u00f3 m\u1ed9t s\u1ed1 c\u01a1 s\u1edf n\u00e0y t\u1ea1i California. C\u00e1c c\u01a1 s\u1edf n\u00e0y c\u00f3 t\u00ean g\u1ecdi Trung T\u00e2m Ph\u00e1t Tri\u1ec3n Porterville (Porterville Developmental Center), C\u01a1 S\u1edf C\u1ed9ng \u0110\u1ed3ng Canyon Springs (Canyon Springs Community Facility), North STAR, Central STAR v\u00e0 South STAR.<\/p>\n<div class=\"speaker-mute footnotes_reference_container\"> <div class=\"footnote_container_prepare\"><p><span role=\"button\" tabindex=\"0\" class=\"footnote_reference_container_label pointer\" onclick=\"footnote_expand_collapse_reference_container_2075_1();\">&#x202F;<\/span><span role=\"button\" tabindex=\"0\" class=\"footnote_reference_container_collapse_button\" style=\"display: none;\" onclick=\"footnote_expand_collapse_reference_container_2075_1();\">[<a id=\"footnote_reference_container_collapse_button_2075_1\">+<\/a>]<\/span><\/p><\/div> <div id=\"footnote_references_container_2075_1\" style=\"\"><table class=\"footnotes_table footnote-reference-container\"><caption class=\"accessibility\">References<\/caption> <tbody> \r\n\r\n<tr class=\"footnotes_plugin_reference_row\"> <th scope=\"row\" class=\"footnote_plugin_index_combi pointer\"  onclick=\"footnote_moveToAnchor_2075_1('footnote_plugin_tooltip_2075_1_1');\"><a id=\"footnote_plugin_reference_2075_1_1\" class=\"footnote_backlink\"><span class=\"footnote_index_arrow\">&#8593;<\/span>1<\/a><\/th> <td class=\"footnote_plugin_text\">\u00a7\u00a7 4710.5(a), 4710. Tr\u1eeb khi c\u00f3 ghi ch\u00fa kh\u00e1c, t\u1ea5t c\u1ea3 c\u00e1c t\u00e0i li\u1ec7u tham kh\u1ea3o trong c\u1ea9m nang n\u00e0y c\u00f3 li\u00ean quan t\u1edbi \u0110\u1ea1o Lu\u1eadt Lanterman. Bi\u1ec3u t\u01b0\u1ee3ng \u00a7 ngh\u0129a l\u00e0 \u201cm\u1ee5c\u201d.<\/td><\/tr>\r\n\r\n<tr class=\"footnotes_plugin_reference_row\"> <th scope=\"row\" class=\"footnote_plugin_index_combi pointer\"  onclick=\"footnote_moveToAnchor_2075_1('footnote_plugin_tooltip_2075_1_2');\"><a id=\"footnote_plugin_reference_2075_1_2\" class=\"footnote_backlink\"><span class=\"footnote_index_arrow\">&#8593;<\/span>2<\/a><\/th> <td class=\"footnote_plugin_text\">\u00a7 4710.5(a).<\/td><\/tr>\r\n\r\n<tr class=\"footnotes_plugin_reference_row\"> <th scope=\"row\" class=\"footnote_plugin_index_combi pointer\"  onclick=\"footnote_moveToAnchor_2075_1('footnote_plugin_tooltip_2075_1_3');\"><a id=\"footnote_plugin_reference_2075_1_3\" class=\"footnote_backlink\"><span class=\"footnote_index_arrow\">&#8593;<\/span>3<\/a><\/th> <td class=\"footnote_plugin_text\">\u00a7 4710.5(a). <\/td><\/tr>\r\n\r\n<tr class=\"footnotes_plugin_reference_row\"> <th scope=\"row\" class=\"footnote_plugin_index_combi pointer\"  onclick=\"footnote_moveToAnchor_2075_1('footnote_plugin_tooltip_2075_1_4');\"><a id=\"footnote_plugin_reference_2075_1_4\" class=\"footnote_backlink\"><span class=\"footnote_index_arrow\">&#8593;<\/span>4<\/a><\/th> <td class=\"footnote_plugin_text\">Qu\u00fd v\u1ecb c\u00f3 th\u1ec3 t\u00ecm th\u1ea5y t\u1ea5t c\u1ea3 m\u1eabu \u0111\u01a1n DDS tr\u00ean trang m\u1ea1ng DDS t\u1ea1i: <span class=\"footnote_url_wrap\">https:\/\/www.dds.ca.gov\/transparency\/dds-forms\/.<\/span> Trong \u0111\u00f3 c\u00f3 c\u00e1c m\u1eabu \u0111\u01a1n \u0111i\u1ec1u tr\u1ea7n v\u00e0 kh\u00e1ng c\u00e1o. Sau khi qu\u00fd v\u1ecb v\u00e0o trang m\u1eabu \u0111\u01a1n, s\u1eed d\u1ee5ng \u00f4 t\u00ecm ki\u1ebfm \u0111\u1ec3 nh\u1eadp \u201cfair\u201d (c\u00f4ng b\u1eb1ng) v\u00e0 3 m\u1eabu \u0111\u01a1n s\u1ebd hi\u1ec3n th\u1ecb \u2013 Y\u00eau C\u1ea7u Phi\u00ean \u0110i\u1ec1u Tr\u1ea7n C\u00f4ng B\u1eb1ng (Fair Hearing Request), Th\u00f4ng B\u00e1o Gi\u1ea3i Quy\u1ebft (Notification of Resolution) v\u00e0 Th\u00f4ng B\u00e1o H\u00e0nh \u0110\u1ed9ng \u0110\u1ec1 Xu\u1ea5t (Notice of Proposed Action). C\u00e1c m\u1eabu \u0111\u01a1n n\u00e0y c\u0169ng c\u00f3 b\u1eb1ng ti\u1ebfng T\u00e2y Ban Nha.<\/td><\/tr>\r\n\r\n <\/tbody> <\/table> <\/div><\/div><script type=\"text\/javascript\"> function footnote_expand_reference_container_2075_1() { jQuery('#footnote_references_container_2075_1').show(); jQuery('#footnote_reference_container_collapse_button_2075_1').text('\u2212'); } function footnote_collapse_reference_container_2075_1() { jQuery('#footnote_references_container_2075_1').hide(); jQuery('#footnote_reference_container_collapse_button_2075_1').text('+'); } function footnote_expand_collapse_reference_container_2075_1() { if (jQuery('#footnote_references_container_2075_1').is(':hidden')) { footnote_expand_reference_container_2075_1(); } else { footnote_collapse_reference_container_2075_1(); } } function footnote_moveToReference_2075_1(p_str_TargetID) { footnote_expand_reference_container_2075_1(); var l_obj_Target = jQuery('#' + p_str_TargetID); if (l_obj_Target.length) { jQuery( 'html, body' ).delay( 0 ); jQuery('html, body').animate({ scrollTop: l_obj_Target.offset().top - window.innerHeight * 0.2 }, 380); } } function footnote_moveToAnchor_2075_1(p_str_TargetID) { footnote_expand_reference_container_2075_1(); var l_obj_Target = jQuery('#' + p_str_TargetID); if (l_obj_Target.length) { jQuery( 'html, body' ).delay( 0 ); jQuery('html, body').animate({ scrollTop: l_obj_Target.offset().top - window.innerHeight * 0.2 }, 380); } }<\/script>","protected":false},"excerpt":{"rendered":"<p>N\u1ebfu qu\u00fd v\u1ecb kh\u00f4ng \u0111\u1ed3ng \u00fd v\u1edbi quy\u1ebft \u0111\u1ecbnh c\u1ee7a trung t\u00e2m khu v\u1ef1c, qu\u00fd v\u1ecb c\u00f3 th\u1ec3 y\u00eau c\u1ea7u h\u1ecd thay \u0111\u1ed5i quy\u1ebft \u0111\u1ecbnh.&hellip;<\/p>\n","protected":false},"author":1,"featured_media":0,"parent":2072,"menu_order":1,"comment_status":"closed","ping_status":"closed","template":"","meta":{"footnotes":""},"class_list":["post-2075","page","type-page","status-publish","hentry"],"_links":{"self":[{"href":"https:\/\/rula.disabilityrightsca.org\/vi\/wp-json\/wp\/v2\/pages\/2075","targetHints":{"allow":["GET"]}}],"collection":[{"href":"https:\/\/rula.disabilityrightsca.org\/vi\/wp-json\/wp\/v2\/pages"}],"about":[{"href":"https:\/\/rula.disabilityrightsca.org\/vi\/wp-json\/wp\/v2\/types\/page"}],"author":[{"embeddable":true,"href":"https:\/\/rula.disabilityrightsca.org\/vi\/wp-json\/wp\/v2\/users\/1"}],"replies":[{"embeddable":true,"href":"https:\/\/rula.disabilityrightsca.org\/vi\/wp-json\/wp\/v2\/comments?post=2075"}],"version-history":[{"count":12,"href":"https:\/\/rula.disabilityrightsca.org\/vi\/wp-json\/wp\/v2\/pages\/2075\/revisions"}],"predecessor-version":[{"id":3911,"href":"https:\/\/rula.disabilityrightsca.org\/vi\/wp-json\/wp\/v2\/pages\/2075\/revisions\/3911"}],"up":[{"embeddable":true,"href":"https:\/\/rula.disabilityrightsca.org\/vi\/wp-json\/wp\/v2\/pages\/2072"}],"wp:attachment":[{"href":"https:\/\/rula.disabilityrightsca.org\/vi\/wp-json\/wp\/v2\/media?parent=2075"}],"curies":[{"name":"wp","href":"https:\/\/api.w.org\/{rel}","templated":true}]}}