{"id":2072,"date":"2021-09-28T21:22:40","date_gmt":"2021-09-28T21:22:40","guid":{"rendered":"http:\/\/www.rula.disabilityrightsca.org\/vi\/?page_id=2072"},"modified":"2023-11-30T19:19:13","modified_gmt":"2023-11-30T19:19:13","slug":"chapter-10-appeals-and-complaints-disagreements-with-regional-centers-developmental-centers-or-service-providers","status":"publish","type":"page","link":"https:\/\/rula.disabilityrightsca.org\/vi\/rula-book\/chapter-10-appeals-and-complaints-disagreements-with-regional-centers-developmental-centers-or-service-providers\/","title":{"rendered":"Ch\u01b0\u01a1ng 10: Kh\u00e1ng C\u00e1o v\u00e0 Khi\u1ebfu N\u1ea1i: B\u1ea5t \u0110\u1ed3ng v\u1edbi Trung T\u00e2m Khu V\u1ef1c, Trung T\u00e2m Ph\u00e1t Tri\u1ec3n ho\u1eb7c Nh\u00e0 Cung C\u1ea5p D\u1ecbch V\u1ee5"},"content":{"rendered":"\n<p><div class=\"print-fullchapter-wrap\"><div class=\"print-fullchapter\"><a href=\"https:\/\/rula.disabilityrightsca.org\/vi\/chapter-10-print\/\">In to\u00e0n b\u1ed9 ch\u01b0\u01a1ng<\/a><\/div><\/div><\/p>\n\n\n\n<p><strong>QUAN TR\u1eccNG:<\/strong> Nh\u1eefng thay \u0111\u1ed5i l\u1edbn \u0111\u1ed1i v\u1edbi quy tr\u00ecnh kh\u00e1ng c\u00e1o s\u1ebd di\u1ec5n ra v\u00e0o ng\u00e0y 1 th\u00e1ng Ba n\u0103m 2023. Vui l\u00f2ng \u0111\u1ecdc k\u1ef9 th\u00f4ng tin n\u00e0y v\u00ec c\u00e1c quy\u1ec1n c\u1ee7a qu\u00fd v\u1ecb s\u1ebd thay \u0111\u1ed5i.\u00a0<\/p>\n\n\n\n<p>Ch\u01b0\u01a1ng n\u00e0y gi\u1ea3i th\u00edch c\u00e1ch x\u1eed l\u00fd nh\u1eefng b\u1ea5t \u0111\u1ed3ng v\u1edbi trung t\u00e2m khu v\u1ef1c, trung t\u00e2m ph\u00e1t tri\u1ec3n v\u00e0 nh\u00e0 cung c\u1ea5p d\u1ecbch v\u1ee5, bao g\u1ed3m:<\/p>\n\n\n\n<ul class=\"wp-block-list\">\n<li>C\u00e1ch kh\u00e1ng c\u00e1o khi qu\u00fd v\u1ecb kh\u00f4ng \u0111\u1ed3ng \u00fd<\/li>\n\n\n\n<li>C\u00e1c quy t\u1eafc th\u00f4ng b\u00e1o v\u1ec1 nh\u1eefng thay \u0111\u1ed5i trong c\u00e1c d\u1ecbch v\u1ee5 ho\u1eb7c s\u1ef1 h\u1ed7 tr\u1ee3 d\u00e0nh cho qu\u00fd v\u1ecb<\/li>\n\n\n\n<li>C\u00e1ch th\u1ef1c hi\u1ec7n phi\u00ean \u0111i\u1ec1u tr\u1ea7n<\/li>\n\n\n\n<li>C\u00e1ch th\u1ef1c hi\u1ec7n khi\u1ebfu n\u1ea1i<\/li>\n\n\n\n<li>B\u1ea5t \u0111\u1ed3ng v\u1edbi nh\u00e0 cung c\u1ea5p d\u1ecbch v\u1ee5 v\u00e0 s\u1ef1 h\u1ed7 tr\u1ee3<\/li>\n<\/ul>\n\n\n\n<p>Th\u00f4ng tin n\u00e0y ch\u1ee7 y\u1ebfu \u0111\u01b0\u1ee3c d\u1eabn t\u1eeb m\u1ed9t lu\u1eadt ti\u1ec3u bang c\u00f3 t\u00ean l\u00e0 \u0110\u1ea1o Lu\u1eadt Lanterman, b\u1eaft \u0111\u1ea7u t\u1ea1i m\u1ee5c 4500, B\u1ed9 Lu\u1eadt Ph\u00fac L\u1ee3i v\u00e0 \u0110\u1ecbnh Ch\u1ebf California. Ch\u00fang t\u00f4i cung c\u1ea5p cho qu\u00fd v\u1ecb m\u1ee5c trong lu\u1eadt ti\u1ec3u bang n\u00e0y \u0111\u1ec3 qu\u00fd v\u1ecb c\u00f3 th\u1ec3 t\u00ecm th\u00f4ng tin ch\u00fang t\u00f4i \u0111\u1ec1 c\u1eadp trong \u0111\u00e2y. Qu\u00fd v\u1ecb c\u00f3 th\u1ec3 ph\u1ea3i xem x\u00e9t lu\u1eadt n\u00e0y \u0111\u1ec3 nh\u1eadn c\u00e1c d\u1ecbch v\u1ee5 qu\u00fd v\u1ecb c\u1ea7n. Khi qu\u00fd v\u1ecb th\u1ea5y t\u1eeb \u201cSection(s)\u201d (\u201c(C\u00e1c) M\u1ee5c\u201d), theo sau l\u00e0 m\u1ed9t con s\u1ed1 v\u00e0 kh\u00f4ng c\u00f3 th\u00f4ng tin kh\u00e1c, th\u00ec ch\u00ednh l\u00e0 (c\u00e1c) m\u1ee5c c\u1ee7a \u0110\u1ea1o Lu\u1eadt Lanterman. \u0110\u1ec3 \u0111\u1ecdc \u0110\u1ea1o Lu\u1eadt Lanterman,&nbsp;<a href=\"https:\/\/www.dds.ca.gov\/transparency\/laws-regulations\/lanterman-act-and-related-laws\/\">nh\u1ea5p v\u00e0o \u0111\u00e2y<\/a>.<\/p>\n\n\n<div class=\"menu-chapter-10-container\"><ul id=\"menu-chapter-10\" class=\"menu\"><li id=\"menu-item-2078\" class=\"menu-item menu-item-type-post_type menu-item-object-page menu-item-2078\"><a href=\"https:\/\/rula.disabilityrightsca.org\/vi\/rula-book\/chapter-10-appeals-and-complaints-disagreements-with-regional-centers-developmental-centers-or-service-providers\/1-1-what-is-the-appeal-process-and-my-timeline-to-appeal\/\">(10.1) Quy tr\u00ecnh kh\u00e1ng c\u00e1o l\u00e0 g\u00ec v\u00e0 th\u1eddi h\u1ea1n cho t\u00f4i kh\u00e1ng c\u00e1o ra sao?<\/a><\/li>\n<li id=\"menu-item-2082\" class=\"menu-item menu-item-type-post_type menu-item-object-page menu-item-2082\"><a href=\"https:\/\/rula.disabilityrightsca.org\/vi\/rula-book\/chapter-10-appeals-and-complaints-disagreements-with-regional-centers-developmental-centers-or-service-providers\/10-2-what-must-the-regional-center-do-to-change-my-services\/\">(10.2) Trung t\u00e2m khu v\u1ef1c ph\u1ea3i l\u00e0m g\u00ec \u0111\u1ec3 thay \u0111\u1ed5i c\u00e1c d\u1ecbch v\u1ee5 c\u1ee7a t\u00f4i?<\/a><\/li>\n<li id=\"menu-item-2085\" class=\"menu-item menu-item-type-post_type menu-item-object-page menu-item-2085\"><a href=\"https:\/\/rula.disabilityrightsca.org\/vi\/rula-book\/chapter-10-appeals-and-complaints-disagreements-with-regional-centers-developmental-centers-or-service-providers\/10-3-when-does-the-regional-center-have-to-give-me-notice\/\">(10.3) Khi n\u00e0o trung t\u00e2m khu v\u1ef1c ph\u1ea3i g\u1eedi th\u00f4ng b\u00e1o cho t\u00f4i?<\/a><\/li>\n<li id=\"menu-item-2088\" class=\"menu-item menu-item-type-post_type menu-item-object-page menu-item-2088\"><a href=\"https:\/\/rula.disabilityrightsca.org\/vi\/rula-book\/chapter-10-appeals-and-complaints-disagreements-with-regional-centers-developmental-centers-or-service-providers\/10-4-i-have-a-time-limit-on-my-ipp-service-can-i-still-appeal-when-it-ends\/\">(10.4)  D\u1ecbch v\u1ee5 trong IPP c\u1ee7a t\u00f4i c\u00f3 gi\u1edbi h\u1ea1n th\u1eddi gian. T\u00f4i c\u00f3 c\u00f2n kh\u00e1ng c\u00e1o \u0111\u01b0\u1ee3c kh\u00f4ng khi d\u1ecbch v\u1ee5 k\u1ebft th\u00fac?<\/a><\/li>\n<li id=\"menu-item-2177\" class=\"menu-item menu-item-type-post_type menu-item-object-page menu-item-2177\"><a href=\"https:\/\/rula.disabilityrightsca.org\/vi\/rula-book\/chapter-10-appeals-and-complaints-disagreements-with-regional-centers-developmental-centers-or-service-providers\/10-5-what-is-adequate-notice\/\">(10.5)  \u201cTh\u00f4ng b\u00e1o \u0111\u1ea7y \u0111\u1ee7\u201d l\u00e0 g\u00ec?<\/a><\/li>\n<li id=\"menu-item-2178\" class=\"menu-item menu-item-type-post_type menu-item-object-page menu-item-2178\"><a href=\"https:\/\/rula.disabilityrightsca.org\/vi\/rula-book\/chapter-10-appeals-and-complaints-disagreements-with-regional-centers-developmental-centers-or-service-providers\/10-6-what-if-something-is-wrong-with-the-notice\/\">(10.6) N\u1ebfu quy tr\u00ecnh th\u00f4ng b\u00e1o kh\u00f4ng \u0111\u01b0\u1ee3c th\u1ef1c hi\u1ec7n \u0111\u00fang th\u00ec sao?<\/a><\/li>\n<li id=\"menu-item-2179\" class=\"menu-item menu-item-type-post_type menu-item-object-page menu-item-2179\"><a href=\"https:\/\/rula.disabilityrightsca.org\/vi\/rula-book\/chapter-10-appeals-and-complaints-disagreements-with-regional-centers-developmental-centers-or-service-providers\/10-7-can-i-appeal-without-a-notice-or-appeal-late\/\">(10.7) T\u00f4i c\u00f3 th\u1ec3 kh\u00e1ng c\u00e1o khi kh\u00f4ng c\u00f3 th\u00f4ng b\u00e1o ho\u1eb7c kh\u00e1ng c\u00e1o mu\u1ed9n kh\u00f4ng?<\/a><\/li>\n<li id=\"menu-item-2180\" class=\"menu-item menu-item-type-post_type menu-item-object-page menu-item-2180\"><a href=\"https:\/\/rula.disabilityrightsca.org\/vi\/rula-book\/chapter-10-appeals-and-complaints-disagreements-with-regional-centers-developmental-centers-or-service-providers\/10-8-does-the-notice-have-to-be-in-a-language-i-understand\/\">(10.8) Th\u00f4ng b\u00e1o c\u00f3 ph\u1ea3i \u0111\u01b0\u1ee3c vi\u1ebft b\u1eb1ng ng\u00f4n ng\u1eef t\u00f4i hi\u1ec3u kh\u00f4ng?<\/a><\/li>\n<li id=\"menu-item-2181\" class=\"menu-item menu-item-type-post_type menu-item-object-page menu-item-2181\"><a href=\"https:\/\/rula.disabilityrightsca.org\/vi\/rula-book\/chapter-10-appeals-and-complaints-disagreements-with-regional-centers-developmental-centers-or-service-providers\/10-9-does-the-department-of-developmental-services-dds-have-forms-in-other-languages\/\">(10.9) S\u1edf D\u1ecbch V\u1ee5 Ph\u00e1t Tri\u1ec3n (Department of Developmental Services, DDS) c\u00f3 c\u00e1c m\u1eabu \u0111\u01a1n b\u1eb1ng ng\u00f4n ng\u1eef kh\u00e1c kh\u00f4ng?<\/a><\/li>\n<li id=\"menu-item-2172\" class=\"menu-item menu-item-type-post_type menu-item-object-page menu-item-2172\"><a href=\"https:\/\/rula.disabilityrightsca.org\/vi\/rula-book\/chapter-10-appeals-and-complaints-disagreements-with-regional-centers-developmental-centers-or-service-providers\/10-10-what-if-i-get-a-notice-of-action-that-is-not-in-my-language\/\">(10.10) N\u1ebfu t\u00f4i nh\u1eadn \u0111\u01b0\u1ee3c Th\u00f4ng B\u00e1o H\u00e0nh \u0110\u1ed9ng kh\u00f4ng vi\u1ebft b\u1eb1ng ng\u00f4n ng\u1eef c\u1ee7a t\u00f4i th\u00ec sao?<\/a><\/li>\n<li id=\"menu-item-2174\" class=\"menu-item menu-item-type-post_type menu-item-object-page menu-item-2174\"><a href=\"https:\/\/rula.disabilityrightsca.org\/vi\/rula-book\/chapter-10-appeals-and-complaints-disagreements-with-regional-centers-developmental-centers-or-service-providers\/10-11-are-there-times-when-the-regional-center-does-not-have-to-give-notice\/\">(10.11) C\u00f3 khi n\u00e0o trung t\u00e2m khu v\u1ef1c kh\u00f4ng ph\u1ea3i g\u1eedi th\u00f4ng b\u00e1o kh\u00f4ng?<\/a><\/li>\n<li id=\"menu-item-2175\" class=\"menu-item menu-item-type-post_type menu-item-object-page menu-item-2175\"><a href=\"https:\/\/rula.disabilityrightsca.org\/vi\/rula-book\/chapter-10-appeals-and-complaints-disagreements-with-regional-centers-developmental-centers-or-service-providers\/10-12-what-timeline-do-i-have-to-file-an-appeal-for-fair-hearing\/\">(10.12) Th\u1eddi h\u1ea1n t\u00f4i ph\u1ea3i n\u1ed9p \u0111\u01a1n kh\u00e1ng c\u00e1o y\u00eau c\u1ea7u phi\u00ean \u0111i\u1ec1u tr\u1ea7n c\u00f4ng b\u1eb1ng nh\u01b0 th\u1ebf n\u00e0o?<\/a><\/li>\n<li id=\"menu-item-2176\" class=\"menu-item menu-item-type-post_type menu-item-object-page menu-item-2176\"><a href=\"https:\/\/rula.disabilityrightsca.org\/vi\/rula-book\/chapter-10-appeals-and-complaints-disagreements-with-regional-centers-developmental-centers-or-service-providers\/10-13-what-is-my-right-to-get-aid-paid-pending\/\">(10.13) Quy\u1ec1n ti\u1ebfp t\u1ee5c s\u1eed d\u1ee5ng d\u1ecbch v\u1ee5 trong l\u00fac ch\u1edd gi\u1ea3i quy\u1ebft l\u00e0 g\u00ec?<\/a><\/li>\n<li id=\"menu-item-2182\" class=\"menu-item menu-item-type-post_type menu-item-object-page menu-item-2182\"><a href=\"https:\/\/rula.disabilityrightsca.org\/vi\/rula-book\/chapter-10-appeals-and-complaints-disagreements-with-regional-centers-developmental-centers-or-service-providers\/10-14-how-to-do-i-file-for-hearing-appeal\/\">(10.14) L\u00e0m th\u1ebf n\u00e0o \u0111\u1ec3 n\u1ed9p \u0111\u01a1n y\u00eau c\u1ea7u phi\u00ean \u0111i\u1ec1u tr\u1ea7n (kh\u00e1ng c\u00e1o)?<\/a><\/li>\n<li id=\"menu-item-2183\" class=\"menu-item menu-item-type-post_type menu-item-object-page menu-item-2183\"><a href=\"https:\/\/rula.disabilityrightsca.org\/vi\/rula-book\/chapter-10-appeals-and-complaints-disagreements-with-regional-centers-developmental-centers-or-service-providers\/10-15-how-can-i-get-help-to-appeal\/\">(10.15) T\u00f4i c\u00f3 th\u1ec3 nh\u1eadn tr\u1ee3 gi\u00fap kh\u00e1ng c\u00e1o b\u1eb1ng c\u00e1ch n\u00e0o?<\/a><\/li>\n<li id=\"menu-item-2184\" class=\"menu-item menu-item-type-post_type menu-item-object-page menu-item-2184\"><a href=\"https:\/\/rula.disabilityrightsca.org\/vi\/rula-book\/chapter-10-appeals-and-complaints-disagreements-with-regional-centers-developmental-centers-or-service-providers\/10-16-how-can-ocras-clients-rights-advocate-help-me\/\">(10.16) Ng\u01b0\u1eddi B\u00eanh V\u1ef1c Quy\u1ec1n L\u1ee3i Kh\u00e1ch H\u00e0ng c\u1ee7a OCRA c\u00f3 th\u1ec3 tr\u1ee3 gi\u00fap t\u00f4i nh\u01b0 th\u1ebf n\u00e0o?<\/a><\/li>\n<li id=\"menu-item-2185\" class=\"menu-item menu-item-type-post_type menu-item-object-page menu-item-2185\"><a href=\"https:\/\/rula.disabilityrightsca.org\/vi\/rula-book\/chapter-10-appeals-and-complaints-disagreements-with-regional-centers-developmental-centers-or-service-providers\/10-17-can-i-get-help-to-appeal-if-i-am-in-porterville-developmental-center-or-canyon-springs-community-facility\/\">(10.17) T\u00f4i co\u0301 quy\u00ea\u0300n gi\u0300 trong quy tri\u0300nh kh\u00e1ng c\u00e1o?<\/a><\/li>\n<li id=\"menu-item-2186\" class=\"menu-item menu-item-type-post_type menu-item-object-page menu-item-2186\"><a href=\"https:\/\/rula.disabilityrightsca.org\/vi\/rula-book\/chapter-10-appeals-and-complaints-disagreements-with-regional-centers-developmental-centers-or-service-providers\/10-18-if-i-am-in-the-self-determination-program-sdp-do-i-have-the-same-appeal-rights\/\">(10.18) T\u00f4i c\u00f3 quy\u1ec1n g\u00ec \u0111\u1ec3 xem h\u1ed3 s\u01a1 c\u1ee7a m\u00ecnh t\u1ea1i trung t\u00e2m khu v\u1ef1c?<\/a><\/li>\n<li id=\"menu-item-2187\" class=\"menu-item menu-item-type-post_type menu-item-object-page menu-item-2187\"><a href=\"https:\/\/rula.disabilityrightsca.org\/vi\/rula-book\/chapter-10-appeals-and-complaints-disagreements-with-regional-centers-developmental-centers-or-service-providers\/10-19-what-rights-do-i-have-during-the-appeal-process\/\">(10.19) C\u00e1c b\u01b0\u1edbc trong quy tr\u00ecnh kh\u00e1ng c\u00e1o l\u00e0 g\u00ec?<\/a><\/li>\n<li id=\"menu-item-2188\" class=\"menu-item menu-item-type-post_type menu-item-object-page menu-item-2188\"><a href=\"https:\/\/rula.disabilityrightsca.org\/vi\/rula-book\/chapter-10-appeals-and-complaints-disagreements-with-regional-centers-developmental-centers-or-service-providers\/10-20-what-rights-do-i-have-to-see-my-regional-center-records\/\">(10.20) Cu\u1ed9c h\u1ecdp kh\u00f4ng ch\u00ednh th\u1ee9c l\u00e0 g\u00ec?<\/a><\/li>\n<li id=\"menu-item-2189\" class=\"menu-item menu-item-type-post_type menu-item-object-page menu-item-2189\"><a href=\"https:\/\/rula.disabilityrightsca.org\/vi\/rula-book\/chapter-10-appeals-and-complaints-disagreements-with-regional-centers-developmental-centers-or-service-providers\/10-21-what-are-the-appeal-process-steps\/\">(10.21) Quy\u1ec1n \u0111\u01b0\u1ee3c c\u00f3 th\u00f4ng d\u1ecbch vi\u00ean t\u1ea1i cu\u1ed9c h\u1ecdp kh\u00f4ng ch\u00ednh th\u1ee9c l\u00e0 g\u00ec?<\/a><\/li>\n<li id=\"menu-item-2190\" class=\"menu-item menu-item-type-post_type menu-item-object-page menu-item-2190\"><a href=\"https:\/\/rula.disabilityrightsca.org\/vi\/rula-book\/chapter-10-appeals-and-complaints-disagreements-with-regional-centers-developmental-centers-or-service-providers\/10-22-what-is-an-informal-meeting\/\">(10.22) Bu\u1ed5i h\u00f2a gi\u1ea3i l\u00e0 g\u00ec?<\/a><\/li>\n<li id=\"menu-item-2191\" class=\"menu-item menu-item-type-post_type menu-item-object-page menu-item-2191\"><a href=\"https:\/\/rula.disabilityrightsca.org\/vi\/rula-book\/chapter-10-appeals-and-complaints-disagreements-with-regional-centers-developmental-centers-or-service-providers\/10-23-what-is-my-right-to-an-interpreter-at-the-informal-meeting\/\">(10.23) \u0110\u01a1n \u0111\u1ec1 ngh\u1ecb l\u00e0 g\u00ec?<\/a><\/li>\n<li id=\"menu-item-2192\" class=\"menu-item menu-item-type-post_type menu-item-object-page menu-item-2192\"><a href=\"https:\/\/rula.disabilityrightsca.org\/vi\/rula-book\/chapter-10-appeals-and-complaints-disagreements-with-regional-centers-developmental-centers-or-service-providers\/10-24-what-is-mediation\/\">(10.24) N\u1ebfu t\u00f4i c\u1ea7n ho\u00e3n (\u0111\u00ecnh l\u1ea1i) phi\u00ean \u0111i\u1ec1u tr\u1ea7n c\u1ee7a m\u00ecnh th\u00ec sao?<\/a><\/li>\n<li id=\"menu-item-2193\" class=\"menu-item menu-item-type-post_type menu-item-object-page menu-item-2193\"><a href=\"https:\/\/rula.disabilityrightsca.org\/vi\/rula-book\/chapter-10-appeals-and-complaints-disagreements-with-regional-centers-developmental-centers-or-service-providers\/10-25-what-are-motions\/\">(10.25) T\u00f4i c\u00f3 th\u1ec3 h\u1ee7y phi\u00ean \u0111i\u1ec1u tr\u1ea7n b\u1eb1ng c\u00e1ch n\u00e0o?<\/a><\/li>\n<li id=\"menu-item-2194\" class=\"menu-item menu-item-type-post_type menu-item-object-page menu-item-2194\"><a href=\"https:\/\/rula.disabilityrightsca.org\/vi\/rula-book\/chapter-10-appeals-and-complaints-disagreements-with-regional-centers-developmental-centers-or-service-providers\/10-26-what-if-i-need-to-postpone-continue-my-hearing\/\">(10.26) N\u1ebfu t\u00f4i quy\u1ebft \u0111\u1ecbnh c\u00f3 phi\u00ean \u0111i\u1ec1u tr\u1ea7n th\u00ec sao?<\/a><\/li>\n<li id=\"menu-item-2195\" class=\"menu-item menu-item-type-post_type menu-item-object-page menu-item-2195\"><a href=\"https:\/\/rula.disabilityrightsca.org\/vi\/rula-book\/chapter-10-appeals-and-complaints-disagreements-with-regional-centers-developmental-centers-or-service-providers\/10-27-how-can-i-cancel-the-hearing\/\">(10.27) T\u00f4i tham gia phi\u00ean \u0111i\u1ec1u tr\u1ea7n \u1edf \u0111\u00e2u?<\/a><\/li>\n<li id=\"menu-item-2196\" class=\"menu-item menu-item-type-post_type menu-item-object-page menu-item-2196\"><a href=\"https:\/\/rula.disabilityrightsca.org\/vi\/rula-book\/chapter-10-appeals-and-complaints-disagreements-with-regional-centers-developmental-centers-or-service-providers\/10-28-what-if-i-decide-to-have-the-hearing\/\">(10.28) T\u00f4i trao \u0111\u1ed5i danh s\u00e1ch nh\u00e2n ch\u1ee9ng v\u00e0 t\u00e0i li\u1ec7u (b\u1eb1ng ch\u1ee9ng) v\u1edbi trung t\u00e2m khu v\u1ef1c b\u1eb1ng c\u00e1ch n\u00e0o?<\/a><\/li>\n<li id=\"menu-item-2197\" class=\"menu-item menu-item-type-post_type menu-item-object-page menu-item-2197\"><a href=\"https:\/\/rula.disabilityrightsca.org\/vi\/rula-book\/chapter-10-appeals-and-complaints-disagreements-with-regional-centers-developmental-centers-or-service-providers\/10-29-where-do-i-go-for-the-hearing\/\">(10.29) T\u00f4i ch\u1ecdn t\u00e0i li\u1ec7u v\u00e0 nh\u00e2n ch\u1ee9ng cho phi\u00ean \u0111i\u1ec1u tr\u1ea7n c\u1ee7a m\u00ecnh b\u1eb1ng c\u00e1ch n\u00e0o?<\/a><\/li>\n<li id=\"menu-item-2198\" class=\"menu-item menu-item-type-post_type menu-item-object-page menu-item-2198\"><a href=\"https:\/\/rula.disabilityrightsca.org\/vi\/rula-book\/chapter-10-appeals-and-complaints-disagreements-with-regional-centers-developmental-centers-or-service-providers\/10-30-how-do-i-exchange-the-witness-and-document-evidence-list-with-the-regional-center\/\">(10.30) T\u00f4i c\u00f3 th\u1ec3 y\u00eau c\u1ea7u tr\u00e1t \u0111\u00f2i h\u1ea7u t\u00f2a b\u1eb1ng c\u00e1ch n\u00e0o?<\/a><\/li>\n<li id=\"menu-item-2199\" class=\"menu-item menu-item-type-post_type menu-item-object-page menu-item-2199\"><a href=\"https:\/\/rula.disabilityrightsca.org\/vi\/rula-book\/chapter-10-appeals-and-complaints-disagreements-with-regional-centers-developmental-centers-or-service-providers\/10-31-how-do-i-choose-documents-and-witnesses-for-my-hearing\/\">(10.31) Phi\u00ean \u0111i\u1ec1u tr\u1ea7n s\u1ebd nh\u01b0 th\u1ebf n\u00e0o?<\/a><\/li>\n<li id=\"menu-item-2200\" class=\"menu-item menu-item-type-post_type menu-item-object-page menu-item-2200\"><a href=\"https:\/\/rula.disabilityrightsca.org\/vi\/rula-book\/chapter-10-appeals-and-complaints-disagreements-with-regional-centers-developmental-centers-or-service-providers\/10-32-how-can-i-subpoena-witnesses\/\">(10.32) C\u00f3 nh\u1eefng b\u01b0\u1edbc n\u00e0o trong phi\u00ean \u0111i\u1ec1u tr\u1ea7n c\u00f4ng b\u1eb1ng?<\/a><\/li>\n<li id=\"menu-item-2201\" class=\"menu-item menu-item-type-post_type menu-item-object-page menu-item-2201\"><a href=\"https:\/\/rula.disabilityrightsca.org\/vi\/rula-book\/chapter-10-appeals-and-complaints-disagreements-with-regional-centers-developmental-centers-or-service-providers\/10-33-32-what-is-a-fair-hearing-like\/\">(10.33) \u0110i\u1ec1u g\u00ec s\u1ebd x\u1ea3y ra sau phi\u00ean \u0111i\u1ec1u tr\u1ea7n?<\/a><\/li>\n<li id=\"menu-item-2202\" class=\"menu-item menu-item-type-post_type menu-item-object-page menu-item-2202\"><a href=\"https:\/\/rula.disabilityrightsca.org\/vi\/rula-book\/chapter-10-appeals-and-complaints-disagreements-with-regional-centers-developmental-centers-or-service-providers\/10-34-what-are-the-steps-in-a-fair-hearing\/\">(10.34) N\u1ebfu kh\u00e1ng c\u00e1o c\u1ee7a t\u00f4i l\u00e0 v\u1ec1 d\u1ecbch v\u1ee5 trong Ch\u01b0\u01a1ng Tr\u00ecnh Mi\u1ec5n Tr\u1eeb T\u1ea1i Gia v\u00e0 C\u1ed9ng \u0110\u1ed3ng (\u201cMi\u1ec5n Tr\u1eeb DD\u201d) c\u1ee7a Medi-Cal th\u00ec sao?<\/a><\/li>\n<li id=\"menu-item-2203\" class=\"menu-item menu-item-type-post_type menu-item-object-page menu-item-2203\"><a href=\"https:\/\/rula.disabilityrightsca.org\/vi\/rula-book\/chapter-10-appeals-and-complaints-disagreements-with-regional-centers-developmental-centers-or-service-providers\/10-35-what-happens-after-the-fair-hearing\/\">(10.35) N\u1ebfu t\u00f4i kh\u00f4ng \u0111\u1ed3ng \u00fd v\u1edbi quy\u1ebft \u0111\u1ecbnh c\u1ee7a phi\u00ean \u0111i\u1ec1u tr\u1ea7n t\u1eeb ALJ th\u00ec sao?<\/a><\/li>\n<li id=\"menu-item-2204\" class=\"menu-item menu-item-type-post_type menu-item-object-page menu-item-2204\"><a href=\"https:\/\/rula.disabilityrightsca.org\/vi\/rula-book\/chapter-10-appeals-and-complaints-disagreements-with-regional-centers-developmental-centers-or-service-providers\/10-36-what-if-my-appeal-was-for-a-service-under-the-medi-cal-home-and-community-based-waiver-program-dd-waiver\/\">(10.36) Chuy\u1ec7n g\u00ec x\u1ea3y ra v\u1edbi d\u1ecbch v\u1ee5 c\u1ee7a t\u00f4i trong khi kh\u00e1ng c\u00e1o l\u00ean t\u00f2a th\u01b0\u1ee3ng th\u1ea9m?<\/a><\/li>\n<li id=\"menu-item-2205\" class=\"menu-item menu-item-type-post_type menu-item-object-page menu-item-2205\"><a href=\"https:\/\/rula.disabilityrightsca.org\/vi\/rula-book\/chapter-10-appeals-and-complaints-disagreements-with-regional-centers-developmental-centers-or-service-providers\/10-37-what-if-i-disagree-with-the-aljs-hearing-decision\/\">(10.37) Trung t\u00e2m khu v\u1ef1c c\u00f3 ph\u1ea3i l\u00e0m theo quy\u1ebft \u0111\u1ecbnh c\u1ee7a phi\u00ean \u0111i\u1ec1u tr\u1ea7n kh\u00f4ng?<\/a><\/li>\n<li id=\"menu-item-2206\" class=\"menu-item menu-item-type-post_type menu-item-object-page menu-item-2206\"><a href=\"https:\/\/rula.disabilityrightsca.org\/vi\/rula-book\/chapter-10-appeals-and-complaints-disagreements-with-regional-centers-developmental-centers-or-service-providers\/10-38-what-happens-to-my-services-during-a-superior-court-appeal\/\">(10.38) Khi\u1ebfu N\u1ea1i M\u1ee5c 4731 l\u00e0 g\u00ec?<\/a><\/li>\n<li id=\"menu-item-2207\" class=\"menu-item menu-item-type-post_type menu-item-object-page menu-item-2207\"><a href=\"https:\/\/rula.disabilityrightsca.org\/vi\/rula-book\/chapter-10-appeals-and-complaints-disagreements-with-regional-centers-developmental-centers-or-service-providers\/10-39-can-i-ask-for-attorney-fees-for-my-superior-court-case\/\">(10.39) \u0110i\u1ec1u g\u00ec s\u1ebd x\u1ea3y ra sau khi t\u00f4i n\u1ed9p \u0111\u01a1n Khi\u1ebfu N\u1ea1i M\u1ee5c 4731?<\/a><\/li>\n<li id=\"menu-item-2208\" class=\"menu-item menu-item-type-post_type menu-item-object-page menu-item-2208\"><a href=\"https:\/\/rula.disabilityrightsca.org\/vi\/rula-book\/chapter-10-appeals-and-complaints-disagreements-with-regional-centers-developmental-centers-or-service-providers\/10-40-does-the-regional-center-have-to-follow-the-hearing-decision\/\">(10.40) T\u00f4i c\u00f3 th\u1ec3 n\u1ed9p Khi\u1ebfu N\u1ea1i M\u1ee5c 4731 cho m\u1ed9t nh\u00f3m ng\u01b0\u1eddi kh\u00f4ng?<\/a><\/li>\n<li id=\"menu-item-2209\" class=\"menu-item menu-item-type-post_type menu-item-object-page menu-item-2209\"><a href=\"https:\/\/rula.disabilityrightsca.org\/vi\/rula-book\/chapter-10-appeals-and-complaints-disagreements-with-regional-centers-developmental-centers-or-service-providers\/10-41-what-is-a-section-4731-complaint\/\">(10.41) T\u00f4i c\u00f3 th\u1ec3 nh\u1eadn th\u00f4ng tin v\u1ec1 khi\u1ebfu n\u1ea1i ho\u1eb7c kh\u00e1ng c\u00e1o c\u1ee7a nh\u1eefng ng\u01b0\u1eddi kh\u00e1c kh\u00f4ng?<\/a><\/li>\n<li id=\"menu-item-2210\" class=\"menu-item menu-item-type-post_type menu-item-object-page menu-item-2210\"><a href=\"https:\/\/rula.disabilityrightsca.org\/vi\/rula-book\/chapter-10-appeals-and-complaints-disagreements-with-regional-centers-developmental-centers-or-service-providers\/10-42-what-happens-after-i-file-my-4731-complaint\/\">(10.42) N\u1ebfu t\u00f4i c\u00f3 b\u1ea5t \u0111\u1ed3ng v\u1edbi nh\u00e0 cung c\u1ea5p d\u1ecbch v\u1ee5 th\u00ec sao?<\/a><\/li>\n<\/ul><\/div>\n","protected":false},"excerpt":{"rendered":"<p>In to\u00e0n b\u1ed9 ch\u01b0\u01a1ng QUAN TR\u1eccNG: Nh\u1eefng thay \u0111\u1ed5i l\u1edbn \u0111\u1ed1i v\u1edbi quy tr\u00ecnh kh\u00e1ng c\u00e1o s\u1ebd di\u1ec5n ra v\u00e0o ng\u00e0y 1 th\u00e1ng Ba n\u0103m&hellip;<\/p>\n","protected":false},"author":1,"featured_media":0,"parent":33,"menu_order":10,"comment_status":"closed","ping_status":"closed","template":"","meta":{"footnotes":""},"class_list":["post-2072","page","type-page","status-publish","hentry"],"_links":{"self":[{"href":"https:\/\/rula.disabilityrightsca.org\/vi\/wp-json\/wp\/v2\/pages\/2072","targetHints":{"allow":["GET"]}}],"collection":[{"href":"https:\/\/rula.disabilityrightsca.org\/vi\/wp-json\/wp\/v2\/pages"}],"about":[{"href":"https:\/\/rula.disabilityrightsca.org\/vi\/wp-json\/wp\/v2\/types\/page"}],"author":[{"embeddable":true,"href":"https:\/\/rula.disabilityrightsca.org\/vi\/wp-json\/wp\/v2\/users\/1"}],"replies":[{"embeddable":true,"href":"https:\/\/rula.disabilityrightsca.org\/vi\/wp-json\/wp\/v2\/comments?post=2072"}],"version-history":[{"count":8,"href":"https:\/\/rula.disabilityrightsca.org\/vi\/wp-json\/wp\/v2\/pages\/2072\/revisions"}],"predecessor-version":[{"id":3792,"href":"https:\/\/rula.disabilityrightsca.org\/vi\/wp-json\/wp\/v2\/pages\/2072\/revisions\/3792"}],"up":[{"embeddable":true,"href":"https:\/\/rula.disabilityrightsca.org\/vi\/wp-json\/wp\/v2\/pages\/33"}],"wp:attachment":[{"href":"https:\/\/rula.disabilityrightsca.org\/vi\/wp-json\/wp\/v2\/media?parent=2072"}],"curies":[{"name":"wp","href":"https:\/\/api.w.org\/{rel}","templated":true}]}}