{"id":2024,"date":"2021-09-24T17:39:21","date_gmt":"2021-09-24T17:39:21","guid":{"rendered":"http:\/\/www.rula.disabilityrightsca.org\/vi\/?page_id=2024"},"modified":"2022-04-20T23:59:49","modified_gmt":"2022-04-20T23:59:49","slug":"5-27-how-can-i-get-on-disability-rights-californias-board-of-directors","status":"publish","type":"page","link":"https:\/\/rula.disabilityrightsca.org\/vi\/rula-book\/chapter-5-advocating-for-yourself\/5-27-how-can-i-get-on-disability-rights-californias-board-of-directors\/","title":{"rendered":"(5.27) T\u00f4i c\u00f3 th\u1ec3 tham gia h\u1ed9i \u0111\u1ed3ng qu\u1ea3n tr\u1ecb c\u1ee7a Disability Rights California b\u1eb1ng c\u00e1ch n\u00e0o?"},"content":{"rendered":"\n<p>Disability Rights California l\u00e0 m\u1ed9t c\u01a1 quan phi l\u1ee3i nhu\u1eadn cung c\u1ea5p tr\u1ee3 gi\u00fap ph\u00e1p l\u00fd v\u00e0 tr\u1ee3 gi\u00fap b\u00eanh v\u1ef1c kh\u00e1c cho ng\u01b0\u1eddi khuy\u1ebft t\u1eadt v\u1ec1 ph\u00e1t tri\u1ec3n. C\u00f3 13-17 ng\u01b0\u1eddi trong h\u1ed9i \u0111\u1ed3ng qu\u1ea3n tr\u1ecb c\u1ee7a Disability Rights California. Nh\u1eefng ng\u01b0\u1eddi trong h\u1ed9i \u0111\u1ed3ng qu\u1ea3n tr\u1ecb th\u1ec3 hi\u1ec7n s\u1ef1 \u0111a d\u1ea1ng c\u1ee7a nh\u1eefng ng\u01b0\u1eddi m\u00e0 Disability Rights California ph\u1ee5c v\u1ee5.<\/p>\n\n\n\n<p>N\u1ebfu qu\u00fd v\u1ecb mu\u1ed1n \u1ee9ng tuy\u1ec3n v\u00e0o m\u1ed9t v\u1ecb tr\u00ed trong h\u1ed9i \u0111\u1ed3ng qu\u1ea3n tr\u1ecb c\u1ee7a Disability Rights California, qu\u00fd v\u1ecb c\u00f3 th\u1ec3 \u0111i\u1ec1n \u0111\u01a1n \u0111\u0103ng k\u00fd. N\u1ebfu c\u00f3 v\u1ecb tr\u00ed \u0111ang tuy\u1ec3n trong h\u1ed9i \u0111\u1ed3ng, th\u00f4ng tin s\u1ebd \u0111\u01b0\u1ee3c \u0111\u0103ng t\u1ea1i&nbsp;<a href=\"https:\/\/www.disabilityrightsca.org\/about-us\/board-of-directors\/join-our-board\">https:\/\/www.disabilityrightsca.org\/about-us\/board-of-directors\/join-our-board<\/a>. \u0110\u1ec3 bi\u1ebft th\u00eam th\u00f4ng tin, h\u00e3y g\u1ecdi cho Disability Rights California theo s\u1ed1 1-800-776-5746 ho\u1eb7c OCRA theo s\u1ed1 1-800-390-7032.<\/p>\n","protected":false},"excerpt":{"rendered":"<p>Disability Rights California l\u00e0 m\u1ed9t c\u01a1 quan phi l\u1ee3i nhu\u1eadn cung c\u1ea5p tr\u1ee3 gi\u00fap ph\u00e1p l\u00fd v\u00e0 tr\u1ee3 gi\u00fap b\u00eanh v\u1ef1c kh\u00e1c cho ng\u01b0\u1eddi khuy\u1ebft&hellip;<\/p>\n","protected":false},"author":1,"featured_media":0,"parent":1957,"menu_order":27,"comment_status":"closed","ping_status":"closed","template":"","meta":{"footnotes":""},"class_list":["post-2024","page","type-page","status-publish","hentry"],"_links":{"self":[{"href":"https:\/\/rula.disabilityrightsca.org\/vi\/wp-json\/wp\/v2\/pages\/2024","targetHints":{"allow":["GET"]}}],"collection":[{"href":"https:\/\/rula.disabilityrightsca.org\/vi\/wp-json\/wp\/v2\/pages"}],"about":[{"href":"https:\/\/rula.disabilityrightsca.org\/vi\/wp-json\/wp\/v2\/types\/page"}],"author":[{"embeddable":true,"href":"https:\/\/rula.disabilityrightsca.org\/vi\/wp-json\/wp\/v2\/users\/1"}],"replies":[{"embeddable":true,"href":"https:\/\/rula.disabilityrightsca.org\/vi\/wp-json\/wp\/v2\/comments?post=2024"}],"version-history":[{"count":3,"href":"https:\/\/rula.disabilityrightsca.org\/vi\/wp-json\/wp\/v2\/pages\/2024\/revisions"}],"predecessor-version":[{"id":3031,"href":"https:\/\/rula.disabilityrightsca.org\/vi\/wp-json\/wp\/v2\/pages\/2024\/revisions\/3031"}],"up":[{"embeddable":true,"href":"https:\/\/rula.disabilityrightsca.org\/vi\/wp-json\/wp\/v2\/pages\/1957"}],"wp:attachment":[{"href":"https:\/\/rula.disabilityrightsca.org\/vi\/wp-json\/wp\/v2\/media?parent=2024"}],"curies":[{"name":"wp","href":"https:\/\/api.w.org\/{rel}","templated":true}]}}