{"id":2020,"date":"2021-09-24T17:37:15","date_gmt":"2021-09-24T17:37:15","guid":{"rendered":"http:\/\/www.rula.disabilityrightsca.org\/vi\/?page_id=2020"},"modified":"2022-06-23T23:36:15","modified_gmt":"2022-06-23T23:36:15","slug":"5-25-can-i-get-a-facilitator-through-the-regional-center-to-help-me-advocate-for-myself-or-participate-on-boards-or-at-meetings","status":"publish","type":"page","link":"https:\/\/rula.disabilityrightsca.org\/vi\/rula-book\/chapter-5-advocating-for-yourself\/5-25-can-i-get-a-facilitator-through-the-regional-center-to-help-me-advocate-for-myself-or-participate-on-boards-or-at-meetings\/","title":{"rendered":"(5.25)  T\u00f4i c\u00f3 th\u1ec3 c\u00f3 ng\u01b0\u1eddi h\u1ed7 tr\u1ee3 th\u00f4ng qua trung t\u00e2m khu v\u1ef1c \u0111\u1ec3 gi\u00fap t\u00f4i b\u00eanh v\u1ef1c cho b\u1ea3n th\u00e2n ho\u1eb7c tham gia h\u1ed9i \u0111\u1ed3ng hay t\u1ea1i c\u00e1c cu\u1ed9c h\u1ecdp kh\u00f4ng?\ufffc"},"content":{"rendered":"\n<p>C\u00f3. Trung t\u00e2m khu v\u1ef1c c\u00f3 th\u1ec3 thanh to\u00e1n cho c\u00e1c bu\u1ed5i \u0111\u00e0o t\u1ea1o t\u1ef1 b\u00eanh v\u1ef1c, t\u1ea1o \u0111i\u1ec1u ki\u1ec7n v\u00e0 \u201cng\u01b0\u1eddi b\u00eanh v\u1ef1c ngang h\u00e0ng\u201d n\u1ebfu nh\u1eefng m\u1ee5c \u0111\u00f3 c\u00f3 trong IPP c\u1ee7a qu\u00fd v\u1ecb.<span class=\"footnote_referrer\"><a role=\"button\" tabindex=\"0\" onclick=\"footnote_moveToReference_2020_1('footnote_plugin_reference_2020_1_1');\" onkeypress=\"footnote_moveToReference_2020_1('footnote_plugin_reference_2020_1_1');\" ><sup id=\"footnote_plugin_tooltip_2020_1_1\" class=\"footnote_plugin_tooltip_text\">[1]<\/sup><\/a><span id=\"footnote_plugin_tooltip_text_2020_1_1\" class=\"footnote_tooltip\">M\u1ee5c 4512(b).<\/span><\/span><script type=\"text\/javascript\"> jQuery('#footnote_plugin_tooltip_2020_1_1').tooltip({ tip: '#footnote_plugin_tooltip_text_2020_1_1', tipClass: 'footnote_tooltip', effect: 'fade', predelay: 0, fadeInSpeed: 200, delay: 400, fadeOutSpeed: 200, position: 'top center', relative: true, offset: [-7, 0], });<\/script> T\u1ea1o \u0111i\u1ec1u ki\u1ec7n ngh\u0129a l\u00e0 cung c\u1ea5p cho qu\u00fd v\u1ecb t\u00e0i li\u1ec7u ho\u1eb7c thi\u1ebft b\u1ecb, ho\u1eb7c gi\u00fap qu\u00fd v\u1ecb \u0111\u01b0a ra v\u00e0 b\u00e0y t\u1ecf l\u1ef1a ch\u1ecdn v\u00e0 quy\u1ebft \u0111\u1ecbnh.<span class=\"footnote_referrer\"><a role=\"button\" tabindex=\"0\" onclick=\"footnote_moveToReference_2020_1('footnote_plugin_reference_2020_1_2');\" onkeypress=\"footnote_moveToReference_2020_1('footnote_plugin_reference_2020_1_2');\" ><sup id=\"footnote_plugin_tooltip_2020_1_2\" class=\"footnote_plugin_tooltip_text\">[2]<\/sup><\/a><span id=\"footnote_plugin_tooltip_text_2020_1_2\" class=\"footnote_tooltip\">M\u1ee5c 4512(h).<\/span><\/span><script type=\"text\/javascript\"> jQuery('#footnote_plugin_tooltip_2020_1_2').tooltip({ tip: '#footnote_plugin_tooltip_text_2020_1_2', tipClass: 'footnote_tooltip', effect: 'fade', predelay: 0, fadeInSpeed: 200, delay: 400, fadeOutSpeed: 200, position: 'top center', relative: true, offset: [-7, 0], });<\/script> N\u1ebfu m\u1ed9t ng\u01b0\u1eddi b\u1ea1n ho\u1eb7c ng\u01b0\u1eddi th\u00e2n kh\u00f4ng th\u1ec3 gi\u00fap qu\u00fd v\u1ecb, trung t\u00e2m khu v\u1ef1c c\u00f3 th\u1ec3 thanh to\u00e1n cho ng\u01b0\u1eddi h\u1ed7 tr\u1ee3.<span class=\"footnote_referrer\"><a role=\"button\" tabindex=\"0\" onclick=\"footnote_moveToReference_2020_1('footnote_plugin_reference_2020_1_3');\" onkeypress=\"footnote_moveToReference_2020_1('footnote_plugin_reference_2020_1_3');\" ><sup id=\"footnote_plugin_tooltip_2020_1_3\" class=\"footnote_plugin_tooltip_text\">[3]<\/sup><\/a><span id=\"footnote_plugin_tooltip_text_2020_1_3\" class=\"footnote_tooltip\">M\u1ee5c 4512(b). <\/span><\/span><script type=\"text\/javascript\"> jQuery('#footnote_plugin_tooltip_2020_1_3').tooltip({ tip: '#footnote_plugin_tooltip_text_2020_1_3', tipClass: 'footnote_tooltip', effect: 'fade', predelay: 0, fadeInSpeed: 200, delay: 400, fadeOutSpeed: 200, position: 'top center', relative: true, offset: [-7, 0], });<\/script>\u00a0N\u1ebfu IPP c\u1ee7a qu\u00fd v\u1ecb bao g\u1ed3m s\u1ef1 h\u1ed7 tr\u1ee3 c\u1ee7a ng\u01b0\u1eddi h\u1ed7 tr\u1ee3, qu\u00fd v\u1ecb c\u00f3 th\u1ec3 ch\u1ecdn ng\u01b0\u1eddi h\u1ed7 tr\u1ee3.<span class=\"footnote_referrer\"><a role=\"button\" tabindex=\"0\" onclick=\"footnote_moveToReference_2020_1('footnote_plugin_reference_2020_1_4');\" onkeypress=\"footnote_moveToReference_2020_1('footnote_plugin_reference_2020_1_4');\" ><sup id=\"footnote_plugin_tooltip_2020_1_4\" class=\"footnote_plugin_tooltip_text\">[4]<\/sup><\/a><span id=\"footnote_plugin_tooltip_text_2020_1_4\" class=\"footnote_tooltip\">M\u1ee5c 4648(a)(12).<\/span><\/span><script type=\"text\/javascript\"> jQuery('#footnote_plugin_tooltip_2020_1_4').tooltip({ tip: '#footnote_plugin_tooltip_text_2020_1_4', tipClass: 'footnote_tooltip', effect: 'fade', predelay: 0, fadeInSpeed: 200, delay: 400, fadeOutSpeed: 200, position: 'top center', relative: true, offset: [-7, 0], });<\/script><\/p>\n<div class=\"speaker-mute footnotes_reference_container\"> <div class=\"footnote_container_prepare\"><p><span role=\"button\" tabindex=\"0\" class=\"footnote_reference_container_label pointer\" onclick=\"footnote_expand_collapse_reference_container_2020_1();\">&#x202F;<\/span><span role=\"button\" tabindex=\"0\" class=\"footnote_reference_container_collapse_button\" style=\"display: none;\" onclick=\"footnote_expand_collapse_reference_container_2020_1();\">[<a id=\"footnote_reference_container_collapse_button_2020_1\">+<\/a>]<\/span><\/p><\/div> <div id=\"footnote_references_container_2020_1\" style=\"\"><table class=\"footnotes_table footnote-reference-container\"><caption class=\"accessibility\">References<\/caption> <tbody> \r\n\r\n<tr class=\"footnotes_plugin_reference_row\"> <th scope=\"row\" class=\"footnote_plugin_index_combi pointer\"  onclick=\"footnote_moveToAnchor_2020_1('footnote_plugin_tooltip_2020_1_1');\"><a id=\"footnote_plugin_reference_2020_1_1\" class=\"footnote_backlink\"><span class=\"footnote_index_arrow\">&#8593;<\/span>1<\/a><\/th> <td class=\"footnote_plugin_text\">M\u1ee5c 4512(b).<\/td><\/tr>\r\n\r\n<tr class=\"footnotes_plugin_reference_row\"> <th scope=\"row\" class=\"footnote_plugin_index_combi pointer\"  onclick=\"footnote_moveToAnchor_2020_1('footnote_plugin_tooltip_2020_1_2');\"><a id=\"footnote_plugin_reference_2020_1_2\" class=\"footnote_backlink\"><span class=\"footnote_index_arrow\">&#8593;<\/span>2<\/a><\/th> <td class=\"footnote_plugin_text\">M\u1ee5c 4512(h).<\/td><\/tr>\r\n\r\n<tr class=\"footnotes_plugin_reference_row\"> <th scope=\"row\" class=\"footnote_plugin_index_combi pointer\"  onclick=\"footnote_moveToAnchor_2020_1('footnote_plugin_tooltip_2020_1_3');\"><a id=\"footnote_plugin_reference_2020_1_3\" class=\"footnote_backlink\"><span class=\"footnote_index_arrow\">&#8593;<\/span>3<\/a><\/th> <td class=\"footnote_plugin_text\">M\u1ee5c 4512(b). <\/td><\/tr>\r\n\r\n<tr class=\"footnotes_plugin_reference_row\"> <th scope=\"row\" class=\"footnote_plugin_index_combi pointer\"  onclick=\"footnote_moveToAnchor_2020_1('footnote_plugin_tooltip_2020_1_4');\"><a id=\"footnote_plugin_reference_2020_1_4\" class=\"footnote_backlink\"><span class=\"footnote_index_arrow\">&#8593;<\/span>4<\/a><\/th> <td class=\"footnote_plugin_text\">M\u1ee5c 4648(a)(12).<\/td><\/tr>\r\n\r\n <\/tbody> <\/table> <\/div><\/div><script type=\"text\/javascript\"> function footnote_expand_reference_container_2020_1() { jQuery('#footnote_references_container_2020_1').show(); jQuery('#footnote_reference_container_collapse_button_2020_1').text('\u2212'); } function footnote_collapse_reference_container_2020_1() { jQuery('#footnote_references_container_2020_1').hide(); jQuery('#footnote_reference_container_collapse_button_2020_1').text('+'); } function footnote_expand_collapse_reference_container_2020_1() { if (jQuery('#footnote_references_container_2020_1').is(':hidden')) { footnote_expand_reference_container_2020_1(); } else { footnote_collapse_reference_container_2020_1(); } } function footnote_moveToReference_2020_1(p_str_TargetID) { footnote_expand_reference_container_2020_1(); var l_obj_Target = jQuery('#' + p_str_TargetID); if (l_obj_Target.length) { jQuery( 'html, body' ).delay( 0 ); jQuery('html, body').animate({ scrollTop: l_obj_Target.offset().top - window.innerHeight * 0.2 }, 380); } } function footnote_moveToAnchor_2020_1(p_str_TargetID) { footnote_expand_reference_container_2020_1(); var l_obj_Target = jQuery('#' + p_str_TargetID); if (l_obj_Target.length) { jQuery( 'html, body' ).delay( 0 ); jQuery('html, body').animate({ scrollTop: l_obj_Target.offset().top - window.innerHeight * 0.2 }, 380); } }<\/script>","protected":false},"excerpt":{"rendered":"<p>C\u00f3. Trung t\u00e2m khu v\u1ef1c c\u00f3 th\u1ec3 thanh to\u00e1n cho c\u00e1c bu\u1ed5i \u0111\u00e0o t\u1ea1o t\u1ef1 b\u00eanh v\u1ef1c, t\u1ea1o \u0111i\u1ec1u ki\u1ec7n v\u00e0 \u201cng\u01b0\u1eddi b\u00eanh v\u1ef1c ngang&hellip;<\/p>\n","protected":false},"author":1,"featured_media":0,"parent":1957,"menu_order":25,"comment_status":"closed","ping_status":"closed","template":"","meta":{"footnotes":""},"class_list":["post-2020","page","type-page","status-publish","hentry"],"_links":{"self":[{"href":"https:\/\/rula.disabilityrightsca.org\/vi\/wp-json\/wp\/v2\/pages\/2020","targetHints":{"allow":["GET"]}}],"collection":[{"href":"https:\/\/rula.disabilityrightsca.org\/vi\/wp-json\/wp\/v2\/pages"}],"about":[{"href":"https:\/\/rula.disabilityrightsca.org\/vi\/wp-json\/wp\/v2\/types\/page"}],"author":[{"embeddable":true,"href":"https:\/\/rula.disabilityrightsca.org\/vi\/wp-json\/wp\/v2\/users\/1"}],"replies":[{"embeddable":true,"href":"https:\/\/rula.disabilityrightsca.org\/vi\/wp-json\/wp\/v2\/comments?post=2020"}],"version-history":[{"count":5,"href":"https:\/\/rula.disabilityrightsca.org\/vi\/wp-json\/wp\/v2\/pages\/2020\/revisions"}],"predecessor-version":[{"id":3455,"href":"https:\/\/rula.disabilityrightsca.org\/vi\/wp-json\/wp\/v2\/pages\/2020\/revisions\/3455"}],"up":[{"embeddable":true,"href":"https:\/\/rula.disabilityrightsca.org\/vi\/wp-json\/wp\/v2\/pages\/1957"}],"wp:attachment":[{"href":"https:\/\/rula.disabilityrightsca.org\/vi\/wp-json\/wp\/v2\/media?parent=2020"}],"curies":[{"name":"wp","href":"https:\/\/api.w.org\/{rel}","templated":true}]}}