{"id":2018,"date":"2021-09-24T17:34:51","date_gmt":"2021-09-24T17:34:51","guid":{"rendered":"http:\/\/www.rula.disabilityrightsca.org\/vi\/?page_id=2018"},"modified":"2022-04-20T23:58:42","modified_gmt":"2022-04-20T23:58:42","slug":"5-24-how-can-i-get-on-the-regional-centers-board-of-directors","status":"publish","type":"page","link":"https:\/\/rula.disabilityrightsca.org\/vi\/rula-book\/chapter-5-advocating-for-yourself\/5-24-how-can-i-get-on-the-regional-centers-board-of-directors\/","title":{"rendered":"(5.24) T\u00f4i c\u00f3 th\u1ec3 tham gia h\u1ed9i \u0111\u1ed3ng qu\u1ea3n tr\u1ecb c\u1ee7a trung t\u00e2m khu v\u1ef1c b\u1eb1ng c\u00e1ch n\u00e0o?"},"content":{"rendered":"\n<p>\u00cdt nh\u1ea5t m\u1ed9t n\u1eeda th\u00e0nh vi\u00ean h\u1ed9i \u0111\u1ed3ng c\u1ee7a m\u1ed7i trung t\u00e2m khu v\u1ef1c ph\u1ea3i l\u00e0 ng\u01b0\u1eddi khuy\u1ebft t\u1eadt v\u1ec1 ph\u00e1t tri\u1ec3n, cha\/m\u1eb9 ho\u1eb7c ng\u01b0\u1eddi gi\u00e1m h\u1ed9 h\u1ee3p ph\u00e1p c\u1ee7a h\u1ecd. \u00cdt nh\u1ea5t 25% th\u00e0nh vi\u00ean ph\u1ea3i b\u1ecb khuy\u1ebft t\u1eadt v\u1ec1 ph\u00e1t tri\u1ec3n. C\u00e1c th\u00e0nh vi\u00ean ph\u1ea3i \u0111\u1ea1i di\u1ec7n cho nh\u1eefng t\u00ecnh tr\u1ea1ng khuy\u1ebft t\u1eadt kh\u00e1c nhau \u0111\u01b0\u1ee3c trung t\u00e2m khu v\u1ef1c ph\u1ee5c v\u1ee5.<span class=\"footnote_referrer\"><a role=\"button\" tabindex=\"0\" onclick=\"footnote_moveToReference_2018_1('footnote_plugin_reference_2018_1_1');\" onkeypress=\"footnote_moveToReference_2018_1('footnote_plugin_reference_2018_1_1');\" ><sup id=\"footnote_plugin_tooltip_2018_1_1\" class=\"footnote_plugin_tooltip_text\">[1]<\/sup><\/a><span id=\"footnote_plugin_tooltip_text_2018_1_1\" class=\"footnote_tooltip\">M\u1ee5c 4622.<\/span><\/span><script type=\"text\/javascript\"> jQuery('#footnote_plugin_tooltip_2018_1_1').tooltip({ tip: '#footnote_plugin_tooltip_text_2018_1_1', tipClass: 'footnote_tooltip', effect: 'fade', predelay: 0, fadeInSpeed: 200, delay: 400, fadeOutSpeed: 200, position: 'top center', relative: true, offset: [-7, 0], });<\/script>&nbsp;N\u1ebfu qu\u00fd v\u1ecb mu\u1ed1n tr\u1edf th\u00e0nh th\u00e0nh vi\u00ean h\u1ed9i \u0111\u1ed3ng, h\u00e3y b\u00e1o cho \u0111i\u1ec1u ph\u1ed1i vi\u00ean d\u1ecbch v\u1ee5 c\u1ee7a qu\u00fd v\u1ecb ho\u1eb7c nh\u00e2n vi\u00ean kh\u00e1c c\u1ee7a trung t\u00e2m khu v\u1ef1c r\u1eb1ng qu\u00fd v\u1ecb quan t\u00e2m.<\/p>\n<div class=\"speaker-mute footnotes_reference_container\"> <div class=\"footnote_container_prepare\"><p><span role=\"button\" tabindex=\"0\" class=\"footnote_reference_container_label pointer\" onclick=\"footnote_expand_collapse_reference_container_2018_1();\">&#x202F;<\/span><span role=\"button\" tabindex=\"0\" class=\"footnote_reference_container_collapse_button\" style=\"display: none;\" onclick=\"footnote_expand_collapse_reference_container_2018_1();\">[<a id=\"footnote_reference_container_collapse_button_2018_1\">+<\/a>]<\/span><\/p><\/div> <div id=\"footnote_references_container_2018_1\" style=\"\"><table class=\"footnotes_table footnote-reference-container\"><caption class=\"accessibility\">References<\/caption> <tbody> \r\n\r\n<tr class=\"footnotes_plugin_reference_row\"> <th scope=\"row\" class=\"footnote_plugin_index_combi pointer\"  onclick=\"footnote_moveToAnchor_2018_1('footnote_plugin_tooltip_2018_1_1');\"><a id=\"footnote_plugin_reference_2018_1_1\" class=\"footnote_backlink\"><span class=\"footnote_index_arrow\">&#8593;<\/span>1<\/a><\/th> <td class=\"footnote_plugin_text\">M\u1ee5c 4622.<\/td><\/tr>\r\n\r\n <\/tbody> <\/table> <\/div><\/div><script type=\"text\/javascript\"> function footnote_expand_reference_container_2018_1() { jQuery('#footnote_references_container_2018_1').show(); jQuery('#footnote_reference_container_collapse_button_2018_1').text('\u2212'); } function footnote_collapse_reference_container_2018_1() { jQuery('#footnote_references_container_2018_1').hide(); jQuery('#footnote_reference_container_collapse_button_2018_1').text('+'); } function footnote_expand_collapse_reference_container_2018_1() { if (jQuery('#footnote_references_container_2018_1').is(':hidden')) { footnote_expand_reference_container_2018_1(); } else { footnote_collapse_reference_container_2018_1(); } } function footnote_moveToReference_2018_1(p_str_TargetID) { footnote_expand_reference_container_2018_1(); var l_obj_Target = jQuery('#' + p_str_TargetID); if (l_obj_Target.length) { jQuery( 'html, body' ).delay( 0 ); jQuery('html, body').animate({ scrollTop: l_obj_Target.offset().top - window.innerHeight * 0.2 }, 380); } } function footnote_moveToAnchor_2018_1(p_str_TargetID) { footnote_expand_reference_container_2018_1(); var l_obj_Target = jQuery('#' + p_str_TargetID); if (l_obj_Target.length) { jQuery( 'html, body' ).delay( 0 ); jQuery('html, body').animate({ scrollTop: l_obj_Target.offset().top - window.innerHeight * 0.2 }, 380); } }<\/script>","protected":false},"excerpt":{"rendered":"<p>\u00cdt nh\u1ea5t m\u1ed9t n\u1eeda th\u00e0nh vi\u00ean h\u1ed9i \u0111\u1ed3ng c\u1ee7a m\u1ed7i trung t\u00e2m khu v\u1ef1c ph\u1ea3i l\u00e0 ng\u01b0\u1eddi khuy\u1ebft t\u1eadt v\u1ec1 ph\u00e1t tri\u1ec3n, cha\/m\u1eb9 ho\u1eb7c ng\u01b0\u1eddi&hellip;<\/p>\n","protected":false},"author":1,"featured_media":0,"parent":1957,"menu_order":24,"comment_status":"closed","ping_status":"closed","template":"","meta":{"footnotes":""},"class_list":["post-2018","page","type-page","status-publish","hentry"],"_links":{"self":[{"href":"https:\/\/rula.disabilityrightsca.org\/vi\/wp-json\/wp\/v2\/pages\/2018","targetHints":{"allow":["GET"]}}],"collection":[{"href":"https:\/\/rula.disabilityrightsca.org\/vi\/wp-json\/wp\/v2\/pages"}],"about":[{"href":"https:\/\/rula.disabilityrightsca.org\/vi\/wp-json\/wp\/v2\/types\/page"}],"author":[{"embeddable":true,"href":"https:\/\/rula.disabilityrightsca.org\/vi\/wp-json\/wp\/v2\/users\/1"}],"replies":[{"embeddable":true,"href":"https:\/\/rula.disabilityrightsca.org\/vi\/wp-json\/wp\/v2\/comments?post=2018"}],"version-history":[{"count":3,"href":"https:\/\/rula.disabilityrightsca.org\/vi\/wp-json\/wp\/v2\/pages\/2018\/revisions"}],"predecessor-version":[{"id":3028,"href":"https:\/\/rula.disabilityrightsca.org\/vi\/wp-json\/wp\/v2\/pages\/2018\/revisions\/3028"}],"up":[{"embeddable":true,"href":"https:\/\/rula.disabilityrightsca.org\/vi\/wp-json\/wp\/v2\/pages\/1957"}],"wp:attachment":[{"href":"https:\/\/rula.disabilityrightsca.org\/vi\/wp-json\/wp\/v2\/media?parent=2018"}],"curies":[{"name":"wp","href":"https:\/\/api.w.org\/{rel}","templated":true}]}}