{"id":2016,"date":"2021-09-24T17:33:36","date_gmt":"2021-09-24T17:33:36","guid":{"rendered":"http:\/\/www.rula.disabilityrightsca.org\/vi\/?page_id=2016"},"modified":"2022-04-20T23:58:31","modified_gmt":"2022-04-20T23:58:31","slug":"5-23-can-i-advocate-for-myself-and-others-through-one-of-the-regional-offices-of-the-state-council-on-developmental-disabilities","status":"publish","type":"page","link":"https:\/\/rula.disabilityrightsca.org\/vi\/rula-book\/chapter-5-advocating-for-yourself\/5-23-can-i-advocate-for-myself-and-others-through-one-of-the-regional-offices-of-the-state-council-on-developmental-disabilities\/","title":{"rendered":"(5.23) T\u00f4i c\u00f3 th\u1ec3 b\u00eanh v\u1ef1c cho b\u1ea3n th\u00e2n v\u00e0 ng\u01b0\u1eddi kh\u00e1c th\u00f4ng qua m\u1ed9t trong nh\u1eefng v\u0103n ph\u00f2ng khu v\u1ef1c c\u1ee7a H\u1ed9i \u0110\u1ed3ng Ti\u1ec3u Bang v\u1ec1 Khuy\u1ebft T\u1eadt Ph\u00e1t Tri\u1ec3n kh\u00f4ng?"},"content":{"rendered":"\n<p>H\u1ed9i \u0110\u1ed3ng Ti\u1ec3u Bang v\u1ec1 Khuy\u1ebft T\u1eadt Ph\u00e1t Tri\u1ec3n (State Council on Developmental Disabilities, SCDD) c\u00f3 12 v\u0103n ph\u00f2ng khu v\u1ef1c ph\u1ee5 tr\u00e1ch c\u00e1c khu v\u1ef1c kh\u00e1c nhau trong ti\u1ec3u bang.&nbsp;Nh\u1eefng v\u0103n ph\u00f2ng n\u00e0y cung c\u1ea5p d\u1ecbch v\u1ee5 cho ng\u01b0\u1eddi khuy\u1ebft t\u1eadt v\u1ec1 ph\u00e1t tri\u1ec3n v\u00e0 gia \u0111\u00ecnh c\u1ee7a h\u1ecd. H\u1ecd cung c\u1ea5p:<\/p>\n\n\n\n<ul class=\"wp-block-list\"><li>s\u1ef1 tr\u1ee3 gi\u00fap b\u00eanh v\u1ef1c,<\/li><li>c\u00e1c bu\u1ed5i \u0111\u00e0o t\u1ea1o,<\/li><li>ho\u1ea1t \u0111\u1ed9ng gi\u00e1m s\u00e1t trung t\u00e2m khu v\u1ef1c v\u00e0 h\u1ec7 th\u1ed1ng d\u1ecbch v\u1ee5 cho ng\u01b0\u1eddi khuy\u1ebft t\u1eadt, v\u00e0<\/li><li>th\u00f4ng tin c\u00f4ng khai.<\/li><\/ul>\n\n\n\n<p>Trung t\u00e2m khu v\u1ef1c ph\u1ea3i \u0111\u1ea3m b\u1ea3o ng\u01b0\u1eddi khuy\u1ebft t\u1eadt v\u1ec1 ph\u00e1t tri\u1ec3n, gia \u0111\u00ecnh c\u1ee7a h\u1ecd v\u00e0 c\u00f4ng ch\u00fang tham gia v\u00e0o m\u1ed7i n\u01a1i trong s\u1ed1 12 khu v\u1ef1c n\u00e0y. \u1ee6y ban c\u1ed1 v\u1ea5n khu v\u1ef1c c\u1ed1 v\u1ea5n cho v\u0103n ph\u00f2ng khu v\u1ef1c v\u1ec1 vi\u1ec7c n\u00e0y.<span class=\"footnote_referrer\"><a role=\"button\" tabindex=\"0\" onclick=\"footnote_moveToReference_2016_1('footnote_plugin_reference_2016_1_1');\" onkeypress=\"footnote_moveToReference_2016_1('footnote_plugin_reference_2016_1_1');\" ><sup id=\"footnote_plugin_tooltip_2016_1_1\" class=\"footnote_plugin_tooltip_text\">[1]<\/sup><\/a><span id=\"footnote_plugin_tooltip_text_2016_1_1\" class=\"footnote_tooltip\">M\u1ee5c 4544.<\/span><\/span><script type=\"text\/javascript\"> jQuery('#footnote_plugin_tooltip_2016_1_1').tooltip({ tip: '#footnote_plugin_tooltip_text_2016_1_1', tipClass: 'footnote_tooltip', effect: 'fade', predelay: 0, fadeInSpeed: 200, delay: 400, fadeOutSpeed: 200, position: 'top center', relative: true, offset: [-7, 0], });<\/script> N\u1ebfu qu\u00fd v\u1ecb mu\u1ed1n l\u00e0m vi\u1ec7c trong \u1ee7y ban c\u1ed1 v\u1ea5n cho v\u0103n ph\u00f2ng khu v\u1ef1c c\u1ee7a qu\u00fd v\u1ecb, h\u00e3y g\u1ecdi \u0111\u1ebfn v\u0103n ph\u00f2ng \u0111\u00f3 v\u00e0 cho h\u1ecd bi\u1ebft.&nbsp;<\/p>\n<div class=\"speaker-mute footnotes_reference_container\"> <div class=\"footnote_container_prepare\"><p><span role=\"button\" tabindex=\"0\" class=\"footnote_reference_container_label pointer\" onclick=\"footnote_expand_collapse_reference_container_2016_1();\">&#x202F;<\/span><span role=\"button\" tabindex=\"0\" class=\"footnote_reference_container_collapse_button\" style=\"display: none;\" onclick=\"footnote_expand_collapse_reference_container_2016_1();\">[<a id=\"footnote_reference_container_collapse_button_2016_1\">+<\/a>]<\/span><\/p><\/div> <div id=\"footnote_references_container_2016_1\" style=\"\"><table class=\"footnotes_table footnote-reference-container\"><caption class=\"accessibility\">References<\/caption> <tbody> \r\n\r\n<tr class=\"footnotes_plugin_reference_row\"> <th scope=\"row\" class=\"footnote_plugin_index_combi pointer\"  onclick=\"footnote_moveToAnchor_2016_1('footnote_plugin_tooltip_2016_1_1');\"><a id=\"footnote_plugin_reference_2016_1_1\" class=\"footnote_backlink\"><span class=\"footnote_index_arrow\">&#8593;<\/span>1<\/a><\/th> <td class=\"footnote_plugin_text\">M\u1ee5c 4544.<\/td><\/tr>\r\n\r\n <\/tbody> <\/table> <\/div><\/div><script type=\"text\/javascript\"> function footnote_expand_reference_container_2016_1() { jQuery('#footnote_references_container_2016_1').show(); jQuery('#footnote_reference_container_collapse_button_2016_1').text('\u2212'); } function footnote_collapse_reference_container_2016_1() { jQuery('#footnote_references_container_2016_1').hide(); jQuery('#footnote_reference_container_collapse_button_2016_1').text('+'); } function footnote_expand_collapse_reference_container_2016_1() { if (jQuery('#footnote_references_container_2016_1').is(':hidden')) { footnote_expand_reference_container_2016_1(); } else { footnote_collapse_reference_container_2016_1(); } } function footnote_moveToReference_2016_1(p_str_TargetID) { footnote_expand_reference_container_2016_1(); var l_obj_Target = jQuery('#' + p_str_TargetID); if (l_obj_Target.length) { jQuery( 'html, body' ).delay( 0 ); jQuery('html, body').animate({ scrollTop: l_obj_Target.offset().top - window.innerHeight * 0.2 }, 380); } } function footnote_moveToAnchor_2016_1(p_str_TargetID) { footnote_expand_reference_container_2016_1(); var l_obj_Target = jQuery('#' + p_str_TargetID); if (l_obj_Target.length) { jQuery( 'html, body' ).delay( 0 ); jQuery('html, body').animate({ scrollTop: l_obj_Target.offset().top - window.innerHeight * 0.2 }, 380); } }<\/script>","protected":false},"excerpt":{"rendered":"<p>H\u1ed9i \u0110\u1ed3ng Ti\u1ec3u Bang v\u1ec1 Khuy\u1ebft T\u1eadt Ph\u00e1t Tri\u1ec3n (State Council on Developmental Disabilities, SCDD) c\u00f3 12 v\u0103n ph\u00f2ng khu v\u1ef1c ph\u1ee5 tr\u00e1ch c\u00e1c khu&hellip;<\/p>\n","protected":false},"author":1,"featured_media":0,"parent":1957,"menu_order":23,"comment_status":"closed","ping_status":"closed","template":"","meta":{"footnotes":""},"class_list":["post-2016","page","type-page","status-publish","hentry"],"_links":{"self":[{"href":"https:\/\/rula.disabilityrightsca.org\/vi\/wp-json\/wp\/v2\/pages\/2016","targetHints":{"allow":["GET"]}}],"collection":[{"href":"https:\/\/rula.disabilityrightsca.org\/vi\/wp-json\/wp\/v2\/pages"}],"about":[{"href":"https:\/\/rula.disabilityrightsca.org\/vi\/wp-json\/wp\/v2\/types\/page"}],"author":[{"embeddable":true,"href":"https:\/\/rula.disabilityrightsca.org\/vi\/wp-json\/wp\/v2\/users\/1"}],"replies":[{"embeddable":true,"href":"https:\/\/rula.disabilityrightsca.org\/vi\/wp-json\/wp\/v2\/comments?post=2016"}],"version-history":[{"count":5,"href":"https:\/\/rula.disabilityrightsca.org\/vi\/wp-json\/wp\/v2\/pages\/2016\/revisions"}],"predecessor-version":[{"id":3027,"href":"https:\/\/rula.disabilityrightsca.org\/vi\/wp-json\/wp\/v2\/pages\/2016\/revisions\/3027"}],"up":[{"embeddable":true,"href":"https:\/\/rula.disabilityrightsca.org\/vi\/wp-json\/wp\/v2\/pages\/1957"}],"wp:attachment":[{"href":"https:\/\/rula.disabilityrightsca.org\/vi\/wp-json\/wp\/v2\/media?parent=2016"}],"curies":[{"name":"wp","href":"https:\/\/api.w.org\/{rel}","templated":true}]}}