{"id":2014,"date":"2021-09-24T17:31:59","date_gmt":"2021-09-24T17:31:59","guid":{"rendered":"http:\/\/www.rula.disabilityrightsca.org\/vi\/?page_id=2014"},"modified":"2022-04-20T23:58:17","modified_gmt":"2022-04-20T23:58:17","slug":"5-22-how-can-i-make-sure-the-system-considers-the-opinions-of-people-of-different-ethnicities","status":"publish","type":"page","link":"https:\/\/rula.disabilityrightsca.org\/vi\/rula-book\/chapter-5-advocating-for-yourself\/5-22-how-can-i-make-sure-the-system-considers-the-opinions-of-people-of-different-ethnicities\/","title":{"rendered":"(5.22) L\u00e0m sao \u0111\u1ec3 t\u00f4i c\u00f3 th\u1ec3 \u0111\u1ea3m b\u1ea3o h\u1ec7 th\u1ed1ng c\u00e2n nh\u1eafc \u00fd ki\u1ebfn c\u1ee7a nh\u1eefng ng\u01b0\u1eddi thu\u1ed9c c\u00e1c d\u00e2n t\u1ed9c kh\u00e1c nhau?"},"content":{"rendered":"\n<p>H\u1ec7 th\u1ed1ng c\u1ea7n \u00fd ki\u1ebfn \u0111\u00f3ng g\u00f3p t\u1eeb c\u00e1c nh\u00f3m kh\u00e1c nhau \u0111\u1ec3 \u0111\u00e1p \u1ee9ng nhu c\u1ea7u c\u1ee7a t\u1ea5t c\u1ea3 th\u00e0nh vi\u00ean. Lu\u1eadt quy \u0111\u1ecbnh m\u1ed9t trung t\u00e2m khu v\u1ef1c ph\u1ea3i l\u00e0m h\u1ebft kh\u1ea3 n\u0103ng \u0111\u1ec3 \u0111\u1ea3m b\u1ea3o l\u1ef1c l\u01b0\u1ee3ng \u0111\u1eb7c nhi\u1ec7m v\u00e0 nh\u00f3m c\u1ed1 v\u1ea5n c\u1ee7a h\u1ecd c\u00f3 kh\u00e1ch h\u00e0ng v\u00e0 th\u00e0nh vi\u00ean gia \u0111\u00ecnh t\u1eeb s\u1ef1 \u0111a d\u1ea1ng \u0111a v\u0103n h\u00f3a c\u1ee7a c\u1ed9ng \u0111\u1ed3ng.<span class=\"footnote_referrer\"><a role=\"button\" tabindex=\"0\" onclick=\"footnote_moveToReference_2014_1('footnote_plugin_reference_2014_1_1');\" onkeypress=\"footnote_moveToReference_2014_1('footnote_plugin_reference_2014_1_1');\" ><sup id=\"footnote_plugin_tooltip_2014_1_1\" class=\"footnote_plugin_tooltip_text\">[1]<\/sup><\/a><span id=\"footnote_plugin_tooltip_text_2014_1_1\" class=\"footnote_tooltip\">M\u1ee5c 4640.8.<\/span><\/span><script type=\"text\/javascript\"> jQuery('#footnote_plugin_tooltip_2014_1_1').tooltip({ tip: '#footnote_plugin_tooltip_text_2014_1_1', tipClass: 'footnote_tooltip', effect: 'fade', predelay: 0, fadeInSpeed: 200, delay: 400, fadeOutSpeed: 200, position: 'top center', relative: true, offset: [-7, 0], });<\/script> N\u1ebfu qu\u00fd v\u1ecb l\u00e0 th\u00e0nh vi\u00ean c\u1ee7a m\u1ed9t trong nh\u1eefng c\u1ed9ng \u0111\u1ed3ng n\u00e0y, qu\u00fd v\u1ecb l\u00e0 ng\u01b0\u1eddi gi\u00fap \u00edch cho trung t\u00e2m khu v\u1ef1c khi h\u1ecd th\u00e0nh l\u1eadp nh\u1eefng nh\u00f3m n\u00e0y. Lu\u1eadt n\u00e0y c\u00f3 th\u1ec3 gi\u00fap qu\u00fd v\u1ecb tham gia m\u1ed9t trong nh\u1eefng c\u1ed9ng \u0111\u1ed3ng \u0111\u00f3 n\u1ebfu qu\u00fd v\u1ecb mu\u1ed1n ph\u1ee5c v\u1ee5.<\/p>\n<div class=\"speaker-mute footnotes_reference_container\"> <div class=\"footnote_container_prepare\"><p><span role=\"button\" tabindex=\"0\" class=\"footnote_reference_container_label pointer\" onclick=\"footnote_expand_collapse_reference_container_2014_1();\">&#x202F;<\/span><span role=\"button\" tabindex=\"0\" class=\"footnote_reference_container_collapse_button\" style=\"display: none;\" onclick=\"footnote_expand_collapse_reference_container_2014_1();\">[<a id=\"footnote_reference_container_collapse_button_2014_1\">+<\/a>]<\/span><\/p><\/div> <div id=\"footnote_references_container_2014_1\" style=\"\"><table class=\"footnotes_table footnote-reference-container\"><caption class=\"accessibility\">References<\/caption> <tbody> \r\n\r\n<tr class=\"footnotes_plugin_reference_row\"> <th scope=\"row\" class=\"footnote_plugin_index_combi pointer\"  onclick=\"footnote_moveToAnchor_2014_1('footnote_plugin_tooltip_2014_1_1');\"><a id=\"footnote_plugin_reference_2014_1_1\" class=\"footnote_backlink\"><span class=\"footnote_index_arrow\">&#8593;<\/span>1<\/a><\/th> <td class=\"footnote_plugin_text\">M\u1ee5c 4640.8.<\/td><\/tr>\r\n\r\n <\/tbody> <\/table> <\/div><\/div><script type=\"text\/javascript\"> function footnote_expand_reference_container_2014_1() { jQuery('#footnote_references_container_2014_1').show(); jQuery('#footnote_reference_container_collapse_button_2014_1').text('\u2212'); } function footnote_collapse_reference_container_2014_1() { jQuery('#footnote_references_container_2014_1').hide(); jQuery('#footnote_reference_container_collapse_button_2014_1').text('+'); } function footnote_expand_collapse_reference_container_2014_1() { if (jQuery('#footnote_references_container_2014_1').is(':hidden')) { footnote_expand_reference_container_2014_1(); } else { footnote_collapse_reference_container_2014_1(); } } function footnote_moveToReference_2014_1(p_str_TargetID) { footnote_expand_reference_container_2014_1(); var l_obj_Target = jQuery('#' + p_str_TargetID); if (l_obj_Target.length) { jQuery( 'html, body' ).delay( 0 ); jQuery('html, body').animate({ scrollTop: l_obj_Target.offset().top - window.innerHeight * 0.2 }, 380); } } function footnote_moveToAnchor_2014_1(p_str_TargetID) { footnote_expand_reference_container_2014_1(); var l_obj_Target = jQuery('#' + p_str_TargetID); if (l_obj_Target.length) { jQuery( 'html, body' ).delay( 0 ); jQuery('html, body').animate({ scrollTop: l_obj_Target.offset().top - window.innerHeight * 0.2 }, 380); } }<\/script>","protected":false},"excerpt":{"rendered":"<p>H\u1ec7 th\u1ed1ng c\u1ea7n \u00fd ki\u1ebfn \u0111\u00f3ng g\u00f3p t\u1eeb c\u00e1c nh\u00f3m kh\u00e1c nhau \u0111\u1ec3 \u0111\u00e1p \u1ee9ng nhu c\u1ea7u c\u1ee7a t\u1ea5t c\u1ea3 th\u00e0nh vi\u00ean. Lu\u1eadt quy \u0111\u1ecbnh&hellip;<\/p>\n","protected":false},"author":1,"featured_media":0,"parent":1957,"menu_order":22,"comment_status":"closed","ping_status":"closed","template":"","meta":{"footnotes":""},"class_list":["post-2014","page","type-page","status-publish","hentry"],"_links":{"self":[{"href":"https:\/\/rula.disabilityrightsca.org\/vi\/wp-json\/wp\/v2\/pages\/2014","targetHints":{"allow":["GET"]}}],"collection":[{"href":"https:\/\/rula.disabilityrightsca.org\/vi\/wp-json\/wp\/v2\/pages"}],"about":[{"href":"https:\/\/rula.disabilityrightsca.org\/vi\/wp-json\/wp\/v2\/types\/page"}],"author":[{"embeddable":true,"href":"https:\/\/rula.disabilityrightsca.org\/vi\/wp-json\/wp\/v2\/users\/1"}],"replies":[{"embeddable":true,"href":"https:\/\/rula.disabilityrightsca.org\/vi\/wp-json\/wp\/v2\/comments?post=2014"}],"version-history":[{"count":2,"href":"https:\/\/rula.disabilityrightsca.org\/vi\/wp-json\/wp\/v2\/pages\/2014\/revisions"}],"predecessor-version":[{"id":3010,"href":"https:\/\/rula.disabilityrightsca.org\/vi\/wp-json\/wp\/v2\/pages\/2014\/revisions\/3010"}],"up":[{"embeddable":true,"href":"https:\/\/rula.disabilityrightsca.org\/vi\/wp-json\/wp\/v2\/pages\/1957"}],"wp:attachment":[{"href":"https:\/\/rula.disabilityrightsca.org\/vi\/wp-json\/wp\/v2\/media?parent=2014"}],"curies":[{"name":"wp","href":"https:\/\/api.w.org\/{rel}","templated":true}]}}