{"id":2012,"date":"2021-09-24T17:30:07","date_gmt":"2021-09-24T17:30:07","guid":{"rendered":"http:\/\/www.rula.disabilityrightsca.org\/vi\/?page_id=2012"},"modified":"2022-06-24T16:58:24","modified_gmt":"2022-06-24T16:58:24","slug":"5-21-how-can-i-make-sure-my-regional-center-has-the-services-and-supports-that-people-want","status":"publish","type":"page","link":"https:\/\/rula.disabilityrightsca.org\/vi\/rula-book\/chapter-5-advocating-for-yourself\/5-21-how-can-i-make-sure-my-regional-center-has-the-services-and-supports-that-people-want\/","title":{"rendered":"(5.21) L\u00e0m sao t\u00f4i c\u00f3 th\u1ec3 \u0111\u1ea3m b\u1ea3o r\u1eb1ng trung t\u00e2m khu v\u1ef1c c\u00f3 c\u00e1c d\u1ecbch v\u1ee5 v\u00e0 s\u1ef1 h\u1ed7 tr\u1ee3 m\u00e0 m\u1ecdi ng\u01b0\u1eddi mu\u1ed1n?"},"content":{"rendered":"\n<p>Lu\u00f4n c\u1eadp nh\u1eadt v\u1ec1 c\u00e1c thay \u0111\u1ed5i v\u00e0 xu h\u01b0\u1edbng trong nhu c\u1ea7u d\u1ecbch v\u1ee5 v\u00e0 h\u1ec7 th\u1ed1ng cho ng\u01b0\u1eddi khuy\u1ebft t\u1eadt v\u1ec1 ph\u00e1t tri\u1ec3n. V\u00ed d\u1ee5:<\/p>\n\n\n\n<ul class=\"wp-block-list\"><li>T\u1ef7 l\u1ec7 T\u1ef1 K\u1ef7 \u1edf California \u0111ang gia t\u0103ng. T\u1ef1 k\u1ef7 \u0111\u00f2i h\u1ecfi c\u00e1c d\u1ecbch v\u1ee5 v\u00e0 s\u1ef1 h\u1ed7 tr\u1ee3 \u0111\u1eb7c bi\u1ec7t, nh\u01b0 m\u00f4i tr\u01b0\u1eddng nh\u1ecf h\u01a1n ho\u1eb7c m\u00f4i tr\u01b0\u1eddng c\u00f3 \u00edt s\u1ef1 k\u00edch th\u00edch. Ti\u1ec3u bang c\u00f3 th\u1ec3 c\u1ea7n d\u00e0nh nhi\u1ec1u ngu\u1ed3n l\u1ef1c h\u01a1n cho c\u00e1c d\u1ecbch v\u1ee5 \u0111\u1ec3 gi\u1ea3i quy\u1ebft nhu c\u1ea7u gia t\u0103ng n\u00e0y. Qu\u00fd v\u1ecb c\u00f3 th\u1ec3 c\u1ea7n b\u00eanh v\u1ef1c \u0111\u1ec3 khuy\u1ebfn kh\u00edch C\u01a1 Quan L\u1eadp Ph\u00e1p ph\u1ea3n h\u1ed3i.<\/li><li>Ng\u01b0\u1eddi m\u1eafc m\u1ed9t s\u1ed1 khuy\u1ebft t\u1eadt ho\u1eb7c k\u1ebft h\u1ee3p c\u00e1c lo\u1ea1i khuy\u1ebft t\u1eadt s\u1ebd th\u1ea5y kh\u00f3 nh\u1eadn \u0111\u01b0\u1ee3c d\u1ecbch v\u1ee5. V\u00ed d\u1ee5: ng\u01b0\u1eddi khuy\u1ebft t\u1eadt v\u1ec1 ph\u00e1t tri\u1ec3n v\u00e0 t\u00e2m th\u1ea7n ho\u1eb7c ng\u01b0\u1eddi c\u00f3 c\u00e1c v\u1ea5n \u0111\u1ec1 y t\u1ebf m\u00e3n t\u00ednh c\u1ea7n c\u00f4ng ngh\u1ec7 \u0111\u1eb7c bi\u1ec7t. Ng\u01b0\u1eddi b\u00eanh v\u1ef1c c\u00f3 th\u1ec3 c\u1ea3i thi\u1ec7n h\u1ec7 th\u1ed1ng v\u00e0 d\u1ecbch v\u1ee5 \u1edf ph\u01b0\u01a1ng di\u1ec7n n\u00e0y.<\/li><li>Nhi\u1ec1u kh\u00e1ch h\u00e0ng mu\u1ed1n s\u1ed1ng, l\u00e0m vi\u1ec7c v\u00e0 gi\u1ea3i tr\u00ed trong m\u00f4i tr\u01b0\u1eddng h\u00f2a nh\u1eadp. Nhi\u1ec1u ng\u01b0\u1eddi mu\u1ed1n l\u00e0m nh\u1eefng c\u00f4ng vi\u1ec7c b\u00ecnh th\u01b0\u1eddng v\u1edbi s\u1ef1 h\u1ed7 tr\u1ee3 thay v\u00ec l\u00e0m vi\u1ec7c trong c\u00e1c x\u01b0\u1edfng \u0111\u01b0\u1ee3c b\u1ea3o v\u1ec7. Ng\u01b0\u1eddi kh\u00e1c mu\u1ed1n \u0111\u1ebfn \u201cY\u201d t\u1ea1i \u0111\u1ecba ph\u01b0\u01a1ng v\u00e0o m\u00f9a h\u00e8 thay v\u00ec \u0111\u1ebfn tr\u1ea1i h\u00e8 d\u00e0nh cho ng\u01b0\u1eddi khuy\u1ebft t\u1eadt. Ng\u01b0\u1eddi b\u00eanh v\u1ef1c c\u00f3 th\u1ec3 gi\u00fap \u0111i\u1ec1u ch\u1ec9nh h\u1ec7 th\u1ed1ng cung c\u1ea5p d\u1ecbch v\u1ee5 theo h\u01b0\u1edbng m\u00f4 h\u00ecnh v\u00e0 k\u1ebft qu\u1ea3 d\u1ecbch v\u1ee5 h\u00f2a nh\u1eadp h\u01a1n.<\/li><li>C\u00e1c c\u00e1ch m\u1edbi v\u00e0 t\u1ed1t h\u01a1n \u0111\u1ec3 ph\u1ee5c v\u1ee5 m\u1ecdi ng\u01b0\u1eddi \u0111ang \u0111\u01b0\u1ee3c ph\u00e1t tri\u1ec3n tr\u00ean c\u00e1c qu\u1ed1c gia kh\u1eafp th\u1ebf gi\u1edbi. N\u1ebfu qu\u00fd v\u1ecb t\u00ecm hi\u1ec3u v\u1ec1 nh\u1eefng c\u00e1ch n\u00e0y, qu\u00fd v\u1ecb c\u00f3 th\u1ec3 gi\u00fap \u0111\u1ea3m b\u1ea3o d\u1ecbch v\u1ee5 trong khu v\u1ef1c c\u1ee7a qu\u00fd v\u1ecb theo k\u1ecbp ti\u1ebfn b\u1ed9 \u0111ang \u0111\u01b0\u1ee3c th\u1ef1c hi\u1ec7n \u1edf nh\u1eefng n\u01a1i kh\u00e1c.<\/li><\/ul>\n\n\n\n<p>Trung t\u00e2m khu v\u1ef1c n\u1ed7 l\u1ef1c ph\u00e1t tri\u1ec3n c\u00e1c lo\u1ea1i d\u1ecbch v\u1ee5 m\u1edbi v\u00e0 cung c\u1ea5p d\u1ecbch v\u1ee5 c\u1ee7a h\u1ecd cho nhi\u1ec1u ng\u01b0\u1eddi h\u01a1n.<span class=\"footnote_referrer\"><a role=\"button\" tabindex=\"0\" onclick=\"footnote_moveToReference_2012_1('footnote_plugin_reference_2012_1_1');\" onkeypress=\"footnote_moveToReference_2012_1('footnote_plugin_reference_2012_1_1');\" ><sup id=\"footnote_plugin_tooltip_2012_1_1\" class=\"footnote_plugin_tooltip_text\">[1]<\/sup><\/a><span id=\"footnote_plugin_tooltip_text_2012_1_1\" class=\"footnote_tooltip\">M\u1ee5c 4648(e).<\/span><\/span><script type=\"text\/javascript\"> jQuery('#footnote_plugin_tooltip_2012_1_1').tooltip({ tip: '#footnote_plugin_tooltip_text_2012_1_1', tipClass: 'footnote_tooltip', effect: 'fade', predelay: 0, fadeInSpeed: 200, delay: 400, fadeOutSpeed: 200, position: 'top center', relative: true, offset: [-7, 0], });<\/script>&nbsp;Trung t\u00e2m khu v\u1ef1c ph\u1ea3i thu th\u1eadp th\u00f4ng tin v\u1ec1 c\u00e1c d\u1ecbch v\u1ee5 v\u00e0 s\u1ef1 h\u1ed7 tr\u1ee3 c\u00f2n thi\u1ebfu \u1edf khu v\u1ef1c c\u1ee7a h\u1ecd. H\u1ecfi xem trung t\u00e2m khu v\u1ef1c c\u00f3 \u0111ang l\u00e0m \u0111i\u1ec1u n\u00e0y kh\u00f4ng. V\u00e0 y\u00eau c\u1ea7u h\u1ecd cung c\u1ea5p b\u1ea3n sao danh s\u00e1ch c\u00e1c d\u1ecbch v\u1ee5 c\u1ea7n thi\u1ebft nh\u01b0ng ch\u01b0a c\u00f3 s\u1eb5n.<\/p>\n\n\n\n<p>\u0110i\u1ec1u ph\u1ed1i vi\u00ean d\u1ecbch v\u1ee5 c\u1ee7a qu\u00fd v\u1ecb s\u1ebd gi\u00fap qu\u00fd v\u1ecb c\u00e2n nh\u1eafc s\u1ef1 h\u1ed7 tr\u1ee3 qu\u00fd v\u1ecb c\u1ea7n, k\u1ec3 c\u1ea3 khi s\u1ef1 h\u1ed7 tr\u1ee3 \u0111\u00f3 ch\u01b0a c\u00f3 s\u1eb5n. C\u01a1 quan ph\u00e1t tri\u1ec3n c\u1ee7a trung t\u00e2m khu v\u1ef1c c\u00f3 th\u1ec3 th\u00eam h\u1ea1ng m\u1ee5c n\u00e0y v\u00e0o danh s\u00e1ch c\u00e1c d\u1ecbch v\u1ee5 b\u1ecb thi\u1ebfu c\u1ee7a h\u1ecd. C\u00e1ch n\u00e0y s\u1ebd gi\u00fap h\u1ecd th\u1ea5y \u0111\u01b0\u1ee3c \u201cto\u00e0n c\u1ea3nh\u201d, \u0111\u1eb7c bi\u1ec7t n\u1ebfu nhi\u1ec1u ng\u01b0\u1eddi khuy\u1ebft t\u1eadt v\u1ec1 ph\u00e1t tri\u1ec3n \u0111ang y\u00eau c\u1ea7u ph\u00e1t tri\u1ec3n c\u00e1c d\u1ecbch v\u1ee5 m\u1edbi t\u01b0\u01a1ng t\u1ef1. \u0110i\u1ec1u \u0111\u00f3 s\u1ebd gi\u00fap trung t\u00e2m khu v\u1ef1c x\u00e1c \u0111\u1ecbnh c\u00e1ch t\u1ed1t nh\u1ea5t \u0111\u1ec3 t\u1eadp trung ngu\u1ed3n l\u1ef1c c\u1ee7a h\u1ecd v\u00e0 ph\u00e1t tri\u1ec3n c\u00e1c d\u1ecbch v\u1ee5 m\u1edbi.<\/p>\n\n\n\n<p>S\u1edf D\u1ecbch V\u1ee5 Ph\u00e1t Tri\u1ec3n (Department of Developmental Services, DDS) th\u01b0\u01a1ng l\u01b0\u1ee3ng h\u1ee3p \u0111\u1ed3ng n\u0103m n\u0103m v\u1edbi t\u1eebng trung t\u00e2m khu v\u1ef1c. DDS \u0111\u01b0a v\u00e0o m\u1ed7i h\u1ee3p \u0111\u1ed3ng c\u00e1c m\u1ee5c ti\u00eau th\u1ef1c hi\u1ec7n h\u00e0ng n\u0103m cho t\u1eebng trung t\u00e2m khu v\u1ef1c. Nh\u1eefng m\u1ee5c ti\u00eau n\u00e0y ph\u1ea3i \u0111\u01b0\u1ee3c ph\u00e1t tri\u1ec3n th\u00f4ng qua m\u1ed9t quy tr\u00ecnh c\u00f4ng khai h\u1ecfi th\u00f4ng tin t\u1eeb c\u1ed9ng \u0111\u1ed3ng c\u1ee7a trung t\u00e2m khu v\u1ef1c th\u00f4ng qua c\u00e1c nh\u00f3m tr\u1ecdng t\u00e2m v\u00e0 kh\u1ea3o s\u00e1t.<span class=\"footnote_referrer\"><a role=\"button\" tabindex=\"0\" onclick=\"footnote_moveToReference_2012_1('footnote_plugin_reference_2012_1_2');\" onkeypress=\"footnote_moveToReference_2012_1('footnote_plugin_reference_2012_1_2');\" ><sup id=\"footnote_plugin_tooltip_2012_1_2\" class=\"footnote_plugin_tooltip_text\">[2]<\/sup><\/a><span id=\"footnote_plugin_tooltip_text_2012_1_2\" class=\"footnote_tooltip\">M\u1ee5c 4629(c)(1)(B).<\/span><\/span><script type=\"text\/javascript\"> jQuery('#footnote_plugin_tooltip_2012_1_2').tooltip({ tip: '#footnote_plugin_tooltip_text_2012_1_2', tipClass: 'footnote_tooltip', effect: 'fade', predelay: 0, fadeInSpeed: 200, delay: 400, fadeOutSpeed: 200, position: 'top center', relative: true, offset: [-7, 0], });<\/script> Nh\u1eefng phi\u00ean \u0111i\u1ec1u tr\u1ea7n c\u00f4ng khai, nh\u00f3m tr\u1ecdng t\u00e2m v\u00e0 kh\u1ea3o s\u00e1t n\u00e0y l\u00e0 c\u01a1 h\u1ed9i cho ng\u01b0\u1eddi khuy\u1ebft t\u1eadt v\u1ec1 ph\u00e1t tri\u1ec3n v\u00e0 gia \u0111\u00ecnh c\u1ee7a h\u1ecd b\u00e0n v\u1ec1 c\u00e1c ch\u00ednh s\u00e1ch v\u00e0 ch\u01b0\u01a1ng tr\u00ecnh m\u1edbi c\u1ea7n thi\u1ebft trong khu v\u1ef1c c\u1ee7a t\u1eebng trung t\u00e2m khu v\u1ef1c.<\/p>\n\n\n\n<p>B\u1eaft \u0111\u1ea7u v\u00e0o ng\u00e0y 1 th\u00e1ng 5 h\u00e0ng n\u0103m, trung t\u00e2m khu v\u1ef1c ph\u1ea3i t\u1ed5 ch\u1ee9c \u00edt nh\u1ea5t m\u1ed9t cu\u1ed9c h\u1ecdp v\u1ec1 vi\u1ec7c trung t\u00e2m khu v\u1ef1c th\u1ef1c hi\u1ec7n c\u00e1c m\u1ee5c ti\u00eau c\u1ee7a n\u0103m tr\u01b0\u1edbc nh\u01b0 th\u1ebf n\u00e0o. Nh\u1eefng cu\u1ed9c h\u1ecdp n\u00e0y ph\u1ea3i \u0111\u01b0\u1ee3c \u0111\u01b0a ra c\u00f4ng khai tr\u01b0\u1edbc \u0111\u1ec3 l\u1ea5y \u00fd ki\u1ebfn c\u1ee7a c\u1ed9ng \u0111\u1ed3ng.<span class=\"footnote_referrer\"><a role=\"button\" tabindex=\"0\" onclick=\"footnote_moveToReference_2012_1('footnote_plugin_reference_2012_1_3');\" onkeypress=\"footnote_moveToReference_2012_1('footnote_plugin_reference_2012_1_3');\" ><sup id=\"footnote_plugin_tooltip_2012_1_3\" class=\"footnote_plugin_tooltip_text\">[3]<\/sup><\/a><span id=\"footnote_plugin_tooltip_text_2012_1_3\" class=\"footnote_tooltip\">M\u1ee5c 4629(g).<\/span><\/span><script type=\"text\/javascript\"> jQuery('#footnote_plugin_tooltip_2012_1_3').tooltip({ tip: '#footnote_plugin_tooltip_text_2012_1_3', tipClass: 'footnote_tooltip', effect: 'fade', predelay: 0, fadeInSpeed: 200, delay: 400, fadeOutSpeed: 200, position: 'top center', relative: true, offset: [-7, 0], });<\/script> Nh\u1eefng cu\u1ed9c h\u1ecdp n\u00e0y l\u00e0 c\u01a1 h\u1ed9i t\u1ed1t \u0111\u1ec3 bi\u1ebft trung t\u00e2m khu v\u1ef1c \u0111ang ho\u1ea1t \u0111\u1ed9ng nh\u01b0 th\u1ebf n\u00e0o v\u00e0 h\u1ecd c\u00f3 th\u1ec3 c\u1ea3i thi\u1ec7n nh\u1eefng l\u0129nh v\u1ef1c c\u00f2n thi\u1ebfu s\u00f3t ra sao.<\/p>\n\n\n\n<p>Khi h\u1ecd ph\u00e1t tri\u1ec3n \u201cK\u1ebf Ho\u1ea1ch S\u1eafp X\u1ebfp Trong C\u1ed9ng \u0110\u1ed3ng\u201d h\u00e0ng n\u0103m, trung t\u00e2m khu v\u1ef1c s\u1eed d\u1ee5ng kinh nghi\u1ec7m c\u1ee7a h\u1ecd v\u1edbi nh\u1eefng ng\u01b0\u1eddi c\u00f3 nguy c\u01a1 b\u1ecb s\u1eafp x\u1ebfp v\u00e0o c\u00e1c trung t\u00e2m ph\u00e1t tri\u1ec3n \u0111\u1ec3 t\u00ecm ki\u1ebfm d\u1ecbch v\u1ee5 v\u00e0 s\u1ef1 h\u1ed7 tr\u1ee3 s\u1ebd gi\u00fap ng\u0103n ch\u1eb7n t\u00ecnh tr\u1ea1ng n\u00e0y. Trung t\u00e2m khu v\u1ef1c nh\u1eadn t\u00e0i tr\u1ee3 ri\u00eang \u0111\u1ec3 ph\u00e1t tri\u1ec3n c\u00e1c d\u1ecbch v\u1ee5 v\u00e0 s\u1ef1 h\u1ed7 tr\u1ee3 n\u00e0y.<span class=\"footnote_referrer\"><a role=\"button\" tabindex=\"0\" onclick=\"footnote_moveToReference_2012_1('footnote_plugin_reference_2012_1_4');\" onkeypress=\"footnote_moveToReference_2012_1('footnote_plugin_reference_2012_1_4');\" ><sup id=\"footnote_plugin_tooltip_2012_1_4\" class=\"footnote_plugin_tooltip_text\">[4]<\/sup><\/a><span id=\"footnote_plugin_tooltip_text_2012_1_4\" class=\"footnote_tooltip\">M\u1ee5c 4418.25(c).<\/span><\/span><script type=\"text\/javascript\"> jQuery('#footnote_plugin_tooltip_2012_1_4').tooltip({ tip: '#footnote_plugin_tooltip_text_2012_1_4', tipClass: 'footnote_tooltip', effect: 'fade', predelay: 0, fadeInSpeed: 200, delay: 400, fadeOutSpeed: 200, position: 'top center', relative: true, offset: [-7, 0], });<\/script> Quy tr\u00ecnh ph\u00e1t tri\u1ec3n k\u1ebf ho\u1ea1ch n\u00e0y l\u00e0 m\u1ed9t c\u01a1 h\u1ed9i kh\u00e1c \u0111\u1ec3 cung c\u1ea5p \u00fd ki\u1ebfn \u0111\u00f3ng g\u00f3p v\u00e0 b\u00eanh v\u1ef1c cho c\u00e1c d\u1ecbch v\u1ee5 t\u1ea1i c\u1ed9ng \u0111\u1ed3ng. Nh\u1eefng d\u1ecbch v\u1ee5 n\u00e0y s\u1ebd gi\u00fap m\u1ecdi ng\u01b0\u1eddi tr\u00e1nh t\u00ecnh tr\u1ea1ng ph\u1ea3i v\u00e0o \u1edf trong c\u01a1 s\u1edf.<\/p>\n\n\n\n<p>M\u1ed7i n\u0103m n\u0103m, H\u1ed9i \u0110\u1ed3ng Ti\u1ec3u Bang v\u1ec1 Khuy\u1ebft T\u1eadt Ph\u00e1t Tri\u1ec3n (State Council on Developmental Disabilities, SCDD) h\u1ecfi t\u1ea5t c\u1ea3 trung t\u00e2m khu v\u1ef1c v\u1ec1 c\u00e1c d\u1ecbch v\u1ee5 v\u00e0 s\u1ef1 h\u1ed7 tr\u1ee3 h\u1ecd \u0111ang thi\u1ebfu. SCDD h\u1ecfi nh\u1eefng d\u1ecbch v\u1ee5 v\u00e0 s\u1ef1 h\u1ed7 tr\u1ee3 m\u1edbi, \u0111\u01b0\u1ee3c m\u1edf r\u1ed9ng ho\u1eb7c thay \u0111\u1ed5i n\u00e0o m\u00e0 h\u1ecd c\u1ea7n. H\u1ecd ph\u1ea3i n\u00eau b\u1eadt nh\u1eefng c\u00e1ch cung c\u1ea5p d\u1ecbch v\u1ee5 m\u1edbi v\u00e0 kh\u00e1c bi\u1ec7t \u0111\u1ec3 \u0111\u00e1p \u1ee9ng nhu c\u1ea7u c\u1ee7a kh\u00e1ch h\u00e0ng t\u1ea1i trung t\u00e2m khu v\u1ef1c. SCDD c\u0169ng c\u00f3 th\u1ec3 s\u1eed d\u1ee5ng th\u00f4ng tin t\u1eeb c\u00e1c ngu\u1ed3n kh\u00e1c, bao g\u1ed3m c\u00e1c phi\u00ean \u0111i\u1ec1u tr\u1ea7n c\u00f4ng khai. Qu\u00fd v\u1ecb c\u00f3 th\u1ec3 tham gia nh\u1eefng phi\u00ean \u0111i\u1ec1u tr\u1ea7n n\u00e0y v\u00e0 h\u01b0\u1edbng trung t\u00e2m khu v\u1ef1c \u0111\u1ebfn nh\u1eefng m\u1ee5c \u0111\u00edch m\u00e0 qu\u00fd v\u1ecb ngh\u0129 r\u1eb1ng h\u1ecd n\u00ean t\u1eadp trung v\u00e0o.<span class=\"footnote_referrer\"><a role=\"button\" tabindex=\"0\" onclick=\"footnote_moveToReference_2012_1('footnote_plugin_reference_2012_1_5');\" onkeypress=\"footnote_moveToReference_2012_1('footnote_plugin_reference_2012_1_5');\" ><sup id=\"footnote_plugin_tooltip_2012_1_5\" class=\"footnote_plugin_tooltip_text\">[5]<\/sup><\/a><span id=\"footnote_plugin_tooltip_text_2012_1_5\" class=\"footnote_tooltip\">M\u1ee5c 4677(b).<\/span><\/span><script type=\"text\/javascript\"> jQuery('#footnote_plugin_tooltip_2012_1_5').tooltip({ tip: '#footnote_plugin_tooltip_text_2012_1_5', tipClass: 'footnote_tooltip', effect: 'fade', predelay: 0, fadeInSpeed: 200, delay: 400, fadeOutSpeed: 200, position: 'top center', relative: true, offset: [-7, 0], });<\/script><\/p>\n\n\n\n<p>Lu\u1eadt quy \u0111\u1ecbnh nh\u1eefng m\u1ee5c \u0111\u00edch n\u00e0y ph\u1ea3i t\u1eadp trung v\u00e0o vi\u1ec7c gi\u00fap nh\u1eefng ng\u01b0\u1eddi khuy\u1ebft t\u1eadt v\u1ec1 ph\u00e1t tri\u1ec3n \u0111\u1ea1t \u0111\u01b0\u1ee3c k\u1ebft qu\u1ea3 ch\u1ea5t l\u01b0\u1ee3ng cu\u1ed9c s\u1ed1ng. Nh\u1eefng m\u1ee5c \u0111\u00edch \u0111\u00f3 ph\u1ea3i th\u1ec3 hi\u1ec7n s\u1ef1 ti\u1ebfn tri\u1ec3n t\u00edch c\u1ef1c, t\u1ed1t h\u01a1n m\u1ecdi chuy\u1ec7n \u0111ang di\u1ec5n ra v\u1edbi ng\u01b0\u1eddi khuy\u1ebft t\u1eadt. C\u00e1c m\u1ee5c \u0111\u00edch n\u00e0y ph\u1ea3i bao g\u1ed3m vi\u1ec7c ph\u00e1t tri\u1ec3n c\u00e1c d\u1ecbch v\u1ee5 c\u1ea7n thi\u1ebft \u0111\u1ec3 \u0111\u00e1p \u1ee9ng nhu c\u1ea7u \u0111\u00e3 x\u00e1c \u0111\u1ecbnh, bao g\u1ed3m c\u00e1c d\u1ecbch v\u1ee5 ph\u00f9 h\u1ee3p v\u1ec1 v\u0103n h\u00f3a v\u00e0 ng\u00f4n ng\u1eef. C\u00e1c m\u1ee5c \u0111\u00edch n\u00e0y ph\u1ea3i gi\u00fap gi\u1ea3m s\u1ef1 ch\u00eanh l\u1ec7ch gi\u1eefa c\u00e1ch d\u1ecbch v\u1ee5 \u0111\u01b0\u1ee3c mua v\u00e0 t\u1ea1o s\u1ef1 c\u00f4ng b\u1eb1ng gi\u1eefa c\u00e1c kh\u00e1ch h\u00e0ng c\u1ee7a trung t\u00e2m khu v\u1ef1c. C\u00e1c m\u1ee5c \u0111\u00edch n\u00e0y ph\u1ea3i t\u1ea1o ra s\u1ef1 ti\u1ebfn tri\u1ec3n trong vi\u1ec7c l\u00e0m c\u1ee7a ng\u01b0\u1eddi khuy\u1ebft t\u1eadt v\u1ec1 ph\u00e1t tri\u1ec3n. C\u00e1c m\u1ee5c \u0111\u00edch n\u00e0y ph\u1ea3i c\u1ee5 th\u1ec3 v\u00e0 c\u00f3 th\u1ec3 \u0111o l\u01b0\u1eddng.<span class=\"footnote_referrer\"><a role=\"button\" tabindex=\"0\" onclick=\"footnote_moveToReference_2012_1('footnote_plugin_reference_2012_1_6');\" onkeypress=\"footnote_moveToReference_2012_1('footnote_plugin_reference_2012_1_6');\" ><sup id=\"footnote_plugin_tooltip_2012_1_6\" class=\"footnote_plugin_tooltip_text\">[6]<\/sup><\/a><span id=\"footnote_plugin_tooltip_text_2012_1_6\" class=\"footnote_tooltip\">M\u1ee5c 4629.<\/span><\/span><script type=\"text\/javascript\"> jQuery('#footnote_plugin_tooltip_2012_1_6').tooltip({ tip: '#footnote_plugin_tooltip_text_2012_1_6', tipClass: 'footnote_tooltip', effect: 'fade', predelay: 0, fadeInSpeed: 200, delay: 400, fadeOutSpeed: 200, position: 'top center', relative: true, offset: [-7, 0], });<\/script><\/p>\n\n\n\n<p>Qu\u00fd v\u1ecb c\u00f3 th\u1ec3 t\u00ecm hi\u1ec3u trung t\u00e2m khu v\u1ef1c c\u1ee7a qu\u00fd v\u1ecb \u0111ang th\u1ef1c hi\u1ec7n nh\u01b0 th\u1ebf n\u00e0o \u0111\u1ec3 \u0111\u1ea1t \u0111\u01b0\u1ee3c c\u00e1c m\u1ee5c \u0111\u00edch n\u00e0y. Trung t\u00e2m khu v\u1ef1c ph\u1ea3i \u0111\u0103ng m\u1ee5c ti\u00eau th\u1ef1c hi\u1ec7n h\u1ee3p \u0111\u1ed3ng h\u00e0ng n\u0103m v\u00e0 hi\u1ec7u qu\u1ea3 th\u1ef1c hi\u1ec7n cu\u1ed1i n\u0103m c\u1ee7a h\u1ecd tr\u00ean trang web.<span class=\"footnote_referrer\"><a role=\"button\" tabindex=\"0\" onclick=\"footnote_moveToReference_2012_1('footnote_plugin_reference_2012_1_7');\" onkeypress=\"footnote_moveToReference_2012_1('footnote_plugin_reference_2012_1_7');\" ><sup id=\"footnote_plugin_tooltip_2012_1_7\" class=\"footnote_plugin_tooltip_text\">[7]<\/sup><\/a><span id=\"footnote_plugin_tooltip_text_2012_1_7\" class=\"footnote_tooltip\">M\u1ee5c 4629.5(b)(9).<\/span><\/span><script type=\"text\/javascript\"> jQuery('#footnote_plugin_tooltip_2012_1_7').tooltip({ tip: '#footnote_plugin_tooltip_text_2012_1_7', tipClass: 'footnote_tooltip', effect: 'fade', predelay: 0, fadeInSpeed: 200, delay: 400, fadeOutSpeed: 200, position: 'top center', relative: true, offset: [-7, 0], });<\/script><\/p>\n\n\n\n<p>V\u00ec lu\u1eadt y\u00eau c\u1ea7u trung t\u00e2m khu v\u1ef1c t\u1eadp trung v\u00e0o c\u00e1c m\u1ee5c \u0111\u00edch n\u00e0y, qu\u00fd v\u1ecb c\u00f3 th\u1ec3 c\u0169ng mu\u1ed1n t\u1eadp trung v\u00e0o nh\u1eefng m\u1ee5c \u0111\u00edch n\u00e0y khi b\u00eanh v\u1ef1c. \u0110i\u1ec1u n\u00e0y \u0111\u1eb7c bi\u1ec7t quan tr\u1ecdng n\u1ebfu trung t\u00e2m khu v\u1ef1c kh\u00f4ng \u0111\u1ea1t \u0111\u01b0\u1ee3c m\u1ee5c \u0111\u00edch b\u1eaft bu\u1ed9c.&nbsp;<\/p>\n<div class=\"speaker-mute footnotes_reference_container\"> <div class=\"footnote_container_prepare\"><p><span role=\"button\" tabindex=\"0\" class=\"footnote_reference_container_label pointer\" onclick=\"footnote_expand_collapse_reference_container_2012_1();\">&#x202F;<\/span><span role=\"button\" tabindex=\"0\" class=\"footnote_reference_container_collapse_button\" style=\"display: none;\" onclick=\"footnote_expand_collapse_reference_container_2012_1();\">[<a id=\"footnote_reference_container_collapse_button_2012_1\">+<\/a>]<\/span><\/p><\/div> <div id=\"footnote_references_container_2012_1\" style=\"\"><table class=\"footnotes_table footnote-reference-container\"><caption class=\"accessibility\">References<\/caption> <tbody> \r\n\r\n<tr class=\"footnotes_plugin_reference_row\"> <th scope=\"row\" class=\"footnote_plugin_index_combi pointer\"  onclick=\"footnote_moveToAnchor_2012_1('footnote_plugin_tooltip_2012_1_1');\"><a id=\"footnote_plugin_reference_2012_1_1\" class=\"footnote_backlink\"><span class=\"footnote_index_arrow\">&#8593;<\/span>1<\/a><\/th> <td class=\"footnote_plugin_text\">M\u1ee5c 4648(e).<\/td><\/tr>\r\n\r\n<tr class=\"footnotes_plugin_reference_row\"> <th scope=\"row\" class=\"footnote_plugin_index_combi pointer\"  onclick=\"footnote_moveToAnchor_2012_1('footnote_plugin_tooltip_2012_1_2');\"><a id=\"footnote_plugin_reference_2012_1_2\" class=\"footnote_backlink\"><span class=\"footnote_index_arrow\">&#8593;<\/span>2<\/a><\/th> <td class=\"footnote_plugin_text\">M\u1ee5c 4629(c)(1)(B).<\/td><\/tr>\r\n\r\n<tr class=\"footnotes_plugin_reference_row\"> <th scope=\"row\" class=\"footnote_plugin_index_combi pointer\"  onclick=\"footnote_moveToAnchor_2012_1('footnote_plugin_tooltip_2012_1_3');\"><a id=\"footnote_plugin_reference_2012_1_3\" class=\"footnote_backlink\"><span class=\"footnote_index_arrow\">&#8593;<\/span>3<\/a><\/th> <td class=\"footnote_plugin_text\">M\u1ee5c 4629(g).<\/td><\/tr>\r\n\r\n<tr class=\"footnotes_plugin_reference_row\"> <th scope=\"row\" class=\"footnote_plugin_index_combi pointer\"  onclick=\"footnote_moveToAnchor_2012_1('footnote_plugin_tooltip_2012_1_4');\"><a id=\"footnote_plugin_reference_2012_1_4\" class=\"footnote_backlink\"><span class=\"footnote_index_arrow\">&#8593;<\/span>4<\/a><\/th> <td class=\"footnote_plugin_text\">M\u1ee5c 4418.25(c).<\/td><\/tr>\r\n\r\n<tr class=\"footnotes_plugin_reference_row\"> <th scope=\"row\" class=\"footnote_plugin_index_combi pointer\"  onclick=\"footnote_moveToAnchor_2012_1('footnote_plugin_tooltip_2012_1_5');\"><a id=\"footnote_plugin_reference_2012_1_5\" class=\"footnote_backlink\"><span class=\"footnote_index_arrow\">&#8593;<\/span>5<\/a><\/th> <td class=\"footnote_plugin_text\">M\u1ee5c 4677(b).<\/td><\/tr>\r\n\r\n<tr class=\"footnotes_plugin_reference_row\"> <th scope=\"row\" class=\"footnote_plugin_index_combi pointer\"  onclick=\"footnote_moveToAnchor_2012_1('footnote_plugin_tooltip_2012_1_6');\"><a id=\"footnote_plugin_reference_2012_1_6\" class=\"footnote_backlink\"><span class=\"footnote_index_arrow\">&#8593;<\/span>6<\/a><\/th> <td class=\"footnote_plugin_text\">M\u1ee5c 4629.<\/td><\/tr>\r\n\r\n<tr class=\"footnotes_plugin_reference_row\"> <th scope=\"row\" class=\"footnote_plugin_index_combi pointer\"  onclick=\"footnote_moveToAnchor_2012_1('footnote_plugin_tooltip_2012_1_7');\"><a id=\"footnote_plugin_reference_2012_1_7\" class=\"footnote_backlink\"><span class=\"footnote_index_arrow\">&#8593;<\/span>7<\/a><\/th> <td class=\"footnote_plugin_text\">M\u1ee5c 4629.5(b)(9).<\/td><\/tr>\r\n\r\n <\/tbody> <\/table> <\/div><\/div><script type=\"text\/javascript\"> function footnote_expand_reference_container_2012_1() { jQuery('#footnote_references_container_2012_1').show(); jQuery('#footnote_reference_container_collapse_button_2012_1').text('\u2212'); } function footnote_collapse_reference_container_2012_1() { jQuery('#footnote_references_container_2012_1').hide(); jQuery('#footnote_reference_container_collapse_button_2012_1').text('+'); } function footnote_expand_collapse_reference_container_2012_1() { if (jQuery('#footnote_references_container_2012_1').is(':hidden')) { footnote_expand_reference_container_2012_1(); } else { footnote_collapse_reference_container_2012_1(); } } function footnote_moveToReference_2012_1(p_str_TargetID) { footnote_expand_reference_container_2012_1(); var l_obj_Target = jQuery('#' + p_str_TargetID); if (l_obj_Target.length) { jQuery( 'html, body' ).delay( 0 ); jQuery('html, body').animate({ scrollTop: l_obj_Target.offset().top - window.innerHeight * 0.2 }, 380); } } function footnote_moveToAnchor_2012_1(p_str_TargetID) { footnote_expand_reference_container_2012_1(); var l_obj_Target = jQuery('#' + p_str_TargetID); if (l_obj_Target.length) { jQuery( 'html, body' ).delay( 0 ); jQuery('html, body').animate({ scrollTop: l_obj_Target.offset().top - window.innerHeight * 0.2 }, 380); } }<\/script>","protected":false},"excerpt":{"rendered":"<p>Lu\u00f4n c\u1eadp nh\u1eadt v\u1ec1 c\u00e1c thay \u0111\u1ed5i v\u00e0 xu h\u01b0\u1edbng trong nhu c\u1ea7u d\u1ecbch v\u1ee5 v\u00e0 h\u1ec7 th\u1ed1ng cho ng\u01b0\u1eddi khuy\u1ebft t\u1eadt v\u1ec1 ph\u00e1t tri\u1ec3n.&hellip;<\/p>\n","protected":false},"author":1,"featured_media":0,"parent":1957,"menu_order":21,"comment_status":"closed","ping_status":"closed","template":"","meta":{"footnotes":""},"class_list":["post-2012","page","type-page","status-publish","hentry"],"_links":{"self":[{"href":"https:\/\/rula.disabilityrightsca.org\/vi\/wp-json\/wp\/v2\/pages\/2012","targetHints":{"allow":["GET"]}}],"collection":[{"href":"https:\/\/rula.disabilityrightsca.org\/vi\/wp-json\/wp\/v2\/pages"}],"about":[{"href":"https:\/\/rula.disabilityrightsca.org\/vi\/wp-json\/wp\/v2\/types\/page"}],"author":[{"embeddable":true,"href":"https:\/\/rula.disabilityrightsca.org\/vi\/wp-json\/wp\/v2\/users\/1"}],"replies":[{"embeddable":true,"href":"https:\/\/rula.disabilityrightsca.org\/vi\/wp-json\/wp\/v2\/comments?post=2012"}],"version-history":[{"count":4,"href":"https:\/\/rula.disabilityrightsca.org\/vi\/wp-json\/wp\/v2\/pages\/2012\/revisions"}],"predecessor-version":[{"id":3483,"href":"https:\/\/rula.disabilityrightsca.org\/vi\/wp-json\/wp\/v2\/pages\/2012\/revisions\/3483"}],"up":[{"embeddable":true,"href":"https:\/\/rula.disabilityrightsca.org\/vi\/wp-json\/wp\/v2\/pages\/1957"}],"wp:attachment":[{"href":"https:\/\/rula.disabilityrightsca.org\/vi\/wp-json\/wp\/v2\/media?parent=2012"}],"curies":[{"name":"wp","href":"https:\/\/api.w.org\/{rel}","templated":true}]}}