{"id":2010,"date":"2021-09-24T17:24:52","date_gmt":"2021-09-24T17:24:52","guid":{"rendered":"http:\/\/www.rula.disabilityrightsca.org\/vi\/?page_id=2010"},"modified":"2022-04-20T23:57:41","modified_gmt":"2022-04-20T23:57:41","slug":"5-20-what-is-a-task-force-or-advisory-group-and-how-can-i-join-one","status":"publish","type":"page","link":"https:\/\/rula.disabilityrightsca.org\/vi\/rula-book\/chapter-5-advocating-for-yourself\/5-20-what-is-a-task-force-or-advisory-group-and-how-can-i-join-one\/","title":{"rendered":"(5.20) L\u1ef1c l\u01b0\u1ee3ng \u0111\u1eb7c nhi\u1ec7m ho\u1eb7c nh\u00f3m c\u1ed1 v\u1ea5n l\u00e0 g\u00ec v\u00e0 t\u00f4i tham gia b\u1eb1ng c\u00e1ch n\u00e0o?"},"content":{"rendered":"\n<p>DDS, c\u01a1 quan l\u1eadp ph\u00e1p ti\u1ec3u bang, v\u0103n ph\u00f2ng khu v\u1ef1c c\u1ee7a SCDD v\u00e0 c\u00e1c trung t\u00e2m khu v\u1ef1c s\u1eed d\u1ee5ng l\u1ef1c l\u01b0\u1ee3ng \u0111\u1eb7c nhi\u1ec7m ho\u1eb7c nh\u00f3m c\u1ed1 v\u1ea5n \u0111\u1ec3 nghi\u00ean c\u1ee9u v\u1ea5n \u0111\u1ec1, \u0111\u1ec1 xu\u1ea5t ch\u00ednh s\u00e1ch, \u0111\u00e1nh gi\u00e1 d\u1ecbch v\u1ee5 m\u1edbi v\u00e0 \u0111i\u1ec1u tra c\u00e1c v\u1ea5n \u0111\u1ec1 trong h\u1ec7 th\u1ed1ng. C\u00e1c c\u01a1 quan n\u00e0y ph\u1ea3i n\u1ed7 l\u1ef1c t\u1ed1i \u0111a \u0111\u1ec3 bao g\u1ed3m kh\u00e1ch h\u00e0ng v\u00e0 th\u00e0nh vi\u00ean gia \u0111\u00ecnh. L\u1ef1c l\u01b0\u1ee3ng \u0111\u1eb7c nhi\u1ec7m v\u00e0 nh\u00f3m c\u1ed1 v\u1ea5n c\u0169ng ph\u1ea3i th\u1ec3 hi\u1ec7n v\u0103n h\u00f3a \u0111a d\u1ea1ng c\u1ee7a c\u1ed9ng \u0111\u1ed3ng.<span class=\"footnote_referrer\"><a role=\"button\" tabindex=\"0\" onclick=\"footnote_moveToReference_2010_1('footnote_plugin_reference_2010_1_1');\" onkeypress=\"footnote_moveToReference_2010_1('footnote_plugin_reference_2010_1_1');\" ><sup id=\"footnote_plugin_tooltip_2010_1_1\" class=\"footnote_plugin_tooltip_text\">[1]<\/sup><\/a><span id=\"footnote_plugin_tooltip_text_2010_1_1\" class=\"footnote_tooltip\">M\u1ee5c 4640.8.<\/span><\/span><script type=\"text\/javascript\"> jQuery('#footnote_plugin_tooltip_2010_1_1').tooltip({ tip: '#footnote_plugin_tooltip_text_2010_1_1', tipClass: 'footnote_tooltip', effect: 'fade', predelay: 0, fadeInSpeed: 200, delay: 400, fadeOutSpeed: 200, position: 'top center', relative: true, offset: [-7, 0], });<\/script><\/p>\n\n\n\n<p>N\u1ebfu qu\u00fd v\u1ecb t\u00ecm hi\u1ec3u v\u1ec1 m\u1ed9t trong nh\u1eefng nh\u00f3m n\u00e0y v\u00e0 qu\u00fd v\u1ecb mu\u1ed1n tham gia, h\u00e3y cho h\u1ecd bi\u1ebft. Nh\u1eefng nh\u00f3m n\u00e0y \u0111\u01b0\u1ee3c l\u1eadp khi m\u1ed9t v\u1ea5n \u0111\u1ec1 ho\u1eb7c c\u00e2u h\u1ecfi xu\u1ea5t hi\u1ec7n v\u00e0 trung t\u00e2m khu v\u1ef1c c\u1ea7n \u00fd ki\u1ebfn v\u00e0 s\u1ef1 c\u1ed1 v\u1ea5n c\u1ee7a c\u1ed9ng \u0111\u1ed3ng. N\u1ebfu qu\u00fd v\u1ecb li\u00ean h\u1ec7 tr\u01b0\u1edbc v\u1edbi trung t\u00e2m khu v\u1ef1c, c\u01a1 h\u1ed9i tham gia c\u1ee7a qu\u00fd v\u1ecb s\u1ebd l\u1edbn h\u01a1n.<\/p>\n<div class=\"speaker-mute footnotes_reference_container\"> <div class=\"footnote_container_prepare\"><p><span role=\"button\" tabindex=\"0\" class=\"footnote_reference_container_label pointer\" onclick=\"footnote_expand_collapse_reference_container_2010_1();\">&#x202F;<\/span><span role=\"button\" tabindex=\"0\" class=\"footnote_reference_container_collapse_button\" style=\"display: none;\" onclick=\"footnote_expand_collapse_reference_container_2010_1();\">[<a id=\"footnote_reference_container_collapse_button_2010_1\">+<\/a>]<\/span><\/p><\/div> <div id=\"footnote_references_container_2010_1\" style=\"\"><table class=\"footnotes_table footnote-reference-container\"><caption class=\"accessibility\">References<\/caption> <tbody> \r\n\r\n<tr class=\"footnotes_plugin_reference_row\"> <th scope=\"row\" class=\"footnote_plugin_index_combi pointer\"  onclick=\"footnote_moveToAnchor_2010_1('footnote_plugin_tooltip_2010_1_1');\"><a id=\"footnote_plugin_reference_2010_1_1\" class=\"footnote_backlink\"><span class=\"footnote_index_arrow\">&#8593;<\/span>1<\/a><\/th> <td class=\"footnote_plugin_text\">M\u1ee5c 4640.8.<\/td><\/tr>\r\n\r\n <\/tbody> <\/table> <\/div><\/div><script type=\"text\/javascript\"> function footnote_expand_reference_container_2010_1() { jQuery('#footnote_references_container_2010_1').show(); jQuery('#footnote_reference_container_collapse_button_2010_1').text('\u2212'); } function footnote_collapse_reference_container_2010_1() { jQuery('#footnote_references_container_2010_1').hide(); jQuery('#footnote_reference_container_collapse_button_2010_1').text('+'); } function footnote_expand_collapse_reference_container_2010_1() { if (jQuery('#footnote_references_container_2010_1').is(':hidden')) { footnote_expand_reference_container_2010_1(); } else { footnote_collapse_reference_container_2010_1(); } } function footnote_moveToReference_2010_1(p_str_TargetID) { footnote_expand_reference_container_2010_1(); var l_obj_Target = jQuery('#' + p_str_TargetID); if (l_obj_Target.length) { jQuery( 'html, body' ).delay( 0 ); jQuery('html, body').animate({ scrollTop: l_obj_Target.offset().top - window.innerHeight * 0.2 }, 380); } } function footnote_moveToAnchor_2010_1(p_str_TargetID) { footnote_expand_reference_container_2010_1(); var l_obj_Target = jQuery('#' + p_str_TargetID); if (l_obj_Target.length) { jQuery( 'html, body' ).delay( 0 ); jQuery('html, body').animate({ scrollTop: l_obj_Target.offset().top - window.innerHeight * 0.2 }, 380); } }<\/script>","protected":false},"excerpt":{"rendered":"<p>DDS, c\u01a1 quan l\u1eadp ph\u00e1p ti\u1ec3u bang, v\u0103n ph\u00f2ng khu v\u1ef1c c\u1ee7a SCDD v\u00e0 c\u00e1c trung t\u00e2m khu v\u1ef1c s\u1eed d\u1ee5ng l\u1ef1c l\u01b0\u1ee3ng \u0111\u1eb7c nhi\u1ec7m&hellip;<\/p>\n","protected":false},"author":1,"featured_media":0,"parent":1957,"menu_order":20,"comment_status":"closed","ping_status":"closed","template":"","meta":{"footnotes":""},"class_list":["post-2010","page","type-page","status-publish","hentry"],"_links":{"self":[{"href":"https:\/\/rula.disabilityrightsca.org\/vi\/wp-json\/wp\/v2\/pages\/2010","targetHints":{"allow":["GET"]}}],"collection":[{"href":"https:\/\/rula.disabilityrightsca.org\/vi\/wp-json\/wp\/v2\/pages"}],"about":[{"href":"https:\/\/rula.disabilityrightsca.org\/vi\/wp-json\/wp\/v2\/types\/page"}],"author":[{"embeddable":true,"href":"https:\/\/rula.disabilityrightsca.org\/vi\/wp-json\/wp\/v2\/users\/1"}],"replies":[{"embeddable":true,"href":"https:\/\/rula.disabilityrightsca.org\/vi\/wp-json\/wp\/v2\/comments?post=2010"}],"version-history":[{"count":2,"href":"https:\/\/rula.disabilityrightsca.org\/vi\/wp-json\/wp\/v2\/pages\/2010\/revisions"}],"predecessor-version":[{"id":3007,"href":"https:\/\/rula.disabilityrightsca.org\/vi\/wp-json\/wp\/v2\/pages\/2010\/revisions\/3007"}],"up":[{"embeddable":true,"href":"https:\/\/rula.disabilityrightsca.org\/vi\/wp-json\/wp\/v2\/pages\/1957"}],"wp:attachment":[{"href":"https:\/\/rula.disabilityrightsca.org\/vi\/wp-json\/wp\/v2\/media?parent=2010"}],"curies":[{"name":"wp","href":"https:\/\/api.w.org\/{rel}","templated":true}]}}