{"id":2008,"date":"2021-09-24T17:23:32","date_gmt":"2021-09-24T17:23:32","guid":{"rendered":"http:\/\/www.rula.disabilityrightsca.org\/vi\/?page_id=2008"},"modified":"2022-04-20T23:57:28","modified_gmt":"2022-04-20T23:57:28","slug":"5-19-what-is-a-stakeholder-organization-and-how-can-i-join-one","status":"publish","type":"page","link":"https:\/\/rula.disabilityrightsca.org\/vi\/rula-book\/chapter-5-advocating-for-yourself\/5-19-what-is-a-stakeholder-organization-and-how-can-i-join-one\/","title":{"rendered":"(5.19) \u201cT\u1ed5 ch\u1ee9c b\u00ean li\u00ean quan\u201d l\u00e0 g\u00ec v\u00e0 t\u00f4i tham gia b\u1eb1ng c\u00e1ch n\u00e0o?"},"content":{"rendered":"\n<p>\u201cT\u1ed5 ch\u1ee9c b\u00ean li\u00ean quan\u201d l\u00e0 t\u1ed5 ch\u1ee9c ti\u1ec3u bang \u0111\u1ea1i di\u1ec7n cho l\u1ee3i \u00edch c\u1ee7a \u201ckh\u00e1ch h\u00e0ng, th\u00e0nh vi\u00ean gia \u0111\u00ecnh, nh\u00e0 cung c\u1ea5p d\u1ecbch v\u1ee5 v\u00e0 c\u00e1c t\u1ed5 ch\u1ee9c b\u00eanh v\u1ef1c to\u00e0n ti\u1ec3u bang\u201d.<span class=\"footnote_referrer\"><a role=\"button\" tabindex=\"0\" onclick=\"footnote_moveToReference_2008_1('footnote_plugin_reference_2008_1_1');\" onkeypress=\"footnote_moveToReference_2008_1('footnote_plugin_reference_2008_1_1');\" ><sup id=\"footnote_plugin_tooltip_2008_1_1\" class=\"footnote_plugin_tooltip_text\">[1]<\/sup><\/a><span id=\"footnote_plugin_tooltip_text_2008_1_1\" class=\"footnote_tooltip\">M\u1ee5c 4512(k).<\/span><\/span><script type=\"text\/javascript\"> jQuery('#footnote_plugin_tooltip_2008_1_1').tooltip({ tip: '#footnote_plugin_tooltip_text_2008_1_1', tipClass: 'footnote_tooltip', effect: 'fade', predelay: 0, fadeInSpeed: 200, delay: 400, fadeOutSpeed: 200, position: 'top center', relative: true, offset: [-7, 0], });<\/script> DDS ho\u1eb7c \u1ee7y ban l\u1eadp ph\u00e1p th\u01b0\u1eddng y\u00eau c\u1ea7u c\u00e1c t\u1ed5 ch\u1ee9c b\u00ean li\u00ean quan \u0111\u01b0a ra \u00fd ki\u1ebfn v\u1ec1 c\u00e1c v\u1ea5n \u0111\u1ec1 quan tr\u1ecdng trong ch\u00ednh s\u00e1ch c\u1ee7a h\u1ec7 th\u1ed1ng.<\/p>\n\n\n\n<p>M\u1ed9t s\u1ed1 b\u00ean li\u00ean quan l\u00e0 c\u00e1c t\u1ed5 ch\u1ee9c t\u1ef1 b\u00eanh v\u1ef1c, nh\u01b0 People First of California, Disability Rights California v\u00e0 c\u00e1c t\u1ed5 ch\u1ee9c nh\u00e0 cung c\u1ea5p d\u1ecbch v\u1ee5. Qu\u00fd v\u1ecb c\u00f3 th\u1ec3 tham gia m\u1ed9t nh\u00f3m \u0111\u1ea1i di\u1ec7n cho quan \u0111i\u1ec3m c\u1ee7a qu\u00fd v\u1ecb v\u00e0 c\u1ed1 g\u1eafng t\u1ea1o n\u00ean s\u1ef1 kh\u00e1c bi\u1ec7t.<\/p>\n<div class=\"speaker-mute footnotes_reference_container\"> <div class=\"footnote_container_prepare\"><p><span role=\"button\" tabindex=\"0\" class=\"footnote_reference_container_label pointer\" onclick=\"footnote_expand_collapse_reference_container_2008_1();\">&#x202F;<\/span><span role=\"button\" tabindex=\"0\" class=\"footnote_reference_container_collapse_button\" style=\"display: none;\" onclick=\"footnote_expand_collapse_reference_container_2008_1();\">[<a id=\"footnote_reference_container_collapse_button_2008_1\">+<\/a>]<\/span><\/p><\/div> <div id=\"footnote_references_container_2008_1\" style=\"\"><table class=\"footnotes_table footnote-reference-container\"><caption class=\"accessibility\">References<\/caption> <tbody> \r\n\r\n<tr class=\"footnotes_plugin_reference_row\"> <th scope=\"row\" class=\"footnote_plugin_index_combi pointer\"  onclick=\"footnote_moveToAnchor_2008_1('footnote_plugin_tooltip_2008_1_1');\"><a id=\"footnote_plugin_reference_2008_1_1\" class=\"footnote_backlink\"><span class=\"footnote_index_arrow\">&#8593;<\/span>1<\/a><\/th> <td class=\"footnote_plugin_text\">M\u1ee5c 4512(k).<\/td><\/tr>\r\n\r\n <\/tbody> <\/table> <\/div><\/div><script type=\"text\/javascript\"> function footnote_expand_reference_container_2008_1() { jQuery('#footnote_references_container_2008_1').show(); jQuery('#footnote_reference_container_collapse_button_2008_1').text('\u2212'); } function footnote_collapse_reference_container_2008_1() { jQuery('#footnote_references_container_2008_1').hide(); jQuery('#footnote_reference_container_collapse_button_2008_1').text('+'); } function footnote_expand_collapse_reference_container_2008_1() { if (jQuery('#footnote_references_container_2008_1').is(':hidden')) { footnote_expand_reference_container_2008_1(); } else { footnote_collapse_reference_container_2008_1(); } } function footnote_moveToReference_2008_1(p_str_TargetID) { footnote_expand_reference_container_2008_1(); var l_obj_Target = jQuery('#' + p_str_TargetID); if (l_obj_Target.length) { jQuery( 'html, body' ).delay( 0 ); jQuery('html, body').animate({ scrollTop: l_obj_Target.offset().top - window.innerHeight * 0.2 }, 380); } } function footnote_moveToAnchor_2008_1(p_str_TargetID) { footnote_expand_reference_container_2008_1(); var l_obj_Target = jQuery('#' + p_str_TargetID); if (l_obj_Target.length) { jQuery( 'html, body' ).delay( 0 ); jQuery('html, body').animate({ scrollTop: l_obj_Target.offset().top - window.innerHeight * 0.2 }, 380); } }<\/script>","protected":false},"excerpt":{"rendered":"<p>\u201cT\u1ed5 ch\u1ee9c b\u00ean li\u00ean quan\u201d l\u00e0 t\u1ed5 ch\u1ee9c ti\u1ec3u bang \u0111\u1ea1i di\u1ec7n cho l\u1ee3i \u00edch c\u1ee7a \u201ckh\u00e1ch h\u00e0ng, th\u00e0nh vi\u00ean gia \u0111\u00ecnh, nh\u00e0 cung c\u1ea5p&hellip;<\/p>\n","protected":false},"author":1,"featured_media":0,"parent":1957,"menu_order":19,"comment_status":"closed","ping_status":"closed","template":"","meta":{"footnotes":""},"class_list":["post-2008","page","type-page","status-publish","hentry"],"_links":{"self":[{"href":"https:\/\/rula.disabilityrightsca.org\/vi\/wp-json\/wp\/v2\/pages\/2008","targetHints":{"allow":["GET"]}}],"collection":[{"href":"https:\/\/rula.disabilityrightsca.org\/vi\/wp-json\/wp\/v2\/pages"}],"about":[{"href":"https:\/\/rula.disabilityrightsca.org\/vi\/wp-json\/wp\/v2\/types\/page"}],"author":[{"embeddable":true,"href":"https:\/\/rula.disabilityrightsca.org\/vi\/wp-json\/wp\/v2\/users\/1"}],"replies":[{"embeddable":true,"href":"https:\/\/rula.disabilityrightsca.org\/vi\/wp-json\/wp\/v2\/comments?post=2008"}],"version-history":[{"count":2,"href":"https:\/\/rula.disabilityrightsca.org\/vi\/wp-json\/wp\/v2\/pages\/2008\/revisions"}],"predecessor-version":[{"id":3006,"href":"https:\/\/rula.disabilityrightsca.org\/vi\/wp-json\/wp\/v2\/pages\/2008\/revisions\/3006"}],"up":[{"embeddable":true,"href":"https:\/\/rula.disabilityrightsca.org\/vi\/wp-json\/wp\/v2\/pages\/1957"}],"wp:attachment":[{"href":"https:\/\/rula.disabilityrightsca.org\/vi\/wp-json\/wp\/v2\/media?parent=2008"}],"curies":[{"name":"wp","href":"https:\/\/api.w.org\/{rel}","templated":true}]}}