{"id":2006,"date":"2021-09-24T17:21:54","date_gmt":"2021-09-24T17:21:54","guid":{"rendered":"http:\/\/www.rula.disabilityrightsca.org\/vi\/?page_id=2006"},"modified":"2023-11-30T20:22:35","modified_gmt":"2023-11-30T20:22:35","slug":"5-18-how-can-i-change-the-regional-center-system-so-it-works-better-for-everyone-with-developmental-disabilities","status":"publish","type":"page","link":"https:\/\/rula.disabilityrightsca.org\/vi\/rula-book\/chapter-5-advocating-for-yourself\/5-18-how-can-i-change-the-regional-center-system-so-it-works-better-for-everyone-with-developmental-disabilities\/","title":{"rendered":"(5.18)  T\u00f4i c\u00f3 th\u1ec3 thay \u0111\u1ed5i h\u1ec7 th\u1ed1ng trung t\u00e2m khu v\u1ef1c b\u1eb1ng c\u00e1ch n\u00e0o \u0111\u1ec3 h\u1ec7 th\u1ed1ng n\u00e0y ho\u1ea1t \u0111\u1ed9ng hi\u1ec7u qu\u1ea3 h\u01a1n cho t\u1ea5t c\u1ea3 nh\u1eefng ng\u01b0\u1eddi b\u1ecb khuy\u1ebft t\u1eadt v\u1ec1 ph\u00e1t tri\u1ec3n?"},"content":{"rendered":"\n<p>Ng\u01b0\u1eddi khuy\u1ebft t\u1eadt v\u1ec1 ph\u00e1t tri\u1ec3n, b\u1ea1n b\u00e8 v\u00e0 gia \u0111\u00ecnh c\u1ee7a h\u1ecd n\u00ean d\u00e0nh th\u1eddi gian c\u1ea3i thi\u1ec7n \u201ch\u1ec7 th\u1ed1ng\u201d \u0111\u1ec3 c\u00e1c c\u01a1 quan ti\u1ec3u bang v\u00e0 trung t\u00e2m khu v\u1ef1c l\u00e0m t\u1ed1t c\u00f4ng vi\u1ec7c c\u1ee7a h\u1ecd.<\/p>\n\n\n\n<p>C\u00f3 nhi\u1ec1u c\u00e1ch \u0111\u1ec3 l\u00e0m vi\u1ec7c n\u00e0y, bao g\u1ed3m:<\/p>\n\n\n\n<ul class=\"wp-block-list\">\n<li>\u0110\u01b0a ra \u00fd ki\u1ebfn c\u1ee7a qu\u00fd v\u1ecb t\u1ea1i cu\u1ed9c h\u1ecdp c\u00f4ng khai c\u1ee7a trung t\u00e2m khu v\u1ef1c, \u0111\u1eb7c bi\u1ec7t l\u00e0 khi h\u1ecd l\u1eadp k\u1ebf ho\u1ea1ch cho n\u0103m t\u1edbi.<\/li>\n\n\n\n<li>\u0110\u01b0a ra \u00fd ki\u1ebfn c\u1ee7a qu\u00fd v\u1ecb khi H\u1ed9i \u0110\u1ed3ng Ti\u1ec3u Bang v\u1ec1 Khuy\u1ebft T\u1eadt Ph\u00e1t Tri\u1ec3n ho\u1eb7c v\u0103n ph\u00f2ng khu v\u1ef1c c\u1ee7a SCDD thu th\u1eadp th\u00f4ng tin v\u1ec1 c\u00e1c d\u1ecbch v\u1ee5 v\u00e0 s\u1ef1 h\u1ed7 tr\u1ee3 c\u1ea7n thi\u1ebft.<\/li>\n\n\n\n<li>L\u00e0m ch\u1ee9ng t\u1ea1i c\u00e1c phi\u00ean \u0111i\u1ec1u tr\u1ea7n l\u1eadp ph\u00e1p v\u1ec1 ng\u00e2n s\u00e1ch cho h\u1ec7 th\u1ed1ng d\u1ecbch v\u1ee5 d\u00e0nh cho ng\u01b0\u1eddi khuy\u1ebft t\u1eadt v\u1ec1 ph\u00e1t tri\u1ec3n v\u00e0 v\u1ec1 d\u1ecbch v\u1ee5 v\u00e0 s\u1ef1 h\u1ed7 tr\u1ee3 d\u00e0nh cho ng\u01b0\u1eddi khuy\u1ebft t\u1eadt v\u1ec1 ph\u00e1t tri\u1ec3n \u1edf California.<\/li>\n\n\n\n<li>Tham gia People First ho\u1eb7c m\u1ed9t nh\u00f3m t\u1ef1 b\u00eanh v\u1ef1c kh\u00e1c.<\/li>\n\n\n\n<li>Tham gia c\u00e1c t\u1ed5 ch\u1ee9c b\u00eanh v\u1ef1c nh\u01b0: <a href=\"https:\/\/thearcca.org\/\">The Arc of California<\/a> ho\u1eb7c <a href=\"https:\/\/ucp.org\/\">United Cerebral Palsy<\/a> ho\u1eb7c <a href=\"https:\/\/fiestaeducativa.org\/\">Fiesta Educativa<\/a>.<\/li>\n\n\n\n<li>Tham gia l\u1ef1c l\u01b0\u1ee3ng \u0111\u1eb7c nhi\u1ec7m \u0111\u1ecba ph\u01b0\u01a1ng ho\u1eb7c nh\u00f3m c\u1ed1 v\u1ea5n \u0111ang t\u00ecm c\u00e1ch gi\u1ea3i quy\u1ebft v\u1ea5n \u0111\u1ec1 qu\u00fd v\u1ecb quan t\u00e2m.<\/li>\n\n\n\n<li>Tham gia m\u1ed9t nh\u00f3m \u201cb\u00ean li\u00ean quan\u201d c\u1ee7a ti\u1ec3u bang, l\u1ef1c l\u01b0\u1ee3ng \u0111\u1eb7c nhi\u1ec7m ho\u1eb7c \u1ee7y ban c\u1ed1 v\u1ea5n \u0111\u01b0\u1ee3c th\u00e0nh l\u1eadp cho m\u1ed9t d\u1ef1 \u00e1n c\u1ee5 th\u1ec3 \u0111\u1ec3 b\u00eanh v\u1ef1c, c\u1ed1 v\u1ea5n ho\u1eb7c \u0111i\u1ec1u tra.<\/li>\n\n\n\n<li>Tham gia h\u1ed9i \u0111\u1ed3ng qu\u1ea3n tr\u1ecb c\u1ee7a trung t\u00e2m khu v\u1ef1c ho\u1eb7c v\u0103n ph\u00f2ng khu v\u1ef1c c\u1ee7a SCDD hay m\u1ed9t c\u01a1 quan kh\u00e1c.<\/li>\n\n\n\n<li>Vi\u1ebft th\u01b0 g\u1eedi b\u00e1o ch\u00ed ho\u1eb7c g\u1ecdi \u0111i\u1ec7n \u0111\u1ebfn \u0111\u00e0i ph\u00e1t thanh n\u1ebfu qu\u00fd v\u1ecb kh\u00f4ng \u0111\u1ed3ng \u00fd v\u1edbi tin t\u1ee9c h\u1ecd \u0111\u01b0a v\u1ec1 c\u00e1c v\u1ea5n \u0111\u1ec1 li\u00ean quan \u0111\u1ebfn t\u00ecnh tr\u1ea1ng khuy\u1ebft t\u1eadt.<\/li>\n<\/ul>\n","protected":false},"excerpt":{"rendered":"<p>Ng\u01b0\u1eddi khuy\u1ebft t\u1eadt v\u1ec1 ph\u00e1t tri\u1ec3n, b\u1ea1n b\u00e8 v\u00e0 gia \u0111\u00ecnh c\u1ee7a h\u1ecd n\u00ean d\u00e0nh th\u1eddi gian c\u1ea3i thi\u1ec7n \u201ch\u1ec7 th\u1ed1ng\u201d \u0111\u1ec3 c\u00e1c c\u01a1 quan&hellip;<\/p>\n","protected":false},"author":1,"featured_media":0,"parent":1957,"menu_order":18,"comment_status":"closed","ping_status":"closed","template":"","meta":{"footnotes":""},"class_list":["post-2006","page","type-page","status-publish","hentry"],"_links":{"self":[{"href":"https:\/\/rula.disabilityrightsca.org\/vi\/wp-json\/wp\/v2\/pages\/2006","targetHints":{"allow":["GET"]}}],"collection":[{"href":"https:\/\/rula.disabilityrightsca.org\/vi\/wp-json\/wp\/v2\/pages"}],"about":[{"href":"https:\/\/rula.disabilityrightsca.org\/vi\/wp-json\/wp\/v2\/types\/page"}],"author":[{"embeddable":true,"href":"https:\/\/rula.disabilityrightsca.org\/vi\/wp-json\/wp\/v2\/users\/1"}],"replies":[{"embeddable":true,"href":"https:\/\/rula.disabilityrightsca.org\/vi\/wp-json\/wp\/v2\/comments?post=2006"}],"version-history":[{"count":4,"href":"https:\/\/rula.disabilityrightsca.org\/vi\/wp-json\/wp\/v2\/pages\/2006\/revisions"}],"predecessor-version":[{"id":3823,"href":"https:\/\/rula.disabilityrightsca.org\/vi\/wp-json\/wp\/v2\/pages\/2006\/revisions\/3823"}],"up":[{"embeddable":true,"href":"https:\/\/rula.disabilityrightsca.org\/vi\/wp-json\/wp\/v2\/pages\/1957"}],"wp:attachment":[{"href":"https:\/\/rula.disabilityrightsca.org\/vi\/wp-json\/wp\/v2\/media?parent=2006"}],"curies":[{"name":"wp","href":"https:\/\/api.w.org\/{rel}","templated":true}]}}