{"id":2004,"date":"2021-09-24T17:20:39","date_gmt":"2021-09-24T17:20:39","guid":{"rendered":"http:\/\/www.rula.disabilityrightsca.org\/vi\/?page_id=2004"},"modified":"2022-06-23T23:36:44","modified_gmt":"2022-06-23T23:36:44","slug":"5-17-how-can-i-find-out-what-the-regional-centers-or-other-agencys-position-is-in-my-case","status":"publish","type":"page","link":"https:\/\/rula.disabilityrightsca.org\/vi\/rula-book\/chapter-5-advocating-for-yourself\/5-17-how-can-i-find-out-what-the-regional-centers-or-other-agencys-position-is-in-my-case\/","title":{"rendered":"(5.17)  L\u00e0m sao \u0111\u1ec3 t\u00f4i c\u00f3 th\u1ec3 bi\u1ebft l\u1eadp tr\u01b0\u1eddng c\u1ee7a trung t\u00e2m khu v\u1ef1c ho\u1eb7c c\u01a1 quan kh\u00e1c trong tr\u01b0\u1eddng h\u1ee3p c\u1ee7a m\u00ecnh?"},"content":{"rendered":"\n<p>Trung t\u00e2m khu v\u1ef1c ph\u1ea3i cung c\u1ea5p cho qu\u00fd v\u1ecb m\u1ed9t \u201cth\u00f4ng b\u00e1o \u0111\u1ea7y \u0111\u1ee7\u201d trong 30 ng\u00e0y tr\u01b0\u1edbc khi h\u1ecd gi\u1ea3m, ch\u1ea5m d\u1ee9t ho\u1eb7c thay \u0111\u1ed5i c\u00e1c d\u1ecbch v\u1ee5 trong IPP khi ch\u01b0a c\u00f3 s\u1ef1 \u0111\u1ed3ng \u00fd c\u1ee7a qu\u00fd v\u1ecb.<span class=\"footnote_referrer\"><a role=\"button\" tabindex=\"0\" onclick=\"footnote_moveToReference_2004_1('footnote_plugin_reference_2004_1_1');\" onkeypress=\"footnote_moveToReference_2004_1('footnote_plugin_reference_2004_1_1');\" ><sup id=\"footnote_plugin_tooltip_2004_1_1\" class=\"footnote_plugin_tooltip_text\">[1]<\/sup><\/a><span id=\"footnote_plugin_tooltip_text_2004_1_1\" class=\"footnote_tooltip\">M\u1ee5c 4710(a).<\/span><\/span><script type=\"text\/javascript\"> jQuery('#footnote_plugin_tooltip_2004_1_1').tooltip({ tip: '#footnote_plugin_tooltip_text_2004_1_1', tipClass: 'footnote_tooltip', effect: 'fade', predelay: 0, fadeInSpeed: 200, delay: 400, fadeOutSpeed: 200, position: 'top center', relative: true, offset: [-7, 0], });<\/script> Ngo\u00e0i ra, b\u1ea5t c\u1ee9 khi n\u00e0o trung t\u00e2m khu v\u1ef1c t\u1eeb ch\u1ed1i m\u1ed9t d\u1ecbch v\u1ee5 ho\u1eb7c s\u1ef1 h\u1ed7 tr\u1ee3 m\u00e0 qu\u00fd v\u1ecb y\u00eau c\u1ea7u trong IPP c\u1ee7a qu\u00fd v\u1ecb, h\u1ecd ph\u1ea3i g\u1eedi cho qu\u00fd v\u1ecb th\u00f4ng b\u00e1o \u0111\u1ea7y \u0111\u1ee7.<span class=\"footnote_referrer\"><a role=\"button\" tabindex=\"0\" onclick=\"footnote_moveToReference_2004_1('footnote_plugin_reference_2004_1_2');\" onkeypress=\"footnote_moveToReference_2004_1('footnote_plugin_reference_2004_1_2');\" ><sup id=\"footnote_plugin_tooltip_2004_1_2\" class=\"footnote_plugin_tooltip_text\">[2]<\/sup><\/a><span id=\"footnote_plugin_tooltip_text_2004_1_2\" class=\"footnote_tooltip\">M\u1ee5c 4710(b).<\/span><\/span><script type=\"text\/javascript\"> jQuery('#footnote_plugin_tooltip_2004_1_2').tooltip({ tip: '#footnote_plugin_tooltip_text_2004_1_2', tipClass: 'footnote_tooltip', effect: 'fade', predelay: 0, fadeInSpeed: 200, delay: 400, fadeOutSpeed: 200, position: 'top center', relative: true, offset: [-7, 0], });<\/script> Th\u00f4ng b\u00e1o \u0111\u1ea7y \u0111\u1ee7 ph\u1ea3i bao g\u1ed3m:<\/p>\n\n\n\n<ul class=\"wp-block-list\"><li>quy\u1ebft \u0111\u1ecbnh trung t\u00e2m khu v\u1ef1c \u0111\u00e3 \u0111\u01b0a ra,<\/li><li>c\u00e1c d\u1eef ki\u1ec7n c\u01a1 b\u1ea3n m\u00e0 trung t\u00e2m khu v\u1ef1c d\u1ef1a v\u00e0o \u0111\u1ec3 ra quy\u1ebft \u0111\u1ecbnh,<\/li><li>l\u00fd do ho\u1eb7c c\u00e1c l\u00fd do cho quy\u1ebft \u0111\u1ecbnh c\u1ee7a trung t\u00e2m khu v\u1ef1c,<\/li><li>th\u1eddi \u0111i\u1ec3m quy\u1ebft \u0111\u1ecbnh s\u1ebd c\u00f3 hi\u1ec7u l\u1ef1c,<\/li><li>lu\u1eadt ho\u1eb7c ch\u00ednh s\u00e1ch h\u1ed7 tr\u1ee3 cho quy\u1ebft \u0111\u1ecbnh \u0111\u00f3,<\/li><li>c\u00e1ch kh\u00e1ng c\u00e1o, v\u00e0<\/li><li>c\u00f3 nh\u1eefng ngu\u1ed3n l\u1ef1c b\u00eanh v\u1ef1c n\u00e0o \u0111\u1ec3 gi\u00fap qu\u00fd v\u1ecb kh\u00e1ng c\u00e1o.<span class=\"footnote_referrer\"><a role=\"button\" tabindex=\"0\" onclick=\"footnote_moveToReference_2004_1('footnote_plugin_reference_2004_1_3');\" onkeypress=\"footnote_moveToReference_2004_1('footnote_plugin_reference_2004_1_3');\" ><sup id=\"footnote_plugin_tooltip_2004_1_3\" class=\"footnote_plugin_tooltip_text\">[3]<\/sup><\/a><span id=\"footnote_plugin_tooltip_text_2004_1_3\" class=\"footnote_tooltip\">M\u1ee5c 4701(a)-(e) &amp; (h).<\/span><\/span><script type=\"text\/javascript\"> jQuery('#footnote_plugin_tooltip_2004_1_3').tooltip({ tip: '#footnote_plugin_tooltip_text_2004_1_3', tipClass: 'footnote_tooltip', effect: 'fade', predelay: 0, fadeInSpeed: 200, delay: 400, fadeOutSpeed: 200, position: 'top center', relative: true, offset: [-7, 0], });<\/script>\u00a0<\/li><\/ul>\n\n\n\n<p>Th\u00f4ng b\u00e1o n\u00e0y ph\u1ea3i cho qu\u00fd v\u1ecb bi\u1ebft l\u1eadp tr\u01b0\u1eddng c\u1ee7a trung t\u00e2m khu v\u1ef1c trong tr\u01b0\u1eddng h\u1ee3p c\u1ee7a qu\u00fd v\u1ecb. N\u1ebfu th\u00f4ng b\u00e1o thi\u1ebfu m\u1ee5c n\u00e0o \u0111\u00f3 ho\u1eb7c qu\u00fd v\u1ecb kh\u00f4ng hi\u1ec3u, h\u00e3y li\u00ean h\u1ec7 v\u1edbi trung t\u00e2m khu v\u1ef1c v\u00e0 y\u00eau c\u1ea7u h\u1ecd cung c\u1ea5p th\u00f4ng tin.<\/p>\n\n\n\n<p>Nh\u1eefng ch\u01b0\u01a1ng tr\u00ecnh kh\u00e1c, ch\u1eb3ng h\u1ea1n nh\u01b0 IHSS v\u00e0 Medi-Cal, c\u0169ng ph\u1ea3i g\u1eedi cho qu\u00fd v\u1ecb th\u01b0 Th\u00f4ng B\u00e1o H\u00e0nh \u0110\u1ed9ng khi h\u1ecd \u0111\u01b0a ra quy\u1ebft \u0111\u1ecbnh. Nh\u1eefng th\u00f4ng b\u00e1o n\u00e0y gi\u1ed1ng nh\u01b0 th\u00f4ng b\u00e1o \u0111\u1ea7y \u0111\u1ee7 m\u00e0 trung t\u00e2m khu v\u1ef1c ph\u1ea3i cung c\u1ea5p cho qu\u00fd v\u1ecb. N\u1ebfu qu\u00fd v\u1ecb b\u00eanh v\u1ef1c cho b\u1ea3n th\u00e2n ho\u1eb7c b\u00eanh v\u1ef1c cho ng\u01b0\u1eddi kh\u00e1c \u1edf m\u1ed9t trong nh\u1eefng ch\u01b0\u01a1ng tr\u00ecnh \u0111\u00f3, v\u00e0 h\u1ecd kh\u00f4ng ph\u00e1t th\u01b0 Th\u00f4ng B\u00e1o H\u00e0nh \u0110\u1ed9ng, th\u00ec qu\u00fd v\u1ecb h\u00e3y li\u00ean h\u1ec7 v\u1edbi ch\u01b0\u01a1ng tr\u00ecnh v\u00e0 y\u00eau c\u1ea7u cung c\u1ea5p th\u01b0 \u0111\u00f3.<\/p>\n<div class=\"speaker-mute footnotes_reference_container\"> <div class=\"footnote_container_prepare\"><p><span role=\"button\" tabindex=\"0\" class=\"footnote_reference_container_label pointer\" onclick=\"footnote_expand_collapse_reference_container_2004_1();\">&#x202F;<\/span><span role=\"button\" tabindex=\"0\" class=\"footnote_reference_container_collapse_button\" style=\"display: none;\" onclick=\"footnote_expand_collapse_reference_container_2004_1();\">[<a id=\"footnote_reference_container_collapse_button_2004_1\">+<\/a>]<\/span><\/p><\/div> <div id=\"footnote_references_container_2004_1\" style=\"\"><table class=\"footnotes_table footnote-reference-container\"><caption class=\"accessibility\">References<\/caption> <tbody> \r\n\r\n<tr class=\"footnotes_plugin_reference_row\"> <th scope=\"row\" class=\"footnote_plugin_index_combi pointer\"  onclick=\"footnote_moveToAnchor_2004_1('footnote_plugin_tooltip_2004_1_1');\"><a id=\"footnote_plugin_reference_2004_1_1\" class=\"footnote_backlink\"><span class=\"footnote_index_arrow\">&#8593;<\/span>1<\/a><\/th> <td class=\"footnote_plugin_text\">M\u1ee5c 4710(a).<\/td><\/tr>\r\n\r\n<tr class=\"footnotes_plugin_reference_row\"> <th scope=\"row\" class=\"footnote_plugin_index_combi pointer\"  onclick=\"footnote_moveToAnchor_2004_1('footnote_plugin_tooltip_2004_1_2');\"><a id=\"footnote_plugin_reference_2004_1_2\" class=\"footnote_backlink\"><span class=\"footnote_index_arrow\">&#8593;<\/span>2<\/a><\/th> <td class=\"footnote_plugin_text\">M\u1ee5c 4710(b).<\/td><\/tr>\r\n\r\n<tr class=\"footnotes_plugin_reference_row\"> <th scope=\"row\" class=\"footnote_plugin_index_combi pointer\"  onclick=\"footnote_moveToAnchor_2004_1('footnote_plugin_tooltip_2004_1_3');\"><a id=\"footnote_plugin_reference_2004_1_3\" class=\"footnote_backlink\"><span class=\"footnote_index_arrow\">&#8593;<\/span>3<\/a><\/th> <td class=\"footnote_plugin_text\">M\u1ee5c 4701(a)-(e) &amp; (h).<\/td><\/tr>\r\n\r\n <\/tbody> <\/table> <\/div><\/div><script type=\"text\/javascript\"> function footnote_expand_reference_container_2004_1() { jQuery('#footnote_references_container_2004_1').show(); jQuery('#footnote_reference_container_collapse_button_2004_1').text('\u2212'); } function footnote_collapse_reference_container_2004_1() { jQuery('#footnote_references_container_2004_1').hide(); jQuery('#footnote_reference_container_collapse_button_2004_1').text('+'); } function footnote_expand_collapse_reference_container_2004_1() { if (jQuery('#footnote_references_container_2004_1').is(':hidden')) { footnote_expand_reference_container_2004_1(); } else { footnote_collapse_reference_container_2004_1(); } } function footnote_moveToReference_2004_1(p_str_TargetID) { footnote_expand_reference_container_2004_1(); var l_obj_Target = jQuery('#' + p_str_TargetID); if (l_obj_Target.length) { jQuery( 'html, body' ).delay( 0 ); jQuery('html, body').animate({ scrollTop: l_obj_Target.offset().top - window.innerHeight * 0.2 }, 380); } } function footnote_moveToAnchor_2004_1(p_str_TargetID) { footnote_expand_reference_container_2004_1(); var l_obj_Target = jQuery('#' + p_str_TargetID); if (l_obj_Target.length) { jQuery( 'html, body' ).delay( 0 ); jQuery('html, body').animate({ scrollTop: l_obj_Target.offset().top - window.innerHeight * 0.2 }, 380); } }<\/script>","protected":false},"excerpt":{"rendered":"<p>Trung t\u00e2m khu v\u1ef1c ph\u1ea3i cung c\u1ea5p cho qu\u00fd v\u1ecb m\u1ed9t \u201cth\u00f4ng b\u00e1o \u0111\u1ea7y \u0111\u1ee7\u201d trong 30 ng\u00e0y tr\u01b0\u1edbc khi h\u1ecd gi\u1ea3m, ch\u1ea5m d\u1ee9t ho\u1eb7c&hellip;<\/p>\n","protected":false},"author":1,"featured_media":0,"parent":1957,"menu_order":17,"comment_status":"closed","ping_status":"closed","template":"","meta":{"footnotes":""},"class_list":["post-2004","page","type-page","status-publish","hentry"],"_links":{"self":[{"href":"https:\/\/rula.disabilityrightsca.org\/vi\/wp-json\/wp\/v2\/pages\/2004","targetHints":{"allow":["GET"]}}],"collection":[{"href":"https:\/\/rula.disabilityrightsca.org\/vi\/wp-json\/wp\/v2\/pages"}],"about":[{"href":"https:\/\/rula.disabilityrightsca.org\/vi\/wp-json\/wp\/v2\/types\/page"}],"author":[{"embeddable":true,"href":"https:\/\/rula.disabilityrightsca.org\/vi\/wp-json\/wp\/v2\/users\/1"}],"replies":[{"embeddable":true,"href":"https:\/\/rula.disabilityrightsca.org\/vi\/wp-json\/wp\/v2\/comments?post=2004"}],"version-history":[{"count":4,"href":"https:\/\/rula.disabilityrightsca.org\/vi\/wp-json\/wp\/v2\/pages\/2004\/revisions"}],"predecessor-version":[{"id":3456,"href":"https:\/\/rula.disabilityrightsca.org\/vi\/wp-json\/wp\/v2\/pages\/2004\/revisions\/3456"}],"up":[{"embeddable":true,"href":"https:\/\/rula.disabilityrightsca.org\/vi\/wp-json\/wp\/v2\/pages\/1957"}],"wp:attachment":[{"href":"https:\/\/rula.disabilityrightsca.org\/vi\/wp-json\/wp\/v2\/media?parent=2004"}],"curies":[{"name":"wp","href":"https:\/\/api.w.org\/{rel}","templated":true}]}}