{"id":2000,"date":"2021-09-24T17:17:30","date_gmt":"2021-09-24T17:17:30","guid":{"rendered":"http:\/\/www.rula.disabilityrightsca.org\/vi\/?page_id=2000"},"modified":"2022-06-24T16:58:41","modified_gmt":"2022-06-24T16:58:41","slug":"5-15-how-can-i-become-a-better-negotiator","status":"publish","type":"page","link":"https:\/\/rula.disabilityrightsca.org\/vi\/rula-book\/chapter-5-advocating-for-yourself\/5-15-how-can-i-become-a-better-negotiator\/","title":{"rendered":"(5.15) L\u00e0m sao \u0111\u1ec3 t\u00f4i c\u00f3 th\u1ec3 tr\u1edf th\u00e0nh ng\u01b0\u1eddi th\u01b0\u01a1ng l\u01b0\u1ee3ng gi\u1ecfi h\u01a1n?"},"content":{"rendered":"\n<p>Th\u01b0\u01a1ng l\u01b0\u1ee3ng l\u00e0 qu\u00e1 tr\u00ecnh hai b\u00ean c\u00f9ng c\u1ed1 g\u1eafng \u0111\u1ea1t \u0111\u01b0\u1ee3c s\u1ef1 nh\u1ea5t tr\u00ed v\u1ec1 \u0111i\u1ec1u m\u00e0 c\u1ea3 hai b\u00ean \u0111\u1ec1u mu\u1ed1n. Th\u00f4ng th\u01b0\u1eddng, qu\u00fd v\u1ecb ph\u1ea3i tr\u00f2 chuy\u1ec7n, \u0111\u01b0a ra \u0111\u1ec1 ngh\u1ecb v\u00e0 linh ho\u1ea1t khi th\u01b0\u01a1ng l\u01b0\u1ee3ng. Cu\u1ed9c h\u1ecdp c\u1ee7a qu\u00fd v\u1ecb v\u1edbi trung t\u00e2m khu v\u1ef1c ho\u1eb7c c\u00e1c c\u01a1 quan kh\u00e1c bao g\u1ed3m vi\u1ec7c th\u01b0\u01a1ng l\u01b0\u1ee3ng. Cu\u1ed9c h\u1ecdp IPP v\u00e0 cu\u1ed9c h\u1ecdp k\u00e9m ch\u00ednh th\u1ee9c h\u01a1n c\u00f3 th\u1ec3 l\u00e0 m\u1ed9t cu\u1ed9c th\u01b0\u01a1ng l\u01b0\u1ee3ng.<\/p>\n\n\n\n<p>Tuy nhi\u00ean, \u0111\u00f4i khi c\u00f3 nh\u1eefng s\u1ef1 b\u1ea5t \u0111\u1ed3ng kh\u00f4ng th\u1ec3 gi\u1ea3i quy\u1ebft b\u1eb1ng c\u00e1ch th\u01b0\u01a1ng l\u01b0\u1ee3ng. N\u1ebfu chuy\u1ec7n \u0111\u00f3 x\u1ea3y ra, qu\u00fd v\u1ecb c\u00f3 th\u1ec3 c\u00f3 phi\u00ean \u0111i\u1ec1u tr\u1ea7n ch\u00ednh th\u1ee9c ho\u1eb7c s\u1eed d\u1ee5ng quy tr\u00ecnh khi\u1ebfu n\u1ea1i c\u1ee7a c\u01a1 quan.<\/p>\n\n\n\n<p>L\u00e0m theo c\u00e1c b\u01b0\u1edbc sau \u0111\u1ec3 gi\u00fap qu\u00fd v\u1ecb chu\u1ea9n b\u1ecb cho cu\u1ed9c th\u01b0\u01a1ng l\u01b0\u1ee3ng:<\/p>\n\n\n\n<p><strong>B\u01b0\u1edbc 1:<\/strong>&nbsp;<em>Vi\u1ebft m\u1ed9t \u0111o\u1ea1n v\u0103n v\u1ec1 v\u1ea5n \u0111\u1ec1.<\/em> \u0110o\u1ea1n v\u0103n c\u1ee7a qu\u00fd v\u1ecb ph\u1ea3i:<\/p>\n\n\n\n<ul class=\"wp-block-list\"><li>M\u00f4 t\u1ea3 v\u1ea5n \u0111\u1ec1<\/li><li>N\u00eau r\u00f5 nguy\u00ean nh\u00e2n g\u00e2y ra v\u1ea5n \u0111\u1ec1<\/li><li>N\u00eau r\u00f5 nh\u1eefng thay \u0111\u1ed5i qu\u00fd v\u1ecb c\u1ea7n c\u00f3 \u0111\u1ec3 gi\u1ea3i quy\u1ebft v\u1ea5n \u0111\u1ec1<\/li><\/ul>\n\n\n\n<p>T\u1ef1 ghi nh\u1edb \u0111i\u1ec1u qu\u00fd v\u1ecb s\u1ebd ch\u1ea5p nh\u1eadn l\u00e0 gi\u1ea3i ph\u00e1p. \u0110i\u1ec1u qu\u00fd v\u1ecb s\u1ebd ch\u1ea5p nh\u1eadn l\u00e0 m\u1ee9c cu\u1ed1i c\u00f9ng &#8211; \u0111i\u1ec3m qu\u00fd v\u1ecb s\u1ebd kh\u00f4ng th\u1ecfa hi\u1ec7p th\u00eam. Kh\u00f4ng n\u00f3i ra k\u1ebft qu\u1ea3 cu\u1ed1i c\u00f9ng c\u1ee7a qu\u00fd v\u1ecb tr\u01b0\u1edbc khi cu\u1ed9c th\u01b0\u01a1ng l\u01b0\u1ee3ng b\u1eaft \u0111\u1ea7u. Gi\u1eef l\u1ea1i \u0111i\u1ec1u \u0111\u00f3 cho \u0111\u1ebfn khi qu\u00e1 tr\u00ecnh th\u01b0\u01a1ng l\u01b0\u1ee3ng l\u00e2m v\u00e0o b\u1ebf t\u1eafc v\u00e0 trung t\u00e2m khu v\u1ef1c kh\u00f4ng c\u00f3 v\u1ebb s\u1ebd th\u1ef1c hi\u1ec7n nh\u1eefng thay \u0111\u1ed5i m\u00e0 qu\u00fd v\u1ecb mu\u1ed1n. N\u1ebfu trung t\u00e2m khu v\u1ef1c kh\u00f4ng cung c\u1ea5p gi\u1ea3i ph\u00e1p \u1edf m\u1ee9c cu\u1ed1i c\u00f9ng c\u1ee7a qu\u00fd v\u1ecb, qu\u00fd v\u1ecb c\u00f3 th\u1ec3 ph\u1ea3i kh\u00e1ng c\u00e1o quy\u1ebft \u0111\u1ecbnh c\u1ee7a trung t\u00e2m khu v\u1ef1c l\u00ean m\u1ed9t phi\u00ean \u0111i\u1ec1u tr\u1ea7n c\u00f4ng b\u1eb1ng.<\/p>\n\n\n\n<p><strong>Quan tr\u1ecdng!&nbsp;<\/strong>Kh\u00f4ng cung c\u1ea5p ghi ch\u00fa c\u1ee7a qu\u00fd v\u1ecb cho trung t\u00e2m khu v\u1ef1c ho\u1eb7c c\u01a1 quan. \u0110\u00e2y l\u00e0 nh\u1eefng ghi ch\u00fa&nbsp;<em>c\u1ee7a qu\u00fd v\u1ecb<\/em>&nbsp;\u0111\u1ec3 gi\u00fap qu\u00fd v\u1ecb th\u01b0\u01a1ng l\u01b0\u1ee3ng.<\/p>\n\n\n\n<p><strong>B\u01b0\u1edbc 2:<\/strong><em>\u00a0X\u00e1c \u0111\u1ecbnh qu\u00fd v\u1ecb c\u1ea7n th\u01b0\u01a1ng l\u01b0\u1ee3ng v\u1edbi ai.<\/em>\u00a0T\u00ecm ng\u01b0\u1eddi c\u00f3 th\u1ea9m quy\u1ec1n li\u00ean quan g\u1ea7n nh\u1ea5t \u0111\u1ebfn v\u1ea5n \u0111\u1ec1. V\u00ed d\u1ee5: n\u1ebfu v\u1ea5n \u0111\u1ec1 l\u00e0 b\u1ea5t \u0111\u1ed3ng v\u1edbi \u0111i\u1ec1u ph\u1ed1i vi\u00ean d\u1ecbch v\u1ee5 c\u1ee7a qu\u00fd v\u1ecb v\u1ec1 nhu c\u1ea7u nh\u1eadn m\u1ed9t d\u1ecbch v\u1ee5, qu\u00fd v\u1ecb c\u00f3 th\u1ec3 th\u01b0\u01a1ng l\u01b0\u1ee3ng v\u1edbi h\u1ecd. N\u1ebfu trung t\u00e2m khu v\u1ef1c t\u1eeb ch\u1ed1i m\u1ed9t d\u1ecbch v\u1ee5 v\u00ec ch\u00ednh s\u00e1ch c\u1ee7a h\u1ecd, qu\u00fd v\u1ecb c\u1ea7n th\u01b0\u01a1ng l\u01b0\u1ee3ng v\u1edbi ng\u01b0\u1eddi c\u00f3 nhi\u1ec1u th\u1ea9m quy\u1ec1n h\u01a1n, v\u00ed d\u1ee5 nh\u01b0 ng\u01b0\u1eddi qu\u1ea3n l\u00fd. Qu\u00fd v\u1ecb kh\u00f4ng th\u1ec3 th\u01b0\u01a1ng l\u01b0\u1ee3ng v\u1edbi ng\u01b0\u1eddi kh\u00f4ng c\u00f3 th\u1ea9m quy\u1ec1n \u0111\u1ed3ng \u00fd. Y\u00eau c\u1ea7u \u0111\u01b0\u1ee3c n\u00f3i chuy\u1ec7n v\u1edbi ng\u01b0\u1eddi c\u00f3 th\u1ea9m quy\u1ec1n cung c\u1ea5p d\u1ecbch v\u1ee5 qu\u00fd v\u1ecb c\u1ea7n. \u0110\u1ea1o Lu\u1eadt Lanterman trao cho qu\u00fd v\u1ecb quy\u1ec1n \u0111\u01b0\u1ee3c g\u1eb7p v\u00e0 th\u01b0\u01a1ng l\u01b0\u1ee3ng v\u1edbi ng\u01b0\u1eddi c\u1ee7a trung t\u00e2m khu v\u1ef1c c\u00f3 quy\u1ec1n gi\u1ea3i quy\u1ebft t\u00ecnh hu\u1ed1ng c\u1ee7a qu\u00fd v\u1ecb.<span class=\"footnote_referrer\"><a role=\"button\" tabindex=\"0\" onclick=\"footnote_moveToReference_2000_1('footnote_plugin_reference_2000_1_1');\" onkeypress=\"footnote_moveToReference_2000_1('footnote_plugin_reference_2000_1_1');\" ><sup id=\"footnote_plugin_tooltip_2000_1_1\" class=\"footnote_plugin_tooltip_text\">[1]<\/sup><\/a><span id=\"footnote_plugin_tooltip_text_2000_1_1\" class=\"footnote_tooltip\">M\u1ee5c 4646(d) v\u00e0 (g).<\/span><\/span><script type=\"text\/javascript\"> jQuery('#footnote_plugin_tooltip_2000_1_1').tooltip({ tip: '#footnote_plugin_tooltip_text_2000_1_1', tipClass: 'footnote_tooltip', effect: 'fade', predelay: 0, fadeInSpeed: 200, delay: 400, fadeOutSpeed: 200, position: 'top center', relative: true, offset: [-7, 0], });<\/script><\/p>\n\n\n\n<p><strong>B\u01b0\u1edbc 3:<\/strong>&nbsp;<em>Xem x\u00e9t nh\u1eefng \u0111i\u1ec3m m\u1ea1nh v\u00e0 \u0111i\u1ec3m y\u1ebfu v\u1ec1 v\u1ecb tr\u00ed c\u1ee7a qu\u00fd v\u1ecb v\u00e0 c\u1ee7a trung t\u00e2m khu v\u1ef1c ho\u1eb7c tr\u01b0\u1eddng h\u1ee3p c\u1ee7a c\u01a1 quan kh\u00e1c.&nbsp;<\/em>\u0110\u1ec3 x\u00e1c \u0111\u1ecbnh qu\u00fd v\u1ecb c\u00f3 \u0111ang \u1edf v\u1ecb tr\u00ed c\u00f3 l\u1ee3i th\u1ebf kh\u00f4ng, h\u00e3y suy x\u00e9t:<\/p>\n\n\n\n<ul class=\"wp-block-list\"><li>Lu\u1eadt c\u00f3 quy \u0111\u1ecbnh g\u00ec v\u1ec1 d\u1ecbch v\u1ee5 ho\u1eb7c t\u00ecnh hu\u1ed1ng kh\u00e1c m\u00e0 qu\u00fd v\u1ecb \u0111ang th\u01b0\u01a1ng l\u01b0\u1ee3ng v\u1edbi trung t\u00e2m khu v\u1ef1c.<\/li><li>M\u1ecdi ng\u01b0\u1eddi nh\u1ea5t tr\u00ed v\u1ec1 t\u1ea5t c\u1ea3 nh\u1eefng d\u1ef1 ki\u1ec7n n\u00e0o?<\/li><li>V\u1edbi nh\u1eefng d\u1eef ki\u1ec7n qu\u00fd v\u1ecb v\u00e0 trung t\u00e2m khu v\u1ef1c kh\u00f4ng nh\u1ea5t tr\u00ed, qu\u00fd v\u1ecb c\u00f3 th\u1ec3 ch\u1ee9ng minh suy ngh\u0129 c\u1ee7a m\u00ecnh l\u00e0 \u0111\u00fang kh\u00f4ng?<\/li><li>C\u00f3 c\u00e1c t\u00ecnh hu\u1ed1ng kh\u00e1c, trong \u0111\u00f3 trung t\u00e2m khu v\u1ef1c \u0111\u00e3 cung c\u1ea5p c\u00e1c d\u1ecbch v\u1ee5 t\u01b0\u01a1ng t\u1ef1 cho nh\u1eefng \u0111i\u1ec1u qu\u00fd v\u1ecb \u0111ang y\u00eau c\u1ea7u \u0111\u01b0\u1ee3c nh\u1eadn, \u0111\u1ec3 gi\u1ea3i quy\u1ebft v\u1ea5n \u0111\u1ec1 t\u01b0\u01a1ng t\u1ef1 kh\u00f4ng?<\/li><\/ul>\n\n\n\n<p>Qu\u00fd v\u1ecb c\u00f3 th\u1ec3 t\u0103ng l\u1ee3i th\u1ebf cho tr\u01b0\u1eddng h\u1ee3p c\u1ee7a m\u00ecnh b\u1eb1ng c\u00e1ch:<\/p>\n\n\n\n<ul class=\"wp-block-list\"><li>Y\u00eau c\u1ea7u chuy\u00ean gia th\u1ea9m \u0111\u1ecbnh v\u1ec1 qu\u00fd v\u1ecb v\u00e0 t\u00ecnh hu\u1ed1ng c\u1ee7a qu\u00fd v\u1ecb;<\/li><li>\u0110\u1ec1 ngh\u1ecb kh\u00e1ch h\u00e0ng kh\u00e1c c\u1ee7a trung t\u00e2m khu v\u1ef1c v\u00e0 th\u00e0nh vi\u00ean gia \u0111\u00ecnh bi\u1ebft t\u00ecnh hu\u1ed1ng c\u1ee7a qu\u00fd v\u1ecb \u0111\u1ebfn h\u1ed7 tr\u1ee3 qu\u00fd v\u1ecb theo y\u00eau c\u1ea7u c\u1ee7a qu\u00fd v\u1ecb;<\/li><li>Trao \u0111\u1ed5i v\u1edbi quan ch\u1ee9c d\u00e2n c\u1eed c\u1ee7a \u0111\u1ecba ph\u01b0\u01a1ng ho\u1eb7c ti\u1ec3u bang v\u1ec1 t\u00ecnh hu\u1ed1ng c\u1ee7a qu\u00fd v\u1ecb ho\u1eb7c li\u00ean h\u1ec7 v\u1edbi truy\u1ec1n th\u00f4ng v\u1ec1 tr\u01b0\u1eddng h\u1ee3p c\u1ee7a qu\u00fd v\u1ecb n\u1ebfu trung t\u00e2m khu v\u1ef1c kh\u00f4ng h\u00e0nh \u0111\u1ed9ng h\u1ee3p l\u00fd.<\/li><\/ul>\n\n\n\n<p><strong>B\u01b0\u1edbc 4:<\/strong>&nbsp;<em>L\u1eadp hai danh s\u00e1ch:<\/em>&nbsp;M\u1ed9t danh s\u00e1ch c\u00f3 c\u00e1c l\u00fd do m\u00e0 trung t\u00e2m khu v\u1ef1c (ho\u1eb7c m\u1ed9t c\u01a1 quan kh\u00e1c) n\u00f3i cho qu\u00fd v\u1ecb v\u1ec1 l\u00fd do h\u1ecd kh\u00f4ng \u0111\u1ed3ng \u00fd v\u1edbi qu\u00fd v\u1ecb. Danh s\u00e1ch c\u00f2n l\u1ea1i c\u00f3 c\u00e1c l\u00fd do h\u1ecd&nbsp;<em>c\u00f3 th\u1ec3<\/em>&nbsp;\u0111\u01b0a ra cho vi\u1ec7c kh\u00f4ng \u0111\u1ed3ng \u00fd v\u1edbi qu\u00fd v\u1ecb, nh\u01b0ng ch\u01b0a n\u00f3i ho\u1eb7c vi\u1ebft ra. \u0110\u00e2y l\u00e0 nh\u1eefng l\u00fd do trung t\u00e2m khu v\u1ef1c ho\u1eb7c c\u01a1 quan kh\u00e1c c\u00f3 th\u1ec3 kh\u00f4ng \u0111\u1ed3ng \u00fd v\u1edbi qu\u00fd v\u1ecb:<\/p>\n\n\n\n<ul class=\"wp-block-list\"><li>H\u1ecd kh\u00f4ng \u0111\u1ed3ng \u00fd l\u00e0 qu\u00fd v\u1ecb c\u1ea7n d\u1ecbch v\u1ee5.<\/li><li>H\u1ecd kh\u00f4ng tin l\u00e0 qu\u00fd v\u1ecb c\u00f3 quy\u1ec1n nh\u1eadn d\u1ecbch v\u1ee5 theo lu\u1eadt.<\/li><li>H\u1ecd kh\u00f4ng hi\u1ec3u \u0111i\u1ec1u qu\u00fd v\u1ecb c\u1ea7n.<\/li><li>H\u1ecd kh\u00f4ng tin h\u1ecd c\u00f3 th\u1ec3 \u0111i ng\u01b0\u1ee3c l\u1ea1i m\u1ed9t ch\u00ednh s\u00e1ch hi\u1ec7n c\u00f3 \u0111\u1ec3 mua d\u1ecbch v\u1ee5.<\/li><li>H\u1ecd tin r\u1eb1ng d\u1ecbch v\u1ee5 qu\u00fd v\u1ecb \u0111ang y\u00eau c\u1ea7u c\u00f3 th\u1ec3 g\u00e2y h\u1ea1i cho qu\u00fd v\u1ecb.<\/li><\/ul>\n\n\n\n<p>Trung t\u00e2m khu v\u1ef1c c\u00f3 th\u1ec3 c\u00f3 c\u00e1c l\u00fd do cho vi\u1ec7c kh\u00f4ng \u0111\u1ed3ng \u00fd m\u00e0 h\u1ecd kh\u00f4ng n\u00f3i ho\u1eb7c vi\u1ebft ra \u1edf b\u1ea5t c\u1ee9 \u0111\u00e2u. \u0110\u00f3 l\u00e0:<\/p>\n\n\n\n<ul class=\"wp-block-list\"><li>H\u1ecd s\u1ee3 tr\u00e1ch nhi\u1ec7m ph\u00e1p l\u00fd. \u0110i\u1ec1u n\u00e0y c\u00f3 ngh\u0129a h\u1ecd s\u1ee3 chuy\u1ec7n x\u1ea5u s\u1ebd x\u1ea3y ra v\u1edbi qu\u00fd v\u1ecb v\u00e0 qu\u00fd v\u1ecb s\u1ebd ki\u1ec7n h\u1ecd.<\/li><li>H\u1ecd e ng\u1ea1i vi\u1ec7c \u0111\u1eb7t ra ti\u1ec1n l\u1ec7. Trung t\u00e2m khu v\u1ef1c e ng\u1ea1i r\u1eb1ng n\u1ebfu h\u1ecd cung c\u1ea5p cho qu\u00fd v\u1ecb d\u1ecbch v\u1ee5 n\u00e0y, t\u1ea5t c\u1ea3 nh\u1eefng ng\u01b0\u1eddi kh\u00e1c c\u0169ng s\u1ebd mu\u1ed1n d\u1ecbch v\u1ee5 \u0111\u00f3.<\/li><li>H\u1ecd kh\u00f4ng coi tr\u1ecdng y\u00eau c\u1ea7u c\u1ee7a qu\u00fd v\u1ecb.<\/li><li>H\u1ecd c\u00f3 nh\u1eefng c\u00e1ch l\u00e0m quen thu\u1ed9c, c\u0169ng nh\u01b0 lu\u00f4n s\u1eed d\u1ee5ng c\u00f9ng c\u00e1c quy tr\u00ecnh v\u00e0 cung c\u1ea5p c\u00f9ng c\u00e1c d\u1ecbch v\u1ee5 v\u1edbi c\u00f9ng s\u1ed1 ti\u1ec1n. H\u1ecd kh\u00f4ng mu\u1ed1n thay \u0111\u1ed5i c\u00e1ch h\u1ecd v\u1eabn lu\u00f4n th\u1ef1c hi\u1ec7n m\u1ecdi chuy\u1ec7n cho t\u1ea5t c\u1ea3 m\u1ecdi ng\u01b0\u1eddi h\u1ecd ph\u1ee5c v\u1ee5.<\/li><li>H\u1ecd ngh\u0129 d\u1ecbch v\u1ee5 \u0111\u00f3 s\u1ebd t\u1ed1n qu\u00e1 nhi\u1ec1u ti\u1ec1n.<\/li><\/ul>\n\n\n\n<p><strong>B\u01b0\u1edbc 5:<\/strong>&nbsp;<em>L\u00ean k\u1ebf ho\u1ea1ch v\u00e0 b\u00e1m s\u00e1t!<\/em> Vi\u1ebft ra m\u1ed9t k\u1ebf ho\u1ea1ch cho bi\u1ebft qu\u00fd v\u1ecb s\u1ebd l\u00e0m th\u1ebf n\u00e0o \u0111\u1ec3 trung t\u00e2m khu v\u1ef1c \u0111\u1ed3ng \u00fd v\u1edbi \u0111i\u1ec1u qu\u00fd v\u1ecb mu\u1ed1n. T\u1eadp trung v\u00e0o nh\u1eefng l\u00fd do c\u1ee7a trung t\u00e2m khu v\u1ef1c cho vi\u1ec7c kh\u00f4ng \u0111\u1ed3ng \u00fd v\u1edbi qu\u00fd v\u1ecb. Bao g\u1ed3m nh\u1eefng l\u00fd do h\u1ecd ch\u01b0a \u0111\u1ec1 c\u1eadp \u0111\u1ebfn, nh\u01b0ng qu\u00fd v\u1ecb cho r\u1eb1ng c\u00f3 th\u1ec3 l\u00e0 nguy\u00ean nh\u00e2n trung t\u00e2m khu v\u1ef1c t\u1eeb ch\u1ed1i y\u00eau c\u1ea7u c\u1ee7a qu\u00fd v\u1ecb. N\u1ebfu qu\u00fd v\u1ecb c\u00f3 th\u1ec3 cung c\u1ea5p cho h\u1ecd \u0111i\u1ec1u h\u1ecd mu\u1ed1n ho\u1eb7c lo l\u1eafng, m\u00e0 v\u1eabn nh\u1eadn \u0111\u01b0\u1ee3c \u0111i\u1ec1u qu\u00fd v\u1ecb mu\u1ed1n, qu\u00fd v\u1ecb c\u00f3 c\u01a1 h\u1ed9i th\u00e0nh c\u00f4ng cao.<\/p>\n\n\n\n<p>\u0110\u1ec3 l\u1eadp k\u1ebf ho\u1ea1ch, qu\u00fd v\u1ecb h\u00e3y:<\/p>\n\n\n\n<ul class=\"wp-block-list\"><li>Nghi\u00ean c\u1ee9u c\u00e1c d\u1eef ki\u1ec7n.<\/li><li>X\u00e1c \u0111\u1ecbnh m\u1ee9c cu\u1ed1i c\u00f9ng c\u1ee7a qu\u00fd v\u1ecb.<\/li><li>X\u00e1c \u0111\u1ecbnh nh\u1eefng \u0111i\u1ec3m th\u1ecfa hi\u1ec7p qu\u00fd v\u1ecb kh\u00f4ng s\u1eb5n l\u00f2ng \u0111\u01b0a ra (nh\u1eefng \u0111i\u1ec3m kh\u00f4ng th\u1ec3 th\u01b0\u01a1ng l\u01b0\u1ee3ng).<\/li><li>X\u00e1c \u0111\u1ecbnh nh\u1eefng \u0111i\u1ec3m th\u1ecfa hi\u1ec7p qu\u00fd v\u1ecb s\u1eb5n l\u00f2ng \u0111\u01b0a ra, nh\u01b0ng h\u00e3y gi\u1eef k\u00edn nh\u1eefng \u0111i\u1ec3m n\u00e0y l\u00e2u nh\u1ea5t c\u00f3 th\u1ec3.<\/li><li>\u0110\u1eb7t ra ng\u00e0y, gi\u1edd v\u00e0 \u0111\u1ecba \u0111i\u1ec3m th\u01b0\u01a1ng l\u01b0\u1ee3ng.<\/li><li>L\u1eadp \u0111\u1ec1 c\u01b0\u01a1ng v\u00e0 quy t\u1eafc th\u01b0\u01a1ng l\u01b0\u1ee3ng.<\/li><li>\u0110\u1ec1 ra th\u1eddi h\u1ea1n \u0111\u1ec3 \u0111i \u0111\u1ebfn th\u1ecfa thu\u1eadn. N\u1ebfu qu\u00fd v\u1ecb kh\u00f4ng th\u1ec3 th\u1ecfa thu\u1eadn theo th\u1eddi h\u1ea1n, qu\u00fd v\u1ecb c\u00f3 th\u1ec3 c\u1ea7n \u0111\u1ebfn phi\u00ean \u0111i\u1ec1u tr\u1ea7n.<\/li><\/ul>\n\n\n\n<p>Qu\u00fd v\u1ecb c\u00f3 th\u1ec3 y\u00eau c\u1ea7u ai \u0111\u00f3 gi\u00fap qu\u00fd v\u1ecb th\u01b0\u01a1ng l\u01b0\u1ee3ng, ho\u1eb7c qu\u00fd v\u1ecb c\u00f3 th\u1ec3 \u0111\u01b0a theo m\u1ed9t chuy\u00ean gia \u0111\u1ebfn h\u1ed7 tr\u1ee3 l\u1eadp tr\u01b0\u1eddng c\u1ee7a qu\u00fd v\u1ecb. Qu\u00fd v\u1ecb c\u00f3 th\u1ec3 y\u00eau c\u1ea7u ng\u01b0\u1eddi c\u00f3 nhi\u1ec1u th\u1ea9m quy\u1ec1n h\u01a1n t\u1eeb trung t\u00e2m khu v\u1ef1c \u0111\u1ebfn cu\u1ed9c th\u01b0\u01a1ng l\u01b0\u1ee3ng n\u1ebfu qu\u00fd v\u1ecb e ng\u1ea1i nh\u1eefng ng\u01b0\u1eddi ph\u00f9 h\u1ee3p s\u1ebd kh\u00f4ng tham d\u1ef1.<\/p>\n\n\n\n<p><a href=\"http:\/\/www.rula.disabilityrightsca.org\/vi\/supplements\/supplement-m-prepare-to-negotiate-with-the-regional-center-or-other-agency\/\" data-type=\"page\" data-id=\"1954\"><a href=\"https:\/\/rula.disabilityrightsca.org\/supplements\/supplement-m-prepare-to-negotiate-with-the-regional-center-or-other-agency\/\">Ph\u1ee5 L\u1ee5c M<\/a><\/a>\u00a0c\u00f3 b\u1ea3ng c\u00f4ng vi\u1ec7c c\u00f3 th\u1ec3 gi\u00fap qu\u00fd v\u1ecb chu\u1ea9n b\u1ecb cho cu\u1ed9c th\u01b0\u01a1ng l\u01b0\u1ee3ng.<\/p>\n<div class=\"speaker-mute footnotes_reference_container\"> <div class=\"footnote_container_prepare\"><p><span role=\"button\" tabindex=\"0\" class=\"footnote_reference_container_label pointer\" onclick=\"footnote_expand_collapse_reference_container_2000_1();\">&#x202F;<\/span><span role=\"button\" tabindex=\"0\" class=\"footnote_reference_container_collapse_button\" style=\"display: none;\" onclick=\"footnote_expand_collapse_reference_container_2000_1();\">[<a id=\"footnote_reference_container_collapse_button_2000_1\">+<\/a>]<\/span><\/p><\/div> <div id=\"footnote_references_container_2000_1\" style=\"\"><table class=\"footnotes_table footnote-reference-container\"><caption class=\"accessibility\">References<\/caption> <tbody> \r\n\r\n<tr class=\"footnotes_plugin_reference_row\"> <th scope=\"row\" class=\"footnote_plugin_index_combi pointer\"  onclick=\"footnote_moveToAnchor_2000_1('footnote_plugin_tooltip_2000_1_1');\"><a id=\"footnote_plugin_reference_2000_1_1\" class=\"footnote_backlink\"><span class=\"footnote_index_arrow\">&#8593;<\/span>1<\/a><\/th> <td class=\"footnote_plugin_text\">M\u1ee5c 4646(d) v\u00e0 (g).<\/td><\/tr>\r\n\r\n <\/tbody> <\/table> <\/div><\/div><script type=\"text\/javascript\"> function footnote_expand_reference_container_2000_1() { jQuery('#footnote_references_container_2000_1').show(); jQuery('#footnote_reference_container_collapse_button_2000_1').text('\u2212'); } function footnote_collapse_reference_container_2000_1() { jQuery('#footnote_references_container_2000_1').hide(); jQuery('#footnote_reference_container_collapse_button_2000_1').text('+'); } function footnote_expand_collapse_reference_container_2000_1() { if (jQuery('#footnote_references_container_2000_1').is(':hidden')) { footnote_expand_reference_container_2000_1(); } else { footnote_collapse_reference_container_2000_1(); } } function footnote_moveToReference_2000_1(p_str_TargetID) { footnote_expand_reference_container_2000_1(); var l_obj_Target = jQuery('#' + p_str_TargetID); if (l_obj_Target.length) { jQuery( 'html, body' ).delay( 0 ); jQuery('html, body').animate({ scrollTop: l_obj_Target.offset().top - window.innerHeight * 0.2 }, 380); } } function footnote_moveToAnchor_2000_1(p_str_TargetID) { footnote_expand_reference_container_2000_1(); var l_obj_Target = jQuery('#' + p_str_TargetID); if (l_obj_Target.length) { jQuery( 'html, body' ).delay( 0 ); jQuery('html, body').animate({ scrollTop: l_obj_Target.offset().top - window.innerHeight * 0.2 }, 380); } }<\/script>","protected":false},"excerpt":{"rendered":"<p>Th\u01b0\u01a1ng l\u01b0\u1ee3ng l\u00e0 qu\u00e1 tr\u00ecnh hai b\u00ean c\u00f9ng c\u1ed1 g\u1eafng \u0111\u1ea1t \u0111\u01b0\u1ee3c s\u1ef1 nh\u1ea5t tr\u00ed v\u1ec1 \u0111i\u1ec1u m\u00e0 c\u1ea3 hai b\u00ean \u0111\u1ec1u mu\u1ed1n. Th\u00f4ng th\u01b0\u1eddng,&hellip;<\/p>\n","protected":false},"author":1,"featured_media":0,"parent":1957,"menu_order":15,"comment_status":"closed","ping_status":"closed","template":"","meta":{"footnotes":""},"class_list":["post-2000","page","type-page","status-publish","hentry"],"_links":{"self":[{"href":"https:\/\/rula.disabilityrightsca.org\/vi\/wp-json\/wp\/v2\/pages\/2000","targetHints":{"allow":["GET"]}}],"collection":[{"href":"https:\/\/rula.disabilityrightsca.org\/vi\/wp-json\/wp\/v2\/pages"}],"about":[{"href":"https:\/\/rula.disabilityrightsca.org\/vi\/wp-json\/wp\/v2\/types\/page"}],"author":[{"embeddable":true,"href":"https:\/\/rula.disabilityrightsca.org\/vi\/wp-json\/wp\/v2\/users\/1"}],"replies":[{"embeddable":true,"href":"https:\/\/rula.disabilityrightsca.org\/vi\/wp-json\/wp\/v2\/comments?post=2000"}],"version-history":[{"count":5,"href":"https:\/\/rula.disabilityrightsca.org\/vi\/wp-json\/wp\/v2\/pages\/2000\/revisions"}],"predecessor-version":[{"id":3484,"href":"https:\/\/rula.disabilityrightsca.org\/vi\/wp-json\/wp\/v2\/pages\/2000\/revisions\/3484"}],"up":[{"embeddable":true,"href":"https:\/\/rula.disabilityrightsca.org\/vi\/wp-json\/wp\/v2\/pages\/1957"}],"wp:attachment":[{"href":"https:\/\/rula.disabilityrightsca.org\/vi\/wp-json\/wp\/v2\/media?parent=2000"}],"curies":[{"name":"wp","href":"https:\/\/api.w.org\/{rel}","templated":true}]}}