{"id":1998,"date":"2021-09-24T17:15:54","date_gmt":"2021-09-24T17:15:54","guid":{"rendered":"http:\/\/www.rula.disabilityrightsca.org\/vi\/?page_id=1998"},"modified":"2022-04-20T23:53:54","modified_gmt":"2022-04-20T23:53:54","slug":"5-14-what-should-i-know-to-be-a-good-advocate","status":"publish","type":"page","link":"https:\/\/rula.disabilityrightsca.org\/vi\/rula-book\/chapter-5-advocating-for-yourself\/5-14-what-should-i-know-to-be-a-good-advocate\/","title":{"rendered":"(5.14) T\u00f4i c\u1ea7n bi\u1ebft nh\u1eefng \u0111i\u1ec1u g\u00ec \u0111\u1ec3 l\u00e0m ng\u01b0\u1eddi b\u00eanh v\u1ef1c gi\u1ecfi?"},"content":{"rendered":"\n<p><strong>Thu th\u1eadp c\u00e1c d\u1eef ki\u1ec7n.<\/strong>&nbsp;Suy x\u00e9t \u0111\u1ebfn nh\u1eefng \u0111i\u1ec1u qu\u00fd v\u1ecb mu\u1ed1n bi\u1ebft v\u1ec1 t\u00ecnh hu\u1ed1ng n\u1ebfu qu\u00fd v\u1ecb bi\u1ebft \u0111\u1ebfn l\u1ea7n \u0111\u1ea7u.&nbsp;Xem x\u00e9t t\u1ea5t c\u1ea3 t\u00e0i li\u1ec7u li\u00ean quan \u0111\u1ebfn t\u00ecnh hu\u1ed1ng trong h\u1ed3 s\u01a1 c\u1ee7a qu\u00fd v\u1ecb t\u1ea1i c\u01a1 quan ho\u1eb7c trung t\u00e2m khu v\u1ef1c. Qu\u00fd v\u1ecb c\u00f3 th\u1ec3 xem l\u1ea1i h\u1ed3 s\u01a1 c\u1ee7a ch\u00ednh qu\u00fd v\u1ecb t\u1ea1i b\u1ea5t c\u1ee9 c\u01a1 quan n\u00e0o v\u00e0 sao ch\u00e9p h\u1ed3 s\u01a1. Theo lu\u1eadt, chi ph\u00ed sao ch\u00e9p gi\u1ea5y t\u1edd c\u1ee7a qu\u00fd v\u1ecb kh\u00f4ng \u0111\u01b0\u1ee3c v\u01b0\u1ee3t qu\u00e1 10 cent\/trang, tr\u1eeb khi c\u00f3 lu\u1eadt kh\u00e1c \u0111\u1eb7t ra m\u1ed9t s\u1ed1 ti\u1ec1n kh\u00e1c.<span class=\"footnote_referrer\"><a role=\"button\" tabindex=\"0\" onclick=\"footnote_moveToReference_1998_1('footnote_plugin_reference_1998_1_1');\" onkeypress=\"footnote_moveToReference_1998_1('footnote_plugin_reference_1998_1_1');\" ><sup id=\"footnote_plugin_tooltip_1998_1_1\" class=\"footnote_plugin_tooltip_text\">[1]<\/sup><\/a><span id=\"footnote_plugin_tooltip_text_1998_1_1\" class=\"footnote_tooltip\">B\u1ed9 Lu\u1eadt D\u00e2n S\u1ef1 California m\u1ee5c 1798.33.<\/span><\/span><script type=\"text\/javascript\"> jQuery('#footnote_plugin_tooltip_1998_1_1').tooltip({ tip: '#footnote_plugin_tooltip_text_1998_1_1', tipClass: 'footnote_tooltip', effect: 'fade', predelay: 0, fadeInSpeed: 200, delay: 400, fadeOutSpeed: 200, position: 'top center', relative: true, offset: [-7, 0], });<\/script><sup>&nbsp;<\/sup>Qu\u00fd v\u1ecb kh\u00f4ng ph\u1ea3i thanh to\u00e1n cho th\u1eddi gian ti\u00eau t\u1ed1n cho vi\u1ec7c sao ch\u00e9p.&nbsp;L\u01b0u gi\u1eef b\u1ea3n sao trong h\u1ed3 s\u01a1 c\u00e1 nh\u00e2n c\u1ee7a ri\u00eang qu\u00fd v\u1ecb g\u1ed3m m\u1ed7i lo\u1ea1i gi\u1ea5y t\u1edd m\u00e0 trung t\u00e2m khu v\u1ef1c (hay b\u1ea5t k\u1ef3 c\u01a1 quan n\u00e0o kh\u00e1c) c\u00f3 trong h\u1ed3 s\u01a1 c\u1ee7a h\u1ecd v\u1ec1 qu\u00fd v\u1ecb.<\/p>\n\n\n\n<p><strong>Vi\u1ebft nh\u1eadt k\u00fd.<\/strong>&nbsp;N\u1ebfu qu\u00fd v\u1ecb c\u00f3 cu\u1ed9c h\u1ecdp ho\u1eb7c cu\u1ed9c g\u1ecdi \u0111i\u1ec7n tho\u1ea1i, h\u00e3y vi\u1ebft l\u1ea1i nh\u1eefng \u0111i\u1ec1u m\u1ecdi ng\u01b0\u1eddi n\u00f3i. Vi\u1ebft ra ai tham d\u1ef1 cu\u1ed9c h\u1ecdp v\u00e0 ai n\u00f3i c\u00e1i g\u00ec. C\u00e1ch n\u00e0y v\u1ec1 sau s\u1ebd gi\u00fap nh\u1eafc nh\u1edf qu\u00fd v\u1ecb v\u1ec1 chuy\u1ec7n \u0111\u00e3 di\u1ec5n ra. L\u01b0u gi\u1eef chung t\u1ea5t c\u1ea3 gi\u1ea5y t\u1edd li\u00ean quan \u0111\u1ebfn t\u00ecnh hu\u1ed1ng trong h\u1ed3 s\u01a1 c\u1ee7a qu\u00fd v\u1ecb.<\/p>\n\n\n\n<p><strong>N\u1ebfu qu\u00fd v\u1ecb kh\u00f4ng hi\u1ec3u, h\u00e3y \u0111\u1eb7t c\u00e2u h\u1ecfi.<\/strong>&nbsp;Qu\u00fd v\u1ecb c\u00f3 quy\u1ec1n nh\u1eadn th\u00f4ng tin t\u1eeb m\u1ecdi c\u01a1 quan theo c\u00e1ch qu\u00fd v\u1ecb c\u00f3 th\u1ec3 hi\u1ec3u v\u00e0 b\u1eb1ng ng\u00f4n ng\u1eef qu\u00fd v\u1ecb hi\u1ec3u. N\u1ebfu qu\u00fd v\u1ecb kh\u00f4ng hi\u1ec3u \u0111i\u1ec1u ai \u0111\u00f3 n\u00f3i v\u1edbi qu\u00fd v\u1ecb, h\u00e3y y\u00eau c\u1ea7u h\u1ecd gi\u1ea3i th\u00edch. Qu\u00fd v\u1ecb c\u00f3 th\u1ec3 t\u00f9y \u00fd \u0111\u1eb7t s\u1ed1 l\u01b0\u1ee3ng c\u00e2u h\u1ecfi c\u1ea7n thi\u1ebft \u0111\u1ec3 hi\u1ec3u.<\/p>\n\n\n\n<p><strong>L\u00e0m ng\u01b0\u1eddi l\u1eafng nghe t\u1ed1t.<\/strong>&nbsp;Sau khi qu\u00fd v\u1ecb y\u00eau c\u1ea7u d\u1ecbch v\u1ee5 ho\u1eb7c \u0111\u1eb7t c\u00e2u h\u1ecfi, h\u00e3y l\u1eafng nghe l\u1eddi \u0111\u00e1p c\u1ee7a h\u1ecd v\u00e0 vi\u1ebft l\u1ea1i \u0111i\u1ec1u h\u1ecd n\u00f3i. T\u1ef1 h\u1ecfi xem l\u1eddi \u0111\u00e1p \u0111\u00f3 c\u00f3 tr\u1ea3 l\u1eddi cho c\u00e2u h\u1ecfi qu\u00fd v\u1ecb \u0111\u00e3 \u0111\u1eb7t ra kh\u00f4ng. N\u1ebfu kh\u00f4ng, h\u00e3y h\u1ecfi c\u00e2u ti\u1ebfp n\u1ed1i.&nbsp;Kh\u00f4ng chuy\u1ec3n sang th\u1ea3o lu\u1eadn c\u00e2u h\u1ecfi m\u1edbi cho \u0111\u1ebfn khi qu\u00fd v\u1ecb hi\u1ec3u nh\u1eefng \u0111i\u1ec1u h\u1ecd n\u00f3i v\u1ec1 y\u00eau c\u1ea7u ho\u1eb7c t\u00ecnh hu\u1ed1ng qu\u00fd v\u1ecb v\u1eeba th\u1ea3o lu\u1eadn. &nbsp;<\/p>\n\n\n\n<p><strong>\u0110\u1ea3m b\u1ea3o qu\u00fd v\u1ecb v\u00e0 trung t\u00e2m khu v\u1ef1c \u0111ang tr\u00f2 chuy\u1ec7n v\u1ec1 nh\u1eefng \u0111i\u1ec1u gi\u1ed1ng nhau.&nbsp;<\/strong>N\u1ebfu qu\u00fd v\u1ecb ph\u1ea3i tranh lu\u1eadn v\u1edbi trung t\u00e2m khu v\u1ef1c v\u1ec1 \u0111i\u1ec1u g\u00ec \u0111\u00f3 quan tr\u1ecdng v\u1edbi qu\u00fd v\u1ecb, tr\u01b0\u1edbc ti\u00ean h\u00e3y \u0111\u1ea3m b\u1ea3o m\u1ecdi ng\u01b0\u1eddi hi\u1ec3u nhau v\u00e0 nh\u1ea5t tr\u00ed v\u1ec1 c\u00e1c d\u1eef ki\u1ec7n c\u01a1 b\u1ea3n.&nbsp;M\u1ed7i b\u00ean c\u00f3 th\u1ec3 c\u00f3 quan \u0111i\u1ec3m ri\u00eang v\u1ec1 c\u00e1c d\u1eef ki\u1ec7n, nh\u01b0ng kh\u00f4ng b\u00ean n\u00e0o \u0111\u01b0\u1ee3c c\u00f3 d\u1eef ki\u1ec7n ri\u00eang.&nbsp;Cung c\u1ea5p cho h\u1ecd th\u00f4ng tin ch\u1ec9 qu\u00fd v\u1ecb m\u1edbi bi\u1ebft, ho\u1eb7c th\u00f4ng tin c\u00f3 trong b\u00e1o c\u00e1o \u0111\u00e1nh gi\u00e1 c\u1ee7a qu\u00fd v\u1ecb.&nbsp;Cung c\u1ea5p cho h\u1ecd th\u00f4ng tin \u0111\u01b0\u1ee3c b\u00e1o c\u00e1o b\u1edfi ng\u01b0\u1eddi bi\u1ebft r\u00f5 qu\u00fd v\u1ecb ho\u1eb7c b\u1edfi m\u1ed9t trong c\u00e1c nh\u00e0 cung c\u1ea5p d\u1ecbch v\u1ee5 cho qu\u00fd v\u1ecb. Sau khi qu\u00fd v\u1ecb v\u00e0 trung t\u00e2m khu v\u1ef1c nh\u1ea5t tr\u00ed v\u1ec1 c\u00e1c d\u1eef ki\u1ec7n c\u01a1 b\u1ea3n trong y\u00eau c\u1ea7u ho\u1eb7c t\u00ecnh hu\u1ed1ng c\u1ee7a qu\u00fd v\u1ecb, qu\u00fd v\u1ecb c\u00f3 th\u1ec3 b\u00e0n v\u1ec1 c\u00e1c d\u1ecbch v\u1ee5 v\u00e0 gi\u1ea3i ph\u00e1p kh\u00e1c.&nbsp;<\/p>\n\n\n\n<p>\u0110\u00f4i khi qu\u00fd v\u1ecb kh\u00f4ng th\u1ec3 \u0111\u1ed3ng \u00fd v\u1edbi trung t\u00e2m khu v\u1ef1c v\u1ec1 c\u00e1c d\u1eef ki\u1ec7n ho\u1eb7c nhu c\u1ea7u c\u1ee7a qu\u00fd v\u1ecb.&nbsp;N\u1ebfu chuy\u1ec7n \u0111\u00f3 x\u1ea3y ra, qu\u00fd v\u1ecb c\u00f3 th\u1ec3 c\u1ea7n \u0111\u1ebfn phi\u00ean \u0111i\u1ec1u tr\u1ea7n v\u00e0 nh\u1edd th\u1ea9m ph\u00e1n lu\u1eadt h\u00e0nh ch\u00ednh quy\u1ebft \u0111\u1ecbnh v\u1ec1 c\u00e1c d\u1eef ki\u1ec7n n\u00e0y.&nbsp;Nh\u1eefng phi\u00ean \u0111i\u1ec1u tr\u1ea7n nh\u01b0 th\u1ebf n\u00e0y l\u00e0 nh\u1eb1m t\u00ecm ra c\u00e1c d\u1eef ki\u1ec7n r\u1ed3i \u00e1p d\u1ee5ng lu\u1eadt v\u00e0 quy\u1ebft \u0111\u1ecbnh.<\/p>\n\n\n\n<p><strong>Chu\u1ea9n b\u1ecb tr\u01b0\u1edbc.<\/strong>&nbsp;Tr\u01b0\u1edbc khi tham gia cu\u1ed9c h\u1ecdp, h\u00e3y xem qua h\u1ed3 s\u01a1 c\u1ee7a qu\u00fd v\u1ecb. Bi\u1ebft r\u00f5 \u0111i\u1ec1u qu\u00fd v\u1ecb mu\u1ed1n v\u00e0 l\u00fd do qu\u00fd v\u1ecb mu\u1ed1n \u0111i\u1ec1u \u0111\u00f3. H\u00e3y chu\u1ea9n b\u1ecb danh s\u00e1ch c\u00e1c c\u00e2u h\u1ecfi m\u00e0 qu\u00fd v\u1ecb mu\u1ed1n c\u00f3 c\u00e2u tr\u1ea3 l\u1eddi.&nbsp;Mang theo t\u1ea5t c\u1ea3 th\u00f4ng tin c\u1ee7a qu\u00fd v\u1ecb v\u1ec1 \u0111i\u1ec1u qu\u00fd v\u1ecb c\u1ea7n v\u00e0 mu\u1ed1n c\u0169ng nh\u01b0 l\u00fd do. T\u00ecm ra tr\u01b0\u1edbc cu\u1ed9c h\u1ecdp nh\u1eefng \u0111i\u1ec1u trung t\u00e2m khu v\u1ef1c c\u00f3 th\u1ec3 n\u00f3i ho\u1eb7c th\u00f4ng tin trong h\u1ed3 s\u01a1 c\u1ee7a qu\u00fd v\u1ecb m\u00e0 trung t\u00e2m khu v\u1ef1c c\u00f3 th\u1ec3 d\u1eabn ra v\u1ec1 c\u00e1c v\u1ea5n \u0111\u1ec1. K\u1ebb m\u1ed9t \u0111\u01b0\u1eddng d\u1ecdc \u1edf gi\u1eefa trang gi\u1ea5y v\u00e0 li\u1ec7t k\u00ea c\u00e1c d\u1eef ki\u1ec7n c\u00f9ng b\u1eb1ng ch\u1ee9ng qu\u00fd v\u1ecb c\u00f3 \u1edf m\u1ed9t b\u00ean trang gi\u1ea5y.&nbsp;Vi\u1ebft ra c\u00e1c d\u1eef ki\u1ec7n ho\u1eb7c b\u1eb1ng ch\u1ee9ng trung t\u00e2m khu v\u1ef1c ho\u1eb7c c\u01a1 quan kh\u00e1c c\u00f3 \u1edf b\u00ean c\u00f2n l\u1ea1i.&nbsp;C\u00e1ch n\u00e0y s\u1ebd cho th\u1ea5y nh\u1eefng \u0111i\u1ec3m qu\u00fd v\u1ecb c\u1ea7n c\u00f3 th\u00eam b\u1eb1ng ch\u1ee9ng.&nbsp;C\u00f3 th\u1ec3 qu\u00fd v\u1ecb c\u1ea7n m\u1ed9t b\u00e1o c\u00e1o th\u1ea9m \u0111\u1ecbnh m\u1edbi ho\u1eb7c th\u00f4ng tin t\u1eeb m\u1ed9t trong c\u00e1c nh\u00e0 cung c\u1ea5p c\u1ee7a qu\u00fd v\u1ecb \u0111\u1ec3 gi\u1ea3i quy\u1ebft nh\u1eefng \u0111i\u1ec1u m\u00e0 trung t\u00e2m khu v\u1ef1c c\u00f3 th\u1ec3 n\u00f3i.<\/p>\n\n\n\n<p><strong>Chia s\u1ebb th\u00f4ng tin.<\/strong> \u00dd ki\u1ebfn c\u1ee7a qu\u00fd v\u1ecb r\u1ea5t c\u00f3 gi\u00e1 tr\u1ecb. Qu\u00fd v\u1ecb bi\u1ebft nhu c\u1ea7u c\u1ee7a m\u00ecnh c\u0169ng nh\u01b0 c\u00e1c chuy\u00ean gia \u0111\u00e3 th\u1ea9m \u0111\u1ecbnh qu\u00fd v\u1ecb. \u0110\u1eebng e ng\u1ea1i n\u00f3i ra suy ngh\u0129 c\u1ee7a qu\u00fd v\u1ecb.<\/p>\n\n\n\n<p><strong>Th\u1ec3 hi\u1ec7n s\u1ef1 quy\u1ebft \u0111o\u00e1n<\/strong> Qu\u00fd v\u1ecb c\u00f3 quy\u1ec1n nh\u1eadn c\u00e1c d\u1ecbch v\u1ee5. C\u01a1 quan lu\u00f4n s\u1eb5n s\u00e0ng tr\u1ee3 gi\u00fap qu\u00fd v\u1ecb nh\u1eadn d\u1ecbch v\u1ee5. Qu\u00fd v\u1ecb kh\u00f4ng c\u1ea7n t\u1ee9c gi\u1eadn nh\u01b0ng qu\u00fd v\u1ecb th\u1ef1c s\u1ef1 c\u1ea7n l\u00ean ti\u1ebfng cho b\u1ea3n th\u00e2n.<\/p>\n\n\n\n<p><strong>Nh\u1eadn s\u1ef1 tr\u1ee3 gi\u00fap khi qu\u00fd v\u1ecb c\u1ea7n \u0111\u1ebfn.<\/strong>&nbsp;N\u1ebfu qu\u00fd v\u1ecb kh\u00f4ng c\u1ea3m th\u1ea5y tho\u1ea3i m\u00e1i v\u1edbi vi\u1ec7c tham gia cu\u1ed9c h\u1ecdp m\u1ed9t m\u00ecnh, h\u00e3y nh\u1edd ai \u0111\u00f3 \u0111i c\u00f9ng qu\u00fd v\u1ecb. \u0110\u01b0a theo m\u1ed9t ng\u01b0\u1eddi b\u1ea1n, ng\u01b0\u1eddi th\u00e2n ho\u1eb7c ng\u01b0\u1eddi t\u1eeb t\u1ed5 ch\u1ee9c b\u00eanh v\u1ef1c. Qu\u00fd v\u1ecb lu\u00f4n c\u00f3 th\u1ec3 \u0111\u01b0a ng\u01b0\u1eddi \u0111\u1ebfn c\u00f9ng. H\u1ecd c\u00f3 th\u1ec3 gi\u00fap qu\u00fd v\u1ecb duy tr\u00ec s\u1ef1 t\u1eadp trung v\u00e0 vi\u1ebft ghi ch\u00fa t\u1ea1i cu\u1ed9c h\u1ecdp. Vi\u1ec7c c\u00f3 ng\u01b0\u1eddi \u1edf \u0111\u00f3 \u0111\u1ec3 h\u1ed7 tr\u1ee3 c\u1ea3m x\u00fac b\u1eb1ng l\u1eddi n\u00f3i c\u00f3 th\u1ec3 gi\u00fap \u00edch cho qu\u00fd v\u1ecb.<\/p>\n\n\n\n<p>Xem c\u00e1c \u1ea5n ph\u1ea9m kh\u00e1c c\u1ee7a DRC v\u1ec1 c\u00e1c k\u1ef9 n\u0103ng v\u00e0 chi\u1ebfn thu\u1eadt t\u1ef1 b\u00eanh v\u1ef1c b\u1eb1ng c\u00e1ch nh\u1ea5p v\u00e0o&nbsp;<a href=\"https:\/\/www.disabilityrightsca.org\/resources\/self-advocacy\">\u0111\u00e2y<\/a>.<\/p>\n<div class=\"speaker-mute footnotes_reference_container\"> <div class=\"footnote_container_prepare\"><p><span role=\"button\" tabindex=\"0\" class=\"footnote_reference_container_label pointer\" onclick=\"footnote_expand_collapse_reference_container_1998_1();\">&#x202F;<\/span><span role=\"button\" tabindex=\"0\" class=\"footnote_reference_container_collapse_button\" style=\"display: none;\" onclick=\"footnote_expand_collapse_reference_container_1998_1();\">[<a id=\"footnote_reference_container_collapse_button_1998_1\">+<\/a>]<\/span><\/p><\/div> <div id=\"footnote_references_container_1998_1\" style=\"\"><table class=\"footnotes_table footnote-reference-container\"><caption class=\"accessibility\">References<\/caption> <tbody> \r\n\r\n<tr class=\"footnotes_plugin_reference_row\"> <th scope=\"row\" class=\"footnote_plugin_index_combi pointer\"  onclick=\"footnote_moveToAnchor_1998_1('footnote_plugin_tooltip_1998_1_1');\"><a id=\"footnote_plugin_reference_1998_1_1\" class=\"footnote_backlink\"><span class=\"footnote_index_arrow\">&#8593;<\/span>1<\/a><\/th> <td class=\"footnote_plugin_text\">B\u1ed9 Lu\u1eadt D\u00e2n S\u1ef1 California m\u1ee5c 1798.33.<\/td><\/tr>\r\n\r\n <\/tbody> <\/table> <\/div><\/div><script type=\"text\/javascript\"> function footnote_expand_reference_container_1998_1() { jQuery('#footnote_references_container_1998_1').show(); jQuery('#footnote_reference_container_collapse_button_1998_1').text('\u2212'); } function footnote_collapse_reference_container_1998_1() { jQuery('#footnote_references_container_1998_1').hide(); jQuery('#footnote_reference_container_collapse_button_1998_1').text('+'); } function footnote_expand_collapse_reference_container_1998_1() { if (jQuery('#footnote_references_container_1998_1').is(':hidden')) { footnote_expand_reference_container_1998_1(); } else { footnote_collapse_reference_container_1998_1(); } } function footnote_moveToReference_1998_1(p_str_TargetID) { footnote_expand_reference_container_1998_1(); var l_obj_Target = jQuery('#' + p_str_TargetID); if (l_obj_Target.length) { jQuery( 'html, body' ).delay( 0 ); jQuery('html, body').animate({ scrollTop: l_obj_Target.offset().top - window.innerHeight * 0.2 }, 380); } } function footnote_moveToAnchor_1998_1(p_str_TargetID) { footnote_expand_reference_container_1998_1(); var l_obj_Target = jQuery('#' + p_str_TargetID); if (l_obj_Target.length) { jQuery( 'html, body' ).delay( 0 ); jQuery('html, body').animate({ scrollTop: l_obj_Target.offset().top - window.innerHeight * 0.2 }, 380); } }<\/script>","protected":false},"excerpt":{"rendered":"<p>Thu th\u1eadp c\u00e1c d\u1eef ki\u1ec7n.&nbsp;Suy x\u00e9t \u0111\u1ebfn nh\u1eefng \u0111i\u1ec1u qu\u00fd v\u1ecb mu\u1ed1n bi\u1ebft v\u1ec1 t\u00ecnh hu\u1ed1ng n\u1ebfu qu\u00fd v\u1ecb bi\u1ebft \u0111\u1ebfn l\u1ea7n \u0111\u1ea7u.&nbsp;Xem x\u00e9t t\u1ea5t&hellip;<\/p>\n","protected":false},"author":1,"featured_media":0,"parent":1957,"menu_order":14,"comment_status":"closed","ping_status":"closed","template":"","meta":{"footnotes":""},"class_list":["post-1998","page","type-page","status-publish","hentry"],"_links":{"self":[{"href":"https:\/\/rula.disabilityrightsca.org\/vi\/wp-json\/wp\/v2\/pages\/1998","targetHints":{"allow":["GET"]}}],"collection":[{"href":"https:\/\/rula.disabilityrightsca.org\/vi\/wp-json\/wp\/v2\/pages"}],"about":[{"href":"https:\/\/rula.disabilityrightsca.org\/vi\/wp-json\/wp\/v2\/types\/page"}],"author":[{"embeddable":true,"href":"https:\/\/rula.disabilityrightsca.org\/vi\/wp-json\/wp\/v2\/users\/1"}],"replies":[{"embeddable":true,"href":"https:\/\/rula.disabilityrightsca.org\/vi\/wp-json\/wp\/v2\/comments?post=1998"}],"version-history":[{"count":3,"href":"https:\/\/rula.disabilityrightsca.org\/vi\/wp-json\/wp\/v2\/pages\/1998\/revisions"}],"predecessor-version":[{"id":3023,"href":"https:\/\/rula.disabilityrightsca.org\/vi\/wp-json\/wp\/v2\/pages\/1998\/revisions\/3023"}],"up":[{"embeddable":true,"href":"https:\/\/rula.disabilityrightsca.org\/vi\/wp-json\/wp\/v2\/pages\/1957"}],"wp:attachment":[{"href":"https:\/\/rula.disabilityrightsca.org\/vi\/wp-json\/wp\/v2\/media?parent=1998"}],"curies":[{"name":"wp","href":"https:\/\/api.w.org\/{rel}","templated":true}]}}