{"id":1996,"date":"2021-09-24T17:12:44","date_gmt":"2021-09-24T17:12:44","guid":{"rendered":"http:\/\/www.rula.disabilityrightsca.org\/vi\/?page_id=1996"},"modified":"2022-04-20T23:53:35","modified_gmt":"2022-04-20T23:53:35","slug":"5-13-if-i-dont-have-someone-to-help-me-advocate-for-myself-can-i-get-a-representative","status":"publish","type":"page","link":"https:\/\/rula.disabilityrightsca.org\/vi\/rula-book\/chapter-5-advocating-for-yourself\/5-13-if-i-dont-have-someone-to-help-me-advocate-for-myself-can-i-get-a-representative\/","title":{"rendered":"(5.13) N\u1ebfu t\u00f4i kh\u00f4ng c\u00f3 ng\u01b0\u1eddi gi\u00fap t\u00f4i b\u00eanh v\u1ef1c cho b\u1ea3n th\u00e2n, t\u00f4i c\u00f3 th\u1ec3 c\u00f3 m\u1ed9t ng\u01b0\u1eddi \u0111\u1ea1i di\u1ec7n kh\u00f4ng?"},"content":{"rendered":"\n<p>A regional office of the State Council on Developmental Disabilities may advocate for you or help you to advocate for yV\u0103n ph\u00f2ng khu v\u1ef1c c\u1ee7a H\u1ed9i \u0110\u1ed3ng Ti\u1ec3u Bang v\u1ec1 Khuy\u1ebft T\u1eadt Ph\u00e1t Tri\u1ec3n c\u00f3 th\u1ec3 b\u00eanh v\u1ef1c cho qu\u00fd v\u1ecb ho\u1eb7c gi\u00fap qu\u00fd v\u1ecb b\u00eanh v\u1ef1c cho b\u1ea3n th\u00e2n. SCDD c\u00f3 th\u1ec3 ch\u1ec9 \u0111\u1ecbnh m\u1ed9t ng\u01b0\u1eddi \u0111\u1ea1i di\u1ec7n \u0111\u1ec3 gi\u00fap qu\u00fd v\u1ecb ho\u1eb7c b\u00eanh v\u1ef1c cho qu\u00fd v\u1ecb.<\/p>\n","protected":false},"excerpt":{"rendered":"<p>A regional office of the State Council on Developmental Disabilities may advocate for you or help you to advocate for yV\u0103n ph\u00f2ng khu v\u1ef1c c\u1ee7a&hellip;<\/p>\n","protected":false},"author":1,"featured_media":0,"parent":1957,"menu_order":13,"comment_status":"closed","ping_status":"closed","template":"","meta":{"footnotes":""},"class_list":["post-1996","page","type-page","status-publish","hentry"],"_links":{"self":[{"href":"https:\/\/rula.disabilityrightsca.org\/vi\/wp-json\/wp\/v2\/pages\/1996","targetHints":{"allow":["GET"]}}],"collection":[{"href":"https:\/\/rula.disabilityrightsca.org\/vi\/wp-json\/wp\/v2\/pages"}],"about":[{"href":"https:\/\/rula.disabilityrightsca.org\/vi\/wp-json\/wp\/v2\/types\/page"}],"author":[{"embeddable":true,"href":"https:\/\/rula.disabilityrightsca.org\/vi\/wp-json\/wp\/v2\/users\/1"}],"replies":[{"embeddable":true,"href":"https:\/\/rula.disabilityrightsca.org\/vi\/wp-json\/wp\/v2\/comments?post=1996"}],"version-history":[{"count":2,"href":"https:\/\/rula.disabilityrightsca.org\/vi\/wp-json\/wp\/v2\/pages\/1996\/revisions"}],"predecessor-version":[{"id":2996,"href":"https:\/\/rula.disabilityrightsca.org\/vi\/wp-json\/wp\/v2\/pages\/1996\/revisions\/2996"}],"up":[{"embeddable":true,"href":"https:\/\/rula.disabilityrightsca.org\/vi\/wp-json\/wp\/v2\/pages\/1957"}],"wp:attachment":[{"href":"https:\/\/rula.disabilityrightsca.org\/vi\/wp-json\/wp\/v2\/media?parent=1996"}],"curies":[{"name":"wp","href":"https:\/\/api.w.org\/{rel}","templated":true}]}}