{"id":1994,"date":"2021-09-24T17:10:31","date_gmt":"2021-09-24T17:10:31","guid":{"rendered":"http:\/\/www.rula.disabilityrightsca.org\/vi\/?page_id=1994"},"modified":"2022-04-20T23:53:15","modified_gmt":"2022-04-20T23:53:15","slug":"5-12-how-can-the-family-resource-centers-help-me","status":"publish","type":"page","link":"https:\/\/rula.disabilityrightsca.org\/vi\/rula-book\/chapter-5-advocating-for-yourself\/5-12-how-can-the-family-resource-centers-help-me\/","title":{"rendered":"(5.12) Trung T\u00e2m Ngu\u1ed3n L\u1ef1c Gia \u0110\u00ecnh c\u00f3 th\u1ec3 gi\u00fap t\u00f4i nh\u01b0 th\u1ebf n\u00e0o?"},"content":{"rendered":"\n<p>N\u1ebfu qu\u00fd v\u1ecb c\u00f3 con m\u1eafc ho\u1eb7c c\u00f3 nguy c\u01a1 m\u1eafc khuy\u1ebft t\u1eadt v\u1ec1 ph\u00e1t tri\u1ec3n, qu\u00fd v\u1ecb c\u00f3 th\u1ec3 nh\u1eadn h\u1ed7 tr\u1ee3 1:1 v\u1edbi c\u00e1c cha\/m\u1eb9 t\u1eeb Trung T\u00e2m Ngu\u1ed3n L\u1ef1c Gia \u0110\u00ecnh. H\u1ecd cung c\u1ea5p s\u1ef1 h\u1ed7 tr\u1ee3, d\u1ecbch v\u1ee5 v\u00e0 ngu\u1ed3n l\u1ef1c, nh\u00f3m cha m\u1eb9, th\u00f4ng tin v\u00e0 gi\u1edbi thi\u1ec7u.<\/p>\n\n\n\n<p>Qu\u00fd v\u1ecb c\u00f3 th\u1ec3 t\u00ecm s\u1ed1 \u0111i\u1ec7n tho\u1ea1i c\u1ee7a Trung T\u00e2m Ngu\u1ed3n L\u1ef1c Gia \u0110\u00ecnh \u0111\u1ecba ph\u01b0\u01a1ng t\u1ea1i:&nbsp;<a href=\"http:\/\/www.frcnca.org\/directory.html\"><em>www.frcnca.org\/directory.html<\/em><\/a><\/p>\n","protected":false},"excerpt":{"rendered":"<p>N\u1ebfu qu\u00fd v\u1ecb c\u00f3 con m\u1eafc ho\u1eb7c c\u00f3 nguy c\u01a1 m\u1eafc khuy\u1ebft t\u1eadt v\u1ec1 ph\u00e1t tri\u1ec3n, qu\u00fd v\u1ecb c\u00f3 th\u1ec3 nh\u1eadn h\u1ed7 tr\u1ee3 1:1 v\u1edbi&hellip;<\/p>\n","protected":false},"author":1,"featured_media":0,"parent":1957,"menu_order":12,"comment_status":"closed","ping_status":"closed","template":"","meta":{"footnotes":""},"class_list":["post-1994","page","type-page","status-publish","hentry"],"_links":{"self":[{"href":"https:\/\/rula.disabilityrightsca.org\/vi\/wp-json\/wp\/v2\/pages\/1994","targetHints":{"allow":["GET"]}}],"collection":[{"href":"https:\/\/rula.disabilityrightsca.org\/vi\/wp-json\/wp\/v2\/pages"}],"about":[{"href":"https:\/\/rula.disabilityrightsca.org\/vi\/wp-json\/wp\/v2\/types\/page"}],"author":[{"embeddable":true,"href":"https:\/\/rula.disabilityrightsca.org\/vi\/wp-json\/wp\/v2\/users\/1"}],"replies":[{"embeddable":true,"href":"https:\/\/rula.disabilityrightsca.org\/vi\/wp-json\/wp\/v2\/comments?post=1994"}],"version-history":[{"count":4,"href":"https:\/\/rula.disabilityrightsca.org\/vi\/wp-json\/wp\/v2\/pages\/1994\/revisions"}],"predecessor-version":[{"id":3022,"href":"https:\/\/rula.disabilityrightsca.org\/vi\/wp-json\/wp\/v2\/pages\/1994\/revisions\/3022"}],"up":[{"embeddable":true,"href":"https:\/\/rula.disabilityrightsca.org\/vi\/wp-json\/wp\/v2\/pages\/1957"}],"wp:attachment":[{"href":"https:\/\/rula.disabilityrightsca.org\/vi\/wp-json\/wp\/v2\/media?parent=1994"}],"curies":[{"name":"wp","href":"https:\/\/api.w.org\/{rel}","templated":true}]}}