{"id":1984,"date":"2021-09-24T17:06:50","date_gmt":"2021-09-24T17:06:50","guid":{"rendered":"http:\/\/www.rula.disabilityrightsca.org\/vi\/?page_id=1984"},"modified":"2022-04-20T23:52:58","modified_gmt":"2022-04-20T23:52:58","slug":"5-11-can-the-regional-center-help-me-be-my-own-advocate","status":"publish","type":"page","link":"https:\/\/rula.disabilityrightsca.org\/vi\/rula-book\/chapter-5-advocating-for-yourself\/5-11-can-the-regional-center-help-me-be-my-own-advocate\/","title":{"rendered":"(5.11)  Trung t\u00e2m khu v\u1ef1c c\u00f3 th\u1ec3 gi\u00fap t\u00f4i l\u00e0m ng\u01b0\u1eddi bi\u1ec7n h\u1ed9 cho ch\u00ednh m\u00ecnh kh\u00f4ng?"},"content":{"rendered":"\n<p>C\u00f3. Trung t\u00e2m khu v\u1ef1c c\u1ee7a qu\u00fd v\u1ecb c\u00f3 th\u1ec3 cung c\u1ea5p d\u1ecbch v\u1ee5 \u0111\u00e0o t\u1ea1o t\u1ef1 b\u00eanh v\u1ef1c, t\u1ea1o \u0111i\u1ec1u ki\u1ec7n v\u00e0 gi\u1edbi thi\u1ec7u nh\u1eefng ng\u01b0\u1eddi b\u00eanh v\u1ef1c ngang h\u00e0ng.<span class=\"footnote_referrer\"><a role=\"button\" tabindex=\"0\" onclick=\"footnote_moveToReference_1984_1('footnote_plugin_reference_1984_1_1');\" onkeypress=\"footnote_moveToReference_1984_1('footnote_plugin_reference_1984_1_1');\" ><sup id=\"footnote_plugin_tooltip_1984_1_1\" class=\"footnote_plugin_tooltip_text\">[1]<\/sup><\/a><span id=\"footnote_plugin_tooltip_text_1984_1_1\" class=\"footnote_tooltip\">M\u1ee5c 4512(b).<\/span><\/span><script type=\"text\/javascript\"> jQuery('#footnote_plugin_tooltip_1984_1_1').tooltip({ tip: '#footnote_plugin_tooltip_text_1984_1_1', tipClass: 'footnote_tooltip', effect: 'fade', predelay: 0, fadeInSpeed: 200, delay: 400, fadeOutSpeed: 200, position: 'top center', relative: true, offset: [-7, 0], });<\/script>&nbsp;H\u1ecd c\u00f3 th\u1ec3 cung c\u1ea5p d\u1ecbch v\u1ee5 \u0111\u01b0a \u0111\u00f3n \u0111\u1ebfn cu\u1ed9c h\u1ecdp, thanh to\u00e1n cho h\u1ed9i ngh\u1ecb do c\u00e1c nh\u00f3m t\u1ef1 b\u00eanh v\u1ef1c t\u1ed5 ch\u1ee9c, ho\u1eb7c thu\u00ea ng\u01b0\u1eddi h\u1ed7 tr\u1ee3 do qu\u00fd v\u1ecb ch\u1ecdn cho c\u00e1c cu\u1ed9c h\u1ecdp IPP c\u1ee7a qu\u00fd v\u1ecb. N\u1ebfu qu\u00fd v\u1ecb nh\u1eadn h\u1ed7 tr\u1ee3 \u0111\u1eddi s\u1ed1ng, qu\u00fd v\u1ecb c\u00f3 th\u1ec3 nh\u1eadn c\u00e1c d\u1ecbch v\u1ee5 b\u00eanh v\u1ef1c, \u0111\u00e0o t\u1ea1o t\u1ef1 b\u00eanh v\u1ef1c v\u00e0 t\u1ea1o \u0111i\u1ec1u ki\u1ec7n.<span class=\"footnote_referrer\"><a role=\"button\" tabindex=\"0\" onclick=\"footnote_moveToReference_1984_1('footnote_plugin_reference_1984_1_2');\" onkeypress=\"footnote_moveToReference_1984_1('footnote_plugin_reference_1984_1_2');\" ><sup id=\"footnote_plugin_tooltip_1984_1_2\" class=\"footnote_plugin_tooltip_text\">[2]<\/sup><\/a><span id=\"footnote_plugin_tooltip_text_1984_1_2\" class=\"footnote_tooltip\">M\u1ee5c 4689(c).<\/span><\/span><script type=\"text\/javascript\"> jQuery('#footnote_plugin_tooltip_1984_1_2').tooltip({ tip: '#footnote_plugin_tooltip_text_1984_1_2', tipClass: 'footnote_tooltip', effect: 'fade', predelay: 0, fadeInSpeed: 200, delay: 400, fadeOutSpeed: 200, position: 'top center', relative: true, offset: [-7, 0], });<\/script><\/p>\n\n\n\n<p>Trung t\u00e2m khu v\u1ef1c c\u0169ng c\u00f3 th\u1ec3 gi\u00fap qu\u00fd v\u1ecb tham gia c\u00e1c ho\u1ea1t \u0111\u1ed9ng nh\u01b0 l\u00e0m vi\u1ec7c trong h\u1ed9i \u0111\u1ed3ng qu\u1ea3n tr\u1ecb. H\u1ecd c\u00f3 th\u1ec3 gi\u00fap qu\u00fd v\u1ecb v\u1ec1 \u0111\u00e0o t\u1ea1o, \u0111i l\u1ea1i v\u00e0 t\u1ea1o \u0111i\u1ec1u ki\u1ec7n. N\u1ebfu qu\u00fd v\u1ecb mu\u1ed1n c\u00e1c d\u1ecbch v\u1ee5 v\u00e0 s\u1ef1 h\u1ed7 tr\u1ee3 n\u00e0y, c\u00e1c d\u1ecbch v\u1ee5 v\u00e0 s\u1ef1 h\u1ed7 tr\u1ee3 \u0111\u00f3 ph\u1ea3i c\u00f3 trong IPP c\u1ee7a qu\u00fd v\u1ecb.<\/p>\n<div class=\"speaker-mute footnotes_reference_container\"> <div class=\"footnote_container_prepare\"><p><span role=\"button\" tabindex=\"0\" class=\"footnote_reference_container_label pointer\" onclick=\"footnote_expand_collapse_reference_container_1984_1();\">&#x202F;<\/span><span role=\"button\" tabindex=\"0\" class=\"footnote_reference_container_collapse_button\" style=\"display: none;\" onclick=\"footnote_expand_collapse_reference_container_1984_1();\">[<a id=\"footnote_reference_container_collapse_button_1984_1\">+<\/a>]<\/span><\/p><\/div> <div id=\"footnote_references_container_1984_1\" style=\"\"><table class=\"footnotes_table footnote-reference-container\"><caption class=\"accessibility\">References<\/caption> <tbody> \r\n\r\n<tr class=\"footnotes_plugin_reference_row\"> <th scope=\"row\" class=\"footnote_plugin_index_combi pointer\"  onclick=\"footnote_moveToAnchor_1984_1('footnote_plugin_tooltip_1984_1_1');\"><a id=\"footnote_plugin_reference_1984_1_1\" class=\"footnote_backlink\"><span class=\"footnote_index_arrow\">&#8593;<\/span>1<\/a><\/th> <td class=\"footnote_plugin_text\">M\u1ee5c 4512(b).<\/td><\/tr>\r\n\r\n<tr class=\"footnotes_plugin_reference_row\"> <th scope=\"row\" class=\"footnote_plugin_index_combi pointer\"  onclick=\"footnote_moveToAnchor_1984_1('footnote_plugin_tooltip_1984_1_2');\"><a id=\"footnote_plugin_reference_1984_1_2\" class=\"footnote_backlink\"><span class=\"footnote_index_arrow\">&#8593;<\/span>2<\/a><\/th> <td class=\"footnote_plugin_text\">M\u1ee5c 4689(c).<\/td><\/tr>\r\n\r\n <\/tbody> <\/table> <\/div><\/div><script type=\"text\/javascript\"> function footnote_expand_reference_container_1984_1() { jQuery('#footnote_references_container_1984_1').show(); jQuery('#footnote_reference_container_collapse_button_1984_1').text('\u2212'); } function footnote_collapse_reference_container_1984_1() { jQuery('#footnote_references_container_1984_1').hide(); jQuery('#footnote_reference_container_collapse_button_1984_1').text('+'); } function footnote_expand_collapse_reference_container_1984_1() { if (jQuery('#footnote_references_container_1984_1').is(':hidden')) { footnote_expand_reference_container_1984_1(); } else { footnote_collapse_reference_container_1984_1(); } } function footnote_moveToReference_1984_1(p_str_TargetID) { footnote_expand_reference_container_1984_1(); var l_obj_Target = jQuery('#' + p_str_TargetID); if (l_obj_Target.length) { jQuery( 'html, body' ).delay( 0 ); jQuery('html, body').animate({ scrollTop: l_obj_Target.offset().top - window.innerHeight * 0.2 }, 380); } } function footnote_moveToAnchor_1984_1(p_str_TargetID) { footnote_expand_reference_container_1984_1(); var l_obj_Target = jQuery('#' + p_str_TargetID); if (l_obj_Target.length) { jQuery( 'html, body' ).delay( 0 ); jQuery('html, body').animate({ scrollTop: l_obj_Target.offset().top - window.innerHeight * 0.2 }, 380); } }<\/script>","protected":false},"excerpt":{"rendered":"<p>C\u00f3. Trung t\u00e2m khu v\u1ef1c c\u1ee7a qu\u00fd v\u1ecb c\u00f3 th\u1ec3 cung c\u1ea5p d\u1ecbch v\u1ee5 \u0111\u00e0o t\u1ea1o t\u1ef1 b\u00eanh v\u1ef1c, t\u1ea1o \u0111i\u1ec1u ki\u1ec7n v\u00e0 gi\u1edbi thi\u1ec7u&hellip;<\/p>\n","protected":false},"author":1,"featured_media":0,"parent":1957,"menu_order":11,"comment_status":"closed","ping_status":"closed","template":"","meta":{"footnotes":""},"class_list":["post-1984","page","type-page","status-publish","hentry"],"_links":{"self":[{"href":"https:\/\/rula.disabilityrightsca.org\/vi\/wp-json\/wp\/v2\/pages\/1984","targetHints":{"allow":["GET"]}}],"collection":[{"href":"https:\/\/rula.disabilityrightsca.org\/vi\/wp-json\/wp\/v2\/pages"}],"about":[{"href":"https:\/\/rula.disabilityrightsca.org\/vi\/wp-json\/wp\/v2\/types\/page"}],"author":[{"embeddable":true,"href":"https:\/\/rula.disabilityrightsca.org\/vi\/wp-json\/wp\/v2\/users\/1"}],"replies":[{"embeddable":true,"href":"https:\/\/rula.disabilityrightsca.org\/vi\/wp-json\/wp\/v2\/comments?post=1984"}],"version-history":[{"count":4,"href":"https:\/\/rula.disabilityrightsca.org\/vi\/wp-json\/wp\/v2\/pages\/1984\/revisions"}],"predecessor-version":[{"id":2994,"href":"https:\/\/rula.disabilityrightsca.org\/vi\/wp-json\/wp\/v2\/pages\/1984\/revisions\/2994"}],"up":[{"embeddable":true,"href":"https:\/\/rula.disabilityrightsca.org\/vi\/wp-json\/wp\/v2\/pages\/1957"}],"wp:attachment":[{"href":"https:\/\/rula.disabilityrightsca.org\/vi\/wp-json\/wp\/v2\/media?parent=1984"}],"curies":[{"name":"wp","href":"https:\/\/api.w.org\/{rel}","templated":true}]}}