{"id":1982,"date":"2021-09-24T17:03:35","date_gmt":"2021-09-24T17:03:35","guid":{"rendered":"http:\/\/www.rula.disabilityrightsca.org\/vi\/?page_id=1982"},"modified":"2025-08-28T18:54:02","modified_gmt":"2025-08-28T18:54:02","slug":"5-10-what-is-people-first-and-how-do-i-join","status":"publish","type":"page","link":"https:\/\/rula.disabilityrightsca.org\/vi\/rula-book\/chapter-5-advocating-for-yourself\/5-10-what-is-people-first-and-how-do-i-join\/","title":{"rendered":"(5.10) \u201cPeople First\u201d l\u00e0 g\u00ec v\u00e0 t\u00f4i tham gia b\u1eb1ng c\u00e1ch n\u00e0o?"},"content":{"rendered":"\n<p><em>People First of California<\/em>&nbsp;l\u00e0 m\u1ed9t t\u1ed5 ch\u1ee9c t\u1ef1 b\u00eanh v\u1ef1c g\u1ed3m nh\u1eefng ng\u01b0\u1eddi b\u1ecb khuy\u1ebft t\u1eadt v\u1ec1 ph\u00e1t tri\u1ec3n. C\u00f3 m\u1ed9t t\u1ed5 ch\u1ee9c People First tr\u00ean to\u00e0n ti\u1ec3u bang v\u00e0 m\u1ed9t h\u1ed9i \u0111\u1ecba ph\u01b0\u01a1ng \u1edf h\u1ea7u h\u1ebft c\u00e1c khu v\u1ef1c. People First gi\u00fap \u0111\u1ee1 ng\u01b0\u1eddi khuy\u1ebft t\u1eadt v\u1ec1 ph\u00e1t tri\u1ec3n<\/p>\n\n\n\n<ul class=\"wp-block-list\">\n<li>t\u1ef1 l\u00ean ti\u1ebfng,<\/li>\n\n\n\n<li>t\u00ecm hi\u1ec3u c\u00e1c quy\u1ec1n v\u00e0 tr\u00e1ch nhi\u1ec7m c\u1ee7a h\u1ecd, c\u0169ng nh\u01b0<\/li>\n\n\n\n<li>gi\u1ea3i quy\u1ebft v\u1ea5n \u0111\u1ec1 c\u1ee7a ch\u00ednh h\u1ecd.<\/li>\n<\/ul>\n\n\n\n<p>C\u00e1c nh\u00f3m People First l\u00e0 nh\u1eefng t\u1ed5 ch\u1ee9c \u0111i \u0111\u1ea7u trong vi\u1ec7c b\u00eanh v\u1ef1c cho quy\u1ec1n c\u1ee7a kh\u00e1ch h\u00e0ng t\u1ea1i trung t\u00e2m khu v\u1ef1c. H\u1ecd c\u0169ng cung c\u1ea5p th\u00f4ng tin v\u00e0 t\u00e0i li\u1ec7u \u0111\u1ec3 gi\u00fap qu\u00fd v\u1ecb \u0111\u01b0a ra l\u1ef1a ch\u1ecdn cu\u1ed9c s\u1ed1ng c\u1ee7a ch\u00ednh m\u00ecnh. H\u1ecd t\u1ed5 ch\u1ee9c c\u00e1c s\u1ef1 ki\u1ec7n tr\u00ean to\u00e0n ti\u1ec3u bang. \u0110\u1ec3 t\u00ecm People First t\u1ea1i \u0111\u1ecba ph\u01b0\u01a1ng c\u1ee7a qu\u00fd v\u1ecb, li\u00ean h\u1ec7:<\/p>\n\n\n\n<p><strong>People First of California<\/strong><br>PO Box 493886<br>Redding, CA 96049<br>Phone: 530-223-7771<br>Fax: 530-223-7773<br>Email:\u00a0<a href=\"mailto:jdubois@peoplefirstca.org\">jdubois@peoplefirstca.org<\/a><\/p>\n\n\n\n<p>B\u1ea1n c\u0169ng c\u00f3 th\u1ec3 g\u1ecdi \u0111\u1ebfn ch\u01b0\u01a1ng tr\u00ecnh H\u1ed7 tr\u1ee3 \u0111\u1ed3ng \u0111\u1eb3ng c\u1ee7a Disability Rights California theo s\u1ed1 (213) 213-8134.<\/p>\n","protected":false},"excerpt":{"rendered":"<p>People First of California&nbsp;l\u00e0 m\u1ed9t t\u1ed5 ch\u1ee9c t\u1ef1 b\u00eanh v\u1ef1c g\u1ed3m nh\u1eefng ng\u01b0\u1eddi b\u1ecb khuy\u1ebft t\u1eadt v\u1ec1 ph\u00e1t tri\u1ec3n. C\u00f3 m\u1ed9t t\u1ed5 ch\u1ee9c People First&hellip;<\/p>\n","protected":false},"author":1,"featured_media":0,"parent":1957,"menu_order":10,"comment_status":"closed","ping_status":"closed","template":"","meta":{"footnotes":""},"class_list":["post-1982","page","type-page","status-publish","hentry"],"_links":{"self":[{"href":"https:\/\/rula.disabilityrightsca.org\/vi\/wp-json\/wp\/v2\/pages\/1982","targetHints":{"allow":["GET"]}}],"collection":[{"href":"https:\/\/rula.disabilityrightsca.org\/vi\/wp-json\/wp\/v2\/pages"}],"about":[{"href":"https:\/\/rula.disabilityrightsca.org\/vi\/wp-json\/wp\/v2\/types\/page"}],"author":[{"embeddable":true,"href":"https:\/\/rula.disabilityrightsca.org\/vi\/wp-json\/wp\/v2\/users\/1"}],"replies":[{"embeddable":true,"href":"https:\/\/rula.disabilityrightsca.org\/vi\/wp-json\/wp\/v2\/comments?post=1982"}],"version-history":[{"count":4,"href":"https:\/\/rula.disabilityrightsca.org\/vi\/wp-json\/wp\/v2\/pages\/1982\/revisions"}],"predecessor-version":[{"id":3930,"href":"https:\/\/rula.disabilityrightsca.org\/vi\/wp-json\/wp\/v2\/pages\/1982\/revisions\/3930"}],"up":[{"embeddable":true,"href":"https:\/\/rula.disabilityrightsca.org\/vi\/wp-json\/wp\/v2\/pages\/1957"}],"wp:attachment":[{"href":"https:\/\/rula.disabilityrightsca.org\/vi\/wp-json\/wp\/v2\/media?parent=1982"}],"curies":[{"name":"wp","href":"https:\/\/api.w.org\/{rel}","templated":true}]}}