{"id":1980,"date":"2021-09-24T17:02:05","date_gmt":"2021-09-24T17:02:05","guid":{"rendered":"http:\/\/www.rula.disabilityrightsca.org\/vi\/?page_id=1980"},"modified":"2022-04-20T23:52:28","modified_gmt":"2022-04-20T23:52:28","slug":"5-9-9-what-is-the-client-assistance-program-cap","status":"publish","type":"page","link":"https:\/\/rula.disabilityrightsca.org\/vi\/rula-book\/chapter-5-advocating-for-yourself\/5-9-9-what-is-the-client-assistance-program-cap\/","title":{"rendered":"(5.9) Ch\u01b0\u01a1ng Tr\u00ecnh H\u1ed7 Tr\u1ee3 Kh\u00e1ch H\u00e0ng (Client Assistance Program, CAP) l\u00e0 g\u00ec?"},"content":{"rendered":"\n<p>CAP c\u00f3 th\u1ec3 gi\u00fap qu\u00fd v\u1ecb hi\u1ec3u c\u00e1c quy\u1ec1n v\u00e0 tr\u00e1ch nhi\u1ec7m c\u1ee7a qu\u00fd v\u1ecb li\u00ean quan \u0111\u1ebfn d\u1ecbch v\u1ee5 c\u1ee7a S\u1edf Ph\u1ee5c H\u1ed3i Ch\u1ee9c N\u0103ng (Department of Rehabilitation, DOR). Ng\u01b0\u1eddi b\u00eanh v\u1ef1c CAP c\u00f3 th\u1ec3 gi\u00fap qu\u00fd v\u1ecb hi\u1ec3u qu\u00fd v\u1ecb c\u00f3 h\u1ed9i \u0111\u1ee7 \u0111i\u1ec1u ki\u1ec7n nh\u1eadn d\u1ecbch v\u1ee5 vi\u1ec7c l\u00e0m c\u1ee7a DOR kh\u00f4ng v\u00e0 c\u00e1ch ph\u00e1t tri\u1ec3n k\u1ebf ho\u1ea1ch v\u1ec1 vi\u1ec7c l\u00e0m (c\u00f3 th\u1ec3 bao g\u1ed3m k\u1ebf ho\u1ea1ch t\u1ef1 kinh doanh). Ng\u01b0\u1eddi b\u00eanh v\u1ef1c CAP c\u00f3 th\u1ec3 cung c\u1ea5p cho qu\u00fd v\u1ecb th\u00f4ng tin v\u1ec1 c\u00e1c d\u1ecbch v\u1ee5 m\u00e0 DOR cung c\u1ea5p v\u00e0 v\u1ec1 c\u00e1c d\u1ecbch v\u1ee5 c\u00f3 s\u1eb5n t\u1eeb Trung T\u00e2m S\u1ed1ng \u0110\u1ed9c L\u1eadp. Ng\u01b0\u1eddi b\u00eanh v\u1ef1c CAP c\u00f3 th\u1ec3 gi\u00fap qu\u00fd v\u1ecb nh\u1eadn c\u00e1c d\u1ecbch v\u1ee5 ph\u00f9 h\u1ee3p v\u1edbi qu\u00fd v\u1ecb theo lu\u1eadt ph\u1ee5c h\u1ed3i ch\u1ee9c n\u0103ng c\u1ee7a li\u00ean bang.<span class=\"footnote_referrer\"><a role=\"button\" tabindex=\"0\" onclick=\"footnote_moveToReference_1980_1('footnote_plugin_reference_1980_1_1');\" onkeypress=\"footnote_moveToReference_1980_1('footnote_plugin_reference_1980_1_1');\" ><sup id=\"footnote_plugin_tooltip_1980_1_1\" class=\"footnote_plugin_tooltip_text\">[1]<\/sup><\/a><span id=\"footnote_plugin_tooltip_text_1980_1_1\" class=\"footnote_tooltip\">Ti\u00eau \u0110\u1ec1 29 B\u1ed9 Lu\u1eadt Hoa K\u1ef3 M\u1ee5c 732.<\/span><\/span><script type=\"text\/javascript\"> jQuery('#footnote_plugin_tooltip_1980_1_1').tooltip({ tip: '#footnote_plugin_tooltip_text_1980_1_1', tipClass: 'footnote_tooltip', effect: 'fade', predelay: 0, fadeInSpeed: 200, delay: 400, fadeOutSpeed: 200, position: 'top center', relative: true, offset: [-7, 0], });<\/script><\/p>\n\n\n\n<p>\u0110\u1ec3 li\u00ean h\u1ec7 v\u1edbi Ch\u01b0\u01a1ng Tr\u00ecnh H\u1ed7 Tr\u1ee3 Kh\u00e1ch H\u00e0ng, h\u00e3y g\u1ecdi: 800-776-5746, 800-719-5798 (TTY) t\u1ea1i Disability Rights California.<\/p>\n<div class=\"speaker-mute footnotes_reference_container\"> <div class=\"footnote_container_prepare\"><p><span role=\"button\" tabindex=\"0\" class=\"footnote_reference_container_label pointer\" onclick=\"footnote_expand_collapse_reference_container_1980_1();\">&#x202F;<\/span><span role=\"button\" tabindex=\"0\" class=\"footnote_reference_container_collapse_button\" style=\"display: none;\" onclick=\"footnote_expand_collapse_reference_container_1980_1();\">[<a id=\"footnote_reference_container_collapse_button_1980_1\">+<\/a>]<\/span><\/p><\/div> <div id=\"footnote_references_container_1980_1\" style=\"\"><table class=\"footnotes_table footnote-reference-container\"><caption class=\"accessibility\">References<\/caption> <tbody> \r\n\r\n<tr class=\"footnotes_plugin_reference_row\"> <th scope=\"row\" class=\"footnote_plugin_index_combi pointer\"  onclick=\"footnote_moveToAnchor_1980_1('footnote_plugin_tooltip_1980_1_1');\"><a id=\"footnote_plugin_reference_1980_1_1\" class=\"footnote_backlink\"><span class=\"footnote_index_arrow\">&#8593;<\/span>1<\/a><\/th> <td class=\"footnote_plugin_text\">Ti\u00eau \u0110\u1ec1 29 B\u1ed9 Lu\u1eadt Hoa K\u1ef3 M\u1ee5c 732.<\/td><\/tr>\r\n\r\n <\/tbody> <\/table> <\/div><\/div><script type=\"text\/javascript\"> function footnote_expand_reference_container_1980_1() { jQuery('#footnote_references_container_1980_1').show(); jQuery('#footnote_reference_container_collapse_button_1980_1').text('\u2212'); } function footnote_collapse_reference_container_1980_1() { jQuery('#footnote_references_container_1980_1').hide(); jQuery('#footnote_reference_container_collapse_button_1980_1').text('+'); } function footnote_expand_collapse_reference_container_1980_1() { if (jQuery('#footnote_references_container_1980_1').is(':hidden')) { footnote_expand_reference_container_1980_1(); } else { footnote_collapse_reference_container_1980_1(); } } function footnote_moveToReference_1980_1(p_str_TargetID) { footnote_expand_reference_container_1980_1(); var l_obj_Target = jQuery('#' + p_str_TargetID); if (l_obj_Target.length) { jQuery( 'html, body' ).delay( 0 ); jQuery('html, body').animate({ scrollTop: l_obj_Target.offset().top - window.innerHeight * 0.2 }, 380); } } function footnote_moveToAnchor_1980_1(p_str_TargetID) { footnote_expand_reference_container_1980_1(); var l_obj_Target = jQuery('#' + p_str_TargetID); if (l_obj_Target.length) { jQuery( 'html, body' ).delay( 0 ); jQuery('html, body').animate({ scrollTop: l_obj_Target.offset().top - window.innerHeight * 0.2 }, 380); } }<\/script>","protected":false},"excerpt":{"rendered":"<p>CAP c\u00f3 th\u1ec3 gi\u00fap qu\u00fd v\u1ecb hi\u1ec3u c\u00e1c quy\u1ec1n v\u00e0 tr\u00e1ch nhi\u1ec7m c\u1ee7a qu\u00fd v\u1ecb li\u00ean quan \u0111\u1ebfn d\u1ecbch v\u1ee5 c\u1ee7a S\u1edf Ph\u1ee5c H\u1ed3i Ch\u1ee9c&hellip;<\/p>\n","protected":false},"author":1,"featured_media":0,"parent":1957,"menu_order":9,"comment_status":"closed","ping_status":"closed","template":"","meta":{"footnotes":""},"class_list":["post-1980","page","type-page","status-publish","hentry"],"_links":{"self":[{"href":"https:\/\/rula.disabilityrightsca.org\/vi\/wp-json\/wp\/v2\/pages\/1980","targetHints":{"allow":["GET"]}}],"collection":[{"href":"https:\/\/rula.disabilityrightsca.org\/vi\/wp-json\/wp\/v2\/pages"}],"about":[{"href":"https:\/\/rula.disabilityrightsca.org\/vi\/wp-json\/wp\/v2\/types\/page"}],"author":[{"embeddable":true,"href":"https:\/\/rula.disabilityrightsca.org\/vi\/wp-json\/wp\/v2\/users\/1"}],"replies":[{"embeddable":true,"href":"https:\/\/rula.disabilityrightsca.org\/vi\/wp-json\/wp\/v2\/comments?post=1980"}],"version-history":[{"count":3,"href":"https:\/\/rula.disabilityrightsca.org\/vi\/wp-json\/wp\/v2\/pages\/1980\/revisions"}],"predecessor-version":[{"id":2990,"href":"https:\/\/rula.disabilityrightsca.org\/vi\/wp-json\/wp\/v2\/pages\/1980\/revisions\/2990"}],"up":[{"embeddable":true,"href":"https:\/\/rula.disabilityrightsca.org\/vi\/wp-json\/wp\/v2\/pages\/1957"}],"wp:attachment":[{"href":"https:\/\/rula.disabilityrightsca.org\/vi\/wp-json\/wp\/v2\/media?parent=1980"}],"curies":[{"name":"wp","href":"https:\/\/api.w.org\/{rel}","templated":true}]}}