{"id":1978,"date":"2021-09-24T17:00:42","date_gmt":"2021-09-24T17:00:42","guid":{"rendered":"http:\/\/www.rula.disabilityrightsca.org\/vi\/?page_id=1978"},"modified":"2022-04-20T23:52:01","modified_gmt":"2022-04-20T23:52:01","slug":"5-8-who-are-the-clients-rights-advocates-and-volunteer-advocacy-service-coordinators-in-facilities","status":"publish","type":"page","link":"https:\/\/rula.disabilityrightsca.org\/vi\/rula-book\/chapter-5-advocating-for-yourself\/5-8-who-are-the-clients-rights-advocates-and-volunteer-advocacy-service-coordinators-in-facilities\/","title":{"rendered":"(5.8) Ai l\u00e0 Nh\u1eefng Ng\u01b0\u1eddi B\u00eanh V\u1ef1c Quy\u1ec1n L\u1ee3i Kh\u00e1ch H\u00e0ng v\u00e0 \u0110i\u1ec1u Ph\u1ed1i Vi\u00ean D\u1ecbch V\u1ee5 B\u00eanh V\u1ef1c T\u00ecnh Nguy\u1ec7n t\u1ea1i c\u00e1c c\u01a1 s\u1edf?"},"content":{"rendered":"\n<p>DDS k\u00fd h\u1ee3p \u0111\u1ed3ng v\u1edbi SCDD \u0111\u1ec3 cung c\u1ea5p c\u00e1c d\u1ecbch v\u1ee5 B\u00eanh V\u1ef1c Quy\u1ec1n L\u1ee3i Kh\u00e1ch H\u00e0ng cho nh\u1eefng ng\u01b0\u1eddi \u1edf Trung T\u00e2m Ph\u00e1t Tri\u1ec3n Porterville v\u00e0 Canyon Springs.<span class=\"footnote_referrer\"><a role=\"button\" tabindex=\"0\" onclick=\"footnote_moveToReference_1978_1('footnote_plugin_reference_1978_1_1');\" onkeypress=\"footnote_moveToReference_1978_1('footnote_plugin_reference_1978_1_1');\" ><sup id=\"footnote_plugin_tooltip_1978_1_1\" class=\"footnote_plugin_tooltip_text\">[1]<\/sup><\/a><span id=\"footnote_plugin_tooltip_text_1978_1_1\" class=\"footnote_tooltip\">M\u1ee5c 4433.5.<\/span><\/span><script type=\"text\/javascript\"> jQuery('#footnote_plugin_tooltip_1978_1_1').tooltip({ tip: '#footnote_plugin_tooltip_text_1978_1_1', tipClass: 'footnote_tooltip', effect: 'fade', predelay: 0, fadeInSpeed: 200, delay: 400, fadeOutSpeed: 200, position: 'top center', relative: true, offset: [-7, 0], });<\/script>&nbsp;C\u00f3 m\u1ed9t Ng\u01b0\u1eddi B\u00eanh V\u1ef1c Quy\u1ec1n L\u1ee3i Kh\u00e1ch H\u00e0ng (Clients\u2019 Rights Advocate, CRA) c\u00f3 th\u1ec3 cho qu\u00fd v\u1ecb bi\u1ebft v\u1ec1 quy\u1ec1n ph\u00e1p l\u00fd c\u1ee7a qu\u00fd v\u1ecb. \u0110i\u1ec1u n\u00e0y c\u00f3 ngh\u0129a l\u00e0 quy\u1ec1n c\u1ee7a qu\u00fd v\u1ecb \u0111\u01b0\u1ee3c th\u1ea9m \u0111\u1ecbnh v\u00e0 c\u00f3 m\u1ed9t IPP li\u1ec7t k\u00ea c\u00e1c d\u1ecbch v\u1ee5 v\u00e0 s\u1ef1 h\u1ed7 tr\u1ee3 qu\u00fd v\u1ecb c\u1ea7n \u0111\u1ec3 r\u1eddi kh\u1ecfi c\u01a1 s\u1edf v\u00e0 s\u1ed1ng trong c\u1ed9ng \u0111\u1ed3ng. CRA s\u1ebd b\u00eanh v\u1ef1c cho qu\u00fd v\u1ecb khi qu\u00fd v\u1ecb \u1edf t\u1ea1i c\u01a1 s\u1edf.<\/p>\n\n\n\n<p>Porterville v\u00e0 Canyon Springs c\u0169ng c\u00f3 m\u1ed9t Ch\u01b0\u01a1ng Tr\u00ecnh D\u1ecbch V\u1ee5 B\u00eanh V\u1ef1c T\u00ecnh Nguy\u1ec7n. N\u1ebfu qu\u00fd v\u1ecb mu\u1ed1n ai \u0111\u00f3 tr\u1ee3 gi\u00fap ho\u1eb7c \u0111\u1ea1i di\u1ec7n cho qu\u00fd v\u1ecb t\u1ea1i cu\u1ed9c h\u1ecdp IPP khi vi\u1ec7c s\u1eafp x\u1ebfp trong c\u1ed9ng \u0111\u1ed3ng \u0111ang \u0111\u01b0\u1ee3c c\u00e2n nh\u1eafc, SCDD c\u00f3 th\u1ec3 ch\u1ec9 \u0111\u1ecbnh m\u1ed9t Ng\u01b0\u1eddi B\u00eanh V\u1ef1c T\u00ecnh Nguy\u1ec7n \u0111\u1ec3 gi\u00fap qu\u00fd v\u1ecb.<span class=\"footnote_referrer\"><a role=\"button\" tabindex=\"0\" onclick=\"footnote_moveToReference_1978_1('footnote_plugin_reference_1978_1_2');\" onkeypress=\"footnote_moveToReference_1978_1('footnote_plugin_reference_1978_1_2');\" ><sup id=\"footnote_plugin_tooltip_1978_1_2\" class=\"footnote_plugin_tooltip_text\">[2]<\/sup><\/a><span id=\"footnote_plugin_tooltip_text_1978_1_2\" class=\"footnote_tooltip\">M\u1ee5c 4541(a)(3).<\/span><\/span><script type=\"text\/javascript\"> jQuery('#footnote_plugin_tooltip_1978_1_2').tooltip({ tip: '#footnote_plugin_tooltip_text_1978_1_2', tipClass: 'footnote_tooltip', effect: 'fade', predelay: 0, fadeInSpeed: 200, delay: 400, fadeOutSpeed: 200, position: 'top center', relative: true, offset: [-7, 0], });<\/script><\/p>\n<div class=\"speaker-mute footnotes_reference_container\"> <div class=\"footnote_container_prepare\"><p><span role=\"button\" tabindex=\"0\" class=\"footnote_reference_container_label pointer\" onclick=\"footnote_expand_collapse_reference_container_1978_1();\">&#x202F;<\/span><span role=\"button\" tabindex=\"0\" class=\"footnote_reference_container_collapse_button\" style=\"display: none;\" onclick=\"footnote_expand_collapse_reference_container_1978_1();\">[<a id=\"footnote_reference_container_collapse_button_1978_1\">+<\/a>]<\/span><\/p><\/div> <div id=\"footnote_references_container_1978_1\" style=\"\"><table class=\"footnotes_table footnote-reference-container\"><caption class=\"accessibility\">References<\/caption> <tbody> \r\n\r\n<tr class=\"footnotes_plugin_reference_row\"> <th scope=\"row\" class=\"footnote_plugin_index_combi pointer\"  onclick=\"footnote_moveToAnchor_1978_1('footnote_plugin_tooltip_1978_1_1');\"><a id=\"footnote_plugin_reference_1978_1_1\" class=\"footnote_backlink\"><span class=\"footnote_index_arrow\">&#8593;<\/span>1<\/a><\/th> <td class=\"footnote_plugin_text\">M\u1ee5c 4433.5.<\/td><\/tr>\r\n\r\n<tr class=\"footnotes_plugin_reference_row\"> <th scope=\"row\" class=\"footnote_plugin_index_combi pointer\"  onclick=\"footnote_moveToAnchor_1978_1('footnote_plugin_tooltip_1978_1_2');\"><a id=\"footnote_plugin_reference_1978_1_2\" class=\"footnote_backlink\"><span class=\"footnote_index_arrow\">&#8593;<\/span>2<\/a><\/th> <td class=\"footnote_plugin_text\">M\u1ee5c 4541(a)(3).<\/td><\/tr>\r\n\r\n <\/tbody> <\/table> <\/div><\/div><script type=\"text\/javascript\"> function footnote_expand_reference_container_1978_1() { jQuery('#footnote_references_container_1978_1').show(); jQuery('#footnote_reference_container_collapse_button_1978_1').text('\u2212'); } function footnote_collapse_reference_container_1978_1() { jQuery('#footnote_references_container_1978_1').hide(); jQuery('#footnote_reference_container_collapse_button_1978_1').text('+'); } function footnote_expand_collapse_reference_container_1978_1() { if (jQuery('#footnote_references_container_1978_1').is(':hidden')) { footnote_expand_reference_container_1978_1(); } else { footnote_collapse_reference_container_1978_1(); } } function footnote_moveToReference_1978_1(p_str_TargetID) { footnote_expand_reference_container_1978_1(); var l_obj_Target = jQuery('#' + p_str_TargetID); if (l_obj_Target.length) { jQuery( 'html, body' ).delay( 0 ); jQuery('html, body').animate({ scrollTop: l_obj_Target.offset().top - window.innerHeight * 0.2 }, 380); } } function footnote_moveToAnchor_1978_1(p_str_TargetID) { footnote_expand_reference_container_1978_1(); var l_obj_Target = jQuery('#' + p_str_TargetID); if (l_obj_Target.length) { jQuery( 'html, body' ).delay( 0 ); jQuery('html, body').animate({ scrollTop: l_obj_Target.offset().top - window.innerHeight * 0.2 }, 380); } }<\/script>","protected":false},"excerpt":{"rendered":"<p>DDS k\u00fd h\u1ee3p \u0111\u1ed3ng v\u1edbi SCDD \u0111\u1ec3 cung c\u1ea5p c\u00e1c d\u1ecbch v\u1ee5 B\u00eanh V\u1ef1c Quy\u1ec1n L\u1ee3i Kh\u00e1ch H\u00e0ng cho nh\u1eefng ng\u01b0\u1eddi \u1edf Trung T\u00e2m Ph\u00e1t&hellip;<\/p>\n","protected":false},"author":1,"featured_media":0,"parent":1957,"menu_order":8,"comment_status":"closed","ping_status":"closed","template":"","meta":{"footnotes":""},"class_list":["post-1978","page","type-page","status-publish","hentry"],"_links":{"self":[{"href":"https:\/\/rula.disabilityrightsca.org\/vi\/wp-json\/wp\/v2\/pages\/1978","targetHints":{"allow":["GET"]}}],"collection":[{"href":"https:\/\/rula.disabilityrightsca.org\/vi\/wp-json\/wp\/v2\/pages"}],"about":[{"href":"https:\/\/rula.disabilityrightsca.org\/vi\/wp-json\/wp\/v2\/types\/page"}],"author":[{"embeddable":true,"href":"https:\/\/rula.disabilityrightsca.org\/vi\/wp-json\/wp\/v2\/users\/1"}],"replies":[{"embeddable":true,"href":"https:\/\/rula.disabilityrightsca.org\/vi\/wp-json\/wp\/v2\/comments?post=1978"}],"version-history":[{"count":3,"href":"https:\/\/rula.disabilityrightsca.org\/vi\/wp-json\/wp\/v2\/pages\/1978\/revisions"}],"predecessor-version":[{"id":3020,"href":"https:\/\/rula.disabilityrightsca.org\/vi\/wp-json\/wp\/v2\/pages\/1978\/revisions\/3020"}],"up":[{"embeddable":true,"href":"https:\/\/rula.disabilityrightsca.org\/vi\/wp-json\/wp\/v2\/pages\/1957"}],"wp:attachment":[{"href":"https:\/\/rula.disabilityrightsca.org\/vi\/wp-json\/wp\/v2\/media?parent=1978"}],"curies":[{"name":"wp","href":"https:\/\/api.w.org\/{rel}","templated":true}]}}